{"id":5165,"date":"2021-11-26T18:32:58","date_gmt":"2021-11-26T17:32:58","guid":{"rendered":"https:\/\/homeyouthhostel.com\/home\/"},"modified":"2023-10-25T12:50:08","modified_gmt":"2023-10-25T10:50:08","slug":"home","status":"publish","type":"page","link":"https:\/\/homeyouthhostel.com\/pl\/","title":{"rendered":"Home"},"content":{"rendered":"\n<h1 class=\"wp-block-heading has-text-align-center\">H\u00f4me Youth Hostel Valencia<\/h1>\n\n<h2 class=\"wp-block-heading has-text-align-center\">Schroniska m\u0142odzie\u017cowe H\u00f4me w najlepszej cenie | <a href=\"https:\/\/feetuphostels.com\/home-youth-hostel-valencia\/\" target=\"_blank\" rel=\"noreferrer noopener\">Zakwaterowanie bez \u0142\u00f3\u017cek pi\u0119trowych w Walencji<\/a><\/h2>\n\n<figure class=\"wp-block-image aligncenter\"><a href=\"https:\/\/homeyouthhostel.com\/pl\/youth-hostel-fallas\/\"><img decoding=\"async\" src=\"https:\/\/www.homeyouthhostel.com\/wp-content\/uploads\/2012\/07\/homeyouthhostelvalencia2016.jpg\" alt=\"Youth Hostel Valencia\"\/><\/a><figcaption class=\"wp-element-caption\">Youth Hostel Valencia<\/figcaption><\/figure>\n\n<h2 class=\"wp-block-heading\">H\u00f4me Schronisko m\u0142odzie\u017cowe w Valencia voor Fallas<\/h2>\n\n<p>Oferuje idealne zakwaterowanie dla Fallas, tutaj w Home Youth Hostel w Walencji<\/p>\n\n<h2 class=\"wp-block-heading\">Hostel dla grup Walencja<\/h2>\n\n<p>Mamy dedykowany zesp\u00f3\u0142 rezerwacji, kt\u00f3ry pomo\u017ce Ci w razie jakichkolwiek pyta\u0144 dotycz\u0105cych rezerwacji<\/p>\n\n<h2 class=\"wp-block-heading\">Rodzaje pokoi w home hostel Valencia<\/h2>\n\n<p>Jest to najlepsze schronisko m\u0142odzie\u017cowe w mie\u015bcie, tylko jeden bez \u0142\u00f3\u017cek pi\u0119trowych dorms<\/p>\n\n<h2 class=\"wp-block-heading\">Szukasz taniego miejsca na pobyt w Walencji?<\/h2>\n\n<p>H\u00f4me Youth Hostel znajduje si\u0119 w centrum Walencji, zaledwie 10 minut spacerem od g\u0142\u00f3wnego dworca kolejowego i autobusowego oraz kilka krok\u00f3w od Mercado Central (Central Market) i La Lonja (Silk Market), dw\u00f3ch bardzo wa\u017cnych atrakcji turystycznych w Walencji.<\/p>\n\n<h2 class=\"wp-block-heading\">Szukasz taniego noclegu w Walencji?<\/h2>\n\n<p>To Schronisko M\u0142odzie\u017cowe jest pierwszym hostelem w Walencji bez \u0142\u00f3\u017cek pi\u0119trowych! Jest idealny dla grup, jak r\u00f3wnie\u017c dla indywidualnych turyst\u00f3w. Oferuje on centralnie po\u0142o\u017cony i tanie zakwaterowanie.<\/p>\n\n<p>Nasze pokoje s\u0105 kolorowe, weso\u0142e i maj\u0105 oryginalne wzory malowane na \u015bcianach. Pokoje maj\u0105 r\u00f3\u017cne rozmiary, wszystkie z nich wyposa\u017cone s\u0105 w klimatyzacj\u0119 i bezp\u0142atne WIFI, dzi\u0119ki czemu zawsze jeste\u015b pod\u0142\u0105czony.<\/p>\n\n<h2 class=\"wp-block-heading\">Nice and friendly hostel in Walencja<\/h2>\n\n<p>Zakwaterowanie w Walencji jest dla wszystkich, kt\u00f3rzy chc\u0105 zatrzyma\u0107 si\u0119 w komfortowym, czystym, kolorowym, nowocze\u015bnie zaprojektowanym miejscu z przyjazn\u0105 atmosfer\u0105.<\/p>\n\n<p>Ciesz si\u0119 wsp\u00f3lnymi obszarami i zrelaksuj si\u0119 w salonie, planuj\u0105c nast\u0119pne miejsce lub dziel\u0105c si\u0119 do\u015bwiadczeniami z innymi turystami z ca\u0142ego \u015bwiata.<\/p>\n\n<h2 class=\"wp-block-heading\">Witamy w H\u00f4me Hostel Valencia!<\/h2>\n","protected":false},"excerpt":{"rendered":"<p>Schronisko m\u0142odzie\u017cowe H\u00f4me Walencja | Schronisko m\u0142odzie\u017cowe H\u00f4me w najlepszej cenie | Zakwaterowanie bez \u0142\u00f3\u017cek pi\u0119trowych w Walencji<\/p>\n","protected":false},"author":9,"featured_media":4837,"parent":0,"menu_order":0,"comment_status":"open","ping_status":"closed","template":"","meta":{"footnotes":""},"class_list":["post-5165","page","type-page","status-publish","has-post-thumbnail","hentry"],"yoast_head":"<!-- This site is optimized with the Yoast SEO plugin v27.4 - https:\/\/yoast.com\/product\/yoast-seo-wordpress\/ -->\n<title>H\u00f4me Youth Hostel Valencia \ud83e\udd47 Your youth hostel in Valencia to sleep in<\/title>\n<meta name=\"description\" content=\"H\u00f4me Youth Hostel Valencia \u00b7 Najlepszym rozwi\u0105zaniem do spania w Starym Mie\u015bcie w Walencji \ud83e\udd47 Pierwszy hostel z prywatnymi pokojami bez \u0142\u00f3\u017cek pi\u0119trowych\" \/>\n<meta name=\"robots\" content=\"index, follow, max-snippet:-1, max-image-preview:large, max-video-preview:-1\" \/>\n<link rel=\"canonical\" href=\"https:\/\/homeyouthhostel.com\/pl\/\" \/>\n<meta property=\"og:locale\" content=\"pl_PL\" \/>\n<meta property=\"og:type\" content=\"article\" \/>\n<meta property=\"og:title\" content=\"H\u00f4me Youth Hostel Valencia \u00b7 Twoje schronisko m\u0142odzie\u017cowe w Walencji do spania\" \/>\n<meta property=\"og:description\" content=\"H\u00f4me Youth Hostel Valencia \u00b7 Twoje schronisko m\u0142odzie\u017cowe w Walencji do spania w starej cz\u0119\u015bci Walencji. Hostel prywatne pokoje bez \u0142\u00f3\u017cek pi\u0119trowych w najlepszej cenie online i bez prowizji za rezerwacj\u0119\" \/>\n<meta property=\"og:url\" content=\"https:\/\/homeyouthhostel.com\/pl\/\" \/>\n<meta property=\"og:site_name\" content=\"Home Youth Hostel\" \/>\n<meta property=\"article:publisher\" content=\"https:\/\/www.facebook.com\/HomeYouthHostelValencia\/\" \/>\n<meta property=\"article:modified_time\" content=\"2023-10-25T10:50:08+00:00\" \/>\n<meta property=\"og:image\" content=\"https:\/\/homeyouthhostel.com\/wp-content\/uploads\/2021\/12\/entrance-home-youth-hostel-valencia.jpg\" \/>\n\t<meta property=\"og:image:width\" content=\"1024\" \/>\n\t<meta property=\"og:image:height\" content=\"600\" \/>\n\t<meta property=\"og:image:type\" content=\"image\/jpeg\" \/>\n<meta name=\"twitter:label1\" content=\"Szacowany czas czytania\" \/>\n\t<meta name=\"twitter:data1\" content=\"2 minuty\" \/>\n<script type=\"application\/ld+json\" class=\"yoast-schema-graph\">{\"@context\":\"https:\\\/\\\/schema.org\",\"@graph\":[{\"@type\":\"WebPage\",\"@id\":\"https:\\\/\\\/homeyouthhostel.com\\\/pl\\\/\",\"url\":\"https:\\\/\\\/homeyouthhostel.com\\\/pl\\\/\",\"name\":\"H\u00f4me Youth Hostel Valencia \ud83e\udd47 Your youth hostel in Valencia to sleep in\",\"isPartOf\":{\"@id\":\"https:\\\/\\\/homeyouthhostel.com\\\/pl\\\/#website\"},\"primaryImageOfPage\":{\"@id\":\"https:\\\/\\\/homeyouthhostel.com\\\/pl\\\/#primaryimage\"},\"image\":{\"@id\":\"https:\\\/\\\/homeyouthhostel.com\\\/pl\\\/#primaryimage\"},\"thumbnailUrl\":\"https:\\\/\\\/homeyouthhostel.com\\\/wp-content\\\/uploads\\\/2021\\\/12\\\/entrance-home-youth-hostel-valencia.jpg\",\"datePublished\":\"2021-11-26T17:32:58+00:00\",\"dateModified\":\"2023-10-25T10:50:08+00:00\",\"description\":\"H\u00f4me Youth Hostel Valencia \u00b7 Najlepszym rozwi\u0105zaniem do spania w Starym Mie\u015bcie w Walencji \ud83e\udd47 Pierwszy hostel z prywatnymi pokojami bez \u0142\u00f3\u017cek pi\u0119trowych\",\"breadcrumb\":{\"@id\":\"https:\\\/\\\/homeyouthhostel.com\\\/pl\\\/#breadcrumb\"},\"inLanguage\":\"pl-PL\",\"potentialAction\":[{\"@type\":\"ReadAction\",\"target\":[\"https:\\\/\\\/homeyouthhostel.com\\\/pl\\\/\"]}]},{\"@type\":\"ImageObject\",\"inLanguage\":\"pl-PL\",\"@id\":\"https:\\\/\\\/homeyouthhostel.com\\\/pl\\\/#primaryimage\",\"url\":\"https:\\\/\\\/homeyouthhostel.com\\\/wp-content\\\/uploads\\\/2021\\\/12\\\/entrance-home-youth-hostel-valencia.jpg\",\"contentUrl\":\"https:\\\/\\\/homeyouthhostel.com\\\/wp-content\\\/uploads\\\/2021\\\/12\\\/entrance-home-youth-hostel-valencia.jpg\",\"width\":1024,\"height\":600,\"caption\":\"Entrance and sign in of our hostel\"},{\"@type\":\"BreadcrumbList\",\"@id\":\"https:\\\/\\\/homeyouthhostel.com\\\/pl\\\/#breadcrumb\",\"itemListElement\":[{\"@type\":\"ListItem\",\"position\":1,\"name\":\"Home\",\"item\":\"https:\\\/\\\/homeyouthhostel.com\\\/pl\\\/\"},{\"@type\":\"ListItem\",\"position\":2,\"name\":\"Home\"}]},{\"@type\":\"WebSite\",\"@id\":\"https:\\\/\\\/homeyouthhostel.com\\\/pl\\\/#website\",\"url\":\"https:\\\/\\\/homeyouthhostel.com\\\/pl\\\/\",\"name\":\"H\u00f4me Youth Hostel Valencia\",\"description\":\"Tagline\",\"publisher\":{\"@id\":\"https:\\\/\\\/homeyouthhostel.com\\\/pl\\\/#organization\"},\"potentialAction\":[{\"@type\":\"SearchAction\",\"target\":{\"@type\":\"EntryPoint\",\"urlTemplate\":\"https:\\\/\\\/homeyouthhostel.com\\\/pl\\\/?s={search_term_string}\"},\"query-input\":{\"@type\":\"PropertyValueSpecification\",\"valueRequired\":true,\"valueName\":\"search_term_string\"}}],\"inLanguage\":\"pl-PL\"},{\"@type\":\"Organization\",\"@id\":\"https:\\\/\\\/homeyouthhostel.com\\\/pl\\\/#organization\",\"name\":\"H\u00f4me Youth Hostel Valencia\",\"url\":\"https:\\\/\\\/homeyouthhostel.com\\\/pl\\\/\",\"logo\":{\"@type\":\"ImageObject\",\"inLanguage\":\"pl-PL\",\"@id\":\"https:\\\/\\\/homeyouthhostel.com\\\/pl\\\/#\\\/schema\\\/logo\\\/image\\\/\",\"url\":\"https:\\\/\\\/homeyouthhostel.com\\\/wp-content\\\/uploads\\\/2016\\\/10\\\/logopng.png\",\"contentUrl\":\"https:\\\/\\\/homeyouthhostel.com\\\/wp-content\\\/uploads\\\/2016\\\/10\\\/logopng.png\",\"width\":400,\"height\":259,\"caption\":\"H\u00f4me Youth Hostel Valencia\"},\"image\":{\"@id\":\"https:\\\/\\\/homeyouthhostel.com\\\/pl\\\/#\\\/schema\\\/logo\\\/image\\\/\"},\"sameAs\":[\"https:\\\/\\\/www.facebook.com\\\/HomeYouthHostelValencia\\\/\",\"https:\\\/\\\/x.com\\\/HomeYouthHostel\",\"https:\\\/\\\/www.instagram.com\\\/homeyouthhostelvalencia\\\/\",\"https:\\\/\\\/linkedin.com\\\/company\\\/homeyouthhostelvalencia\",\"https:\\\/\\\/www.youtube.com\\\/channel\\\/UC1RgdaIHNQP2CsgZakYFBhQ\"]}]}<\/script>\n<!-- \/ Yoast SEO plugin. -->","yoast_head_json":{"title":"H\u00f4me Youth Hostel Valencia \ud83e\udd47 Your youth hostel in Valencia to sleep in","description":"H\u00f4me Youth Hostel Valencia \u00b7 Najlepszym rozwi\u0105zaniem do spania w Starym Mie\u015bcie w Walencji \ud83e\udd47 Pierwszy hostel z prywatnymi pokojami bez \u0142\u00f3\u017cek pi\u0119trowych","robots":{"index":"index","follow":"follow","max-snippet":"max-snippet:-1","max-image-preview":"max-image-preview:large","max-video-preview":"max-video-preview:-1"},"canonical":"https:\/\/homeyouthhostel.com\/pl\/","og_locale":"pl_PL","og_type":"article","og_title":"H\u00f4me Youth Hostel Valencia \u00b7 Twoje schronisko m\u0142odzie\u017cowe w Walencji do spania","og_description":"H\u00f4me Youth Hostel Valencia \u00b7 Twoje schronisko m\u0142odzie\u017cowe w Walencji do spania w starej cz\u0119\u015bci Walencji. Hostel prywatne pokoje bez \u0142\u00f3\u017cek pi\u0119trowych w najlepszej cenie online i bez prowizji za rezerwacj\u0119","og_url":"https:\/\/homeyouthhostel.com\/pl\/","og_site_name":"Home Youth Hostel","article_publisher":"https:\/\/www.facebook.com\/HomeYouthHostelValencia\/","article_modified_time":"2023-10-25T10:50:08+00:00","og_image":[{"width":1024,"height":600,"url":"https:\/\/homeyouthhostel.com\/wp-content\/uploads\/2021\/12\/entrance-home-youth-hostel-valencia.jpg","type":"image\/jpeg"}],"twitter_misc":{"Szacowany czas czytania":"2 minuty"},"schema":{"@context":"https:\/\/schema.org","@graph":[{"@type":"WebPage","@id":"https:\/\/homeyouthhostel.com\/pl\/","url":"https:\/\/homeyouthhostel.com\/pl\/","name":"H\u00f4me Youth Hostel Valencia \ud83e\udd47 Your youth hostel in Valencia to sleep in","isPartOf":{"@id":"https:\/\/homeyouthhostel.com\/pl\/#website"},"primaryImageOfPage":{"@id":"https:\/\/homeyouthhostel.com\/pl\/#primaryimage"},"image":{"@id":"https:\/\/homeyouthhostel.com\/pl\/#primaryimage"},"thumbnailUrl":"https:\/\/homeyouthhostel.com\/wp-content\/uploads\/2021\/12\/entrance-home-youth-hostel-valencia.jpg","datePublished":"2021-11-26T17:32:58+00:00","dateModified":"2023-10-25T10:50:08+00:00","description":"H\u00f4me Youth Hostel Valencia \u00b7 Najlepszym rozwi\u0105zaniem do spania w Starym Mie\u015bcie w Walencji \ud83e\udd47 Pierwszy hostel z prywatnymi pokojami bez \u0142\u00f3\u017cek pi\u0119trowych","breadcrumb":{"@id":"https:\/\/homeyouthhostel.com\/pl\/#breadcrumb"},"inLanguage":"pl-PL","potentialAction":[{"@type":"ReadAction","target":["https:\/\/homeyouthhostel.com\/pl\/"]}]},{"@type":"ImageObject","inLanguage":"pl-PL","@id":"https:\/\/homeyouthhostel.com\/pl\/#primaryimage","url":"https:\/\/homeyouthhostel.com\/wp-content\/uploads\/2021\/12\/entrance-home-youth-hostel-valencia.jpg","contentUrl":"https:\/\/homeyouthhostel.com\/wp-content\/uploads\/2021\/12\/entrance-home-youth-hostel-valencia.jpg","width":1024,"height":600,"caption":"Entrance and sign in of our hostel"},{"@type":"BreadcrumbList","@id":"https:\/\/homeyouthhostel.com\/pl\/#breadcrumb","itemListElement":[{"@type":"ListItem","position":1,"name":"Home","item":"https:\/\/homeyouthhostel.com\/pl\/"},{"@type":"ListItem","position":2,"name":"Home"}]},{"@type":"WebSite","@id":"https:\/\/homeyouthhostel.com\/pl\/#website","url":"https:\/\/homeyouthhostel.com\/pl\/","name":"H\u00f4me Youth Hostel Valencia","description":"Tagline","publisher":{"@id":"https:\/\/homeyouthhostel.com\/pl\/#organization"},"potentialAction":[{"@type":"SearchAction","target":{"@type":"EntryPoint","urlTemplate":"https:\/\/homeyouthhostel.com\/pl\/?s={search_term_string}"},"query-input":{"@type":"PropertyValueSpecification","valueRequired":true,"valueName":"search_term_string"}}],"inLanguage":"pl-PL"},{"@type":"Organization","@id":"https:\/\/homeyouthhostel.com\/pl\/#organization","name":"H\u00f4me Youth Hostel Valencia","url":"https:\/\/homeyouthhostel.com\/pl\/","logo":{"@type":"ImageObject","inLanguage":"pl-PL","@id":"https:\/\/homeyouthhostel.com\/pl\/#\/schema\/logo\/image\/","url":"https:\/\/homeyouthhostel.com\/wp-content\/uploads\/2016\/10\/logopng.png","contentUrl":"https:\/\/homeyouthhostel.com\/wp-content\/uploads\/2016\/10\/logopng.png","width":400,"height":259,"caption":"H\u00f4me Youth Hostel Valencia"},"image":{"@id":"https:\/\/homeyouthhostel.com\/pl\/#\/schema\/logo\/image\/"},"sameAs":["https:\/\/www.facebook.com\/HomeYouthHostelValencia\/","https:\/\/x.com\/HomeYouthHostel","https:\/\/www.instagram.com\/homeyouthhostelvalencia\/","https:\/\/linkedin.com\/company\/homeyouthhostelvalencia","https:\/\/www.youtube.com\/channel\/UC1RgdaIHNQP2CsgZakYFBhQ"]}]}},"_links":{"self":[{"href":"https:\/\/homeyouthhostel.com\/pl\/wp-json\/wp\/v2\/pages\/5165","targetHints":{"allow":["GET"]}}],"collection":[{"href":"https:\/\/homeyouthhostel.com\/pl\/wp-json\/wp\/v2\/pages"}],"about":[{"href":"https:\/\/homeyouthhostel.com\/pl\/wp-json\/wp\/v2\/types\/page"}],"author":[{"embeddable":true,"href":"https:\/\/homeyouthhostel.com\/pl\/wp-json\/wp\/v2\/users\/9"}],"replies":[{"embeddable":true,"href":"https:\/\/homeyouthhostel.com\/pl\/wp-json\/wp\/v2\/comments?post=5165"}],"version-history":[{"count":0,"href":"https:\/\/homeyouthhostel.com\/pl\/wp-json\/wp\/v2\/pages\/5165\/revisions"}],"wp:featuredmedia":[{"embeddable":true,"href":"https:\/\/homeyouthhostel.com\/pl\/wp-json\/wp\/v2\/media\/4837"}],"wp:attachment":[{"href":"https:\/\/homeyouthhostel.com\/pl\/wp-json\/wp\/v2\/media?parent=5165"}],"curies":[{"name":"wp","href":"https:\/\/api.w.org\/{rel}","templated":true}]}}