{"id":1225,"date":"2012-10-24T10:57:06","date_gmt":"2012-10-24T08:57:06","guid":{"rendered":"http:\/\/www.homeyouthhostel.com\/ostello-a-valencia-2\/"},"modified":"2021-12-30T14:30:09","modified_gmt":"2021-12-30T13:30:09","slug":"schronisko-mlodziezowe-walencja","status":"publish","type":"page","link":"https:\/\/homeyouthhostel.com\/pl\/schronisko-mlodziezowe-walencja\/","title":{"rendered":"Youth Hostel Valencia"},"content":{"rendered":"\n<p>Youth Hostel Valencia<\/p>\n\n\n\n<h2 class=\"wp-block-heading\"><span id=\"result_box\" class=\"\" lang=\"pl\"><span title=\"Are you looking for a youth hostel in Valencia? \">Szukasz schroniska m\u0142odzie\u017cowego w Walencji?<\/span><\/span><\/h2>\n\n\n\n<p><span id=\"result_box\" class=\"\" lang=\"pl\"><span title=\"Home Youth Hostel is an economical lodging placed only a few meters from the Central Market (Mercado Central) and behind Silk Market (La Lonja).\"><strong>Home Youth Hostel<\/strong> jest tanim zakwaterowaniem umieszczonym w odleg\u0142o\u015bci kilku metr\u00f3w od Rynku Centralnego (Mercado Central), na przeciwko Starego Rynku Jedwabiu (La Lonja). <\/span><span title=\"It offers both, quality and good prices.\">Oferuje zar\u00f3wno<strong> jako\u015b\u0107<\/strong> jak i <strong>dobre ceny<\/strong>. <\/span><span title=\"Home Youth Hostel is the perfect spot to stay in Valencia for travellers who want a comfortable (no bunkbeds), clean place, full of colours and vibrant atmosphere. \">Home Youth Hostel jest idealnym miejscem na pobyt w Walencji dla turyst\u00f3w, kt\u00f3rzy pragn<span title=\"We have 24 hours reception and multilingual staff who will be gald to help you with any information you need. \">\u0105<\/span> komfortu (kameralne pokoje, bez pi\u0119trowych <\/span><\/span><span id=\"result_box\" class=\"\" lang=\"pl\"><span title=\"Home Youth Hostel is the perfect spot to stay in Valencia for travellers who want a comfortable (no bunkbeds), clean place, full of colours and vibrant atmosphere. \">\u0142\u00f3\u017cek<\/span><\/span><span id=\"result_box\" class=\"\" lang=\"pl\"><span title=\"Home Youth Hostel is the perfect spot to stay in Valencia for travellers who want a comfortable (no bunkbeds), clean place, full of colours and vibrant atmosphere. \">), czysto<span title=\"If you want to know more about Valencia check out our Valencia Guide in our Home Hostels Valencia website. \">\u015b<\/span>ci i mi<span title=\"If you want to know more about Valencia check out our Valencia Guide in our Home Hostels Valencia website. \">\u0142<\/span>ej, rodzinnej atmosfery.<\/span><\/span><\/p>\n\n\n\n<p><span title=\"Our rooms are colorful, uniquely designed and full of light.\">Nasze pokoje s\u0105 kolorowe, nowocze\u015bnie zaprojektowane i pe\u0142ne \u015bwiat\u0142a. Do dyspozycji w<\/span><span title=\"All guests share large common zone with fully equipped kitchen and lounge with TV.\">szystkich go\u015bci jest du\u017cy wsp\u00f3lny salon z telewizorem i w pe\u0142ni wyposa\u017cona kuchnia a tak\u017ce<\/span><span title=\"Of course you can enjoy free Wifi all around the building.\"><strong> bezp\u0142atne Wi-Fi<\/strong> w ca\u0142ym budynku. <\/span><span title=\"We have 24 hours reception and multilingual staff who will be gald to help you with any information you need. \">Recepcja jest czynna przez 24 godziny a <\/span><strong><span id=\"result_box\" class=\"\" lang=\"pl\"><span title=\"We have 24 hours reception and multilingual staff who will be gald to help you with any information you need. \">wieloj\u0119zyczny <\/span><\/span><\/strong><span id=\"result_box\" class=\"\" lang=\"pl\"><span title=\"We have 24 hours reception and multilingual staff who will be gald to help you with any information you need. \"><strong>personel<\/strong> udzieli Ci wszelkich potrzebnych informacji i postara si\u0119 odpowiedzie\u0107 na ka\u017cde Twoje pytanie.<br><\/span><\/span><\/p>\n\n\n\n<p><span id=\"result_box\" class=\"\" lang=\"pl\"><span title=\"If you want to know more about Valencia check out our Valencia Guide in our Home Hostels Valencia website. \">Je\u015bli chcesz dowiedzie\u0107 si\u0119 wi\u0119cej o mie<span title=\"Our rooms are colorful, uniquely designed and full of light.\">\u015b<\/span>cie Walencji sprawd\u017a nasz <a href=\"http:\/\/www.homehostelsvalencia.com\/valencia-guide\/\">Przewodnik po Walencji <\/a>na naszej <\/span><\/span><span id=\"result_box\" class=\"\" lang=\"pl\"><span title=\"If you want to know more about Valencia check out our Valencia Guide in our Home Hostels Valencia website. \">g\u0142\u00f3wnej <\/span><\/span><span id=\"result_box\" class=\"\" lang=\"pl\"><span title=\"If you want to know more about Valencia check out our Valencia Guide in our Home Hostels Valencia website. \">stronie: <a href=\"http:\/\/www.homehostelsvalencia.com\/\">Home Hostels Valencia.<\/a><br><\/span><\/span><\/p>\n\n\n\n<h2 class=\"wp-block-heading\"><span id=\"result_box\" class=\"\" lang=\"pl\"><span title=\"The best Youth Hostel in Valencia \">Najlepszy Hostel w Walencji<\/span><\/span><\/h2>\n\n\n\n<p><span id=\"result_box\" class=\"\" lang=\"pl\"><span title=\"In Home Youth Hostel we are are proud of our quality in services, cleanliness and decoration.\">Jeste\u015bmy dumni z jako\u015bci us\u0142ug, kt<span title=\"Home Youth Hostel is an economical lodging placed only a few meters from the Central Market (Mercado Central) and behind Silk Market (La Lonja).\">\u00f3<\/span>re oferujemy w naszym <strong>schronisku m\u0142odzie<span title=\"Home Youth Hostel is the perfect spot to stay in Valencia for travellers who want a comfortable (no bunkbeds), clean place, full of colours and vibrant atmosphere. \">\u017c<\/span>owym<\/strong> &#8211; <\/span><\/span><span id=\"result_box\" class=\"\" lang=\"pl\"><span title=\"In Home Youth Hostel we are are proud of our quality in services, cleanliness and decoration.\">Home Youth Hostel. Przede wszystkim wa<span title=\"Home Youth Hostel is the perfect spot to stay in Valencia for travellers who want a comfortable (no bunkbeds), clean place, full of colours and vibrant atmosphere. \">\u017c<\/span>na jest dla nas <span title=\"Home Youth Hostel is the perfect spot to stay in Valencia for travellers who want a comfortable (no bunkbeds), clean place, full of colours and vibrant atmosphere. \">czysto<span title=\"If you want to know more about Valencia check out our Valencia Guide in our Home Hostels Valencia website. \">\u015b<span title=\"We have 24 hours reception and multilingual staff who will be gald to help you with any information you need. \">\u0107<\/span><\/span> i zapewnienie przyjaznej atmosfery oraz gwarancja atrakcyjnych<\/span> <\/span><\/span><span id=\"result_box\" class=\"\" lang=\"pl\"><span title=\"We can offer low-cost prices of lodging for big and small groups of travelers. \"> cen dla du\u017cych i ma\u0142ych grup.<\/span><\/span><\/p>\n\n\n\n<p><span title=\"If you look for a hostel in Valencia, you found the perfect one!\">Je\u015bli szukasz idealnego hostelu w Walencji, to ju<span title=\"Home Youth Hostel is the perfect spot to stay in Valencia for travellers who want a comfortable (no bunkbeds), clean place, full of colours and vibrant atmosphere. \">\u017c<\/span> go znalaz<span title=\"If you want to know more about Valencia check out our Valencia Guide in our Home Hostels Valencia website. \">\u0142<\/span>e<span title=\"In Home Youth Hostel we are are proud of our quality in services, cleanliness and decoration.\"><span title=\"Home Youth Hostel is the perfect spot to stay in Valencia for travellers who want a comfortable (no bunkbeds), clean place, full of colours and vibrant atmosphere. \"><span title=\"If you want to know more about Valencia check out our Valencia Guide in our Home Hostels Valencia website. \">\u015b<\/span><\/span><\/span>! Zarezerwuj sw<span title=\"If you want to know more about Valencia check out our Valencia Guide in our Home Hostels Valencia website. \">\u00f3<\/span>j p<\/span><span title=\"Stay in Home Youth Hostel, placed in the city centre!\">obyt w <strong>Home Youth Hostel<\/strong>, znajduj<span title=\"Our rooms are colorful, uniquely designed and full of light.\">\u0105<\/span>cym si<span title=\"We have 24 hours reception and multilingual staff who will be gald to help you with any information you need. \">\u0119<\/span> w samym <strong>centrum miasta<\/strong>!<\/span><\/p>\n","protected":false},"excerpt":{"rendered":"<p>Youth Hostel Valencia Szukasz schroniska m\u0142odzie\u017cowego w Walencji? Home Youth Hostel jest tanim zakwaterowaniem umieszczonym w odleg\u0142o\u015bci kilku metr\u00f3w od Rynku Centralnego (Mercado Central), na przeciwko Starego Rynku Jedwabiu (La Lonja). Oferuje zar\u00f3wno jako\u015b\u0107 jak i dobre ceny. Home Youth Hostel jest idealnym miejscem na pobyt w Walencji dla turyst\u00f3w, kt\u00f3rzy pragn\u0105 komfortu (kameralne pokoje, [&hellip;]<\/p>\n","protected":false},"author":9,"featured_media":911,"parent":0,"menu_order":0,"comment_status":"open","ping_status":"open","template":"","meta":{"footnotes":""},"class_list":["post-1225","page","type-page","status-publish","has-post-thumbnail","hentry"],"yoast_head":"<!-- This site is optimized with the Yoast SEO plugin v27.4 - https:\/\/yoast.com\/product\/yoast-seo-wordpress\/ -->\n<title>Youth Hostel Valencia - Home Youth Hostel Valencia<\/title>\n<meta name=\"description\" content=\"Are you looking for a youth hostel in Valencia. The best option for economical lodging in your city visit is to find a hostel in Valencia.\" \/>\n<meta name=\"robots\" content=\"index, follow, max-snippet:-1, max-image-preview:large, max-video-preview:-1\" \/>\n<link rel=\"canonical\" href=\"https:\/\/homeyouthhostel.com\/pl\/schronisko-mlodziezowe-walencja\/\" \/>\n<meta property=\"og:locale\" content=\"pl_PL\" \/>\n<meta property=\"og:type\" content=\"article\" \/>\n<meta property=\"og:title\" content=\"Youth Hostel Valencia - Home Youth Hostel Valencia\" \/>\n<meta property=\"og:description\" content=\"Are you looking for a youth hostel in Valencia. The best option for economical lodging in your city visit is to find a hostel in Valencia.\" \/>\n<meta property=\"og:url\" content=\"https:\/\/homeyouthhostel.com\/pl\/schronisko-mlodziezowe-walencja\/\" \/>\n<meta property=\"og:site_name\" content=\"Home Youth Hostel\" \/>\n<meta property=\"article:publisher\" content=\"https:\/\/www.facebook.com\/HomeYouthHostelValencia\/\" \/>\n<meta property=\"article:modified_time\" content=\"2021-12-30T13:30:09+00:00\" \/>\n<meta property=\"og:image\" content=\"https:\/\/homeyouthhostel.com\/wp-content\/uploads\/2012\/07\/home-youth-hostel-valencia-homepage.jpg\" \/>\n\t<meta property=\"og:image:width\" content=\"1024\" \/>\n\t<meta property=\"og:image:height\" content=\"600\" \/>\n\t<meta property=\"og:image:type\" content=\"image\/jpeg\" \/>\n<meta name=\"twitter:label1\" content=\"Szacowany czas czytania\" \/>\n\t<meta name=\"twitter:data1\" content=\"2 minuty\" \/>\n<script type=\"application\/ld+json\" class=\"yoast-schema-graph\">{\"@context\":\"https:\\\/\\\/schema.org\",\"@graph\":[{\"@type\":\"WebPage\",\"@id\":\"https:\\\/\\\/homeyouthhostel.com\\\/pl\\\/schronisko-mlodziezowe-walencja\\\/\",\"url\":\"https:\\\/\\\/homeyouthhostel.com\\\/pl\\\/schronisko-mlodziezowe-walencja\\\/\",\"name\":\"Youth Hostel Valencia - Home Youth Hostel Valencia\",\"isPartOf\":{\"@id\":\"https:\\\/\\\/homeyouthhostel.com\\\/pl\\\/#website\"},\"primaryImageOfPage\":{\"@id\":\"https:\\\/\\\/homeyouthhostel.com\\\/pl\\\/schronisko-mlodziezowe-walencja\\\/#primaryimage\"},\"image\":{\"@id\":\"https:\\\/\\\/homeyouthhostel.com\\\/pl\\\/schronisko-mlodziezowe-walencja\\\/#primaryimage\"},\"thumbnailUrl\":\"https:\\\/\\\/homeyouthhostel.com\\\/wp-content\\\/uploads\\\/2012\\\/07\\\/home-youth-hostel-valencia-homepage.jpg\",\"datePublished\":\"2012-10-24T08:57:06+00:00\",\"dateModified\":\"2021-12-30T13:30:09+00:00\",\"description\":\"Are you looking for a youth hostel in Valencia. The best option for economical lodging in your city visit is to find a hostel in Valencia.\",\"breadcrumb\":{\"@id\":\"https:\\\/\\\/homeyouthhostel.com\\\/pl\\\/schronisko-mlodziezowe-walencja\\\/#breadcrumb\"},\"inLanguage\":\"pl-PL\",\"potentialAction\":[{\"@type\":\"ReadAction\",\"target\":[\"https:\\\/\\\/homeyouthhostel.com\\\/pl\\\/schronisko-mlodziezowe-walencja\\\/\"]}]},{\"@type\":\"ImageObject\",\"inLanguage\":\"pl-PL\",\"@id\":\"https:\\\/\\\/homeyouthhostel.com\\\/pl\\\/schronisko-mlodziezowe-walencja\\\/#primaryimage\",\"url\":\"https:\\\/\\\/homeyouthhostel.com\\\/wp-content\\\/uploads\\\/2012\\\/07\\\/home-youth-hostel-valencia-homepage.jpg\",\"contentUrl\":\"https:\\\/\\\/homeyouthhostel.com\\\/wp-content\\\/uploads\\\/2012\\\/07\\\/home-youth-hostel-valencia-homepage.jpg\",\"width\":1024,\"height\":600,\"caption\":\"Cozy bedroom for discount\"},{\"@type\":\"BreadcrumbList\",\"@id\":\"https:\\\/\\\/homeyouthhostel.com\\\/pl\\\/schronisko-mlodziezowe-walencja\\\/#breadcrumb\",\"itemListElement\":[{\"@type\":\"ListItem\",\"position\":1,\"name\":\"Home\",\"item\":\"https:\\\/\\\/homeyouthhostel.com\\\/pl\\\/\"},{\"@type\":\"ListItem\",\"position\":2,\"name\":\"Youth Hostel Valencia\"}]},{\"@type\":\"WebSite\",\"@id\":\"https:\\\/\\\/homeyouthhostel.com\\\/pl\\\/#website\",\"url\":\"https:\\\/\\\/homeyouthhostel.com\\\/pl\\\/\",\"name\":\"H\u00f4me Youth Hostel Valencia\",\"description\":\"Tagline\",\"publisher\":{\"@id\":\"https:\\\/\\\/homeyouthhostel.com\\\/pl\\\/#organization\"},\"potentialAction\":[{\"@type\":\"SearchAction\",\"target\":{\"@type\":\"EntryPoint\",\"urlTemplate\":\"https:\\\/\\\/homeyouthhostel.com\\\/pl\\\/?s={search_term_string}\"},\"query-input\":{\"@type\":\"PropertyValueSpecification\",\"valueRequired\":true,\"valueName\":\"search_term_string\"}}],\"inLanguage\":\"pl-PL\"},{\"@type\":\"Organization\",\"@id\":\"https:\\\/\\\/homeyouthhostel.com\\\/pl\\\/#organization\",\"name\":\"H\u00f4me Youth Hostel Valencia\",\"url\":\"https:\\\/\\\/homeyouthhostel.com\\\/pl\\\/\",\"logo\":{\"@type\":\"ImageObject\",\"inLanguage\":\"pl-PL\",\"@id\":\"https:\\\/\\\/homeyouthhostel.com\\\/pl\\\/#\\\/schema\\\/logo\\\/image\\\/\",\"url\":\"https:\\\/\\\/homeyouthhostel.com\\\/wp-content\\\/uploads\\\/2016\\\/10\\\/logopng.png\",\"contentUrl\":\"https:\\\/\\\/homeyouthhostel.com\\\/wp-content\\\/uploads\\\/2016\\\/10\\\/logopng.png\",\"width\":400,\"height\":259,\"caption\":\"H\u00f4me Youth Hostel Valencia\"},\"image\":{\"@id\":\"https:\\\/\\\/homeyouthhostel.com\\\/pl\\\/#\\\/schema\\\/logo\\\/image\\\/\"},\"sameAs\":[\"https:\\\/\\\/www.facebook.com\\\/HomeYouthHostelValencia\\\/\",\"https:\\\/\\\/x.com\\\/HomeYouthHostel\",\"https:\\\/\\\/www.instagram.com\\\/homeyouthhostelvalencia\\\/\",\"https:\\\/\\\/linkedin.com\\\/company\\\/homeyouthhostelvalencia\",\"https:\\\/\\\/www.youtube.com\\\/channel\\\/UC1RgdaIHNQP2CsgZakYFBhQ\"]}]}<\/script>\n<!-- \/ Yoast SEO plugin. -->","yoast_head_json":{"title":"Youth Hostel Valencia - Home Youth Hostel Valencia","description":"Are you looking for a youth hostel in Valencia. The best option for economical lodging in your city visit is to find a hostel in Valencia.","robots":{"index":"index","follow":"follow","max-snippet":"max-snippet:-1","max-image-preview":"max-image-preview:large","max-video-preview":"max-video-preview:-1"},"canonical":"https:\/\/homeyouthhostel.com\/pl\/schronisko-mlodziezowe-walencja\/","og_locale":"pl_PL","og_type":"article","og_title":"Youth Hostel Valencia - Home Youth Hostel Valencia","og_description":"Are you looking for a youth hostel in Valencia. The best option for economical lodging in your city visit is to find a hostel in Valencia.","og_url":"https:\/\/homeyouthhostel.com\/pl\/schronisko-mlodziezowe-walencja\/","og_site_name":"Home Youth Hostel","article_publisher":"https:\/\/www.facebook.com\/HomeYouthHostelValencia\/","article_modified_time":"2021-12-30T13:30:09+00:00","og_image":[{"width":1024,"height":600,"url":"https:\/\/homeyouthhostel.com\/wp-content\/uploads\/2012\/07\/home-youth-hostel-valencia-homepage.jpg","type":"image\/jpeg"}],"twitter_misc":{"Szacowany czas czytania":"2 minuty"},"schema":{"@context":"https:\/\/schema.org","@graph":[{"@type":"WebPage","@id":"https:\/\/homeyouthhostel.com\/pl\/schronisko-mlodziezowe-walencja\/","url":"https:\/\/homeyouthhostel.com\/pl\/schronisko-mlodziezowe-walencja\/","name":"Youth Hostel Valencia - Home Youth Hostel Valencia","isPartOf":{"@id":"https:\/\/homeyouthhostel.com\/pl\/#website"},"primaryImageOfPage":{"@id":"https:\/\/homeyouthhostel.com\/pl\/schronisko-mlodziezowe-walencja\/#primaryimage"},"image":{"@id":"https:\/\/homeyouthhostel.com\/pl\/schronisko-mlodziezowe-walencja\/#primaryimage"},"thumbnailUrl":"https:\/\/homeyouthhostel.com\/wp-content\/uploads\/2012\/07\/home-youth-hostel-valencia-homepage.jpg","datePublished":"2012-10-24T08:57:06+00:00","dateModified":"2021-12-30T13:30:09+00:00","description":"Are you looking for a youth hostel in Valencia. The best option for economical lodging in your city visit is to find a hostel in Valencia.","breadcrumb":{"@id":"https:\/\/homeyouthhostel.com\/pl\/schronisko-mlodziezowe-walencja\/#breadcrumb"},"inLanguage":"pl-PL","potentialAction":[{"@type":"ReadAction","target":["https:\/\/homeyouthhostel.com\/pl\/schronisko-mlodziezowe-walencja\/"]}]},{"@type":"ImageObject","inLanguage":"pl-PL","@id":"https:\/\/homeyouthhostel.com\/pl\/schronisko-mlodziezowe-walencja\/#primaryimage","url":"https:\/\/homeyouthhostel.com\/wp-content\/uploads\/2012\/07\/home-youth-hostel-valencia-homepage.jpg","contentUrl":"https:\/\/homeyouthhostel.com\/wp-content\/uploads\/2012\/07\/home-youth-hostel-valencia-homepage.jpg","width":1024,"height":600,"caption":"Cozy bedroom for discount"},{"@type":"BreadcrumbList","@id":"https:\/\/homeyouthhostel.com\/pl\/schronisko-mlodziezowe-walencja\/#breadcrumb","itemListElement":[{"@type":"ListItem","position":1,"name":"Home","item":"https:\/\/homeyouthhostel.com\/pl\/"},{"@type":"ListItem","position":2,"name":"Youth Hostel Valencia"}]},{"@type":"WebSite","@id":"https:\/\/homeyouthhostel.com\/pl\/#website","url":"https:\/\/homeyouthhostel.com\/pl\/","name":"H\u00f4me Youth Hostel Valencia","description":"Tagline","publisher":{"@id":"https:\/\/homeyouthhostel.com\/pl\/#organization"},"potentialAction":[{"@type":"SearchAction","target":{"@type":"EntryPoint","urlTemplate":"https:\/\/homeyouthhostel.com\/pl\/?s={search_term_string}"},"query-input":{"@type":"PropertyValueSpecification","valueRequired":true,"valueName":"search_term_string"}}],"inLanguage":"pl-PL"},{"@type":"Organization","@id":"https:\/\/homeyouthhostel.com\/pl\/#organization","name":"H\u00f4me Youth Hostel Valencia","url":"https:\/\/homeyouthhostel.com\/pl\/","logo":{"@type":"ImageObject","inLanguage":"pl-PL","@id":"https:\/\/homeyouthhostel.com\/pl\/#\/schema\/logo\/image\/","url":"https:\/\/homeyouthhostel.com\/wp-content\/uploads\/2016\/10\/logopng.png","contentUrl":"https:\/\/homeyouthhostel.com\/wp-content\/uploads\/2016\/10\/logopng.png","width":400,"height":259,"caption":"H\u00f4me Youth Hostel Valencia"},"image":{"@id":"https:\/\/homeyouthhostel.com\/pl\/#\/schema\/logo\/image\/"},"sameAs":["https:\/\/www.facebook.com\/HomeYouthHostelValencia\/","https:\/\/x.com\/HomeYouthHostel","https:\/\/www.instagram.com\/homeyouthhostelvalencia\/","https:\/\/linkedin.com\/company\/homeyouthhostelvalencia","https:\/\/www.youtube.com\/channel\/UC1RgdaIHNQP2CsgZakYFBhQ"]}]}},"_links":{"self":[{"href":"https:\/\/homeyouthhostel.com\/pl\/wp-json\/wp\/v2\/pages\/1225","targetHints":{"allow":["GET"]}}],"collection":[{"href":"https:\/\/homeyouthhostel.com\/pl\/wp-json\/wp\/v2\/pages"}],"about":[{"href":"https:\/\/homeyouthhostel.com\/pl\/wp-json\/wp\/v2\/types\/page"}],"author":[{"embeddable":true,"href":"https:\/\/homeyouthhostel.com\/pl\/wp-json\/wp\/v2\/users\/9"}],"replies":[{"embeddable":true,"href":"https:\/\/homeyouthhostel.com\/pl\/wp-json\/wp\/v2\/comments?post=1225"}],"version-history":[{"count":0,"href":"https:\/\/homeyouthhostel.com\/pl\/wp-json\/wp\/v2\/pages\/1225\/revisions"}],"wp:featuredmedia":[{"embeddable":true,"href":"https:\/\/homeyouthhostel.com\/pl\/wp-json\/wp\/v2\/media\/911"}],"wp:attachment":[{"href":"https:\/\/homeyouthhostel.com\/pl\/wp-json\/wp\/v2\/media?parent=1225"}],"curies":[{"name":"wp","href":"https:\/\/api.w.org\/{rel}","templated":true}]}}