{"id":1220,"date":"2012-10-24T14:43:32","date_gmt":"2012-10-24T12:43:32","guid":{"rendered":"http:\/\/www.homeyouthhostel.com\/ostello-fallas-2\/"},"modified":"2023-11-15T16:06:49","modified_gmt":"2023-11-15T15:06:49","slug":"youth-hostel-fallas","status":"publish","type":"page","link":"https:\/\/homeyouthhostel.com\/pl\/youth-hostel-fallas\/","title":{"rendered":"Youth Hostel in Valencia for Fallas"},"content":{"rendered":"\n<h1 class=\"wp-block-heading\">Przybywasz w Fallas do Walencji?<\/h1>\n\n<h3 class=\"wp-block-heading\">Szukasz taniego schroniska m\u0142odzie\u017cowego w Fallas?<\/h3>\n\n<p>Oferujemy idealne zakwaterowanie na Fallas, tutaj w Home Youth Hostel mo\u017cesz cieszy\u0107 si\u0119 tym s\u0142ynnym wydarzeniem. Nie ma lepszego miejsca na pobyt podczas tego lokalnego \u015bwi\u0119ta, poniewa\u017c znajdujemy si\u0119 w samym sercu wydarze\u0144 festiwalu Fallas.<\/p>\n\n<h3 class=\"wp-block-heading\">Informacje o schronisku m\u0142odzie\u017cowym H\u00f4me w Walencji<\/h3>\n\n<p>Nasz hostel jest najbardziej centralnym schroniskiem m\u0142odzie\u017cowym w Walencji, po\u0142o\u017conym obok Silk Market i Central Market of Valencia. Ponadto jest nowocze\u015bnie zaprojektowany, bardzo kolorowy, z przestronnymi pokojami bez \u0142\u00f3\u017cek pi\u0119trowych. Zawsze poczujesz tu przyjazn\u0105 atmosfer\u0119. Gdzie mo\u017cesz zrobi\u0107 wirtualn\u0105 wycieczk\u0119 360% wewn\u0105trz naszego schroniska m\u0142odzie\u017cowego w Walencji.<\/p>\n\n<p>Kliknij tutaj, aby dowiedzie\u0107 si\u0119 wi\u0119cej o pokojach.<\/p>\n\n<h3 class=\"wp-block-heading\">Jakie s\u0105 \u015bwi\u0119ta Fallas w Walencji?<\/h3>\n\n<p>Fallas to najwa\u017cniejszy i najlepszy festiwal w Walencji. Jest to r\u00f3wnie\u017c jeden z najs\u0142ynniejszych hiszpa\u0144skich festiwali, dlatego trudno jest znale\u017a\u0107 dobry i tani nocleg w tym czasie. Miejsca w hostelach zlokalizowanych w centrum Walencji i okolicach wyprzedaj\u0105 si\u0119 na wiele miesi\u0119cy przed Fallas, wi\u0119c sugerujemy, aby\u015b zarezerwowa\u0142 sw\u00f3j hostel w Walencji na Fallas z wyprzedzeniem.<\/p>\n\n<h3 class=\"wp-block-heading\">Dlaczego warto zarezerwowa\u0107 u nas?<\/h3>\n\n<p>Schronisko m\u0142odzie\u017cowe H\u00f4me znajduje si\u0119 w odleg\u0142o\u015bci kr\u00f3tkiego spaceru od Masclet\u00e1 na Plaza del Ayuntamiento (placu g\u0142\u00f3wnym), Ofrenda na Plaza de la Virgen i fajerwerk\u00f3w w Turia. Mo\u017cesz tak\u017ce odwiedzi\u0107 pomniki najs\u0142ynniejszych Falleras.<\/p>\n\n<p>Najwa\u017cniejsze wydarzenia i Fallas odbywaj\u0105 si\u0119 na starym mie\u015bcie Walencji, tu\u017c obok naszego hostelu!<\/p>\n\n<h3 class=\"wp-block-heading\">Dlaczego warto odwiedzi\u0107 Fallas of Valencia?<\/h3>\n\n<p>Fallas to wyj\u0105tkowe do\u015bwiadczenie pe\u0142ne d\u017awi\u0119k\u00f3w, kolor\u00f3w i rado\u015bci, kt\u00f3re musisz zobaczy\u0107 i do\u015bwiadczy\u0107 przynajmniej raz w \u017cyciu. Fallas sprawia, \u017ce miasto wygl\u0105da jakby p\u0142on\u0119\u0142o od fajerwerk\u00f3w i petard odpalanych przez dzieci i doros\u0142ych. R\u00f3\u017cne parady, mn\u00f3stwo ludzi na ulicach, kolorowe \u015bwiat\u0142a w ca\u0142ym mie\u015bcie, konkurs paelli i pi\u0119kne pokazy tworz\u0105 niesamowit\u0105 i niezapomnian\u0105 atmosfer\u0119.<\/p>\n\n<h3 class=\"wp-block-heading\">W kt\u00f3rym dniu obchodzone s\u0105 jesienne \u015bwi\u0119ta Walencji?<\/h3>\n\n<p>Fallas rozpoczyna si\u0119 15 marca i potrwa do 19 marca, kiedy to mo\u017cesz cieszy\u0107 si\u0119 ogniami ratif\u00edcal, masclet\u00e1s, ofrenda, crem\u00e1, paradami i nie tylko. Jest to impreza pe\u0142na kolor\u00f3w i zamk\u00f3w ognia, kt\u00f3rej nie mo\u017cesz przegapi\u0107, je\u015bli zatrzymasz si\u0119 w hostelach H\u00f4me Hostels Valencia. Ka\u017cda okolica lub dzielnica jest zorganizowana w komitety zwane &#8222;Casal Fallero&#8221;, kt\u00f3re zdobywaj\u0105 fundusze niezb\u0119dne do budowy Fallas.<\/p>\n\n<h3 class=\"wp-block-heading\">Najlepsze schronisko m\u0142odzie\u017cowe w Walencji dla Fallas<\/h3>\n\n<p>Je\u015bli szukasz najlepszego miejsca na pobyt podczas Fallas, nie przegap okazji i przyjed\u017a do schroniska m\u0142odzie\u017cowego H\u00f4me po\u0142o\u017conego w centrum starego miasta, gdzie odbywaj\u0105 si\u0119 najwa\u017cniejsze wydarzenia Fallas.<\/p>\n\n<p>W H\u00f4me Youth Hostel Valencia znajdziesz komfortowe i czyste pokoje za rozs\u0105dn\u0105 cen\u0119, w mi\u0142ej i rodzinnej atmosferze.<\/p>\n\n<p>H\u00f4me Backpackers Hostel nale\u017cy do H\u00f4me Hostels Valencia, dowiedz si\u0119 wi\u0119cej na naszej stronie internetowej.<\/p>\n","protected":false},"excerpt":{"rendered":"<p>Przybywasz w Fallas do Walencji? Szukasz taniego schroniska m\u0142odzie\u017cowego w Fallas? Oferujemy idealne zakwaterowanie na Fallas, tutaj w Home Youth Hostel mo\u017cesz cieszy\u0107 si\u0119 tym s\u0142ynnym wydarzeniem. Nie ma lepszego miejsca na pobyt podczas tego lokalnego \u015bwi\u0119ta, poniewa\u017c znajdujemy si\u0119 w samym sercu wydarze\u0144 festiwalu Fallas. Informacje o schronisku m\u0142odzie\u017cowym H\u00f4me w Walencji Nasz hostel [&hellip;]<\/p>\n","protected":false},"author":9,"featured_media":2356,"parent":0,"menu_order":0,"comment_status":"closed","ping_status":"closed","template":"","meta":{"footnotes":""},"class_list":["post-1220","page","type-page","status-publish","has-post-thumbnail","hentry"],"yoast_head":"<!-- This site is optimized with the Yoast SEO plugin v27.4 - https:\/\/yoast.com\/product\/yoast-seo-wordpress\/ -->\n<title>Schronisko m\u0142odzie\u017cowe w Walencji dla Falli \u2764\ufe0f\u200d\ud83d\udd25 Zarezerwuj \u0142\u00f3\u017cko dla Falli w Walencji<\/title>\n<meta name=\"description\" content=\"Szukasz schroniska m\u0142odzie\u017cowego w Fallas? Tani hostel dla Fallas w Walencji? Oferujemy Ci tanie Schronisko m\u0142odzie\u017cowe w Walencja dla Fallas \ud83d\udd25\" \/>\n<meta name=\"robots\" content=\"index, follow, max-snippet:-1, max-image-preview:large, max-video-preview:-1\" \/>\n<link rel=\"canonical\" href=\"https:\/\/homeyouthhostel.com\/pl\/youth-hostel-fallas\/\" \/>\n<meta property=\"og:locale\" content=\"pl_PL\" \/>\n<meta property=\"og:type\" content=\"article\" \/>\n<meta property=\"og:title\" content=\"Schronisko m\u0142odzie\u017cowe w Walencji na jesie\u0144 \ud83d\udd25\ud83d\udd25\ud83d\udd25 Zarezerwuj nocleg na jesie\u0144 w Walencji w najlepszej cenie w centrum miasta\" \/>\n<meta property=\"og:description\" content=\"Przyje\u017cd\u017casz na Fallas do Walencji i szukasz taniego schroniska m\u0142odzie\u017cowego na Fallas? Oferujemy idealne zakwaterowanie na Fallas, tutaj w Home Youth Hostel mo\u017cesz cieszy\u0107 si\u0119 tym s\u0142ynnym wydarzeniem. Nie ma lepszego miejsca na pobyt podczas tego lokalnego \u015bwi\u0119ta, poniewa\u017c znajdujemy si\u0119 w samym sercu wydarze\u0144 festiwalu Fallas.\" \/>\n<meta property=\"og:url\" content=\"https:\/\/homeyouthhostel.com\/pl\/youth-hostel-fallas\/\" \/>\n<meta property=\"og:site_name\" content=\"Home Youth Hostel\" \/>\n<meta property=\"article:publisher\" content=\"https:\/\/www.facebook.com\/HomeYouthHostelValencia\/\" \/>\n<meta property=\"article:modified_time\" content=\"2023-11-15T15:06:49+00:00\" \/>\n<meta property=\"og:image\" content=\"https:\/\/homeyouthhostel.com\/wp-content\/uploads\/2012\/10\/hostelforfallasinvalencia.jpg\" \/>\n\t<meta property=\"og:image:width\" content=\"1024\" \/>\n\t<meta property=\"og:image:height\" content=\"600\" \/>\n\t<meta property=\"og:image:type\" content=\"image\/jpeg\" \/>\n<meta name=\"twitter:label1\" content=\"Szacowany czas czytania\" \/>\n\t<meta name=\"twitter:data1\" content=\"3 minuty\" \/>\n<script type=\"application\/ld+json\" class=\"yoast-schema-graph\">{\"@context\":\"https:\\\/\\\/schema.org\",\"@graph\":[{\"@type\":\"WebPage\",\"@id\":\"https:\\\/\\\/homeyouthhostel.com\\\/pl\\\/youth-hostel-fallas\\\/\",\"url\":\"https:\\\/\\\/homeyouthhostel.com\\\/pl\\\/youth-hostel-fallas\\\/\",\"name\":\"Schronisko m\u0142odzie\u017cowe w Walencji dla Falli \u2764\ufe0f\u200d\ud83d\udd25 Zarezerwuj \u0142\u00f3\u017cko dla Falli w Walencji\",\"isPartOf\":{\"@id\":\"https:\\\/\\\/homeyouthhostel.com\\\/pl\\\/#website\"},\"primaryImageOfPage\":{\"@id\":\"https:\\\/\\\/homeyouthhostel.com\\\/pl\\\/youth-hostel-fallas\\\/#primaryimage\"},\"image\":{\"@id\":\"https:\\\/\\\/homeyouthhostel.com\\\/pl\\\/youth-hostel-fallas\\\/#primaryimage\"},\"thumbnailUrl\":\"https:\\\/\\\/homeyouthhostel.com\\\/wp-content\\\/uploads\\\/2012\\\/10\\\/hostelforfallasinvalencia.jpg\",\"datePublished\":\"2012-10-24T12:43:32+00:00\",\"dateModified\":\"2023-11-15T15:06:49+00:00\",\"description\":\"Szukasz schroniska m\u0142odzie\u017cowego w Fallas? Tani hostel dla Fallas w Walencji? Oferujemy Ci tanie Schronisko m\u0142odzie\u017cowe w Walencja dla Fallas \ud83d\udd25\",\"breadcrumb\":{\"@id\":\"https:\\\/\\\/homeyouthhostel.com\\\/pl\\\/youth-hostel-fallas\\\/#breadcrumb\"},\"inLanguage\":\"pl-PL\",\"potentialAction\":[{\"@type\":\"ReadAction\",\"target\":[\"https:\\\/\\\/homeyouthhostel.com\\\/pl\\\/youth-hostel-fallas\\\/\"]}]},{\"@type\":\"ImageObject\",\"inLanguage\":\"pl-PL\",\"@id\":\"https:\\\/\\\/homeyouthhostel.com\\\/pl\\\/youth-hostel-fallas\\\/#primaryimage\",\"url\":\"https:\\\/\\\/homeyouthhostel.com\\\/wp-content\\\/uploads\\\/2012\\\/10\\\/hostelforfallasinvalencia.jpg\",\"contentUrl\":\"https:\\\/\\\/homeyouthhostel.com\\\/wp-content\\\/uploads\\\/2012\\\/10\\\/hostelforfallasinvalencia.jpg\",\"width\":1024,\"height\":600,\"caption\":\"Hostel for Fallas in Valencia\"},{\"@type\":\"BreadcrumbList\",\"@id\":\"https:\\\/\\\/homeyouthhostel.com\\\/pl\\\/youth-hostel-fallas\\\/#breadcrumb\",\"itemListElement\":[{\"@type\":\"ListItem\",\"position\":1,\"name\":\"Home\",\"item\":\"https:\\\/\\\/homeyouthhostel.com\\\/pl\\\/\"},{\"@type\":\"ListItem\",\"position\":2,\"name\":\"Youth Hostel in Valencia for Fallas\"}]},{\"@type\":\"WebSite\",\"@id\":\"https:\\\/\\\/homeyouthhostel.com\\\/pl\\\/#website\",\"url\":\"https:\\\/\\\/homeyouthhostel.com\\\/pl\\\/\",\"name\":\"H\u00f4me Youth Hostel Valencia\",\"description\":\"Tagline\",\"publisher\":{\"@id\":\"https:\\\/\\\/homeyouthhostel.com\\\/pl\\\/#organization\"},\"potentialAction\":[{\"@type\":\"SearchAction\",\"target\":{\"@type\":\"EntryPoint\",\"urlTemplate\":\"https:\\\/\\\/homeyouthhostel.com\\\/pl\\\/?s={search_term_string}\"},\"query-input\":{\"@type\":\"PropertyValueSpecification\",\"valueRequired\":true,\"valueName\":\"search_term_string\"}}],\"inLanguage\":\"pl-PL\"},{\"@type\":\"Organization\",\"@id\":\"https:\\\/\\\/homeyouthhostel.com\\\/pl\\\/#organization\",\"name\":\"H\u00f4me Youth Hostel Valencia\",\"url\":\"https:\\\/\\\/homeyouthhostel.com\\\/pl\\\/\",\"logo\":{\"@type\":\"ImageObject\",\"inLanguage\":\"pl-PL\",\"@id\":\"https:\\\/\\\/homeyouthhostel.com\\\/pl\\\/#\\\/schema\\\/logo\\\/image\\\/\",\"url\":\"https:\\\/\\\/homeyouthhostel.com\\\/wp-content\\\/uploads\\\/2016\\\/10\\\/logopng.png\",\"contentUrl\":\"https:\\\/\\\/homeyouthhostel.com\\\/wp-content\\\/uploads\\\/2016\\\/10\\\/logopng.png\",\"width\":400,\"height\":259,\"caption\":\"H\u00f4me Youth Hostel Valencia\"},\"image\":{\"@id\":\"https:\\\/\\\/homeyouthhostel.com\\\/pl\\\/#\\\/schema\\\/logo\\\/image\\\/\"},\"sameAs\":[\"https:\\\/\\\/www.facebook.com\\\/HomeYouthHostelValencia\\\/\",\"https:\\\/\\\/x.com\\\/HomeYouthHostel\",\"https:\\\/\\\/www.instagram.com\\\/homeyouthhostelvalencia\\\/\",\"https:\\\/\\\/linkedin.com\\\/company\\\/homeyouthhostelvalencia\",\"https:\\\/\\\/www.youtube.com\\\/channel\\\/UC1RgdaIHNQP2CsgZakYFBhQ\"]}]}<\/script>\n<!-- \/ Yoast SEO plugin. -->","yoast_head_json":{"title":"Schronisko m\u0142odzie\u017cowe w Walencji dla Falli \u2764\ufe0f\u200d\ud83d\udd25 Zarezerwuj \u0142\u00f3\u017cko dla Falli w Walencji","description":"Szukasz schroniska m\u0142odzie\u017cowego w Fallas? Tani hostel dla Fallas w Walencji? Oferujemy Ci tanie Schronisko m\u0142odzie\u017cowe w Walencja dla Fallas \ud83d\udd25","robots":{"index":"index","follow":"follow","max-snippet":"max-snippet:-1","max-image-preview":"max-image-preview:large","max-video-preview":"max-video-preview:-1"},"canonical":"https:\/\/homeyouthhostel.com\/pl\/youth-hostel-fallas\/","og_locale":"pl_PL","og_type":"article","og_title":"Schronisko m\u0142odzie\u017cowe w Walencji na jesie\u0144 \ud83d\udd25\ud83d\udd25\ud83d\udd25 Zarezerwuj nocleg na jesie\u0144 w Walencji w najlepszej cenie w centrum miasta","og_description":"Przyje\u017cd\u017casz na Fallas do Walencji i szukasz taniego schroniska m\u0142odzie\u017cowego na Fallas? Oferujemy idealne zakwaterowanie na Fallas, tutaj w Home Youth Hostel mo\u017cesz cieszy\u0107 si\u0119 tym s\u0142ynnym wydarzeniem. Nie ma lepszego miejsca na pobyt podczas tego lokalnego \u015bwi\u0119ta, poniewa\u017c znajdujemy si\u0119 w samym sercu wydarze\u0144 festiwalu Fallas.","og_url":"https:\/\/homeyouthhostel.com\/pl\/youth-hostel-fallas\/","og_site_name":"Home Youth Hostel","article_publisher":"https:\/\/www.facebook.com\/HomeYouthHostelValencia\/","article_modified_time":"2023-11-15T15:06:49+00:00","og_image":[{"width":1024,"height":600,"url":"https:\/\/homeyouthhostel.com\/wp-content\/uploads\/2012\/10\/hostelforfallasinvalencia.jpg","type":"image\/jpeg"}],"twitter_misc":{"Szacowany czas czytania":"3 minuty"},"schema":{"@context":"https:\/\/schema.org","@graph":[{"@type":"WebPage","@id":"https:\/\/homeyouthhostel.com\/pl\/youth-hostel-fallas\/","url":"https:\/\/homeyouthhostel.com\/pl\/youth-hostel-fallas\/","name":"Schronisko m\u0142odzie\u017cowe w Walencji dla Falli \u2764\ufe0f\u200d\ud83d\udd25 Zarezerwuj \u0142\u00f3\u017cko dla Falli w Walencji","isPartOf":{"@id":"https:\/\/homeyouthhostel.com\/pl\/#website"},"primaryImageOfPage":{"@id":"https:\/\/homeyouthhostel.com\/pl\/youth-hostel-fallas\/#primaryimage"},"image":{"@id":"https:\/\/homeyouthhostel.com\/pl\/youth-hostel-fallas\/#primaryimage"},"thumbnailUrl":"https:\/\/homeyouthhostel.com\/wp-content\/uploads\/2012\/10\/hostelforfallasinvalencia.jpg","datePublished":"2012-10-24T12:43:32+00:00","dateModified":"2023-11-15T15:06:49+00:00","description":"Szukasz schroniska m\u0142odzie\u017cowego w Fallas? Tani hostel dla Fallas w Walencji? Oferujemy Ci tanie Schronisko m\u0142odzie\u017cowe w Walencja dla Fallas \ud83d\udd25","breadcrumb":{"@id":"https:\/\/homeyouthhostel.com\/pl\/youth-hostel-fallas\/#breadcrumb"},"inLanguage":"pl-PL","potentialAction":[{"@type":"ReadAction","target":["https:\/\/homeyouthhostel.com\/pl\/youth-hostel-fallas\/"]}]},{"@type":"ImageObject","inLanguage":"pl-PL","@id":"https:\/\/homeyouthhostel.com\/pl\/youth-hostel-fallas\/#primaryimage","url":"https:\/\/homeyouthhostel.com\/wp-content\/uploads\/2012\/10\/hostelforfallasinvalencia.jpg","contentUrl":"https:\/\/homeyouthhostel.com\/wp-content\/uploads\/2012\/10\/hostelforfallasinvalencia.jpg","width":1024,"height":600,"caption":"Hostel for Fallas in Valencia"},{"@type":"BreadcrumbList","@id":"https:\/\/homeyouthhostel.com\/pl\/youth-hostel-fallas\/#breadcrumb","itemListElement":[{"@type":"ListItem","position":1,"name":"Home","item":"https:\/\/homeyouthhostel.com\/pl\/"},{"@type":"ListItem","position":2,"name":"Youth Hostel in Valencia for Fallas"}]},{"@type":"WebSite","@id":"https:\/\/homeyouthhostel.com\/pl\/#website","url":"https:\/\/homeyouthhostel.com\/pl\/","name":"H\u00f4me Youth Hostel Valencia","description":"Tagline","publisher":{"@id":"https:\/\/homeyouthhostel.com\/pl\/#organization"},"potentialAction":[{"@type":"SearchAction","target":{"@type":"EntryPoint","urlTemplate":"https:\/\/homeyouthhostel.com\/pl\/?s={search_term_string}"},"query-input":{"@type":"PropertyValueSpecification","valueRequired":true,"valueName":"search_term_string"}}],"inLanguage":"pl-PL"},{"@type":"Organization","@id":"https:\/\/homeyouthhostel.com\/pl\/#organization","name":"H\u00f4me Youth Hostel Valencia","url":"https:\/\/homeyouthhostel.com\/pl\/","logo":{"@type":"ImageObject","inLanguage":"pl-PL","@id":"https:\/\/homeyouthhostel.com\/pl\/#\/schema\/logo\/image\/","url":"https:\/\/homeyouthhostel.com\/wp-content\/uploads\/2016\/10\/logopng.png","contentUrl":"https:\/\/homeyouthhostel.com\/wp-content\/uploads\/2016\/10\/logopng.png","width":400,"height":259,"caption":"H\u00f4me Youth Hostel Valencia"},"image":{"@id":"https:\/\/homeyouthhostel.com\/pl\/#\/schema\/logo\/image\/"},"sameAs":["https:\/\/www.facebook.com\/HomeYouthHostelValencia\/","https:\/\/x.com\/HomeYouthHostel","https:\/\/www.instagram.com\/homeyouthhostelvalencia\/","https:\/\/linkedin.com\/company\/homeyouthhostelvalencia","https:\/\/www.youtube.com\/channel\/UC1RgdaIHNQP2CsgZakYFBhQ"]}]}},"_links":{"self":[{"href":"https:\/\/homeyouthhostel.com\/pl\/wp-json\/wp\/v2\/pages\/1220","targetHints":{"allow":["GET"]}}],"collection":[{"href":"https:\/\/homeyouthhostel.com\/pl\/wp-json\/wp\/v2\/pages"}],"about":[{"href":"https:\/\/homeyouthhostel.com\/pl\/wp-json\/wp\/v2\/types\/page"}],"author":[{"embeddable":true,"href":"https:\/\/homeyouthhostel.com\/pl\/wp-json\/wp\/v2\/users\/9"}],"replies":[{"embeddable":true,"href":"https:\/\/homeyouthhostel.com\/pl\/wp-json\/wp\/v2\/comments?post=1220"}],"version-history":[{"count":0,"href":"https:\/\/homeyouthhostel.com\/pl\/wp-json\/wp\/v2\/pages\/1220\/revisions"}],"wp:featuredmedia":[{"embeddable":true,"href":"https:\/\/homeyouthhostel.com\/pl\/wp-json\/wp\/v2\/media\/2356"}],"wp:attachment":[{"href":"https:\/\/homeyouthhostel.com\/pl\/wp-json\/wp\/v2\/media?parent=1220"}],"curies":[{"name":"wp","href":"https:\/\/api.w.org\/{rel}","templated":true}]}}