{"id":1207,"date":"2012-07-30T08:35:52","date_gmt":"2012-07-30T06:35:52","guid":{"rendered":"http:\/\/www.homeyouthhostel.com\/valencia-center-youth-hostel-2\/"},"modified":"2021-11-30T16:20:25","modified_gmt":"2021-11-30T15:20:25","slug":"walencja-centrum-youth-hostel","status":"publish","type":"page","link":"https:\/\/homeyouthhostel.com\/pl\/walencja-centrum-youth-hostel\/","title":{"rendered":"Lokalizacja Home Youth Hostel Centrum"},"content":{"rendered":"<p style=\"text-align: justify;\"><strong>Home Youth Hostel<\/strong>\u00a0znajduje si\u0119 w samym sercu miasta, na przeciwko starego rynku jedwabiu (La Lonja) i bardzo blisko g\u0142\u00f3wnego\u00a0targowiska\u00a0(Mercado Central), dw\u00f3ch wa\u017cnych punkt\u00f3w turystycznych.<\/p>\n<p style=\"text-align: justify;\"><iframe style=\"border: 0;\" src=\"https:\/\/www.google.com\/maps\/embed?pb=!1m18!1m12!1m3!1d3079.7708102282204!2d-0.3802786844710481!3d39.474506120324065!2m3!1f0!2f0!3f0!3m2!1i1024!2i768!4f13.1!3m3!1m2!1s0xd604f4d969667a3%3A0x1664dfe919d42dc5!2s%F0%9F%8F%A8+Home+Youth+Hostel+Valencia+by+Feetup!5e0!3m2!1ses!2ses!4v1472162926239\" width=\"100%\" height=\"300\" frameborder=\"0\" allowfullscreen=\"allowfullscreen\"><\/iframe><\/p>\n<p style=\"text-align: justify;\">Adres: Calle Lonja 4, 46001 Walencja\u00a0\u2013 HISZPANIA, Tel: [+34] 96 391 62 29<\/p>\n<h2 style=\"text-align: justify;\">Z lotniska<\/h2>\n<p style=\"text-align: justify;\">Metro z lotniska do centrum miasta funkcjonuje mi\u0119dzy godzin\u0105 06.00 a 23.55. W centrum wysi\u0105d\u017a na stacji X\u00e0tiva, naprzeciwko dworca kolejowego (Estaci\u00f3n del Norte). Stamt\u0105d skorzystaj ze wskaz\u00f3wk dojazdu z dworca kolejowego poni\u017cej. Mo\u017cesz r\u00f3wnie\u017c wzi\u0105\u0107 taks\u00f3wk\u0119, kt\u00f3ra b\u0119dzie kosztowa\u0107 w przybli\u017ceniu mi\u0119dzy 15 a 20 euro, podr\u00f3\u017c oko\u0142o 15 minut.<\/p>\n<h2 style=\"text-align: justify;\">Z dworca kolejowego Valencia Nord<\/h2>\n<p style=\"text-align: justify;\">15 minut. Wychodz\u0105c g\u0142\u00f3wnym wyj\u015bciem z dworca kolejowego Valencia Nord id\u017a prosto do Plaza del Ayuntamiento. Przej\u015b\u0107 obok fontanny (pozostawiaj\u0105c j\u0105 po prawej stronie), a\u017c przejdziesz ca\u0142y plac i dojdziesz do rozwidlenia. Skr\u0119\u0107 lekko w lewo w Avenida Maria Cristina,\u00a0id\u017a a\u017c zobaczysz s\u0142ynny budynek\u00a0Mercado Central. Po prawej stronie znajduje si\u0119\u00a0stary rynek jedwabiu &#8222;Lonja de la Seda&#8221;. Skr\u0119\u0107 w prawo w\u00a0Carrer d&#8217;Ercilla i pare krok\u00f3w dalej b\u0119dziesz na Plaza del Collado.\u00a0<strong>Home Youth Hostel<\/strong> zobaczysz po lewej stronie.<\/p>\n<h2 style=\"text-align: justify;\">Ze stacji kolejowej Joaquin Sorolla<\/h2>\n<p style=\"text-align: justify;\">30 minut.\u00a03 opcje.<\/p>\n<p style=\"text-align: justify;\">1) Przy g\u0142\u00f3wnym wyj\u015bciu zobaczysz \u017c\u00f3\u0142te autobusy, kt\u00f3re zabior\u0105 Ci\u0119 za darmo (po okazaniu biletu kolejowego) do g\u0142\u00f3wnej stacji Valencia Nord. Kursuj\u0105 przec ca\u0142y rok co 10 minut.<\/p>\n<p style=\"text-align: justify;\">2) Mo\u017cesz przej\u015b\u0107\u00a0wzd\u0142\u00f3\u017c\u00a0tor\u00f3w a\u017c do stacji kolejowej Walencja Nord.\u00a0Z g\u0142\u00f3wnego wyj\u015bcia dworca kolejowego Valencia Nord id\u017a prosto do Plaza del Ayuntamiento. Przej\u015b\u0107 obok fontanny (pozostawiaj\u0105c j\u0105 po prawej stronie), a\u017c przejdziesz ca\u0142y plac i dojdziesz do rozwidlenia. Skr\u0119\u0107 lekko w lewo w Avenida Maria Cristina,\u00a0id\u017a a\u017c zobaczysz s\u0142ynny budynek\u00a0Mercado Central. Po prawej stronie znajduje si\u0119\u00a0stary rynek jedwabiu &#8222;Lonja de la Seda&#8221;. Skr\u0119\u0107 w prawo w\u00a0Carrer d&#8217;Ercilla i pare krok\u00f3w dalej b\u0119dziesz na Plaza del Collado.\u00a0<strong>Home Youth Hostel<\/strong> zobaczysz po lewej stronie.<\/p>\n<p style=\"text-align: justify;\">3)\u00a0Wychodz\u0105c\u00a0g\u0142\u00f3wnym wyj\u015bciem skr\u0119\u0107 w lewo i kieruj si\u0119\u00a0w stron\u0119 ulicy San Vicente M\u00e1rtir. Tam wsi\u0105\u0107 do autobusu nr 27. Wysi\u0105d\u017a na przystanku\u00a0Mercat &#8211; San Ferrer, zobaczysz Rynek G\u0142\u00f3wny i stary rynek jedwabiu La Lonja. Przejd\u017a pare krok\u00f3w obok La Lonja. Skr\u0119\u0107 w prawo w\u00a0Carrer d&#8217;Ercilla i pare krok\u00f3w dalej b\u0119dziesz na Plaza del Collado.\u00a0<strong>Home Youth Hostel<\/strong> zobaczysz po lewej stronie.<\/p>\n<h2 style=\"text-align: justify;\">Ze stacji autobusowej<\/h2>\n<p style=\"text-align: justify;\">Wychodz\u0105dz z dworca autobusowego wsi\u0105\u015b\u0107 do autobusu nr 28 i wysi\u0105\u015b\u0107 na Plaza de la Reina. Po prawej stronie zobaczysz McDonald&#8217;s. Id\u017a Calle Correjer\u00eda a\u017c si\u0119 sko\u0144czy a nast\u0119pnie skr\u0119ci\u0107 w lewo w Calle de la Pur\u00edsima. Nast\u0119pnie id\u017a prosto Calle de la Vieja Estame\u00f1er\u00eda a\u017c dojdziesz do ma\u0142ego placu o nazwie Plaza del dr Collado. Gdy zobaczysz, Caf\u00e9 Lisboa i Bar El Kiosco, na przeciwko zauwa\u017cysz budynek z\u00a0logo Home. Wej\u015bcie do hostelu znajduje si\u0119 po lewej stronie tego budynku. Zadzwo\u0144 dzwonkiem i wejd\u017a schodami na g\u00f3r\u0119 do naszego hostelu!<\/p>\n<h2 style=\"text-align: justify;\">Z nad portu<\/h2>\n<p>Gdy wyjdziesz z portu, id\u017a prosto do Avenida de Francia (ok. 5 minut spacerem) i z\u0142ap autobus nr 19. Wysi\u0105\u015b\u0107 na przystanku Plaza del Ayuntamiento (rynek g\u0142\u00f3wny). Przej\u015b\u0107 obok fontanny (pozostawiaj\u0105c j\u0105 po prawej stronie), a\u017c przejdziesz ca\u0142y plac i dojdziesz do rozwidlenia. Skr\u0119\u0107 lekko w lewo w Avenida Maria Cristina,\u00a0id\u017a a\u017c zobaczysz s\u0142ynny budynek\u00a0Mercado Central. Po prawej stronie znajduje si\u0119\u00a0stary rynek jedwabiu &#8222;Lonja de la Seda&#8221;. Skr\u0119\u0107 w prawo w\u00a0Carrer d&#8217;Ercilla i pare krok\u00f3w dalej b\u0119dziesz na Plaza del Collado.\u00a0<strong>Home Youth Hostel<\/strong> zobaczysz po lewej stronie.<\/p>\n<p><strong>Schronisko m\u0142odzie\u017cowe w centrum Walencji<\/strong>: Home Youth Hostel Valencia<\/p>\n","protected":false},"excerpt":{"rendered":"<p>Home Youth Hostel\u00a0znajduje si\u0119 w samym sercu miasta, na przeciwko starego rynku jedwabiu (La Lonja) i bardzo blisko g\u0142\u00f3wnego\u00a0targowiska\u00a0(Mercado Central), dw\u00f3ch wa\u017cnych punkt\u00f3w turystycznych. Adres: Calle Lonja 4, 46001 Walencja\u00a0\u2013 HISZPANIA, Tel: [+34] 96 391 62 29 Z lotniska Metro z lotniska do centrum miasta funkcjonuje mi\u0119dzy godzin\u0105 06.00 a 23.55. W centrum wysi\u0105d\u017a na [&hellip;]<\/p>\n","protected":false},"author":9,"featured_media":852,"parent":0,"menu_order":0,"comment_status":"closed","ping_status":"closed","template":"","meta":{"footnotes":""},"class_list":["post-1207","page","type-page","status-publish","has-post-thumbnail","hentry"],"yoast_head":"<!-- This site is optimized with the Yoast SEO plugin v27.4 - https:\/\/yoast.com\/product\/yoast-seo-wordpress\/ -->\n<title>Valencia center youth hostel: Location - Home Youth Hostel<\/title>\n<meta name=\"description\" content=\"Valencia center youth hostel: Location. Home Youth Hostel is a youth hostel in downtown Valencia, not far from the train and bus station.\" \/>\n<meta name=\"robots\" content=\"index, follow, max-snippet:-1, max-image-preview:large, max-video-preview:-1\" \/>\n<link rel=\"canonical\" href=\"https:\/\/homeyouthhostel.com\/pl\/walencja-centrum-youth-hostel\/\" \/>\n<meta property=\"og:locale\" content=\"pl_PL\" \/>\n<meta property=\"og:type\" content=\"article\" \/>\n<meta property=\"og:title\" content=\"Valencia center youth hostel: Location - Home Youth Hostel\" \/>\n<meta property=\"og:description\" content=\"Valencia center youth hostel: Location. Home Youth Hostel is a youth hostel in downtown Valencia, not far from the train and bus station.\" \/>\n<meta property=\"og:url\" content=\"https:\/\/homeyouthhostel.com\/pl\/walencja-centrum-youth-hostel\/\" \/>\n<meta property=\"og:site_name\" content=\"Home Youth Hostel\" \/>\n<meta property=\"article:publisher\" content=\"https:\/\/www.facebook.com\/HomeYouthHostelValencia\/\" \/>\n<meta property=\"article:modified_time\" content=\"2021-11-30T15:20:25+00:00\" \/>\n<meta property=\"og:image\" content=\"https:\/\/homeyouthhostel.com\/wp-content\/uploads\/2012\/07\/locationhomeyouthhostelvalencia.jpg\" \/>\n\t<meta property=\"og:image:width\" content=\"1024\" \/>\n\t<meta property=\"og:image:height\" content=\"600\" \/>\n\t<meta property=\"og:image:type\" content=\"image\/jpeg\" \/>\n<meta name=\"twitter:label1\" content=\"Szacowany czas czytania\" \/>\n\t<meta name=\"twitter:data1\" content=\"3 minuty\" \/>\n<script type=\"application\/ld+json\" class=\"yoast-schema-graph\">{\"@context\":\"https:\\\/\\\/schema.org\",\"@graph\":[{\"@type\":\"WebPage\",\"@id\":\"https:\\\/\\\/homeyouthhostel.com\\\/pl\\\/walencja-centrum-youth-hostel\\\/\",\"url\":\"https:\\\/\\\/homeyouthhostel.com\\\/pl\\\/walencja-centrum-youth-hostel\\\/\",\"name\":\"Valencia center youth hostel: Location - Home Youth Hostel\",\"isPartOf\":{\"@id\":\"https:\\\/\\\/homeyouthhostel.com\\\/pl\\\/#website\"},\"primaryImageOfPage\":{\"@id\":\"https:\\\/\\\/homeyouthhostel.com\\\/pl\\\/walencja-centrum-youth-hostel\\\/#primaryimage\"},\"image\":{\"@id\":\"https:\\\/\\\/homeyouthhostel.com\\\/pl\\\/walencja-centrum-youth-hostel\\\/#primaryimage\"},\"thumbnailUrl\":\"https:\\\/\\\/homeyouthhostel.com\\\/wp-content\\\/uploads\\\/2012\\\/07\\\/locationhomeyouthhostelvalencia.jpg\",\"datePublished\":\"2012-07-30T06:35:52+00:00\",\"dateModified\":\"2021-11-30T15:20:25+00:00\",\"description\":\"Valencia center youth hostel: Location. Home Youth Hostel is a youth hostel in downtown Valencia, not far from the train and bus station.\",\"breadcrumb\":{\"@id\":\"https:\\\/\\\/homeyouthhostel.com\\\/pl\\\/walencja-centrum-youth-hostel\\\/#breadcrumb\"},\"inLanguage\":\"pl-PL\",\"potentialAction\":[{\"@type\":\"ReadAction\",\"target\":[\"https:\\\/\\\/homeyouthhostel.com\\\/pl\\\/walencja-centrum-youth-hostel\\\/\"]}]},{\"@type\":\"ImageObject\",\"inLanguage\":\"pl-PL\",\"@id\":\"https:\\\/\\\/homeyouthhostel.com\\\/pl\\\/walencja-centrum-youth-hostel\\\/#primaryimage\",\"url\":\"https:\\\/\\\/homeyouthhostel.com\\\/wp-content\\\/uploads\\\/2012\\\/07\\\/locationhomeyouthhostelvalencia.jpg\",\"contentUrl\":\"https:\\\/\\\/homeyouthhostel.com\\\/wp-content\\\/uploads\\\/2012\\\/07\\\/locationhomeyouthhostelvalencia.jpg\",\"width\":1024,\"height\":600,\"caption\":\"Street outside of our hostel\"},{\"@type\":\"BreadcrumbList\",\"@id\":\"https:\\\/\\\/homeyouthhostel.com\\\/pl\\\/walencja-centrum-youth-hostel\\\/#breadcrumb\",\"itemListElement\":[{\"@type\":\"ListItem\",\"position\":1,\"name\":\"Home\",\"item\":\"https:\\\/\\\/homeyouthhostel.com\\\/pl\\\/\"},{\"@type\":\"ListItem\",\"position\":2,\"name\":\"Lokalizacja Home Youth Hostel Centrum\"}]},{\"@type\":\"WebSite\",\"@id\":\"https:\\\/\\\/homeyouthhostel.com\\\/pl\\\/#website\",\"url\":\"https:\\\/\\\/homeyouthhostel.com\\\/pl\\\/\",\"name\":\"H\u00f4me Youth Hostel Valencia\",\"description\":\"Tagline\",\"publisher\":{\"@id\":\"https:\\\/\\\/homeyouthhostel.com\\\/pl\\\/#organization\"},\"potentialAction\":[{\"@type\":\"SearchAction\",\"target\":{\"@type\":\"EntryPoint\",\"urlTemplate\":\"https:\\\/\\\/homeyouthhostel.com\\\/pl\\\/?s={search_term_string}\"},\"query-input\":{\"@type\":\"PropertyValueSpecification\",\"valueRequired\":true,\"valueName\":\"search_term_string\"}}],\"inLanguage\":\"pl-PL\"},{\"@type\":\"Organization\",\"@id\":\"https:\\\/\\\/homeyouthhostel.com\\\/pl\\\/#organization\",\"name\":\"H\u00f4me Youth Hostel Valencia\",\"url\":\"https:\\\/\\\/homeyouthhostel.com\\\/pl\\\/\",\"logo\":{\"@type\":\"ImageObject\",\"inLanguage\":\"pl-PL\",\"@id\":\"https:\\\/\\\/homeyouthhostel.com\\\/pl\\\/#\\\/schema\\\/logo\\\/image\\\/\",\"url\":\"https:\\\/\\\/homeyouthhostel.com\\\/wp-content\\\/uploads\\\/2016\\\/10\\\/logopng.png\",\"contentUrl\":\"https:\\\/\\\/homeyouthhostel.com\\\/wp-content\\\/uploads\\\/2016\\\/10\\\/logopng.png\",\"width\":400,\"height\":259,\"caption\":\"H\u00f4me Youth Hostel Valencia\"},\"image\":{\"@id\":\"https:\\\/\\\/homeyouthhostel.com\\\/pl\\\/#\\\/schema\\\/logo\\\/image\\\/\"},\"sameAs\":[\"https:\\\/\\\/www.facebook.com\\\/HomeYouthHostelValencia\\\/\",\"https:\\\/\\\/x.com\\\/HomeYouthHostel\",\"https:\\\/\\\/www.instagram.com\\\/homeyouthhostelvalencia\\\/\",\"https:\\\/\\\/linkedin.com\\\/company\\\/homeyouthhostelvalencia\",\"https:\\\/\\\/www.youtube.com\\\/channel\\\/UC1RgdaIHNQP2CsgZakYFBhQ\"]}]}<\/script>\n<!-- \/ Yoast SEO plugin. -->","yoast_head_json":{"title":"Valencia center youth hostel: Location - Home Youth Hostel","description":"Valencia center youth hostel: Location. Home Youth Hostel is a youth hostel in downtown Valencia, not far from the train and bus station.","robots":{"index":"index","follow":"follow","max-snippet":"max-snippet:-1","max-image-preview":"max-image-preview:large","max-video-preview":"max-video-preview:-1"},"canonical":"https:\/\/homeyouthhostel.com\/pl\/walencja-centrum-youth-hostel\/","og_locale":"pl_PL","og_type":"article","og_title":"Valencia center youth hostel: Location - Home Youth Hostel","og_description":"Valencia center youth hostel: Location. Home Youth Hostel is a youth hostel in downtown Valencia, not far from the train and bus station.","og_url":"https:\/\/homeyouthhostel.com\/pl\/walencja-centrum-youth-hostel\/","og_site_name":"Home Youth Hostel","article_publisher":"https:\/\/www.facebook.com\/HomeYouthHostelValencia\/","article_modified_time":"2021-11-30T15:20:25+00:00","og_image":[{"width":1024,"height":600,"url":"https:\/\/homeyouthhostel.com\/wp-content\/uploads\/2012\/07\/locationhomeyouthhostelvalencia.jpg","type":"image\/jpeg"}],"twitter_misc":{"Szacowany czas czytania":"3 minuty"},"schema":{"@context":"https:\/\/schema.org","@graph":[{"@type":"WebPage","@id":"https:\/\/homeyouthhostel.com\/pl\/walencja-centrum-youth-hostel\/","url":"https:\/\/homeyouthhostel.com\/pl\/walencja-centrum-youth-hostel\/","name":"Valencia center youth hostel: Location - Home Youth Hostel","isPartOf":{"@id":"https:\/\/homeyouthhostel.com\/pl\/#website"},"primaryImageOfPage":{"@id":"https:\/\/homeyouthhostel.com\/pl\/walencja-centrum-youth-hostel\/#primaryimage"},"image":{"@id":"https:\/\/homeyouthhostel.com\/pl\/walencja-centrum-youth-hostel\/#primaryimage"},"thumbnailUrl":"https:\/\/homeyouthhostel.com\/wp-content\/uploads\/2012\/07\/locationhomeyouthhostelvalencia.jpg","datePublished":"2012-07-30T06:35:52+00:00","dateModified":"2021-11-30T15:20:25+00:00","description":"Valencia center youth hostel: Location. Home Youth Hostel is a youth hostel in downtown Valencia, not far from the train and bus station.","breadcrumb":{"@id":"https:\/\/homeyouthhostel.com\/pl\/walencja-centrum-youth-hostel\/#breadcrumb"},"inLanguage":"pl-PL","potentialAction":[{"@type":"ReadAction","target":["https:\/\/homeyouthhostel.com\/pl\/walencja-centrum-youth-hostel\/"]}]},{"@type":"ImageObject","inLanguage":"pl-PL","@id":"https:\/\/homeyouthhostel.com\/pl\/walencja-centrum-youth-hostel\/#primaryimage","url":"https:\/\/homeyouthhostel.com\/wp-content\/uploads\/2012\/07\/locationhomeyouthhostelvalencia.jpg","contentUrl":"https:\/\/homeyouthhostel.com\/wp-content\/uploads\/2012\/07\/locationhomeyouthhostelvalencia.jpg","width":1024,"height":600,"caption":"Street outside of our hostel"},{"@type":"BreadcrumbList","@id":"https:\/\/homeyouthhostel.com\/pl\/walencja-centrum-youth-hostel\/#breadcrumb","itemListElement":[{"@type":"ListItem","position":1,"name":"Home","item":"https:\/\/homeyouthhostel.com\/pl\/"},{"@type":"ListItem","position":2,"name":"Lokalizacja Home Youth Hostel Centrum"}]},{"@type":"WebSite","@id":"https:\/\/homeyouthhostel.com\/pl\/#website","url":"https:\/\/homeyouthhostel.com\/pl\/","name":"H\u00f4me Youth Hostel Valencia","description":"Tagline","publisher":{"@id":"https:\/\/homeyouthhostel.com\/pl\/#organization"},"potentialAction":[{"@type":"SearchAction","target":{"@type":"EntryPoint","urlTemplate":"https:\/\/homeyouthhostel.com\/pl\/?s={search_term_string}"},"query-input":{"@type":"PropertyValueSpecification","valueRequired":true,"valueName":"search_term_string"}}],"inLanguage":"pl-PL"},{"@type":"Organization","@id":"https:\/\/homeyouthhostel.com\/pl\/#organization","name":"H\u00f4me Youth Hostel Valencia","url":"https:\/\/homeyouthhostel.com\/pl\/","logo":{"@type":"ImageObject","inLanguage":"pl-PL","@id":"https:\/\/homeyouthhostel.com\/pl\/#\/schema\/logo\/image\/","url":"https:\/\/homeyouthhostel.com\/wp-content\/uploads\/2016\/10\/logopng.png","contentUrl":"https:\/\/homeyouthhostel.com\/wp-content\/uploads\/2016\/10\/logopng.png","width":400,"height":259,"caption":"H\u00f4me Youth Hostel Valencia"},"image":{"@id":"https:\/\/homeyouthhostel.com\/pl\/#\/schema\/logo\/image\/"},"sameAs":["https:\/\/www.facebook.com\/HomeYouthHostelValencia\/","https:\/\/x.com\/HomeYouthHostel","https:\/\/www.instagram.com\/homeyouthhostelvalencia\/","https:\/\/linkedin.com\/company\/homeyouthhostelvalencia","https:\/\/www.youtube.com\/channel\/UC1RgdaIHNQP2CsgZakYFBhQ"]}]}},"_links":{"self":[{"href":"https:\/\/homeyouthhostel.com\/pl\/wp-json\/wp\/v2\/pages\/1207","targetHints":{"allow":["GET"]}}],"collection":[{"href":"https:\/\/homeyouthhostel.com\/pl\/wp-json\/wp\/v2\/pages"}],"about":[{"href":"https:\/\/homeyouthhostel.com\/pl\/wp-json\/wp\/v2\/types\/page"}],"author":[{"embeddable":true,"href":"https:\/\/homeyouthhostel.com\/pl\/wp-json\/wp\/v2\/users\/9"}],"replies":[{"embeddable":true,"href":"https:\/\/homeyouthhostel.com\/pl\/wp-json\/wp\/v2\/comments?post=1207"}],"version-history":[{"count":0,"href":"https:\/\/homeyouthhostel.com\/pl\/wp-json\/wp\/v2\/pages\/1207\/revisions"}],"wp:featuredmedia":[{"embeddable":true,"href":"https:\/\/homeyouthhostel.com\/pl\/wp-json\/wp\/v2\/media\/852"}],"wp:attachment":[{"href":"https:\/\/homeyouthhostel.com\/pl\/wp-json\/wp\/v2\/media?parent=1207"}],"curies":[{"name":"wp","href":"https:\/\/api.w.org\/{rel}","templated":true}]}}