{"id":1190,"date":"2012-07-30T08:35:39","date_gmt":"2012-07-30T06:35:39","guid":{"rendered":"http:\/\/www.homeyouthhostel.com\/stanze-ostello-valencia-2\/"},"modified":"2023-11-15T15:19:21","modified_gmt":"2023-11-15T14:19:21","slug":"rooms-home-youth-hostel-valencia","status":"publish","type":"page","link":"https:\/\/homeyouthhostel.com\/pl\/rooms-home-youth-hostel-valencia\/","title":{"rendered":"Pokoje Home Youth Hostel Valencia"},"content":{"rendered":"\n<h2 class=\"wp-block-heading\">Szukasz taniego schroniska m\u0142odzie\u017cowego w Walencji?<\/h2>\n\n<p>Witaj w <strong>Home Youth Hostel!<\/strong><\/p>\n\n<p>W <strong>Home Youth Hostel<\/strong> oferujemy Ci pokoje dwuosobowe oraz pokoje dla 3 lub 4 os\u00f3b.<\/p>\n\n<p>Jest to najlepsze schronisko m\u0142odzie\u017cowe w mie\u015bcie, jedyne z dormitoriami NO BUNK BEDS, schronisko m\u0142odzie\u017cowe w samym sercu miasta, tu\u017c przed Silk Market i bardzo blisko Central Market, dw\u00f3ch wa\u017cnych miejsc do zobaczenia w centrum miasta. Znajduje si\u0119 zaledwie 10 minut spacerem od dworca kolejowego i autobusowego. Home Youth Hostel to idealne miejsce w mie\u015bcie dla podr\u00f3\u017cnych.<\/p>\n\n<h3 class=\"wp-block-heading\"><strong>Udogodnienia, Home Youth Hostel Valencia\u00a0<\/strong><\/h3>\n\n<ul class=\"wp-block-list\">\n<li>24-godzinna recepcja<\/li>\n\n\n\n<li>Darmowe prysznice<\/li>\n\n\n\n<li>Wieloj\u0119zyczny personel<\/li>\n\n\n\n<li>Kuchnia dla go\u015bci<\/li>\n\n\n\n<li>Pok\u00f3j wsp\u00f3lny<\/li>\n\n\n\n<li>BEZP\u0141ATNY Internet i Wi-Fi<\/li>\n\n\n\n<li>Przechowalnia baga\u017cu<\/li>\n\n\n\n<li>Salon telewizyjny<\/li>\n\n\n\n<li><strong>DARMOWE szafki w pokoju<\/strong><\/li>\n\n\n\n<li>Urz\u0105dzenia telefoniczne<\/li>\n\n\n\n<li>Biuro podr\u00f3\u017cy<\/li>\n<\/ul>\n\n<p><strong>Home Youth Hostel Valencia<\/strong> to pierwszy hostel w Walencji bez \u0142\u00f3\u017cek pi\u0119trowych.<\/p>\n\n<p>Wszystkie pokoje w hostelu i wsp\u00f3lne obszary maj\u0105 bezp\u0142atne Wi-Fi i bezp\u0142atne szafki w pokoju z indywidualnymi kluczami do przechowywania twoich rzeczy. Sprawd\u017a wszystkie nasze pokoje!<\/p>\n\n<p>Mo\u017cesz r\u00f3wnie\u017c korzysta\u0107 z naszych wsp\u00f3lnych obszar\u00f3w, takich jak przestronny salon i dobrze wyposa\u017cona kuchnia, w kt\u00f3rej mo\u017cesz spotka\u0107 m\u0142odych podr\u00f3\u017cnik\u00f3w z ca\u0142ego \u015bwiata i nawi\u0105za\u0107 przyja\u017anie.<\/p>\n\n<p>Czy to nie brzmi dobrze?<\/p>\n","protected":false},"excerpt":{"rendered":"<p>Szukasz taniego schroniska m\u0142odzie\u017cowego w Walencji? Witaj w Home Youth Hostel! W Home Youth Hostel oferujemy Ci pokoje dwuosobowe oraz pokoje dla 3 lub 4 os\u00f3b. Jest to najlepsze schronisko m\u0142odzie\u017cowe w mie\u015bcie, jedyne z dormitoriami NO BUNK BEDS, schronisko m\u0142odzie\u017cowe w samym sercu miasta, tu\u017c przed Silk Market i bardzo blisko Central Market, dw\u00f3ch [&hellip;]<\/p>\n","protected":false},"author":9,"featured_media":2348,"parent":0,"menu_order":0,"comment_status":"closed","ping_status":"closed","template":"","meta":{"footnotes":""},"class_list":["post-1190","page","type-page","status-publish","has-post-thumbnail","hentry"],"yoast_head":"<!-- This site is optimized with the Yoast SEO plugin v27.4 - https:\/\/yoast.com\/product\/yoast-seo-wordpress\/ -->\n<title>Pokoje w schronisku m\u0142odzie\u017cowym Valencia Home w centrum miasta<\/title>\n<meta name=\"description\" content=\"W Home Youth Hostel Valencia oferujemy Ci pokoje dwuosobowe oraz pokoje dla 3 lub 4 os\u00f3b. Najlepsze schronisko m\u0142odzie\u017cowe w Walencji, po\u0142o\u017cone obok Silk Market\" \/>\n<meta name=\"robots\" content=\"index, follow, max-snippet:-1, max-image-preview:large, max-video-preview:-1\" \/>\n<link rel=\"canonical\" href=\"https:\/\/homeyouthhostel.com\/pl\/rooms-home-youth-hostel-valencia\/\" \/>\n<meta property=\"og:locale\" content=\"pl_PL\" \/>\n<meta property=\"og:type\" content=\"article\" \/>\n<meta property=\"og:title\" content=\"Pokoje w schronisku m\u0142odzie\u017cowym Valencia Home w centrum miasta\" \/>\n<meta property=\"og:description\" content=\"W Home Youth Hostel Valencia oferujemy Ci pokoje dwuosobowe oraz pokoje dla 3 lub 4 os\u00f3b. Najlepsze schronisko m\u0142odzie\u017cowe w Walencji, po\u0142o\u017cone obok Silk Market\" \/>\n<meta property=\"og:url\" content=\"https:\/\/homeyouthhostel.com\/pl\/rooms-home-youth-hostel-valencia\/\" \/>\n<meta property=\"og:site_name\" content=\"Home Youth Hostel\" \/>\n<meta property=\"article:publisher\" content=\"https:\/\/www.facebook.com\/HomeYouthHostelValencia\/\" \/>\n<meta property=\"article:modified_time\" content=\"2023-11-15T14:19:21+00:00\" \/>\n<meta property=\"og:image\" content=\"https:\/\/homeyouthhostel.com\/wp-content\/uploads\/2012\/07\/homeyouthhostelvalencia2016.jpg\" \/>\n\t<meta property=\"og:image:width\" content=\"1024\" \/>\n\t<meta property=\"og:image:height\" content=\"600\" \/>\n\t<meta property=\"og:image:type\" content=\"image\/jpeg\" \/>\n<meta name=\"twitter:label1\" content=\"Szacowany czas czytania\" \/>\n\t<meta name=\"twitter:data1\" content=\"1 minuta\" \/>\n<script type=\"application\/ld+json\" class=\"yoast-schema-graph\">{\"@context\":\"https:\\\/\\\/schema.org\",\"@graph\":[{\"@type\":\"WebPage\",\"@id\":\"https:\\\/\\\/homeyouthhostel.com\\\/pl\\\/rooms-home-youth-hostel-valencia\\\/\",\"url\":\"https:\\\/\\\/homeyouthhostel.com\\\/pl\\\/rooms-home-youth-hostel-valencia\\\/\",\"name\":\"Pokoje w schronisku m\u0142odzie\u017cowym Valencia Home w centrum miasta\",\"isPartOf\":{\"@id\":\"https:\\\/\\\/homeyouthhostel.com\\\/pl\\\/#website\"},\"primaryImageOfPage\":{\"@id\":\"https:\\\/\\\/homeyouthhostel.com\\\/pl\\\/rooms-home-youth-hostel-valencia\\\/#primaryimage\"},\"image\":{\"@id\":\"https:\\\/\\\/homeyouthhostel.com\\\/pl\\\/rooms-home-youth-hostel-valencia\\\/#primaryimage\"},\"thumbnailUrl\":\"https:\\\/\\\/homeyouthhostel.com\\\/wp-content\\\/uploads\\\/2012\\\/07\\\/homeyouthhostelvalencia2016.jpg\",\"datePublished\":\"2012-07-30T06:35:39+00:00\",\"dateModified\":\"2023-11-15T14:19:21+00:00\",\"description\":\"W Home Youth Hostel Valencia oferujemy Ci pokoje dwuosobowe oraz pokoje dla 3 lub 4 os\u00f3b. Najlepsze schronisko m\u0142odzie\u017cowe w Walencji, po\u0142o\u017cone obok Silk Market\",\"breadcrumb\":{\"@id\":\"https:\\\/\\\/homeyouthhostel.com\\\/pl\\\/rooms-home-youth-hostel-valencia\\\/#breadcrumb\"},\"inLanguage\":\"pl-PL\",\"potentialAction\":[{\"@type\":\"ReadAction\",\"target\":[\"https:\\\/\\\/homeyouthhostel.com\\\/pl\\\/rooms-home-youth-hostel-valencia\\\/\"]}]},{\"@type\":\"ImageObject\",\"inLanguage\":\"pl-PL\",\"@id\":\"https:\\\/\\\/homeyouthhostel.com\\\/pl\\\/rooms-home-youth-hostel-valencia\\\/#primaryimage\",\"url\":\"https:\\\/\\\/homeyouthhostel.com\\\/wp-content\\\/uploads\\\/2012\\\/07\\\/homeyouthhostelvalencia2016.jpg\",\"contentUrl\":\"https:\\\/\\\/homeyouthhostel.com\\\/wp-content\\\/uploads\\\/2012\\\/07\\\/homeyouthhostelvalencia2016.jpg\",\"width\":1024,\"height\":600,\"caption\":\"Bright spacious room in our hostel\"},{\"@type\":\"BreadcrumbList\",\"@id\":\"https:\\\/\\\/homeyouthhostel.com\\\/pl\\\/rooms-home-youth-hostel-valencia\\\/#breadcrumb\",\"itemListElement\":[{\"@type\":\"ListItem\",\"position\":1,\"name\":\"Home\",\"item\":\"https:\\\/\\\/homeyouthhostel.com\\\/pl\\\/\"},{\"@type\":\"ListItem\",\"position\":2,\"name\":\"Pokoje Home Youth Hostel Valencia\"}]},{\"@type\":\"WebSite\",\"@id\":\"https:\\\/\\\/homeyouthhostel.com\\\/pl\\\/#website\",\"url\":\"https:\\\/\\\/homeyouthhostel.com\\\/pl\\\/\",\"name\":\"H\u00f4me Youth Hostel Valencia\",\"description\":\"Tagline\",\"publisher\":{\"@id\":\"https:\\\/\\\/homeyouthhostel.com\\\/pl\\\/#organization\"},\"potentialAction\":[{\"@type\":\"SearchAction\",\"target\":{\"@type\":\"EntryPoint\",\"urlTemplate\":\"https:\\\/\\\/homeyouthhostel.com\\\/pl\\\/?s={search_term_string}\"},\"query-input\":{\"@type\":\"PropertyValueSpecification\",\"valueRequired\":true,\"valueName\":\"search_term_string\"}}],\"inLanguage\":\"pl-PL\"},{\"@type\":\"Organization\",\"@id\":\"https:\\\/\\\/homeyouthhostel.com\\\/pl\\\/#organization\",\"name\":\"H\u00f4me Youth Hostel Valencia\",\"url\":\"https:\\\/\\\/homeyouthhostel.com\\\/pl\\\/\",\"logo\":{\"@type\":\"ImageObject\",\"inLanguage\":\"pl-PL\",\"@id\":\"https:\\\/\\\/homeyouthhostel.com\\\/pl\\\/#\\\/schema\\\/logo\\\/image\\\/\",\"url\":\"https:\\\/\\\/homeyouthhostel.com\\\/wp-content\\\/uploads\\\/2016\\\/10\\\/logopng.png\",\"contentUrl\":\"https:\\\/\\\/homeyouthhostel.com\\\/wp-content\\\/uploads\\\/2016\\\/10\\\/logopng.png\",\"width\":400,\"height\":259,\"caption\":\"H\u00f4me Youth Hostel Valencia\"},\"image\":{\"@id\":\"https:\\\/\\\/homeyouthhostel.com\\\/pl\\\/#\\\/schema\\\/logo\\\/image\\\/\"},\"sameAs\":[\"https:\\\/\\\/www.facebook.com\\\/HomeYouthHostelValencia\\\/\",\"https:\\\/\\\/x.com\\\/HomeYouthHostel\",\"https:\\\/\\\/www.instagram.com\\\/homeyouthhostelvalencia\\\/\",\"https:\\\/\\\/linkedin.com\\\/company\\\/homeyouthhostelvalencia\",\"https:\\\/\\\/www.youtube.com\\\/channel\\\/UC1RgdaIHNQP2CsgZakYFBhQ\"]}]}<\/script>\n<!-- \/ Yoast SEO plugin. -->","yoast_head_json":{"title":"Pokoje w schronisku m\u0142odzie\u017cowym Valencia Home w centrum miasta","description":"W Home Youth Hostel Valencia oferujemy Ci pokoje dwuosobowe oraz pokoje dla 3 lub 4 os\u00f3b. Najlepsze schronisko m\u0142odzie\u017cowe w Walencji, po\u0142o\u017cone obok Silk Market","robots":{"index":"index","follow":"follow","max-snippet":"max-snippet:-1","max-image-preview":"max-image-preview:large","max-video-preview":"max-video-preview:-1"},"canonical":"https:\/\/homeyouthhostel.com\/pl\/rooms-home-youth-hostel-valencia\/","og_locale":"pl_PL","og_type":"article","og_title":"Pokoje w schronisku m\u0142odzie\u017cowym Valencia Home w centrum miasta","og_description":"W Home Youth Hostel Valencia oferujemy Ci pokoje dwuosobowe oraz pokoje dla 3 lub 4 os\u00f3b. Najlepsze schronisko m\u0142odzie\u017cowe w Walencji, po\u0142o\u017cone obok Silk Market","og_url":"https:\/\/homeyouthhostel.com\/pl\/rooms-home-youth-hostel-valencia\/","og_site_name":"Home Youth Hostel","article_publisher":"https:\/\/www.facebook.com\/HomeYouthHostelValencia\/","article_modified_time":"2023-11-15T14:19:21+00:00","og_image":[{"width":1024,"height":600,"url":"https:\/\/homeyouthhostel.com\/wp-content\/uploads\/2012\/07\/homeyouthhostelvalencia2016.jpg","type":"image\/jpeg"}],"twitter_misc":{"Szacowany czas czytania":"1 minuta"},"schema":{"@context":"https:\/\/schema.org","@graph":[{"@type":"WebPage","@id":"https:\/\/homeyouthhostel.com\/pl\/rooms-home-youth-hostel-valencia\/","url":"https:\/\/homeyouthhostel.com\/pl\/rooms-home-youth-hostel-valencia\/","name":"Pokoje w schronisku m\u0142odzie\u017cowym Valencia Home w centrum miasta","isPartOf":{"@id":"https:\/\/homeyouthhostel.com\/pl\/#website"},"primaryImageOfPage":{"@id":"https:\/\/homeyouthhostel.com\/pl\/rooms-home-youth-hostel-valencia\/#primaryimage"},"image":{"@id":"https:\/\/homeyouthhostel.com\/pl\/rooms-home-youth-hostel-valencia\/#primaryimage"},"thumbnailUrl":"https:\/\/homeyouthhostel.com\/wp-content\/uploads\/2012\/07\/homeyouthhostelvalencia2016.jpg","datePublished":"2012-07-30T06:35:39+00:00","dateModified":"2023-11-15T14:19:21+00:00","description":"W Home Youth Hostel Valencia oferujemy Ci pokoje dwuosobowe oraz pokoje dla 3 lub 4 os\u00f3b. Najlepsze schronisko m\u0142odzie\u017cowe w Walencji, po\u0142o\u017cone obok Silk Market","breadcrumb":{"@id":"https:\/\/homeyouthhostel.com\/pl\/rooms-home-youth-hostel-valencia\/#breadcrumb"},"inLanguage":"pl-PL","potentialAction":[{"@type":"ReadAction","target":["https:\/\/homeyouthhostel.com\/pl\/rooms-home-youth-hostel-valencia\/"]}]},{"@type":"ImageObject","inLanguage":"pl-PL","@id":"https:\/\/homeyouthhostel.com\/pl\/rooms-home-youth-hostel-valencia\/#primaryimage","url":"https:\/\/homeyouthhostel.com\/wp-content\/uploads\/2012\/07\/homeyouthhostelvalencia2016.jpg","contentUrl":"https:\/\/homeyouthhostel.com\/wp-content\/uploads\/2012\/07\/homeyouthhostelvalencia2016.jpg","width":1024,"height":600,"caption":"Bright spacious room in our hostel"},{"@type":"BreadcrumbList","@id":"https:\/\/homeyouthhostel.com\/pl\/rooms-home-youth-hostel-valencia\/#breadcrumb","itemListElement":[{"@type":"ListItem","position":1,"name":"Home","item":"https:\/\/homeyouthhostel.com\/pl\/"},{"@type":"ListItem","position":2,"name":"Pokoje Home Youth Hostel Valencia"}]},{"@type":"WebSite","@id":"https:\/\/homeyouthhostel.com\/pl\/#website","url":"https:\/\/homeyouthhostel.com\/pl\/","name":"H\u00f4me Youth Hostel Valencia","description":"Tagline","publisher":{"@id":"https:\/\/homeyouthhostel.com\/pl\/#organization"},"potentialAction":[{"@type":"SearchAction","target":{"@type":"EntryPoint","urlTemplate":"https:\/\/homeyouthhostel.com\/pl\/?s={search_term_string}"},"query-input":{"@type":"PropertyValueSpecification","valueRequired":true,"valueName":"search_term_string"}}],"inLanguage":"pl-PL"},{"@type":"Organization","@id":"https:\/\/homeyouthhostel.com\/pl\/#organization","name":"H\u00f4me Youth Hostel Valencia","url":"https:\/\/homeyouthhostel.com\/pl\/","logo":{"@type":"ImageObject","inLanguage":"pl-PL","@id":"https:\/\/homeyouthhostel.com\/pl\/#\/schema\/logo\/image\/","url":"https:\/\/homeyouthhostel.com\/wp-content\/uploads\/2016\/10\/logopng.png","contentUrl":"https:\/\/homeyouthhostel.com\/wp-content\/uploads\/2016\/10\/logopng.png","width":400,"height":259,"caption":"H\u00f4me Youth Hostel Valencia"},"image":{"@id":"https:\/\/homeyouthhostel.com\/pl\/#\/schema\/logo\/image\/"},"sameAs":["https:\/\/www.facebook.com\/HomeYouthHostelValencia\/","https:\/\/x.com\/HomeYouthHostel","https:\/\/www.instagram.com\/homeyouthhostelvalencia\/","https:\/\/linkedin.com\/company\/homeyouthhostelvalencia","https:\/\/www.youtube.com\/channel\/UC1RgdaIHNQP2CsgZakYFBhQ"]}]}},"_links":{"self":[{"href":"https:\/\/homeyouthhostel.com\/pl\/wp-json\/wp\/v2\/pages\/1190","targetHints":{"allow":["GET"]}}],"collection":[{"href":"https:\/\/homeyouthhostel.com\/pl\/wp-json\/wp\/v2\/pages"}],"about":[{"href":"https:\/\/homeyouthhostel.com\/pl\/wp-json\/wp\/v2\/types\/page"}],"author":[{"embeddable":true,"href":"https:\/\/homeyouthhostel.com\/pl\/wp-json\/wp\/v2\/users\/9"}],"replies":[{"embeddable":true,"href":"https:\/\/homeyouthhostel.com\/pl\/wp-json\/wp\/v2\/comments?post=1190"}],"version-history":[{"count":0,"href":"https:\/\/homeyouthhostel.com\/pl\/wp-json\/wp\/v2\/pages\/1190\/revisions"}],"wp:featuredmedia":[{"embeddable":true,"href":"https:\/\/homeyouthhostel.com\/pl\/wp-json\/wp\/v2\/media\/2348"}],"wp:attachment":[{"href":"https:\/\/homeyouthhostel.com\/pl\/wp-json\/wp\/v2\/media?parent=1190"}],"curies":[{"name":"wp","href":"https:\/\/api.w.org\/{rel}","templated":true}]}}