{"id":1177,"date":"2012-07-30T08:36:12","date_gmt":"2012-07-30T06:36:12","guid":{"rendered":"http:\/\/www.homeyouthhostel.com\/youth-hostel-valencia-pictures-valencia-2\/"},"modified":"2024-07-03T11:17:50","modified_gmt":"2024-07-03T09:17:50","slug":"youth-hostel-valencia-pictures-valencia","status":"publish","type":"page","link":"https:\/\/homeyouthhostel.com\/pl\/youth-hostel-valencia-pictures-valencia\/","title":{"rendered":"Youth Hostel Valencia Zdj\u0119cia"},"content":{"rendered":"\n<hr class=\"wp-block-separator has-alpha-channel-opacity is-style-dots\"\/>\n\n<h2 class=\"wp-block-heading has-text-align-center\">Pictures H\u00f4me Youth Valencia<\/h2>\n\n<h1 class=\"wp-block-heading has-text-align-center\">Youth Hostel Valencia<\/h1>\n\n<h2 class=\"wp-block-heading\">Images about Hostel in the center of Valencia<\/h2>\n\n<p>Photos of the Youth hostel Home Youth Hostel Valencia \u00b7 Photos of the best youth hostel in Valencia. Youth hostel in Valencia. Moderna, colorful and cheerful. Online booking and instant confirmation \u00b7 Free WIFI \u00b7 Private rooms \u00b7 shared rooms \u00b7 Book at Home Youth Hostel Valencia<\/p>\n","protected":false},"excerpt":{"rendered":"<p>Pictures H\u00f4me Youth Valencia Youth Hostel Valencia Images about Hostel in the center of Valencia Photos of the Youth hostel Home Youth Hostel Valencia \u00b7 Photos of the best youth hostel in Valencia. Youth hostel in Valencia. Moderna, colorful and cheerful. Online booking and instant confirmation \u00b7 Free WIFI \u00b7 Private rooms \u00b7 shared rooms [&hellip;]<\/p>\n","protected":false},"author":9,"featured_media":0,"parent":0,"menu_order":0,"comment_status":"closed","ping_status":"closed","template":"","meta":{"footnotes":""},"class_list":["post-1177","page","type-page","status-publish","hentry"],"yoast_head":"<!-- This site is optimized with the Yoast SEO plugin v27.4 - https:\/\/yoast.com\/product\/yoast-seo-wordpress\/ -->\n<title>Youth Hostel Valencia \ud83d\udcf7 Pictures Zdj\u0119cia H\u00f4me Youth Hostel Valencia<\/title>\n<meta name=\"description\" content=\"Youth Hostel Valencia \u2705 Cosy \u2705 Vintage zakwaterowanie w samym centrum Walencji, kilka metr\u00f3w od Rynku G\u0142\u00f3wnego\" \/>\n<meta name=\"robots\" content=\"index, follow, max-snippet:-1, max-image-preview:large, max-video-preview:-1\" \/>\n<link rel=\"canonical\" href=\"https:\/\/homeyouthhostel.com\/pl\/youth-hostel-valencia-pictures-valencia\/\" \/>\n<meta property=\"og:locale\" content=\"pl_PL\" \/>\n<meta property=\"og:type\" content=\"article\" \/>\n<meta property=\"og:title\" content=\"Youth Hostel Valencia \ud83d\udcf7 Pictures Zdj\u0119cia H\u00f4me Youth Hostel Valencia\" \/>\n<meta property=\"og:description\" content=\"Youth Hostel Valencia \u2705 Cosy \u2705 Vintage zakwaterowanie w samym centrum Walencji, kilka metr\u00f3w od Rynku G\u0142\u00f3wnego\" \/>\n<meta property=\"og:url\" content=\"https:\/\/homeyouthhostel.com\/pl\/youth-hostel-valencia-pictures-valencia\/\" \/>\n<meta property=\"og:site_name\" content=\"Home Youth Hostel\" \/>\n<meta property=\"article:publisher\" content=\"https:\/\/www.facebook.com\/HomeYouthHostelValencia\/\" \/>\n<meta property=\"article:modified_time\" content=\"2024-07-03T09:17:50+00:00\" \/>\n<script type=\"application\/ld+json\" class=\"yoast-schema-graph\">{\"@context\":\"https:\\\/\\\/schema.org\",\"@graph\":[{\"@type\":\"WebPage\",\"@id\":\"https:\\\/\\\/homeyouthhostel.com\\\/pl\\\/youth-hostel-valencia-pictures-valencia\\\/\",\"url\":\"https:\\\/\\\/homeyouthhostel.com\\\/pl\\\/youth-hostel-valencia-pictures-valencia\\\/\",\"name\":\"Youth Hostel Valencia \ud83d\udcf7 Pictures Zdj\u0119cia H\u00f4me Youth Hostel Valencia\",\"isPartOf\":{\"@id\":\"https:\\\/\\\/homeyouthhostel.com\\\/pl\\\/#website\"},\"datePublished\":\"2012-07-30T06:36:12+00:00\",\"dateModified\":\"2024-07-03T09:17:50+00:00\",\"description\":\"Youth Hostel Valencia \u2705 Cosy \u2705 Vintage zakwaterowanie w samym centrum Walencji, kilka metr\u00f3w od Rynku G\u0142\u00f3wnego\",\"breadcrumb\":{\"@id\":\"https:\\\/\\\/homeyouthhostel.com\\\/pl\\\/youth-hostel-valencia-pictures-valencia\\\/#breadcrumb\"},\"inLanguage\":\"pl-PL\",\"potentialAction\":[{\"@type\":\"ReadAction\",\"target\":[\"https:\\\/\\\/homeyouthhostel.com\\\/pl\\\/youth-hostel-valencia-pictures-valencia\\\/\"]}]},{\"@type\":\"BreadcrumbList\",\"@id\":\"https:\\\/\\\/homeyouthhostel.com\\\/pl\\\/youth-hostel-valencia-pictures-valencia\\\/#breadcrumb\",\"itemListElement\":[{\"@type\":\"ListItem\",\"position\":1,\"name\":\"Home\",\"item\":\"https:\\\/\\\/homeyouthhostel.com\\\/pl\\\/\"},{\"@type\":\"ListItem\",\"position\":2,\"name\":\"Youth Hostel Valencia Zdj\u0119cia\"}]},{\"@type\":\"WebSite\",\"@id\":\"https:\\\/\\\/homeyouthhostel.com\\\/pl\\\/#website\",\"url\":\"https:\\\/\\\/homeyouthhostel.com\\\/pl\\\/\",\"name\":\"H\u00f4me Youth Hostel Valencia\",\"description\":\"Tagline\",\"publisher\":{\"@id\":\"https:\\\/\\\/homeyouthhostel.com\\\/pl\\\/#organization\"},\"potentialAction\":[{\"@type\":\"SearchAction\",\"target\":{\"@type\":\"EntryPoint\",\"urlTemplate\":\"https:\\\/\\\/homeyouthhostel.com\\\/pl\\\/?s={search_term_string}\"},\"query-input\":{\"@type\":\"PropertyValueSpecification\",\"valueRequired\":true,\"valueName\":\"search_term_string\"}}],\"inLanguage\":\"pl-PL\"},{\"@type\":\"Organization\",\"@id\":\"https:\\\/\\\/homeyouthhostel.com\\\/pl\\\/#organization\",\"name\":\"H\u00f4me Youth Hostel Valencia\",\"url\":\"https:\\\/\\\/homeyouthhostel.com\\\/pl\\\/\",\"logo\":{\"@type\":\"ImageObject\",\"inLanguage\":\"pl-PL\",\"@id\":\"https:\\\/\\\/homeyouthhostel.com\\\/pl\\\/#\\\/schema\\\/logo\\\/image\\\/\",\"url\":\"https:\\\/\\\/homeyouthhostel.com\\\/wp-content\\\/uploads\\\/2016\\\/10\\\/logopng.png\",\"contentUrl\":\"https:\\\/\\\/homeyouthhostel.com\\\/wp-content\\\/uploads\\\/2016\\\/10\\\/logopng.png\",\"width\":400,\"height\":259,\"caption\":\"H\u00f4me Youth Hostel Valencia\"},\"image\":{\"@id\":\"https:\\\/\\\/homeyouthhostel.com\\\/pl\\\/#\\\/schema\\\/logo\\\/image\\\/\"},\"sameAs\":[\"https:\\\/\\\/www.facebook.com\\\/HomeYouthHostelValencia\\\/\",\"https:\\\/\\\/x.com\\\/HomeYouthHostel\",\"https:\\\/\\\/www.instagram.com\\\/homeyouthhostelvalencia\\\/\",\"https:\\\/\\\/linkedin.com\\\/company\\\/homeyouthhostelvalencia\",\"https:\\\/\\\/www.youtube.com\\\/channel\\\/UC1RgdaIHNQP2CsgZakYFBhQ\"]}]}<\/script>\n<!-- \/ Yoast SEO plugin. -->","yoast_head_json":{"title":"Youth Hostel Valencia \ud83d\udcf7 Pictures Zdj\u0119cia H\u00f4me Youth Hostel Valencia","description":"Youth Hostel Valencia \u2705 Cosy \u2705 Vintage zakwaterowanie w samym centrum Walencji, kilka metr\u00f3w od Rynku G\u0142\u00f3wnego","robots":{"index":"index","follow":"follow","max-snippet":"max-snippet:-1","max-image-preview":"max-image-preview:large","max-video-preview":"max-video-preview:-1"},"canonical":"https:\/\/homeyouthhostel.com\/pl\/youth-hostel-valencia-pictures-valencia\/","og_locale":"pl_PL","og_type":"article","og_title":"Youth Hostel Valencia \ud83d\udcf7 Pictures Zdj\u0119cia H\u00f4me Youth Hostel Valencia","og_description":"Youth Hostel Valencia \u2705 Cosy \u2705 Vintage zakwaterowanie w samym centrum Walencji, kilka metr\u00f3w od Rynku G\u0142\u00f3wnego","og_url":"https:\/\/homeyouthhostel.com\/pl\/youth-hostel-valencia-pictures-valencia\/","og_site_name":"Home Youth Hostel","article_publisher":"https:\/\/www.facebook.com\/HomeYouthHostelValencia\/","article_modified_time":"2024-07-03T09:17:50+00:00","schema":{"@context":"https:\/\/schema.org","@graph":[{"@type":"WebPage","@id":"https:\/\/homeyouthhostel.com\/pl\/youth-hostel-valencia-pictures-valencia\/","url":"https:\/\/homeyouthhostel.com\/pl\/youth-hostel-valencia-pictures-valencia\/","name":"Youth Hostel Valencia \ud83d\udcf7 Pictures Zdj\u0119cia H\u00f4me Youth Hostel Valencia","isPartOf":{"@id":"https:\/\/homeyouthhostel.com\/pl\/#website"},"datePublished":"2012-07-30T06:36:12+00:00","dateModified":"2024-07-03T09:17:50+00:00","description":"Youth Hostel Valencia \u2705 Cosy \u2705 Vintage zakwaterowanie w samym centrum Walencji, kilka metr\u00f3w od Rynku G\u0142\u00f3wnego","breadcrumb":{"@id":"https:\/\/homeyouthhostel.com\/pl\/youth-hostel-valencia-pictures-valencia\/#breadcrumb"},"inLanguage":"pl-PL","potentialAction":[{"@type":"ReadAction","target":["https:\/\/homeyouthhostel.com\/pl\/youth-hostel-valencia-pictures-valencia\/"]}]},{"@type":"BreadcrumbList","@id":"https:\/\/homeyouthhostel.com\/pl\/youth-hostel-valencia-pictures-valencia\/#breadcrumb","itemListElement":[{"@type":"ListItem","position":1,"name":"Home","item":"https:\/\/homeyouthhostel.com\/pl\/"},{"@type":"ListItem","position":2,"name":"Youth Hostel Valencia Zdj\u0119cia"}]},{"@type":"WebSite","@id":"https:\/\/homeyouthhostel.com\/pl\/#website","url":"https:\/\/homeyouthhostel.com\/pl\/","name":"H\u00f4me Youth Hostel Valencia","description":"Tagline","publisher":{"@id":"https:\/\/homeyouthhostel.com\/pl\/#organization"},"potentialAction":[{"@type":"SearchAction","target":{"@type":"EntryPoint","urlTemplate":"https:\/\/homeyouthhostel.com\/pl\/?s={search_term_string}"},"query-input":{"@type":"PropertyValueSpecification","valueRequired":true,"valueName":"search_term_string"}}],"inLanguage":"pl-PL"},{"@type":"Organization","@id":"https:\/\/homeyouthhostel.com\/pl\/#organization","name":"H\u00f4me Youth Hostel Valencia","url":"https:\/\/homeyouthhostel.com\/pl\/","logo":{"@type":"ImageObject","inLanguage":"pl-PL","@id":"https:\/\/homeyouthhostel.com\/pl\/#\/schema\/logo\/image\/","url":"https:\/\/homeyouthhostel.com\/wp-content\/uploads\/2016\/10\/logopng.png","contentUrl":"https:\/\/homeyouthhostel.com\/wp-content\/uploads\/2016\/10\/logopng.png","width":400,"height":259,"caption":"H\u00f4me Youth Hostel Valencia"},"image":{"@id":"https:\/\/homeyouthhostel.com\/pl\/#\/schema\/logo\/image\/"},"sameAs":["https:\/\/www.facebook.com\/HomeYouthHostelValencia\/","https:\/\/x.com\/HomeYouthHostel","https:\/\/www.instagram.com\/homeyouthhostelvalencia\/","https:\/\/linkedin.com\/company\/homeyouthhostelvalencia","https:\/\/www.youtube.com\/channel\/UC1RgdaIHNQP2CsgZakYFBhQ"]}]}},"_links":{"self":[{"href":"https:\/\/homeyouthhostel.com\/pl\/wp-json\/wp\/v2\/pages\/1177","targetHints":{"allow":["GET"]}}],"collection":[{"href":"https:\/\/homeyouthhostel.com\/pl\/wp-json\/wp\/v2\/pages"}],"about":[{"href":"https:\/\/homeyouthhostel.com\/pl\/wp-json\/wp\/v2\/types\/page"}],"author":[{"embeddable":true,"href":"https:\/\/homeyouthhostel.com\/pl\/wp-json\/wp\/v2\/users\/9"}],"replies":[{"embeddable":true,"href":"https:\/\/homeyouthhostel.com\/pl\/wp-json\/wp\/v2\/comments?post=1177"}],"version-history":[{"count":0,"href":"https:\/\/homeyouthhostel.com\/pl\/wp-json\/wp\/v2\/pages\/1177\/revisions"}],"wp:attachment":[{"href":"https:\/\/homeyouthhostel.com\/pl\/wp-json\/wp\/v2\/media?parent=1177"}],"curies":[{"name":"wp","href":"https:\/\/api.w.org\/{rel}","templated":true}]}}