{"id":1153,"date":"2012-08-13T12:25:45","date_gmt":"2012-08-13T10:25:45","guid":{"rendered":"http:\/\/www.homeyouthhostel.com\/?page_id=1153"},"modified":"2023-10-25T11:11:02","modified_gmt":"2023-10-25T09:11:02","slug":"kontakt","status":"publish","type":"page","link":"https:\/\/homeyouthhostel.com\/pl\/kontakt\/","title":{"rendered":"Kontakt"},"content":{"rendered":"\n<h1 class=\"wp-block-heading has-text-align-center\">Kontakt<\/h1>\n\n<p><\/p>\n","protected":false},"excerpt":{"rendered":"<p>Kontakt<\/p>\n","protected":false},"author":9,"featured_media":0,"parent":0,"menu_order":0,"comment_status":"open","ping_status":"open","template":"","meta":{"footnotes":""},"class_list":["post-1153","page","type-page","status-publish","hentry"],"yoast_head":"<!-- This site is optimized with the Yoast SEO plugin v27.4 - https:\/\/yoast.com\/product\/yoast-seo-wordpress\/ -->\n<title>Skontaktuj si\u0119 z schroniskiem m\u0142odzie\u017cowym H\u00f4me Youth Hostel w Walencji<\/title>\n<meta name=\"description\" content=\"Skontaktuj si\u0119 z H\u00f4me Youth Hostel Youth Hostel w Walencji, tanie zakwaterowanie i nowoczesny wygl\u0105d w Walencji - Zarezerwuj hostel w Walencji - Najlepszy hostel w Walencji z prywatnymi pokojami - Brak op\u0142at rezerwacyjnych - Szybkie potwierdzenie - Szybki i \u0142atwy kontakt z Home Youth Hostel Valencia\" \/>\n<meta name=\"robots\" content=\"index, follow, max-snippet:-1, max-image-preview:large, max-video-preview:-1\" \/>\n<link rel=\"canonical\" href=\"https:\/\/homeyouthhostel.com\/pl\/kontakt\/\" \/>\n<meta property=\"og:locale\" content=\"pl_PL\" \/>\n<meta property=\"og:type\" content=\"article\" \/>\n<meta property=\"og:title\" content=\"Skontaktuj si\u0119 z schroniskiem m\u0142odzie\u017cowym H\u00f4me Youth Hostel w Walencji\" \/>\n<meta property=\"og:description\" content=\"Skontaktuj si\u0119 z H\u00f4me Youth Hostel Youth Hostel w Walencji, tanie zakwaterowanie i nowoczesny wygl\u0105d w Walencji - Zarezerwuj hostel w Walencji - Najlepszy hostel w Walencji z prywatnymi pokojami - Brak op\u0142at rezerwacyjnych - Szybkie potwierdzenie - Szybki i \u0142atwy kontakt z Home Youth Hostel Valencia\" \/>\n<meta property=\"og:url\" content=\"https:\/\/homeyouthhostel.com\/pl\/kontakt\/\" \/>\n<meta property=\"og:site_name\" content=\"Home Youth Hostel\" \/>\n<meta property=\"article:publisher\" content=\"https:\/\/www.facebook.com\/HomeYouthHostelValencia\/\" \/>\n<meta property=\"article:modified_time\" content=\"2023-10-25T09:11:02+00:00\" \/>\n<script type=\"application\/ld+json\" class=\"yoast-schema-graph\">{\"@context\":\"https:\\\/\\\/schema.org\",\"@graph\":[{\"@type\":\"WebPage\",\"@id\":\"https:\\\/\\\/homeyouthhostel.com\\\/pl\\\/kontakt\\\/\",\"url\":\"https:\\\/\\\/homeyouthhostel.com\\\/pl\\\/kontakt\\\/\",\"name\":\"Skontaktuj si\u0119 z schroniskiem m\u0142odzie\u017cowym H\u00f4me Youth Hostel w Walencji\",\"isPartOf\":{\"@id\":\"https:\\\/\\\/homeyouthhostel.com\\\/pl\\\/#website\"},\"datePublished\":\"2012-08-13T10:25:45+00:00\",\"dateModified\":\"2023-10-25T09:11:02+00:00\",\"description\":\"Skontaktuj si\u0119 z H\u00f4me Youth Hostel Youth Hostel w Walencji, tanie zakwaterowanie i nowoczesny wygl\u0105d w Walencji - Zarezerwuj hostel w Walencji - Najlepszy hostel w Walencji z prywatnymi pokojami - Brak op\u0142at rezerwacyjnych - Szybkie potwierdzenie - Szybki i \u0142atwy kontakt z Home Youth Hostel Valencia\",\"breadcrumb\":{\"@id\":\"https:\\\/\\\/homeyouthhostel.com\\\/pl\\\/kontakt\\\/#breadcrumb\"},\"inLanguage\":\"pl-PL\",\"potentialAction\":[{\"@type\":\"ReadAction\",\"target\":[\"https:\\\/\\\/homeyouthhostel.com\\\/pl\\\/kontakt\\\/\"]}]},{\"@type\":\"BreadcrumbList\",\"@id\":\"https:\\\/\\\/homeyouthhostel.com\\\/pl\\\/kontakt\\\/#breadcrumb\",\"itemListElement\":[{\"@type\":\"ListItem\",\"position\":1,\"name\":\"Home\",\"item\":\"https:\\\/\\\/homeyouthhostel.com\\\/pl\\\/\"},{\"@type\":\"ListItem\",\"position\":2,\"name\":\"Kontakt\"}]},{\"@type\":\"WebSite\",\"@id\":\"https:\\\/\\\/homeyouthhostel.com\\\/pl\\\/#website\",\"url\":\"https:\\\/\\\/homeyouthhostel.com\\\/pl\\\/\",\"name\":\"H\u00f4me Youth Hostel Valencia\",\"description\":\"Tagline\",\"publisher\":{\"@id\":\"https:\\\/\\\/homeyouthhostel.com\\\/pl\\\/#organization\"},\"potentialAction\":[{\"@type\":\"SearchAction\",\"target\":{\"@type\":\"EntryPoint\",\"urlTemplate\":\"https:\\\/\\\/homeyouthhostel.com\\\/pl\\\/?s={search_term_string}\"},\"query-input\":{\"@type\":\"PropertyValueSpecification\",\"valueRequired\":true,\"valueName\":\"search_term_string\"}}],\"inLanguage\":\"pl-PL\"},{\"@type\":\"Organization\",\"@id\":\"https:\\\/\\\/homeyouthhostel.com\\\/pl\\\/#organization\",\"name\":\"H\u00f4me Youth Hostel Valencia\",\"url\":\"https:\\\/\\\/homeyouthhostel.com\\\/pl\\\/\",\"logo\":{\"@type\":\"ImageObject\",\"inLanguage\":\"pl-PL\",\"@id\":\"https:\\\/\\\/homeyouthhostel.com\\\/pl\\\/#\\\/schema\\\/logo\\\/image\\\/\",\"url\":\"https:\\\/\\\/homeyouthhostel.com\\\/wp-content\\\/uploads\\\/2016\\\/10\\\/logopng.png\",\"contentUrl\":\"https:\\\/\\\/homeyouthhostel.com\\\/wp-content\\\/uploads\\\/2016\\\/10\\\/logopng.png\",\"width\":400,\"height\":259,\"caption\":\"H\u00f4me Youth Hostel Valencia\"},\"image\":{\"@id\":\"https:\\\/\\\/homeyouthhostel.com\\\/pl\\\/#\\\/schema\\\/logo\\\/image\\\/\"},\"sameAs\":[\"https:\\\/\\\/www.facebook.com\\\/HomeYouthHostelValencia\\\/\",\"https:\\\/\\\/x.com\\\/HomeYouthHostel\",\"https:\\\/\\\/www.instagram.com\\\/homeyouthhostelvalencia\\\/\",\"https:\\\/\\\/linkedin.com\\\/company\\\/homeyouthhostelvalencia\",\"https:\\\/\\\/www.youtube.com\\\/channel\\\/UC1RgdaIHNQP2CsgZakYFBhQ\"]}]}<\/script>\n<!-- \/ Yoast SEO plugin. -->","yoast_head_json":{"title":"Skontaktuj si\u0119 z schroniskiem m\u0142odzie\u017cowym H\u00f4me Youth Hostel w Walencji","description":"Skontaktuj si\u0119 z H\u00f4me Youth Hostel Youth Hostel w Walencji, tanie zakwaterowanie i nowoczesny wygl\u0105d w Walencji - Zarezerwuj hostel w Walencji - Najlepszy hostel w Walencji z prywatnymi pokojami - Brak op\u0142at rezerwacyjnych - Szybkie potwierdzenie - Szybki i \u0142atwy kontakt z Home Youth Hostel Valencia","robots":{"index":"index","follow":"follow","max-snippet":"max-snippet:-1","max-image-preview":"max-image-preview:large","max-video-preview":"max-video-preview:-1"},"canonical":"https:\/\/homeyouthhostel.com\/pl\/kontakt\/","og_locale":"pl_PL","og_type":"article","og_title":"Skontaktuj si\u0119 z schroniskiem m\u0142odzie\u017cowym H\u00f4me Youth Hostel w Walencji","og_description":"Skontaktuj si\u0119 z H\u00f4me Youth Hostel Youth Hostel w Walencji, tanie zakwaterowanie i nowoczesny wygl\u0105d w Walencji - Zarezerwuj hostel w Walencji - Najlepszy hostel w Walencji z prywatnymi pokojami - Brak op\u0142at rezerwacyjnych - Szybkie potwierdzenie - Szybki i \u0142atwy kontakt z Home Youth Hostel Valencia","og_url":"https:\/\/homeyouthhostel.com\/pl\/kontakt\/","og_site_name":"Home Youth Hostel","article_publisher":"https:\/\/www.facebook.com\/HomeYouthHostelValencia\/","article_modified_time":"2023-10-25T09:11:02+00:00","schema":{"@context":"https:\/\/schema.org","@graph":[{"@type":"WebPage","@id":"https:\/\/homeyouthhostel.com\/pl\/kontakt\/","url":"https:\/\/homeyouthhostel.com\/pl\/kontakt\/","name":"Skontaktuj si\u0119 z schroniskiem m\u0142odzie\u017cowym H\u00f4me Youth Hostel w Walencji","isPartOf":{"@id":"https:\/\/homeyouthhostel.com\/pl\/#website"},"datePublished":"2012-08-13T10:25:45+00:00","dateModified":"2023-10-25T09:11:02+00:00","description":"Skontaktuj si\u0119 z H\u00f4me Youth Hostel Youth Hostel w Walencji, tanie zakwaterowanie i nowoczesny wygl\u0105d w Walencji - Zarezerwuj hostel w Walencji - Najlepszy hostel w Walencji z prywatnymi pokojami - Brak op\u0142at rezerwacyjnych - Szybkie potwierdzenie - Szybki i \u0142atwy kontakt z Home Youth Hostel Valencia","breadcrumb":{"@id":"https:\/\/homeyouthhostel.com\/pl\/kontakt\/#breadcrumb"},"inLanguage":"pl-PL","potentialAction":[{"@type":"ReadAction","target":["https:\/\/homeyouthhostel.com\/pl\/kontakt\/"]}]},{"@type":"BreadcrumbList","@id":"https:\/\/homeyouthhostel.com\/pl\/kontakt\/#breadcrumb","itemListElement":[{"@type":"ListItem","position":1,"name":"Home","item":"https:\/\/homeyouthhostel.com\/pl\/"},{"@type":"ListItem","position":2,"name":"Kontakt"}]},{"@type":"WebSite","@id":"https:\/\/homeyouthhostel.com\/pl\/#website","url":"https:\/\/homeyouthhostel.com\/pl\/","name":"H\u00f4me Youth Hostel Valencia","description":"Tagline","publisher":{"@id":"https:\/\/homeyouthhostel.com\/pl\/#organization"},"potentialAction":[{"@type":"SearchAction","target":{"@type":"EntryPoint","urlTemplate":"https:\/\/homeyouthhostel.com\/pl\/?s={search_term_string}"},"query-input":{"@type":"PropertyValueSpecification","valueRequired":true,"valueName":"search_term_string"}}],"inLanguage":"pl-PL"},{"@type":"Organization","@id":"https:\/\/homeyouthhostel.com\/pl\/#organization","name":"H\u00f4me Youth Hostel Valencia","url":"https:\/\/homeyouthhostel.com\/pl\/","logo":{"@type":"ImageObject","inLanguage":"pl-PL","@id":"https:\/\/homeyouthhostel.com\/pl\/#\/schema\/logo\/image\/","url":"https:\/\/homeyouthhostel.com\/wp-content\/uploads\/2016\/10\/logopng.png","contentUrl":"https:\/\/homeyouthhostel.com\/wp-content\/uploads\/2016\/10\/logopng.png","width":400,"height":259,"caption":"H\u00f4me Youth Hostel Valencia"},"image":{"@id":"https:\/\/homeyouthhostel.com\/pl\/#\/schema\/logo\/image\/"},"sameAs":["https:\/\/www.facebook.com\/HomeYouthHostelValencia\/","https:\/\/x.com\/HomeYouthHostel","https:\/\/www.instagram.com\/homeyouthhostelvalencia\/","https:\/\/linkedin.com\/company\/homeyouthhostelvalencia","https:\/\/www.youtube.com\/channel\/UC1RgdaIHNQP2CsgZakYFBhQ"]}]}},"_links":{"self":[{"href":"https:\/\/homeyouthhostel.com\/pl\/wp-json\/wp\/v2\/pages\/1153","targetHints":{"allow":["GET"]}}],"collection":[{"href":"https:\/\/homeyouthhostel.com\/pl\/wp-json\/wp\/v2\/pages"}],"about":[{"href":"https:\/\/homeyouthhostel.com\/pl\/wp-json\/wp\/v2\/types\/page"}],"author":[{"embeddable":true,"href":"https:\/\/homeyouthhostel.com\/pl\/wp-json\/wp\/v2\/users\/9"}],"replies":[{"embeddable":true,"href":"https:\/\/homeyouthhostel.com\/pl\/wp-json\/wp\/v2\/comments?post=1153"}],"version-history":[{"count":0,"href":"https:\/\/homeyouthhostel.com\/pl\/wp-json\/wp\/v2\/pages\/1153\/revisions"}],"wp:attachment":[{"href":"https:\/\/homeyouthhostel.com\/pl\/wp-json\/wp\/v2\/media?parent=1153"}],"curies":[{"name":"wp","href":"https:\/\/api.w.org\/{rel}","templated":true}]}}