{"id":1147,"date":"2012-08-13T12:02:15","date_gmt":"2012-08-13T10:02:15","guid":{"rendered":"http:\/\/www.homeyouthhostel.com\/about-home-youth-hostel-in-valencia-2\/"},"modified":"2022-01-03T12:39:05","modified_gmt":"2022-01-03T11:39:05","slug":"o-home-youth-hostel-w-walencji","status":"publish","type":"page","link":"https:\/\/homeyouthhostel.com\/pl\/o-home-youth-hostel-w-walencji\/","title":{"rendered":"O Nas: Youth Hostel w Walencji"},"content":{"rendered":"\n<h2 class=\"wp-block-heading\">Home Hostels Valencia, najlepsza sie\u0107 tanich hosteli w Walencji<\/h2>\n\n\n\n<p><strong>Home Hostels Valencia<\/strong>&nbsp;jest&nbsp;sieci\u0105 hosteli dla podr\u00f3\u017cuj\u0105cych, kt\u00f3rzy chc\u0105 zatrzyma\u0107 si\u0119 w wygodnym, tanim, czystym, przytulnym,&nbsp;pe\u0142nym kolor\u00f3w miejscu w samym centrum Walencji.<\/p>\n\n\n\n<p>Oferujemy prywatne pokoje dla 2 &#8211; 4 os\u00f3b oraz wieloosobowe sypialnie z \u0142\u00f3\u017ckami pi\u0119trowymi dla 6 &#8211; 10 os\u00f3b, w dw\u00f3ch hostelach&nbsp;umiejscowionych w centrum Walencji.<\/p>\n\n\n\n<p><strong>Home Youth Hostel<\/strong>: przytulne pokoje, bez pi\u0119trowych \u0142\u00f3\u017cek, nowowczesny design, w centrum&nbsp;miasta, obok&nbsp;Rynku G\u0142\u00f3wnego i La Lonja.<\/p>\n\n\n\n<p><strong>Home Backpackers Hostel<\/strong>: wielosobowe pokoje z pi\u0119trowymi \u0142\u00f3\u017ckami,&nbsp;w samym sercu dzielnicy El Carmen.<\/p>\n\n\n\n<p>Ponadto, oferujemy r\u00f3wnie\u017c wszelkiego rodzaju us\u0142ugi, kt\u00f3rych mo\u017cesz potrzebowa\u0107 podczas pobytu takie jak: <strong>24-godzinna recepcja, kuchnia z pe\u0142nym wyposa\u017ceniem, telefon, internet, szafki, przechowalnia baga\u017cu, po\u015bciel w cenie, TV<\/strong>, itp.<\/p>\n\n\n\n<p>W ka\u017cdym z hosteli znajduje si\u0119 salon, gdzie mo\u017cesz odpocz\u0105\u0107, napi\u0107 si\u0119 drinka, porozmawia\u0107 ze swoimi przyjaci\u00f3\u0142mi lub nawi\u0105za\u0107&nbsp;nowe znajomo\u015bci i&nbsp;podzieli\u0107 si\u0119 swoimi do\u015bwiadczeniami z innymi podr\u00f3\u017cuj\u0105cymi z ca\u0142ego \u015bwiata!<\/p>\n\n\n\n<p>Zapraszamy do wypo\u017cyczenia rower\u00f3w, odwiedzin Miasta Sztuki i Nauki w Walencji (Ciudad de Las Artes y Ciencias), spacer\u00f3w po centrum miasta oraz&nbsp;sp\u0119dzenia wolnego czasu na&nbsp;pla\u017cy. Je\u015bli masz jakiekolwiek w\u0105tpliwo\u015bci i pytania nasi pracownicy&nbsp;pomog\u0105 Ci z wielk\u0105 przyjemno\u015bci\u0105.<\/p>\n\n\n\n<p>Schroniska Home Hostel Valencia s\u0105 idealne dla m\u0142odych os\u00f3b ze wzgl\u0119du na<strong> przyst\u0119pn\u0105 cen\u0119, kolorowe wn\u0119trza i \u017cyw\u0105 atmosfer\u0119<\/strong>. Jeste\u015bmy przekonani, \u017ce b\u0119dzie Ci si\u0119 podoba\u0142o!<\/p>\n\n\n\n<p>Oba schroniska: <strong>Hostel Home Youth<\/strong> and <strong>Home Backpackers Hostel<\/strong> s\u0105 umiejscowione&nbsp;w pi\u0119knej i starej dzielnicy El Carmen, w centrum Walencji. Zabytkowe miejsca&nbsp;jak La Lonja, Katedra, Rynek G\u0142\u00f3wny, Plaza de la Virgen, Plaza de la Reina znajduj\u0105 si\u0119 obok hostelu. Ze starego miasta jest blisko do pla\u017cy, portu i Miasta Sztuki i Nauki. Wsz\u0119dzie mo\u017cesz si\u0119 dosta\u0107 na piechot\u0119 lub transprtem publicznym.<\/p>\n\n\n\n<p>Na naszej stronie internetowej&nbsp;mo\u017cna znale\u017a\u0107 informacje o naszych pokojach, dok\u0142adn\u0105 lokalizacj\u0119 oraz specjalne oferty. Udost\u0119pniamy tak\u017ce przewodnik po Walencji z informacjami dotycz\u0105cymi pla\u017c, zabytk\u00f3w, Miasta Sztuki i Nauki, portu, muze\u00f3w, wystaw, nocnego \u017cycia i najwa\u017cniejszych wydarze\u0144 takich jak Fallas, Tomatina, festiwale, wycieczki.<\/p>\n\n\n\n<p><strong>Witamy w&nbsp;Home Hostels Valencia!<\/strong><\/p>\n\n\n\n<p>Aby zobaczy\u0107 zdj\u0119cia Home Youth Hostel w Walencji kliknij:<a href=\"http:\/\/www.homehostelsvalencia.com\/youth-hostel-valencia\/hostel-pictures\/\"> Zdj\u0119cia Home Youth Hostel<\/a><\/p>\n\n\n\n<p>Aby uzyska\u0107 wi\u0119cej informacji o Walencji, co warto zobaczy\u0107 i w czym wzia\u0107 udzia\u0142 kliknij: <a href=\"http:\/\/www.homehostelsvalencia.com\/valencia-guide\/\">\u201cValencia Guide\u201d<\/a><\/p>\n","protected":false},"excerpt":{"rendered":"<p>Home Hostels Valencia, najlepsza sie\u0107 tanich hosteli w Walencji Home Hostels Valencia&nbsp;jest&nbsp;sieci\u0105 hosteli dla podr\u00f3\u017cuj\u0105cych, kt\u00f3rzy chc\u0105 zatrzyma\u0107 si\u0119 w wygodnym, tanim, czystym, przytulnym,&nbsp;pe\u0142nym kolor\u00f3w miejscu w samym centrum Walencji. Oferujemy prywatne pokoje dla 2 &#8211; 4 os\u00f3b oraz wieloosobowe sypialnie z \u0142\u00f3\u017ckami pi\u0119trowymi dla 6 &#8211; 10 os\u00f3b, w dw\u00f3ch hostelach&nbsp;umiejscowionych w centrum Walencji. [&hellip;]<\/p>\n","protected":false},"author":9,"featured_media":903,"parent":0,"menu_order":0,"comment_status":"closed","ping_status":"closed","template":"","meta":{"footnotes":""},"class_list":["post-1147","page","type-page","status-publish","has-post-thumbnail","hentry"],"yoast_head":"<!-- This site is optimized with the Yoast SEO plugin v27.3 - https:\/\/yoast.com\/product\/yoast-seo-wordpress\/ -->\n<title>About us: Youth Hostel in Valencia<\/title>\n<meta name=\"description\" content=\"About us: Youth Hostel in Valencia. The best hostel in the city centre of Valencia, placed next to the Silk Market and the Central Market in the heart of the city.\" \/>\n<meta name=\"robots\" content=\"index, follow, max-snippet:-1, max-image-preview:large, max-video-preview:-1\" \/>\n<link rel=\"canonical\" href=\"https:\/\/homeyouthhostel.com\/pl\/o-home-youth-hostel-w-walencji\/\" \/>\n<meta property=\"og:locale\" content=\"pl_PL\" \/>\n<meta property=\"og:type\" content=\"article\" \/>\n<meta property=\"og:title\" content=\"About us: Youth Hostel in Valencia\" \/>\n<meta property=\"og:description\" content=\"About us: Youth Hostel in Valencia. The best hostel in the city centre of Valencia, placed next to the Silk Market and the Central Market in the heart of the city.\" \/>\n<meta property=\"og:url\" content=\"https:\/\/homeyouthhostel.com\/pl\/o-home-youth-hostel-w-walencji\/\" \/>\n<meta property=\"og:site_name\" content=\"Home Youth Hostel\" \/>\n<meta property=\"article:publisher\" content=\"https:\/\/www.facebook.com\/HomeYouthHostelValencia\/\" \/>\n<meta property=\"article:modified_time\" content=\"2022-01-03T11:39:05+00:00\" \/>\n<meta property=\"og:image\" content=\"https:\/\/homeyouthhostel.com\/wp-content\/uploads\/2012\/08\/staff-home-youth-hostel-valencia.jpg\" \/>\n\t<meta property=\"og:image:width\" content=\"1024\" \/>\n\t<meta property=\"og:image:height\" content=\"600\" \/>\n\t<meta property=\"og:image:type\" content=\"image\/jpeg\" \/>\n<meta name=\"twitter:label1\" content=\"Szacowany czas czytania\" \/>\n\t<meta name=\"twitter:data1\" content=\"3 minuty\" \/>\n<script type=\"application\/ld+json\" class=\"yoast-schema-graph\">{\"@context\":\"https:\\\/\\\/schema.org\",\"@graph\":[{\"@type\":\"WebPage\",\"@id\":\"https:\\\/\\\/homeyouthhostel.com\\\/pl\\\/o-home-youth-hostel-w-walencji\\\/\",\"url\":\"https:\\\/\\\/homeyouthhostel.com\\\/pl\\\/o-home-youth-hostel-w-walencji\\\/\",\"name\":\"About us: Youth Hostel in Valencia\",\"isPartOf\":{\"@id\":\"https:\\\/\\\/homeyouthhostel.com\\\/pl\\\/#website\"},\"primaryImageOfPage\":{\"@id\":\"https:\\\/\\\/homeyouthhostel.com\\\/pl\\\/o-home-youth-hostel-w-walencji\\\/#primaryimage\"},\"image\":{\"@id\":\"https:\\\/\\\/homeyouthhostel.com\\\/pl\\\/o-home-youth-hostel-w-walencji\\\/#primaryimage\"},\"thumbnailUrl\":\"https:\\\/\\\/homeyouthhostel.com\\\/wp-content\\\/uploads\\\/2012\\\/08\\\/staff-home-youth-hostel-valencia.jpg\",\"datePublished\":\"2012-08-13T10:02:15+00:00\",\"dateModified\":\"2022-01-03T11:39:05+00:00\",\"description\":\"About us: Youth Hostel in Valencia. The best hostel in the city centre of Valencia, placed next to the Silk Market and the Central Market in the heart of the city.\",\"breadcrumb\":{\"@id\":\"https:\\\/\\\/homeyouthhostel.com\\\/pl\\\/o-home-youth-hostel-w-walencji\\\/#breadcrumb\"},\"inLanguage\":\"pl-PL\",\"potentialAction\":[{\"@type\":\"ReadAction\",\"target\":[\"https:\\\/\\\/homeyouthhostel.com\\\/pl\\\/o-home-youth-hostel-w-walencji\\\/\"]}]},{\"@type\":\"ImageObject\",\"inLanguage\":\"pl-PL\",\"@id\":\"https:\\\/\\\/homeyouthhostel.com\\\/pl\\\/o-home-youth-hostel-w-walencji\\\/#primaryimage\",\"url\":\"https:\\\/\\\/homeyouthhostel.com\\\/wp-content\\\/uploads\\\/2012\\\/08\\\/staff-home-youth-hostel-valencia.jpg\",\"contentUrl\":\"https:\\\/\\\/homeyouthhostel.com\\\/wp-content\\\/uploads\\\/2012\\\/08\\\/staff-home-youth-hostel-valencia.jpg\",\"width\":1024,\"height\":600,\"caption\":\"Staff\"},{\"@type\":\"BreadcrumbList\",\"@id\":\"https:\\\/\\\/homeyouthhostel.com\\\/pl\\\/o-home-youth-hostel-w-walencji\\\/#breadcrumb\",\"itemListElement\":[{\"@type\":\"ListItem\",\"position\":1,\"name\":\"Home\",\"item\":\"https:\\\/\\\/homeyouthhostel.com\\\/pl\\\/\"},{\"@type\":\"ListItem\",\"position\":2,\"name\":\"O Nas: Youth Hostel w Walencji\"}]},{\"@type\":\"WebSite\",\"@id\":\"https:\\\/\\\/homeyouthhostel.com\\\/pl\\\/#website\",\"url\":\"https:\\\/\\\/homeyouthhostel.com\\\/pl\\\/\",\"name\":\"H\u00f4me Youth Hostel Valencia\",\"description\":\"Tagline\",\"publisher\":{\"@id\":\"https:\\\/\\\/homeyouthhostel.com\\\/pl\\\/#organization\"},\"potentialAction\":[{\"@type\":\"SearchAction\",\"target\":{\"@type\":\"EntryPoint\",\"urlTemplate\":\"https:\\\/\\\/homeyouthhostel.com\\\/pl\\\/?s={search_term_string}\"},\"query-input\":{\"@type\":\"PropertyValueSpecification\",\"valueRequired\":true,\"valueName\":\"search_term_string\"}}],\"inLanguage\":\"pl-PL\"},{\"@type\":\"Organization\",\"@id\":\"https:\\\/\\\/homeyouthhostel.com\\\/pl\\\/#organization\",\"name\":\"H\u00f4me Youth Hostel Valencia\",\"url\":\"https:\\\/\\\/homeyouthhostel.com\\\/pl\\\/\",\"logo\":{\"@type\":\"ImageObject\",\"inLanguage\":\"pl-PL\",\"@id\":\"https:\\\/\\\/homeyouthhostel.com\\\/pl\\\/#\\\/schema\\\/logo\\\/image\\\/\",\"url\":\"https:\\\/\\\/homeyouthhostel.com\\\/wp-content\\\/uploads\\\/2016\\\/10\\\/logopng.png\",\"contentUrl\":\"https:\\\/\\\/homeyouthhostel.com\\\/wp-content\\\/uploads\\\/2016\\\/10\\\/logopng.png\",\"width\":400,\"height\":259,\"caption\":\"H\u00f4me Youth Hostel Valencia\"},\"image\":{\"@id\":\"https:\\\/\\\/homeyouthhostel.com\\\/pl\\\/#\\\/schema\\\/logo\\\/image\\\/\"},\"sameAs\":[\"https:\\\/\\\/www.facebook.com\\\/HomeYouthHostelValencia\\\/\",\"https:\\\/\\\/x.com\\\/HomeYouthHostel\",\"https:\\\/\\\/www.instagram.com\\\/homeyouthhostelvalencia\\\/\",\"https:\\\/\\\/linkedin.com\\\/company\\\/homeyouthhostelvalencia\",\"https:\\\/\\\/www.youtube.com\\\/channel\\\/UC1RgdaIHNQP2CsgZakYFBhQ\"]}]}<\/script>\n<!-- \/ Yoast SEO plugin. -->","yoast_head_json":{"title":"About us: Youth Hostel in Valencia","description":"About us: Youth Hostel in Valencia. The best hostel in the city centre of Valencia, placed next to the Silk Market and the Central Market in the heart of the city.","robots":{"index":"index","follow":"follow","max-snippet":"max-snippet:-1","max-image-preview":"max-image-preview:large","max-video-preview":"max-video-preview:-1"},"canonical":"https:\/\/homeyouthhostel.com\/pl\/o-home-youth-hostel-w-walencji\/","og_locale":"pl_PL","og_type":"article","og_title":"About us: Youth Hostel in Valencia","og_description":"About us: Youth Hostel in Valencia. The best hostel in the city centre of Valencia, placed next to the Silk Market and the Central Market in the heart of the city.","og_url":"https:\/\/homeyouthhostel.com\/pl\/o-home-youth-hostel-w-walencji\/","og_site_name":"Home Youth Hostel","article_publisher":"https:\/\/www.facebook.com\/HomeYouthHostelValencia\/","article_modified_time":"2022-01-03T11:39:05+00:00","og_image":[{"width":1024,"height":600,"url":"https:\/\/homeyouthhostel.com\/wp-content\/uploads\/2012\/08\/staff-home-youth-hostel-valencia.jpg","type":"image\/jpeg"}],"twitter_misc":{"Szacowany czas czytania":"3 minuty"},"schema":{"@context":"https:\/\/schema.org","@graph":[{"@type":"WebPage","@id":"https:\/\/homeyouthhostel.com\/pl\/o-home-youth-hostel-w-walencji\/","url":"https:\/\/homeyouthhostel.com\/pl\/o-home-youth-hostel-w-walencji\/","name":"About us: Youth Hostel in Valencia","isPartOf":{"@id":"https:\/\/homeyouthhostel.com\/pl\/#website"},"primaryImageOfPage":{"@id":"https:\/\/homeyouthhostel.com\/pl\/o-home-youth-hostel-w-walencji\/#primaryimage"},"image":{"@id":"https:\/\/homeyouthhostel.com\/pl\/o-home-youth-hostel-w-walencji\/#primaryimage"},"thumbnailUrl":"https:\/\/homeyouthhostel.com\/wp-content\/uploads\/2012\/08\/staff-home-youth-hostel-valencia.jpg","datePublished":"2012-08-13T10:02:15+00:00","dateModified":"2022-01-03T11:39:05+00:00","description":"About us: Youth Hostel in Valencia. The best hostel in the city centre of Valencia, placed next to the Silk Market and the Central Market in the heart of the city.","breadcrumb":{"@id":"https:\/\/homeyouthhostel.com\/pl\/o-home-youth-hostel-w-walencji\/#breadcrumb"},"inLanguage":"pl-PL","potentialAction":[{"@type":"ReadAction","target":["https:\/\/homeyouthhostel.com\/pl\/o-home-youth-hostel-w-walencji\/"]}]},{"@type":"ImageObject","inLanguage":"pl-PL","@id":"https:\/\/homeyouthhostel.com\/pl\/o-home-youth-hostel-w-walencji\/#primaryimage","url":"https:\/\/homeyouthhostel.com\/wp-content\/uploads\/2012\/08\/staff-home-youth-hostel-valencia.jpg","contentUrl":"https:\/\/homeyouthhostel.com\/wp-content\/uploads\/2012\/08\/staff-home-youth-hostel-valencia.jpg","width":1024,"height":600,"caption":"Staff"},{"@type":"BreadcrumbList","@id":"https:\/\/homeyouthhostel.com\/pl\/o-home-youth-hostel-w-walencji\/#breadcrumb","itemListElement":[{"@type":"ListItem","position":1,"name":"Home","item":"https:\/\/homeyouthhostel.com\/pl\/"},{"@type":"ListItem","position":2,"name":"O Nas: Youth Hostel w Walencji"}]},{"@type":"WebSite","@id":"https:\/\/homeyouthhostel.com\/pl\/#website","url":"https:\/\/homeyouthhostel.com\/pl\/","name":"H\u00f4me Youth Hostel Valencia","description":"Tagline","publisher":{"@id":"https:\/\/homeyouthhostel.com\/pl\/#organization"},"potentialAction":[{"@type":"SearchAction","target":{"@type":"EntryPoint","urlTemplate":"https:\/\/homeyouthhostel.com\/pl\/?s={search_term_string}"},"query-input":{"@type":"PropertyValueSpecification","valueRequired":true,"valueName":"search_term_string"}}],"inLanguage":"pl-PL"},{"@type":"Organization","@id":"https:\/\/homeyouthhostel.com\/pl\/#organization","name":"H\u00f4me Youth Hostel Valencia","url":"https:\/\/homeyouthhostel.com\/pl\/","logo":{"@type":"ImageObject","inLanguage":"pl-PL","@id":"https:\/\/homeyouthhostel.com\/pl\/#\/schema\/logo\/image\/","url":"https:\/\/homeyouthhostel.com\/wp-content\/uploads\/2016\/10\/logopng.png","contentUrl":"https:\/\/homeyouthhostel.com\/wp-content\/uploads\/2016\/10\/logopng.png","width":400,"height":259,"caption":"H\u00f4me Youth Hostel Valencia"},"image":{"@id":"https:\/\/homeyouthhostel.com\/pl\/#\/schema\/logo\/image\/"},"sameAs":["https:\/\/www.facebook.com\/HomeYouthHostelValencia\/","https:\/\/x.com\/HomeYouthHostel","https:\/\/www.instagram.com\/homeyouthhostelvalencia\/","https:\/\/linkedin.com\/company\/homeyouthhostelvalencia","https:\/\/www.youtube.com\/channel\/UC1RgdaIHNQP2CsgZakYFBhQ"]}]}},"_links":{"self":[{"href":"https:\/\/homeyouthhostel.com\/pl\/wp-json\/wp\/v2\/pages\/1147","targetHints":{"allow":["GET"]}}],"collection":[{"href":"https:\/\/homeyouthhostel.com\/pl\/wp-json\/wp\/v2\/pages"}],"about":[{"href":"https:\/\/homeyouthhostel.com\/pl\/wp-json\/wp\/v2\/types\/page"}],"author":[{"embeddable":true,"href":"https:\/\/homeyouthhostel.com\/pl\/wp-json\/wp\/v2\/users\/9"}],"replies":[{"embeddable":true,"href":"https:\/\/homeyouthhostel.com\/pl\/wp-json\/wp\/v2\/comments?post=1147"}],"version-history":[{"count":0,"href":"https:\/\/homeyouthhostel.com\/pl\/wp-json\/wp\/v2\/pages\/1147\/revisions"}],"wp:featuredmedia":[{"embeddable":true,"href":"https:\/\/homeyouthhostel.com\/pl\/wp-json\/wp\/v2\/media\/903"}],"wp:attachment":[{"href":"https:\/\/homeyouthhostel.com\/pl\/wp-json\/wp\/v2\/media?parent=1147"}],"curies":[{"name":"wp","href":"https:\/\/api.w.org\/{rel}","templated":true}]}}