{"id":1092,"date":"2012-07-30T08:36:02","date_gmt":"2012-07-30T06:36:02","guid":{"rendered":"http:\/\/www.homeyouthhostel.com\/hostel-for-groups-valencia-2\/"},"modified":"2021-11-30T16:20:24","modified_gmt":"2021-11-30T15:20:24","slug":"hostel-dla-grup-valencia","status":"publish","type":"page","link":"https:\/\/homeyouthhostel.com\/pl\/hostel-dla-grup-valencia\/","title":{"rendered":"Hostel dla Grup. Home Youth Valencia"},"content":{"rendered":"<p style=\"text-align: justify;\">Szukasz dla swojej <strong>grupy zakwaterowania w Walencji<\/strong>?<\/p>\n<p style=\"text-align: justify;\">Valencia Home Youth Hostel jest odpowiednim hostelem dla grup.<\/p>\n<p style=\"text-align: justify;\">Oferujemy najlepsze i niedrogie zakwaterowanie w Walencji\u00a0dla Ciebie i Twoich znajomych.<\/p>\n<p style=\"text-align: justify;\">Nasz\u00a0zesp\u00f3\u0142 odpowiadaj\u0105cy za rezerwacje grupowe, odpowie Ci na ka\u017cde pytanie i w\u0105tpliwo\u015b\u0107, a nasi pracownicy na miejscu, pomog\u0105 Ci we wszystkim, w trakcie pobytu.<\/p>\n<p style=\"text-align: justify;\"><strong>Gwarantujemy najlepsze ceny w mie\u015bcie!!<\/strong><\/p>\n<p style=\"text-align: justify;\">\n<h2 style=\"text-align: justify;\"><strong><strong>Hostel dla grup<\/strong><\/strong>\u00a0<strong>&#8211;\u00a0<\/strong>Home Youth Hostel<\/h2>\n<p style=\"text-align: justify;\"><strong>Home Youth Hostel<\/strong>\u00a0jest kameralnym i przytulnym hostelem, oferuj\u0105cym czyste i \u0142adne pokoje bez pi\u0119trowych \u0142\u00f3\u017cek.<\/p>\n<p style=\"text-align: justify;\">Je\u015bli chcesz przyby\u0107 z wi\u0119ksz\u0105 grup\u0105, oferujemy Ci r\u00f3wnie\u017c nasz drugi hostel\u00a0<a title=\"hostel for groups valencia\" href=\"http:\/\/www.homebackpackersvalencia.com\" target=\"_blank\" rel=\"noopener\">Home Backpackers Hostel<\/a>, kt\u00f3ry jest bardziej przestronny i ma wi\u0119cej pokoi.<\/p>\n<p style=\"text-align: justify;\">Skontaktuj si\u0119 z nami w sprawie rezerwacji grupowej:<\/p>\n<p>[contact-form-7 id=&#8221;1626&#8243; title=&#8221;PL Groups&#8221;]<\/p>\n","protected":false},"excerpt":{"rendered":"<p>Szukasz dla swojej grupy zakwaterowania w Walencji? Valencia Home Youth Hostel jest odpowiednim hostelem dla grup. Oferujemy najlepsze i niedrogie zakwaterowanie w Walencji\u00a0dla Ciebie i Twoich znajomych. Nasz\u00a0zesp\u00f3\u0142 odpowiadaj\u0105cy za rezerwacje grupowe, odpowie Ci na ka\u017cde pytanie i w\u0105tpliwo\u015b\u0107, a nasi pracownicy na miejscu, pomog\u0105 Ci we wszystkim, w trakcie pobytu. Gwarantujemy najlepsze ceny w [&hellip;]<\/p>\n","protected":false},"author":9,"featured_media":848,"parent":0,"menu_order":0,"comment_status":"closed","ping_status":"closed","template":"elementor_header_footer","meta":{"footnotes":""},"class_list":["post-1092","page","type-page","status-publish","has-post-thumbnail","hentry"],"yoast_head":"<!-- This site is optimized with the Yoast SEO plugin v27.4 - https:\/\/yoast.com\/product\/yoast-seo-wordpress\/ -->\n<title>Hostel for Groups Valencia - Home Youth Hostel<\/title>\n<meta name=\"description\" content=\"Hostel for Groups Valencia- Home Youth Hostel Do you need accommodation for groups in Valencia? We offer you safe and affordable accommodation for groups\" \/>\n<meta name=\"robots\" content=\"index, follow, max-snippet:-1, max-image-preview:large, max-video-preview:-1\" \/>\n<link rel=\"canonical\" href=\"https:\/\/homeyouthhostel.com\/pl\/hostel-dla-grup-valencia\/\" \/>\n<meta property=\"og:locale\" content=\"pl_PL\" \/>\n<meta property=\"og:type\" content=\"article\" \/>\n<meta property=\"og:title\" content=\"Hostel for Groups Valencia - Home Youth Hostel\" \/>\n<meta property=\"og:description\" content=\"Hostel for Groups Valencia- Home Youth Hostel Do you need accommodation for groups in Valencia? We offer you safe and affordable accommodation for groups\" \/>\n<meta property=\"og:url\" content=\"https:\/\/homeyouthhostel.com\/pl\/hostel-dla-grup-valencia\/\" \/>\n<meta property=\"og:site_name\" content=\"Home Youth Hostel\" \/>\n<meta property=\"article:publisher\" content=\"https:\/\/www.facebook.com\/HomeYouthHostelValencia\/\" \/>\n<meta property=\"article:modified_time\" content=\"2021-11-30T15:20:24+00:00\" \/>\n<meta property=\"og:image\" content=\"https:\/\/homeyouthhostel.com\/wp-content\/uploads\/2012\/07\/hostelforgroupsinvalencia.jpg\" \/>\n\t<meta property=\"og:image:width\" content=\"1024\" \/>\n\t<meta property=\"og:image:height\" content=\"600\" \/>\n\t<meta property=\"og:image:type\" content=\"image\/jpeg\" \/>\n<meta name=\"twitter:label1\" content=\"Szacowany czas czytania\" \/>\n\t<meta name=\"twitter:data1\" content=\"1 minuta\" \/>\n<script type=\"application\/ld+json\" class=\"yoast-schema-graph\">{\"@context\":\"https:\\\/\\\/schema.org\",\"@graph\":[{\"@type\":\"WebPage\",\"@id\":\"https:\\\/\\\/homeyouthhostel.com\\\/pl\\\/hostel-dla-grup-valencia\\\/\",\"url\":\"https:\\\/\\\/homeyouthhostel.com\\\/pl\\\/hostel-dla-grup-valencia\\\/\",\"name\":\"Hostel for Groups Valencia - Home Youth Hostel\",\"isPartOf\":{\"@id\":\"https:\\\/\\\/homeyouthhostel.com\\\/pl\\\/#website\"},\"primaryImageOfPage\":{\"@id\":\"https:\\\/\\\/homeyouthhostel.com\\\/pl\\\/hostel-dla-grup-valencia\\\/#primaryimage\"},\"image\":{\"@id\":\"https:\\\/\\\/homeyouthhostel.com\\\/pl\\\/hostel-dla-grup-valencia\\\/#primaryimage\"},\"thumbnailUrl\":\"https:\\\/\\\/homeyouthhostel.com\\\/wp-content\\\/uploads\\\/2012\\\/07\\\/hostelforgroupsinvalencia.jpg\",\"datePublished\":\"2012-07-30T06:36:02+00:00\",\"dateModified\":\"2021-11-30T15:20:24+00:00\",\"description\":\"Hostel for Groups Valencia- Home Youth Hostel Do you need accommodation for groups in Valencia? We offer you safe and affordable accommodation for groups\",\"breadcrumb\":{\"@id\":\"https:\\\/\\\/homeyouthhostel.com\\\/pl\\\/hostel-dla-grup-valencia\\\/#breadcrumb\"},\"inLanguage\":\"pl-PL\",\"potentialAction\":[{\"@type\":\"ReadAction\",\"target\":[\"https:\\\/\\\/homeyouthhostel.com\\\/pl\\\/hostel-dla-grup-valencia\\\/\"]}]},{\"@type\":\"ImageObject\",\"inLanguage\":\"pl-PL\",\"@id\":\"https:\\\/\\\/homeyouthhostel.com\\\/pl\\\/hostel-dla-grup-valencia\\\/#primaryimage\",\"url\":\"https:\\\/\\\/homeyouthhostel.com\\\/wp-content\\\/uploads\\\/2012\\\/07\\\/hostelforgroupsinvalencia.jpg\",\"contentUrl\":\"https:\\\/\\\/homeyouthhostel.com\\\/wp-content\\\/uploads\\\/2012\\\/07\\\/hostelforgroupsinvalencia.jpg\",\"width\":1024,\"height\":600,\"caption\":\"Hostel for Groups in Valencia\"},{\"@type\":\"BreadcrumbList\",\"@id\":\"https:\\\/\\\/homeyouthhostel.com\\\/pl\\\/hostel-dla-grup-valencia\\\/#breadcrumb\",\"itemListElement\":[{\"@type\":\"ListItem\",\"position\":1,\"name\":\"Home\",\"item\":\"https:\\\/\\\/homeyouthhostel.com\\\/pl\\\/\"},{\"@type\":\"ListItem\",\"position\":2,\"name\":\"Hostel dla Grup. Home Youth Valencia\"}]},{\"@type\":\"WebSite\",\"@id\":\"https:\\\/\\\/homeyouthhostel.com\\\/pl\\\/#website\",\"url\":\"https:\\\/\\\/homeyouthhostel.com\\\/pl\\\/\",\"name\":\"H\u00f4me Youth Hostel Valencia\",\"description\":\"Tagline\",\"publisher\":{\"@id\":\"https:\\\/\\\/homeyouthhostel.com\\\/pl\\\/#organization\"},\"potentialAction\":[{\"@type\":\"SearchAction\",\"target\":{\"@type\":\"EntryPoint\",\"urlTemplate\":\"https:\\\/\\\/homeyouthhostel.com\\\/pl\\\/?s={search_term_string}\"},\"query-input\":{\"@type\":\"PropertyValueSpecification\",\"valueRequired\":true,\"valueName\":\"search_term_string\"}}],\"inLanguage\":\"pl-PL\"},{\"@type\":\"Organization\",\"@id\":\"https:\\\/\\\/homeyouthhostel.com\\\/pl\\\/#organization\",\"name\":\"H\u00f4me Youth Hostel Valencia\",\"url\":\"https:\\\/\\\/homeyouthhostel.com\\\/pl\\\/\",\"logo\":{\"@type\":\"ImageObject\",\"inLanguage\":\"pl-PL\",\"@id\":\"https:\\\/\\\/homeyouthhostel.com\\\/pl\\\/#\\\/schema\\\/logo\\\/image\\\/\",\"url\":\"https:\\\/\\\/homeyouthhostel.com\\\/wp-content\\\/uploads\\\/2016\\\/10\\\/logopng.png\",\"contentUrl\":\"https:\\\/\\\/homeyouthhostel.com\\\/wp-content\\\/uploads\\\/2016\\\/10\\\/logopng.png\",\"width\":400,\"height\":259,\"caption\":\"H\u00f4me Youth Hostel Valencia\"},\"image\":{\"@id\":\"https:\\\/\\\/homeyouthhostel.com\\\/pl\\\/#\\\/schema\\\/logo\\\/image\\\/\"},\"sameAs\":[\"https:\\\/\\\/www.facebook.com\\\/HomeYouthHostelValencia\\\/\",\"https:\\\/\\\/x.com\\\/HomeYouthHostel\",\"https:\\\/\\\/www.instagram.com\\\/homeyouthhostelvalencia\\\/\",\"https:\\\/\\\/linkedin.com\\\/company\\\/homeyouthhostelvalencia\",\"https:\\\/\\\/www.youtube.com\\\/channel\\\/UC1RgdaIHNQP2CsgZakYFBhQ\"]}]}<\/script>\n<!-- \/ Yoast SEO plugin. -->","yoast_head_json":{"title":"Hostel for Groups Valencia - Home Youth Hostel","description":"Hostel for Groups Valencia- Home Youth Hostel Do you need accommodation for groups in Valencia? We offer you safe and affordable accommodation for groups","robots":{"index":"index","follow":"follow","max-snippet":"max-snippet:-1","max-image-preview":"max-image-preview:large","max-video-preview":"max-video-preview:-1"},"canonical":"https:\/\/homeyouthhostel.com\/pl\/hostel-dla-grup-valencia\/","og_locale":"pl_PL","og_type":"article","og_title":"Hostel for Groups Valencia - Home Youth Hostel","og_description":"Hostel for Groups Valencia- Home Youth Hostel Do you need accommodation for groups in Valencia? We offer you safe and affordable accommodation for groups","og_url":"https:\/\/homeyouthhostel.com\/pl\/hostel-dla-grup-valencia\/","og_site_name":"Home Youth Hostel","article_publisher":"https:\/\/www.facebook.com\/HomeYouthHostelValencia\/","article_modified_time":"2021-11-30T15:20:24+00:00","og_image":[{"width":1024,"height":600,"url":"https:\/\/homeyouthhostel.com\/wp-content\/uploads\/2012\/07\/hostelforgroupsinvalencia.jpg","type":"image\/jpeg"}],"twitter_misc":{"Szacowany czas czytania":"1 minuta"},"schema":{"@context":"https:\/\/schema.org","@graph":[{"@type":"WebPage","@id":"https:\/\/homeyouthhostel.com\/pl\/hostel-dla-grup-valencia\/","url":"https:\/\/homeyouthhostel.com\/pl\/hostel-dla-grup-valencia\/","name":"Hostel for Groups Valencia - Home Youth Hostel","isPartOf":{"@id":"https:\/\/homeyouthhostel.com\/pl\/#website"},"primaryImageOfPage":{"@id":"https:\/\/homeyouthhostel.com\/pl\/hostel-dla-grup-valencia\/#primaryimage"},"image":{"@id":"https:\/\/homeyouthhostel.com\/pl\/hostel-dla-grup-valencia\/#primaryimage"},"thumbnailUrl":"https:\/\/homeyouthhostel.com\/wp-content\/uploads\/2012\/07\/hostelforgroupsinvalencia.jpg","datePublished":"2012-07-30T06:36:02+00:00","dateModified":"2021-11-30T15:20:24+00:00","description":"Hostel for Groups Valencia- Home Youth Hostel Do you need accommodation for groups in Valencia? We offer you safe and affordable accommodation for groups","breadcrumb":{"@id":"https:\/\/homeyouthhostel.com\/pl\/hostel-dla-grup-valencia\/#breadcrumb"},"inLanguage":"pl-PL","potentialAction":[{"@type":"ReadAction","target":["https:\/\/homeyouthhostel.com\/pl\/hostel-dla-grup-valencia\/"]}]},{"@type":"ImageObject","inLanguage":"pl-PL","@id":"https:\/\/homeyouthhostel.com\/pl\/hostel-dla-grup-valencia\/#primaryimage","url":"https:\/\/homeyouthhostel.com\/wp-content\/uploads\/2012\/07\/hostelforgroupsinvalencia.jpg","contentUrl":"https:\/\/homeyouthhostel.com\/wp-content\/uploads\/2012\/07\/hostelforgroupsinvalencia.jpg","width":1024,"height":600,"caption":"Hostel for Groups in Valencia"},{"@type":"BreadcrumbList","@id":"https:\/\/homeyouthhostel.com\/pl\/hostel-dla-grup-valencia\/#breadcrumb","itemListElement":[{"@type":"ListItem","position":1,"name":"Home","item":"https:\/\/homeyouthhostel.com\/pl\/"},{"@type":"ListItem","position":2,"name":"Hostel dla Grup. Home Youth Valencia"}]},{"@type":"WebSite","@id":"https:\/\/homeyouthhostel.com\/pl\/#website","url":"https:\/\/homeyouthhostel.com\/pl\/","name":"H\u00f4me Youth Hostel Valencia","description":"Tagline","publisher":{"@id":"https:\/\/homeyouthhostel.com\/pl\/#organization"},"potentialAction":[{"@type":"SearchAction","target":{"@type":"EntryPoint","urlTemplate":"https:\/\/homeyouthhostel.com\/pl\/?s={search_term_string}"},"query-input":{"@type":"PropertyValueSpecification","valueRequired":true,"valueName":"search_term_string"}}],"inLanguage":"pl-PL"},{"@type":"Organization","@id":"https:\/\/homeyouthhostel.com\/pl\/#organization","name":"H\u00f4me Youth Hostel Valencia","url":"https:\/\/homeyouthhostel.com\/pl\/","logo":{"@type":"ImageObject","inLanguage":"pl-PL","@id":"https:\/\/homeyouthhostel.com\/pl\/#\/schema\/logo\/image\/","url":"https:\/\/homeyouthhostel.com\/wp-content\/uploads\/2016\/10\/logopng.png","contentUrl":"https:\/\/homeyouthhostel.com\/wp-content\/uploads\/2016\/10\/logopng.png","width":400,"height":259,"caption":"H\u00f4me Youth Hostel Valencia"},"image":{"@id":"https:\/\/homeyouthhostel.com\/pl\/#\/schema\/logo\/image\/"},"sameAs":["https:\/\/www.facebook.com\/HomeYouthHostelValencia\/","https:\/\/x.com\/HomeYouthHostel","https:\/\/www.instagram.com\/homeyouthhostelvalencia\/","https:\/\/linkedin.com\/company\/homeyouthhostelvalencia","https:\/\/www.youtube.com\/channel\/UC1RgdaIHNQP2CsgZakYFBhQ"]}]}},"_links":{"self":[{"href":"https:\/\/homeyouthhostel.com\/pl\/wp-json\/wp\/v2\/pages\/1092","targetHints":{"allow":["GET"]}}],"collection":[{"href":"https:\/\/homeyouthhostel.com\/pl\/wp-json\/wp\/v2\/pages"}],"about":[{"href":"https:\/\/homeyouthhostel.com\/pl\/wp-json\/wp\/v2\/types\/page"}],"author":[{"embeddable":true,"href":"https:\/\/homeyouthhostel.com\/pl\/wp-json\/wp\/v2\/users\/9"}],"replies":[{"embeddable":true,"href":"https:\/\/homeyouthhostel.com\/pl\/wp-json\/wp\/v2\/comments?post=1092"}],"version-history":[{"count":0,"href":"https:\/\/homeyouthhostel.com\/pl\/wp-json\/wp\/v2\/pages\/1092\/revisions"}],"wp:featuredmedia":[{"embeddable":true,"href":"https:\/\/homeyouthhostel.com\/pl\/wp-json\/wp\/v2\/media\/848"}],"wp:attachment":[{"href":"https:\/\/homeyouthhostel.com\/pl\/wp-json\/wp\/v2\/media?parent=1092"}],"curies":[{"name":"wp","href":"https:\/\/api.w.org\/{rel}","templated":true}]}}