{"id":6079,"date":"2012-10-24T14:43:32","date_gmt":"2012-10-24T12:43:32","guid":{"rendered":"https:\/\/homeyouthhostel.com\/jeugdherberg-in-valencia-voor-fallas\/"},"modified":"2023-11-15T16:11:17","modified_gmt":"2023-11-15T15:11:17","slug":"jeugdherberg-in-valencia-voor-fallas","status":"publish","type":"page","link":"https:\/\/homeyouthhostel.com\/nl\/jeugdherberg-in-valencia-voor-fallas\/","title":{"rendered":"Jeugdherberg in Valencia voor Fallas"},"content":{"rendered":"\n<h1 class=\"wp-block-heading\">Kom je in Fallas naar Valencia?<\/h1>\n\n<h3 class=\"wp-block-heading\">Ben je op zoek naar een goedkope jeugdherberg voor Fallas?<\/h3>\n\n<p>Wij bieden je een perfecte accommodatie voor Fallas, hier in Home Youth Hostel kun je genieten van dit beroemde evenement. Er is geen betere plek om te verblijven tijdens deze lokale feestdag, want wij bevinden ons in het hart van de evenementen van het Fallas festival.<\/p>\n\n<h3 class=\"wp-block-heading\">Over H\u00f4me Jeugdherberg Valencia<\/h3>\n\n<p>Ons hostel is de meest centrale jeugdherberg in Valencia en ligt naast de Zijdemarkt en de Centrale Markt van Valencia. Bovendien is het modern ontworpen, zeer kleurrijk, met ruime kamers zonder stapelbedden. Je zult hier altijd een vriendelijke sfeer voelen. Hier kun je een virtuele rondleiding maken van 360% in onze jeugdherberg in Valencia.<\/p>\n\n<p>Klik hier voor meer informatie over de kamers.<\/p>\n\n<h3 class=\"wp-block-heading\">Wat zijn de Fallas-feesten in Valencia?<\/h3>\n\n<p>Fallas is het belangrijkste en leukste festival in de stad Valencia. Het is ook een van de beroemdste Spaanse festivals en daarom is het moeilijk om in deze periode een goede en goedkope accommodatie te vinden. De plaatsen in de hostels in het centrum van Valencia en de omliggende gebieden zijn al maanden voor Fallas uitverkocht, dus we raden je aan om je hostel in Valencia voor Fallas hier van tevoren te boeken.<\/p>\n\n<h3 class=\"wp-block-heading\">Waarom bij ons boeken?<\/h3>\n\n<p>H\u00f4me Youth Hostel ligt op loopafstand van de Masclet\u00e1 op het Plaza del Ayuntamiento (Hoofdplein), de Ofrenda op het Plaza de la Virgen en het vuurwerk in de Turia. Je kunt ook de monumenten van de beroemdste falleras bezoeken.<\/p>\n\n<p>De belangrijkste evenementen en Fallas vinden plaats in de oude binnenstad van Valencia, vlak naast ons hostel!<\/p>\n\n<h3 class=\"wp-block-heading\">Waarom de Fallas van Valencia bezoeken?<\/h3>\n\n<p>Fallas zijn een unieke ervaring vol geluid, kleur en vrolijkheid die je minstens \u00e9\u00e9n keer in je leven moet zien en beleven. Fallas zorgt ervoor dat de stad lijkt te branden van vuurwerk en rotjes die door kinderen en volwassenen worden afgestoken. Verschillende optochten, veel mensen op straat, kleurrijke lichtjes overal in de stad, paellawedstrijden en prachtige shows zorgen voor een verbazingwekkende en onvergetelijke sfeer.<\/p>\n\n<h3 class=\"wp-block-heading\">Op welke datum worden de fallas van Valencia gevierd?<\/h3>\n\n<p>De Fallas beginnen op 15 maart tot 19 maart waar je kunt genieten van ratif\u00edcal vuren, masclet\u00e1s, ofrenda, crem\u00e1, parades en nog veel meer. Het is een feest vol kleuren en vuurkastelen dat je niet mag missen als je in de hostels van H\u00f4me Hostels Valencia verblijft. Elke buurt of wijk is georganiseerd in comit\u00e9s die &#8220;Casal Fallero&#8221; worden genoemd en die het benodigde geld bijeenbrengen om de Fallas te bouwen.<\/p>\n\n<h3 class=\"wp-block-heading\">De beste jeugdherberg in Valencia voor Fallas<\/h3>\n\n<p>Als je op zoek bent naar de beste plek om te verblijven tijdens Fallas, mis dan niet de kans om naar H\u00f4me Youth Hostel te komen, gelegen in het oude stadscentrum waar de belangrijkste evenementen van Fallas plaatsvinden.<\/p>\n\n<p>In H\u00f4me Youth Hostel Valencia vind je comfortabele en schone kamers voor een redelijke prijs met een gemoedelijke en familiaire sfeer.<\/p>\n\n<p>H\u00f4me Backpackers Hostel behoort tot H\u00f4me Hostels Valencia, lees meer op onze website.<\/p>\n","protected":false},"excerpt":{"rendered":"<p>Kom je in Fallas naar Valencia? Ben je op zoek naar een goedkope jeugdherberg voor Fallas? Wij bieden je een perfecte accommodatie voor Fallas, hier in Home Youth Hostel kun je genieten van dit beroemde evenement. Er is geen betere plek om te verblijven tijdens deze lokale feestdag, want wij bevinden ons in het hart [&hellip;]<\/p>\n","protected":false},"author":9,"featured_media":0,"parent":0,"menu_order":0,"comment_status":"closed","ping_status":"closed","template":"","meta":{"footnotes":""},"class_list":["post-6079","page","type-page","status-publish","hentry"],"yoast_head":"<!-- This site is optimized with the Yoast SEO plugin v27.4 - https:\/\/yoast.com\/product\/yoast-seo-wordpress\/ -->\n<title>Jeugdherberg in Valencia voor Fallas \u2764\ufe0f\u200d\ud83d\udd25 Boek een bed Falla Valencia<\/title>\n<meta name=\"description\" content=\"Ben je op zoek naar een jeugdherberg voor Fallas? Een goedkope jeugdherberg voor Fallas in Valencia? Wij bieden je een goedkope jeugdherberg in Valencia voor Fallas \ud83d\udd25\" \/>\n<meta name=\"robots\" content=\"index, follow, max-snippet:-1, max-image-preview:large, max-video-preview:-1\" \/>\n<link rel=\"canonical\" href=\"https:\/\/homeyouthhostel.com\/nl\/jeugdherberg-in-valencia-voor-fallas\/\" \/>\n<meta property=\"og:locale\" content=\"nl_NL\" \/>\n<meta property=\"og:type\" content=\"article\" \/>\n<meta property=\"og:title\" content=\"Jeugdherberg in Valencia voor Fallas \ud83d\udd25\ud83d\udd25\ud83d\udd25 Boek een bed voor Fallas in Valencia tegen de beste prijs in het centrum van de stad\" \/>\n<meta property=\"og:description\" content=\"Kom je naar Fallas in Valencia? Ben je op zoek naar een goedkope jeugdherberg voor Fallas? Wij bieden je een perfecte accommodatie voor Fallas, hier in Home Youth Hostel kun je genieten van dit beroemde evenement. Er is geen betere plek om te verblijven tijdens deze lokale feestdag, want wij bevinden ons in het hart van de evenementen van het Fallas festival.\" \/>\n<meta property=\"og:url\" content=\"https:\/\/homeyouthhostel.com\/nl\/jeugdherberg-in-valencia-voor-fallas\/\" \/>\n<meta property=\"og:site_name\" content=\"H\u00f4me Youth Hostel Valencia\" \/>\n<meta property=\"article:publisher\" content=\"https:\/\/www.facebook.com\/HomeYouthHostelValencia\/\" \/>\n<meta property=\"article:modified_time\" content=\"2023-11-15T15:11:17+00:00\" \/>\n<meta property=\"og:image\" content=\"https:\/\/homeyouthhostel.com\/wp-content\/uploads\/2012\/10\/hostelforfallasinvalencia.jpg\" \/>\n<meta name=\"twitter:label1\" content=\"Geschatte leestijd\" \/>\n\t<meta name=\"twitter:data1\" content=\"3 minuten\" \/>\n<script type=\"application\/ld+json\" class=\"yoast-schema-graph\">{\"@context\":\"https:\\\/\\\/schema.org\",\"@graph\":[{\"@type\":\"WebPage\",\"@id\":\"https:\\\/\\\/homeyouthhostel.com\\\/nl\\\/jeugdherberg-in-valencia-voor-fallas\\\/\",\"url\":\"https:\\\/\\\/homeyouthhostel.com\\\/nl\\\/jeugdherberg-in-valencia-voor-fallas\\\/\",\"name\":\"Jeugdherberg in Valencia voor Fallas \u2764\ufe0f\u200d\ud83d\udd25 Boek een bed Falla Valencia\",\"isPartOf\":{\"@id\":\"https:\\\/\\\/homeyouthhostel.com\\\/nl\\\/#website\"},\"datePublished\":\"2012-10-24T12:43:32+00:00\",\"dateModified\":\"2023-11-15T15:11:17+00:00\",\"description\":\"Ben je op zoek naar een jeugdherberg voor Fallas? Een goedkope jeugdherberg voor Fallas in Valencia? Wij bieden je een goedkope jeugdherberg in Valencia voor Fallas \ud83d\udd25\",\"breadcrumb\":{\"@id\":\"https:\\\/\\\/homeyouthhostel.com\\\/nl\\\/jeugdherberg-in-valencia-voor-fallas\\\/#breadcrumb\"},\"inLanguage\":\"nl-NL\",\"potentialAction\":[{\"@type\":\"ReadAction\",\"target\":[\"https:\\\/\\\/homeyouthhostel.com\\\/nl\\\/jeugdherberg-in-valencia-voor-fallas\\\/\"]}]},{\"@type\":\"BreadcrumbList\",\"@id\":\"https:\\\/\\\/homeyouthhostel.com\\\/nl\\\/jeugdherberg-in-valencia-voor-fallas\\\/#breadcrumb\",\"itemListElement\":[{\"@type\":\"ListItem\",\"position\":1,\"name\":\"Home\",\"item\":\"https:\\\/\\\/homeyouthhostel.com\\\/nl\\\/\"},{\"@type\":\"ListItem\",\"position\":2,\"name\":\"Jeugdherberg in Valencia voor Fallas\"}]},{\"@type\":\"WebSite\",\"@id\":\"https:\\\/\\\/homeyouthhostel.com\\\/nl\\\/#website\",\"url\":\"https:\\\/\\\/homeyouthhostel.com\\\/nl\\\/\",\"name\":\"H\u00f4me Youth Hostel Valencia\",\"description\":\"Are you looking for a cheap lodging in Valencia? Come to H\u00f4me Youth Hostel Valencia!\",\"publisher\":{\"@id\":\"https:\\\/\\\/homeyouthhostel.com\\\/nl\\\/#organization\"},\"potentialAction\":[{\"@type\":\"SearchAction\",\"target\":{\"@type\":\"EntryPoint\",\"urlTemplate\":\"https:\\\/\\\/homeyouthhostel.com\\\/nl\\\/?s={search_term_string}\"},\"query-input\":{\"@type\":\"PropertyValueSpecification\",\"valueRequired\":true,\"valueName\":\"search_term_string\"}}],\"inLanguage\":\"nl-NL\"},{\"@type\":\"Organization\",\"@id\":\"https:\\\/\\\/homeyouthhostel.com\\\/nl\\\/#organization\",\"name\":\"H\u00f4me Youth Hostel Valencia\",\"url\":\"https:\\\/\\\/homeyouthhostel.com\\\/nl\\\/\",\"logo\":{\"@type\":\"ImageObject\",\"inLanguage\":\"nl-NL\",\"@id\":\"https:\\\/\\\/homeyouthhostel.com\\\/nl\\\/#\\\/schema\\\/logo\\\/image\\\/\",\"url\":\"https:\\\/\\\/homeyouthhostel.com\\\/wp-content\\\/uploads\\\/2016\\\/10\\\/logopng.png\",\"contentUrl\":\"https:\\\/\\\/homeyouthhostel.com\\\/wp-content\\\/uploads\\\/2016\\\/10\\\/logopng.png\",\"width\":400,\"height\":259,\"caption\":\"H\u00f4me Youth Hostel Valencia\"},\"image\":{\"@id\":\"https:\\\/\\\/homeyouthhostel.com\\\/nl\\\/#\\\/schema\\\/logo\\\/image\\\/\"},\"sameAs\":[\"https:\\\/\\\/www.facebook.com\\\/HomeYouthHostelValencia\\\/\",\"https:\\\/\\\/x.com\\\/HomeYouthHostel\",\"https:\\\/\\\/www.instagram.com\\\/homeyouthhostelvalencia\\\/\",\"https:\\\/\\\/linkedin.com\\\/company\\\/homeyouthhostelvalencia\",\"https:\\\/\\\/www.youtube.com\\\/channel\\\/UC1RgdaIHNQP2CsgZakYFBhQ\"]}]}<\/script>\n<!-- \/ Yoast SEO plugin. -->","yoast_head_json":{"title":"Jeugdherberg in Valencia voor Fallas \u2764\ufe0f\u200d\ud83d\udd25 Boek een bed Falla Valencia","description":"Ben je op zoek naar een jeugdherberg voor Fallas? Een goedkope jeugdherberg voor Fallas in Valencia? Wij bieden je een goedkope jeugdherberg in Valencia voor Fallas \ud83d\udd25","robots":{"index":"index","follow":"follow","max-snippet":"max-snippet:-1","max-image-preview":"max-image-preview:large","max-video-preview":"max-video-preview:-1"},"canonical":"https:\/\/homeyouthhostel.com\/nl\/jeugdherberg-in-valencia-voor-fallas\/","og_locale":"nl_NL","og_type":"article","og_title":"Jeugdherberg in Valencia voor Fallas \ud83d\udd25\ud83d\udd25\ud83d\udd25 Boek een bed voor Fallas in Valencia tegen de beste prijs in het centrum van de stad","og_description":"Kom je naar Fallas in Valencia? Ben je op zoek naar een goedkope jeugdherberg voor Fallas? Wij bieden je een perfecte accommodatie voor Fallas, hier in Home Youth Hostel kun je genieten van dit beroemde evenement. Er is geen betere plek om te verblijven tijdens deze lokale feestdag, want wij bevinden ons in het hart van de evenementen van het Fallas festival.","og_url":"https:\/\/homeyouthhostel.com\/nl\/jeugdherberg-in-valencia-voor-fallas\/","og_site_name":"H\u00f4me Youth Hostel Valencia","article_publisher":"https:\/\/www.facebook.com\/HomeYouthHostelValencia\/","article_modified_time":"2023-11-15T15:11:17+00:00","og_image":[{"url":"https:\/\/homeyouthhostel.com\/wp-content\/uploads\/2012\/10\/hostelforfallasinvalencia.jpg","type":"","width":"","height":""}],"twitter_misc":{"Geschatte leestijd":"3 minuten"},"schema":{"@context":"https:\/\/schema.org","@graph":[{"@type":"WebPage","@id":"https:\/\/homeyouthhostel.com\/nl\/jeugdherberg-in-valencia-voor-fallas\/","url":"https:\/\/homeyouthhostel.com\/nl\/jeugdherberg-in-valencia-voor-fallas\/","name":"Jeugdherberg in Valencia voor Fallas \u2764\ufe0f\u200d\ud83d\udd25 Boek een bed Falla Valencia","isPartOf":{"@id":"https:\/\/homeyouthhostel.com\/nl\/#website"},"datePublished":"2012-10-24T12:43:32+00:00","dateModified":"2023-11-15T15:11:17+00:00","description":"Ben je op zoek naar een jeugdherberg voor Fallas? Een goedkope jeugdherberg voor Fallas in Valencia? Wij bieden je een goedkope jeugdherberg in Valencia voor Fallas \ud83d\udd25","breadcrumb":{"@id":"https:\/\/homeyouthhostel.com\/nl\/jeugdherberg-in-valencia-voor-fallas\/#breadcrumb"},"inLanguage":"nl-NL","potentialAction":[{"@type":"ReadAction","target":["https:\/\/homeyouthhostel.com\/nl\/jeugdherberg-in-valencia-voor-fallas\/"]}]},{"@type":"BreadcrumbList","@id":"https:\/\/homeyouthhostel.com\/nl\/jeugdherberg-in-valencia-voor-fallas\/#breadcrumb","itemListElement":[{"@type":"ListItem","position":1,"name":"Home","item":"https:\/\/homeyouthhostel.com\/nl\/"},{"@type":"ListItem","position":2,"name":"Jeugdherberg in Valencia voor Fallas"}]},{"@type":"WebSite","@id":"https:\/\/homeyouthhostel.com\/nl\/#website","url":"https:\/\/homeyouthhostel.com\/nl\/","name":"H\u00f4me Youth Hostel Valencia","description":"Are you looking for a cheap lodging in Valencia? Come to H\u00f4me Youth Hostel Valencia!","publisher":{"@id":"https:\/\/homeyouthhostel.com\/nl\/#organization"},"potentialAction":[{"@type":"SearchAction","target":{"@type":"EntryPoint","urlTemplate":"https:\/\/homeyouthhostel.com\/nl\/?s={search_term_string}"},"query-input":{"@type":"PropertyValueSpecification","valueRequired":true,"valueName":"search_term_string"}}],"inLanguage":"nl-NL"},{"@type":"Organization","@id":"https:\/\/homeyouthhostel.com\/nl\/#organization","name":"H\u00f4me Youth Hostel Valencia","url":"https:\/\/homeyouthhostel.com\/nl\/","logo":{"@type":"ImageObject","inLanguage":"nl-NL","@id":"https:\/\/homeyouthhostel.com\/nl\/#\/schema\/logo\/image\/","url":"https:\/\/homeyouthhostel.com\/wp-content\/uploads\/2016\/10\/logopng.png","contentUrl":"https:\/\/homeyouthhostel.com\/wp-content\/uploads\/2016\/10\/logopng.png","width":400,"height":259,"caption":"H\u00f4me Youth Hostel Valencia"},"image":{"@id":"https:\/\/homeyouthhostel.com\/nl\/#\/schema\/logo\/image\/"},"sameAs":["https:\/\/www.facebook.com\/HomeYouthHostelValencia\/","https:\/\/x.com\/HomeYouthHostel","https:\/\/www.instagram.com\/homeyouthhostelvalencia\/","https:\/\/linkedin.com\/company\/homeyouthhostelvalencia","https:\/\/www.youtube.com\/channel\/UC1RgdaIHNQP2CsgZakYFBhQ"]}]}},"_links":{"self":[{"href":"https:\/\/homeyouthhostel.com\/nl\/wp-json\/wp\/v2\/pages\/6079","targetHints":{"allow":["GET"]}}],"collection":[{"href":"https:\/\/homeyouthhostel.com\/nl\/wp-json\/wp\/v2\/pages"}],"about":[{"href":"https:\/\/homeyouthhostel.com\/nl\/wp-json\/wp\/v2\/types\/page"}],"author":[{"embeddable":true,"href":"https:\/\/homeyouthhostel.com\/nl\/wp-json\/wp\/v2\/users\/9"}],"replies":[{"embeddable":true,"href":"https:\/\/homeyouthhostel.com\/nl\/wp-json\/wp\/v2\/comments?post=6079"}],"version-history":[{"count":0,"href":"https:\/\/homeyouthhostel.com\/nl\/wp-json\/wp\/v2\/pages\/6079\/revisions"}],"wp:attachment":[{"href":"https:\/\/homeyouthhostel.com\/nl\/wp-json\/wp\/v2\/media?parent=6079"}],"curies":[{"name":"wp","href":"https:\/\/api.w.org\/{rel}","templated":true}]}}