{"id":603,"date":"2012-08-16T08:16:32","date_gmt":"2012-08-16T06:16:32","guid":{"rendered":"http:\/\/www.homeyouthhostel.com\/?page_id=603"},"modified":"2023-12-28T16:35:01","modified_gmt":"2023-12-28T15:35:01","slug":"prenotazione","status":"publish","type":"page","link":"https:\/\/homeyouthhostel.com\/it\/prenotazione\/","title":{"rendered":"Prenotazione H\u00f4me Youth Hostel Valencia"},"content":{"rendered":"\n<p><\/p>\n\n<iframe src=\"https:\/\/feetup-youth-hostel-dot-feetup-hotels.appspot.com\/booking1\/?adultsRoom1=1&#038;language=english\" width=\"100%\" height=\"1800px\" style=\"border:0;\"><\/iframe>\r\n","protected":false},"excerpt":{"rendered":"","protected":false},"author":9,"featured_media":2867,"parent":0,"menu_order":0,"comment_status":"open","ping_status":"open","template":"","meta":{"footnotes":""},"class_list":["post-603","page","type-page","status-publish","has-post-thumbnail","hentry"],"yoast_head":"<!-- This site is optimized with the Yoast SEO plugin v27.3 - https:\/\/yoast.com\/product\/yoast-seo-wordpress\/ -->\n<title>PRENOTARE H\u00f4me Youth Hostel Valencia \u30102024 Prezzi aggiornati\u3011<\/title>\n<meta name=\"description\" content=\"Prenotazione H\u00f4me Youth Hostel Valencia. Vedi prezzi e disponibilit\u00e0 in un alloggio sicuro, pulito, accogliente e soprattutto economico a Valencia\" \/>\n<meta name=\"robots\" content=\"index, follow, max-snippet:-1, max-image-preview:large, max-video-preview:-1\" \/>\n<link rel=\"canonical\" href=\"https:\/\/homeyouthhostel.com\/it\/prenotazione\/\" \/>\n<meta property=\"og:locale\" content=\"it_IT\" \/>\n<meta property=\"og:type\" content=\"article\" \/>\n<meta property=\"og:title\" content=\"Prenotazione Ostello della Giovent\u00f9 H\u00f4me Valencia\" \/>\n<meta property=\"og:description\" content=\"Prenotazione H\u00f4me Youth Hostel Valencia. Vedi prezzi e disponibilit\u00e0 in un alloggio sicuro, pulito, accogliente e soprattutto economico a Valencia\" \/>\n<meta property=\"og:url\" content=\"https:\/\/homeyouthhostel.com\/it\/prenotazione\/\" \/>\n<meta property=\"og:site_name\" content=\"Home Youth Hostel\" \/>\n<meta property=\"article:publisher\" content=\"https:\/\/www.facebook.com\/HomeYouthHostelValencia\/\" \/>\n<meta property=\"article:modified_time\" content=\"2023-12-28T15:35:01+00:00\" \/>\n<meta property=\"og:image\" content=\"https:\/\/homeyouthhostel.com\/wp-content\/uploads\/2012\/07\/108rooms-home-youth-hostel-valencia.jpg\" \/>\n\t<meta property=\"og:image:width\" content=\"1024\" \/>\n\t<meta property=\"og:image:height\" content=\"768\" \/>\n\t<meta property=\"og:image:type\" content=\"image\/jpeg\" \/>\n<meta name=\"twitter:label1\" content=\"Tempo di lettura stimato\" \/>\n\t<meta name=\"twitter:data1\" content=\"1 minuto\" \/>\n<script type=\"application\/ld+json\" class=\"yoast-schema-graph\">{\"@context\":\"https:\\\/\\\/schema.org\",\"@graph\":[{\"@type\":\"WebPage\",\"@id\":\"https:\\\/\\\/homeyouthhostel.com\\\/it\\\/prenotazione\\\/\",\"url\":\"https:\\\/\\\/homeyouthhostel.com\\\/it\\\/prenotazione\\\/\",\"name\":\"PRENOTARE H\u00f4me Youth Hostel Valencia \u30102024 Prezzi aggiornati\u3011\",\"isPartOf\":{\"@id\":\"https:\\\/\\\/homeyouthhostel.com\\\/it\\\/#website\"},\"primaryImageOfPage\":{\"@id\":\"https:\\\/\\\/homeyouthhostel.com\\\/it\\\/prenotazione\\\/#primaryimage\"},\"image\":{\"@id\":\"https:\\\/\\\/homeyouthhostel.com\\\/it\\\/prenotazione\\\/#primaryimage\"},\"thumbnailUrl\":\"https:\\\/\\\/homeyouthhostel.com\\\/wp-content\\\/uploads\\\/2012\\\/07\\\/108rooms-home-youth-hostel-valencia.jpg\",\"datePublished\":\"2012-08-16T06:16:32+00:00\",\"dateModified\":\"2023-12-28T15:35:01+00:00\",\"description\":\"Prenotazione H\u00f4me Youth Hostel Valencia. Vedi prezzi e disponibilit\u00e0 in un alloggio sicuro, pulito, accogliente e soprattutto economico a Valencia\",\"breadcrumb\":{\"@id\":\"https:\\\/\\\/homeyouthhostel.com\\\/it\\\/prenotazione\\\/#breadcrumb\"},\"inLanguage\":\"it-IT\",\"potentialAction\":[{\"@type\":\"ReadAction\",\"target\":[\"https:\\\/\\\/homeyouthhostel.com\\\/it\\\/prenotazione\\\/\"]}]},{\"@type\":\"ImageObject\",\"inLanguage\":\"it-IT\",\"@id\":\"https:\\\/\\\/homeyouthhostel.com\\\/it\\\/prenotazione\\\/#primaryimage\",\"url\":\"https:\\\/\\\/homeyouthhostel.com\\\/wp-content\\\/uploads\\\/2012\\\/07\\\/108rooms-home-youth-hostel-valencia.jpg\",\"contentUrl\":\"https:\\\/\\\/homeyouthhostel.com\\\/wp-content\\\/uploads\\\/2012\\\/07\\\/108rooms-home-youth-hostel-valencia.jpg\",\"width\":1024,\"height\":768,\"caption\":\"Booking H\u00f4me Youth Hostel Valencia\"},{\"@type\":\"BreadcrumbList\",\"@id\":\"https:\\\/\\\/homeyouthhostel.com\\\/it\\\/prenotazione\\\/#breadcrumb\",\"itemListElement\":[{\"@type\":\"ListItem\",\"position\":1,\"name\":\"Home\",\"item\":\"https:\\\/\\\/homeyouthhostel.com\\\/it\\\/\"},{\"@type\":\"ListItem\",\"position\":2,\"name\":\"Prenotazione H\u00f4me Youth Hostel Valencia\"}]},{\"@type\":\"WebSite\",\"@id\":\"https:\\\/\\\/homeyouthhostel.com\\\/it\\\/#website\",\"url\":\"https:\\\/\\\/homeyouthhostel.com\\\/it\\\/\",\"name\":\"H\u00f4me Youth Hostel Valencia\",\"description\":\"Messaggio Personale\",\"publisher\":{\"@id\":\"https:\\\/\\\/homeyouthhostel.com\\\/it\\\/#organization\"},\"potentialAction\":[{\"@type\":\"SearchAction\",\"target\":{\"@type\":\"EntryPoint\",\"urlTemplate\":\"https:\\\/\\\/homeyouthhostel.com\\\/it\\\/?s={search_term_string}\"},\"query-input\":{\"@type\":\"PropertyValueSpecification\",\"valueRequired\":true,\"valueName\":\"search_term_string\"}}],\"inLanguage\":\"it-IT\"},{\"@type\":\"Organization\",\"@id\":\"https:\\\/\\\/homeyouthhostel.com\\\/it\\\/#organization\",\"name\":\"H\u00f4me Youth Hostel Valencia\",\"url\":\"https:\\\/\\\/homeyouthhostel.com\\\/it\\\/\",\"logo\":{\"@type\":\"ImageObject\",\"inLanguage\":\"it-IT\",\"@id\":\"https:\\\/\\\/homeyouthhostel.com\\\/it\\\/#\\\/schema\\\/logo\\\/image\\\/\",\"url\":\"https:\\\/\\\/homeyouthhostel.com\\\/wp-content\\\/uploads\\\/2016\\\/10\\\/logopng.png\",\"contentUrl\":\"https:\\\/\\\/homeyouthhostel.com\\\/wp-content\\\/uploads\\\/2016\\\/10\\\/logopng.png\",\"width\":400,\"height\":259,\"caption\":\"H\u00f4me Youth Hostel Valencia\"},\"image\":{\"@id\":\"https:\\\/\\\/homeyouthhostel.com\\\/it\\\/#\\\/schema\\\/logo\\\/image\\\/\"},\"sameAs\":[\"https:\\\/\\\/www.facebook.com\\\/HomeYouthHostelValencia\\\/\",\"https:\\\/\\\/x.com\\\/HomeYouthHostel\",\"https:\\\/\\\/www.instagram.com\\\/homeyouthhostelvalencia\\\/\",\"https:\\\/\\\/linkedin.com\\\/company\\\/homeyouthhostelvalencia\",\"https:\\\/\\\/www.youtube.com\\\/channel\\\/UC1RgdaIHNQP2CsgZakYFBhQ\"]}]}<\/script>\n<!-- \/ Yoast SEO plugin. -->","yoast_head_json":{"title":"PRENOTARE H\u00f4me Youth Hostel Valencia \u30102024 Prezzi aggiornati\u3011","description":"Prenotazione H\u00f4me Youth Hostel Valencia. Vedi prezzi e disponibilit\u00e0 in un alloggio sicuro, pulito, accogliente e soprattutto economico a Valencia","robots":{"index":"index","follow":"follow","max-snippet":"max-snippet:-1","max-image-preview":"max-image-preview:large","max-video-preview":"max-video-preview:-1"},"canonical":"https:\/\/homeyouthhostel.com\/it\/prenotazione\/","og_locale":"it_IT","og_type":"article","og_title":"Prenotazione Ostello della Giovent\u00f9 H\u00f4me Valencia","og_description":"Prenotazione H\u00f4me Youth Hostel Valencia. Vedi prezzi e disponibilit\u00e0 in un alloggio sicuro, pulito, accogliente e soprattutto economico a Valencia","og_url":"https:\/\/homeyouthhostel.com\/it\/prenotazione\/","og_site_name":"Home Youth Hostel","article_publisher":"https:\/\/www.facebook.com\/HomeYouthHostelValencia\/","article_modified_time":"2023-12-28T15:35:01+00:00","og_image":[{"width":1024,"height":768,"url":"https:\/\/homeyouthhostel.com\/wp-content\/uploads\/2012\/07\/108rooms-home-youth-hostel-valencia.jpg","type":"image\/jpeg"}],"twitter_misc":{"Tempo di lettura stimato":"1 minuto"},"schema":{"@context":"https:\/\/schema.org","@graph":[{"@type":"WebPage","@id":"https:\/\/homeyouthhostel.com\/it\/prenotazione\/","url":"https:\/\/homeyouthhostel.com\/it\/prenotazione\/","name":"PRENOTARE H\u00f4me Youth Hostel Valencia \u30102024 Prezzi aggiornati\u3011","isPartOf":{"@id":"https:\/\/homeyouthhostel.com\/it\/#website"},"primaryImageOfPage":{"@id":"https:\/\/homeyouthhostel.com\/it\/prenotazione\/#primaryimage"},"image":{"@id":"https:\/\/homeyouthhostel.com\/it\/prenotazione\/#primaryimage"},"thumbnailUrl":"https:\/\/homeyouthhostel.com\/wp-content\/uploads\/2012\/07\/108rooms-home-youth-hostel-valencia.jpg","datePublished":"2012-08-16T06:16:32+00:00","dateModified":"2023-12-28T15:35:01+00:00","description":"Prenotazione H\u00f4me Youth Hostel Valencia. Vedi prezzi e disponibilit\u00e0 in un alloggio sicuro, pulito, accogliente e soprattutto economico a Valencia","breadcrumb":{"@id":"https:\/\/homeyouthhostel.com\/it\/prenotazione\/#breadcrumb"},"inLanguage":"it-IT","potentialAction":[{"@type":"ReadAction","target":["https:\/\/homeyouthhostel.com\/it\/prenotazione\/"]}]},{"@type":"ImageObject","inLanguage":"it-IT","@id":"https:\/\/homeyouthhostel.com\/it\/prenotazione\/#primaryimage","url":"https:\/\/homeyouthhostel.com\/wp-content\/uploads\/2012\/07\/108rooms-home-youth-hostel-valencia.jpg","contentUrl":"https:\/\/homeyouthhostel.com\/wp-content\/uploads\/2012\/07\/108rooms-home-youth-hostel-valencia.jpg","width":1024,"height":768,"caption":"Booking H\u00f4me Youth Hostel Valencia"},{"@type":"BreadcrumbList","@id":"https:\/\/homeyouthhostel.com\/it\/prenotazione\/#breadcrumb","itemListElement":[{"@type":"ListItem","position":1,"name":"Home","item":"https:\/\/homeyouthhostel.com\/it\/"},{"@type":"ListItem","position":2,"name":"Prenotazione H\u00f4me Youth Hostel Valencia"}]},{"@type":"WebSite","@id":"https:\/\/homeyouthhostel.com\/it\/#website","url":"https:\/\/homeyouthhostel.com\/it\/","name":"H\u00f4me Youth Hostel Valencia","description":"Messaggio Personale","publisher":{"@id":"https:\/\/homeyouthhostel.com\/it\/#organization"},"potentialAction":[{"@type":"SearchAction","target":{"@type":"EntryPoint","urlTemplate":"https:\/\/homeyouthhostel.com\/it\/?s={search_term_string}"},"query-input":{"@type":"PropertyValueSpecification","valueRequired":true,"valueName":"search_term_string"}}],"inLanguage":"it-IT"},{"@type":"Organization","@id":"https:\/\/homeyouthhostel.com\/it\/#organization","name":"H\u00f4me Youth Hostel Valencia","url":"https:\/\/homeyouthhostel.com\/it\/","logo":{"@type":"ImageObject","inLanguage":"it-IT","@id":"https:\/\/homeyouthhostel.com\/it\/#\/schema\/logo\/image\/","url":"https:\/\/homeyouthhostel.com\/wp-content\/uploads\/2016\/10\/logopng.png","contentUrl":"https:\/\/homeyouthhostel.com\/wp-content\/uploads\/2016\/10\/logopng.png","width":400,"height":259,"caption":"H\u00f4me Youth Hostel Valencia"},"image":{"@id":"https:\/\/homeyouthhostel.com\/it\/#\/schema\/logo\/image\/"},"sameAs":["https:\/\/www.facebook.com\/HomeYouthHostelValencia\/","https:\/\/x.com\/HomeYouthHostel","https:\/\/www.instagram.com\/homeyouthhostelvalencia\/","https:\/\/linkedin.com\/company\/homeyouthhostelvalencia","https:\/\/www.youtube.com\/channel\/UC1RgdaIHNQP2CsgZakYFBhQ"]}]}},"_links":{"self":[{"href":"https:\/\/homeyouthhostel.com\/it\/wp-json\/wp\/v2\/pages\/603","targetHints":{"allow":["GET"]}}],"collection":[{"href":"https:\/\/homeyouthhostel.com\/it\/wp-json\/wp\/v2\/pages"}],"about":[{"href":"https:\/\/homeyouthhostel.com\/it\/wp-json\/wp\/v2\/types\/page"}],"author":[{"embeddable":true,"href":"https:\/\/homeyouthhostel.com\/it\/wp-json\/wp\/v2\/users\/9"}],"replies":[{"embeddable":true,"href":"https:\/\/homeyouthhostel.com\/it\/wp-json\/wp\/v2\/comments?post=603"}],"version-history":[{"count":0,"href":"https:\/\/homeyouthhostel.com\/it\/wp-json\/wp\/v2\/pages\/603\/revisions"}],"wp:featuredmedia":[{"embeddable":true,"href":"https:\/\/homeyouthhostel.com\/it\/wp-json\/wp\/v2\/media\/2867"}],"wp:attachment":[{"href":"https:\/\/homeyouthhostel.com\/it\/wp-json\/wp\/v2\/media?parent=603"}],"curies":[{"name":"wp","href":"https:\/\/api.w.org\/{rel}","templated":true}]}}