{"id":51,"date":"2012-07-30T08:36:21","date_gmt":"2012-07-30T06:36:21","guid":{"rendered":"http:\/\/www.homeyouthhostel.com\/?page_id=51"},"modified":"2022-01-25T10:54:08","modified_gmt":"2022-01-25T09:54:08","slug":"video-ostello-valencia","status":"publish","type":"page","link":"https:\/\/homeyouthhostel.com\/it\/video-ostello-valencia\/","title":{"rendered":"Home Youth Hostel : Video &#8211; ostello Valencia"},"content":{"rendered":"\n<figure class=\"wp-block-embed is-type-video is-provider-youtube wp-block-embed-youtube wp-embed-aspect-16-9 wp-has-aspect-ratio\"><div class=\"wp-block-embed__wrapper\">\n<iframe title=\"Your experience at Home youth Hostel\" width=\"800\" height=\"450\" src=\"https:\/\/www.youtube.com\/embed\/imuPXmtexYM?feature=oembed\" frameborder=\"0\" allow=\"accelerometer; autoplay; clipboard-write; encrypted-media; gyroscope; picture-in-picture\" allowfullscreen><\/iframe>\n<\/div><\/figure>\n\n\n\n<ol class=\"wp-block-list\"><li><a title=\"Ostelli a Valencia\" href=\"https:\/\/www.homehostelsvalencia.com\/it\/youth-hostel-valencia\/presentazione\/\"><strong>Home Youth Hostel<\/strong> <\/a>e un<strong> ostello a Valencia\u00a0 <\/strong>situato a pochi metri dal mercato centrale, a 5 minuti dalla piazza del comune e la stazione centrale di Valencia.<\/li><\/ol>\n\n\n\n<p><a title=\"Ostelli a Valencia\" href=\"https:\/\/www.homehostelsvalencia.com\/it\/youth-hostel-valencia\/presentazione\/\"><strong>Home Youth Hostel<\/strong> <\/a>e un<strong> ostello a Valencia&nbsp; <\/strong>situato a pochi metri dal mercato centrale, a 5 minuti dalla piazza del comune e la stazione centrale di Valencia.<\/p>\n\n\n\n<p><strong>Home Youth Hostel<\/strong> e\u2019 il migliore ostello della gioventu\u2019 di Valencia, ti sentirai a casa seduto leggendo un libro nel sofa o utilizzando la connessione wifi gratutita.<\/p>\n\n\n\n<p>Le stanze sono grandi ed accoglienti, non ci sono letti a castello, ma solo letti individuali e comodi.<\/p>\n\n\n\n<h2 class=\"wp-block-heading\">Diventa fan della nostra pagina di&nbsp;Youtube qui.<\/h2>\n\n\n\n<p>Guarda tutti i nostri video dell&#8217; ostello Valencia Home Youth Hostel, il migliore ostello della giovent\u00f9 nella citta di Valencia.<\/p>\n\n\n\n<p><a title=\"ostello valencia\" href=\"https:\/\/www.homehostelsvalencia.com\">Home Hostels Valencia<\/a> e la prima catena d&#8217;ostelli della giovent\u00f9 a Valencia, con il prezzo pi\u00f9 basso e pi\u00f9 economico della citta.<\/p>\n","protected":false},"excerpt":{"rendered":"<p>Home Youth Hostel e un ostello a Valencia\u00a0 situato a pochi metri dal mercato centrale, a 5 minuti dalla piazza del comune e la stazione centrale di Valencia. Home Youth Hostel e un ostello a Valencia&nbsp; situato a pochi metri dal mercato centrale, a 5 minuti dalla piazza del comune e la stazione centrale di [&hellip;]<\/p>\n","protected":false},"author":9,"featured_media":0,"parent":0,"menu_order":0,"comment_status":"open","ping_status":"open","template":"","meta":{"footnotes":""},"class_list":["post-51","page","type-page","status-publish","hentry"],"yoast_head":"<!-- This site is optimized with the Yoast SEO plugin v27.4 - https:\/\/yoast.com\/product\/yoast-seo-wordpress\/ -->\n<title>Video - Home Youth Hostel - ostello Valencia<\/title>\n<meta name=\"description\" content=\"Home Youth Hostel e un ostello a Valencia situato a pochi metri dal mercato centrale, Ostello Valencia Home Youth Hostel\" \/>\n<meta name=\"robots\" content=\"index, follow, max-snippet:-1, max-image-preview:large, max-video-preview:-1\" \/>\n<link rel=\"canonical\" href=\"https:\/\/homeyouthhostel.com\/it\/video-ostello-valencia\/\" \/>\n<meta property=\"og:locale\" content=\"it_IT\" \/>\n<meta property=\"og:type\" content=\"article\" \/>\n<meta property=\"og:title\" content=\"Video - Home Youth Hostel - ostello Valencia\" \/>\n<meta property=\"og:description\" content=\"Home Youth Hostel e un ostello a Valencia situato a pochi metri dal mercato centrale, Ostello Valencia Home Youth Hostel\" \/>\n<meta property=\"og:url\" content=\"https:\/\/homeyouthhostel.com\/it\/video-ostello-valencia\/\" \/>\n<meta property=\"og:site_name\" content=\"Home Youth Hostel\" \/>\n<meta property=\"article:publisher\" content=\"https:\/\/www.facebook.com\/HomeYouthHostelValencia\/\" \/>\n<meta property=\"article:modified_time\" content=\"2022-01-25T09:54:08+00:00\" \/>\n<meta name=\"twitter:label1\" content=\"Tempo di lettura stimato\" \/>\n\t<meta name=\"twitter:data1\" content=\"1 minuto\" \/>\n<script type=\"application\/ld+json\" class=\"yoast-schema-graph\">{\"@context\":\"https:\\\/\\\/schema.org\",\"@graph\":[{\"@type\":\"WebPage\",\"@id\":\"https:\\\/\\\/homeyouthhostel.com\\\/it\\\/video-ostello-valencia\\\/\",\"url\":\"https:\\\/\\\/homeyouthhostel.com\\\/it\\\/video-ostello-valencia\\\/\",\"name\":\"Video - Home Youth Hostel - ostello Valencia\",\"isPartOf\":{\"@id\":\"https:\\\/\\\/homeyouthhostel.com\\\/it\\\/#website\"},\"datePublished\":\"2012-07-30T06:36:21+00:00\",\"dateModified\":\"2022-01-25T09:54:08+00:00\",\"description\":\"Home Youth Hostel e un ostello a Valencia situato a pochi metri dal mercato centrale, Ostello Valencia Home Youth Hostel\",\"breadcrumb\":{\"@id\":\"https:\\\/\\\/homeyouthhostel.com\\\/it\\\/video-ostello-valencia\\\/#breadcrumb\"},\"inLanguage\":\"it-IT\",\"potentialAction\":[{\"@type\":\"ReadAction\",\"target\":[\"https:\\\/\\\/homeyouthhostel.com\\\/it\\\/video-ostello-valencia\\\/\"]}]},{\"@type\":\"BreadcrumbList\",\"@id\":\"https:\\\/\\\/homeyouthhostel.com\\\/it\\\/video-ostello-valencia\\\/#breadcrumb\",\"itemListElement\":[{\"@type\":\"ListItem\",\"position\":1,\"name\":\"Home\",\"item\":\"https:\\\/\\\/homeyouthhostel.com\\\/it\\\/\"},{\"@type\":\"ListItem\",\"position\":2,\"name\":\"Home Youth Hostel : Video &#8211; ostello Valencia\"}]},{\"@type\":\"WebSite\",\"@id\":\"https:\\\/\\\/homeyouthhostel.com\\\/it\\\/#website\",\"url\":\"https:\\\/\\\/homeyouthhostel.com\\\/it\\\/\",\"name\":\"H\u00f4me Youth Hostel Valencia\",\"description\":\"Messaggio Personale\",\"publisher\":{\"@id\":\"https:\\\/\\\/homeyouthhostel.com\\\/it\\\/#organization\"},\"potentialAction\":[{\"@type\":\"SearchAction\",\"target\":{\"@type\":\"EntryPoint\",\"urlTemplate\":\"https:\\\/\\\/homeyouthhostel.com\\\/it\\\/?s={search_term_string}\"},\"query-input\":{\"@type\":\"PropertyValueSpecification\",\"valueRequired\":true,\"valueName\":\"search_term_string\"}}],\"inLanguage\":\"it-IT\"},{\"@type\":\"Organization\",\"@id\":\"https:\\\/\\\/homeyouthhostel.com\\\/it\\\/#organization\",\"name\":\"H\u00f4me Youth Hostel Valencia\",\"url\":\"https:\\\/\\\/homeyouthhostel.com\\\/it\\\/\",\"logo\":{\"@type\":\"ImageObject\",\"inLanguage\":\"it-IT\",\"@id\":\"https:\\\/\\\/homeyouthhostel.com\\\/it\\\/#\\\/schema\\\/logo\\\/image\\\/\",\"url\":\"https:\\\/\\\/homeyouthhostel.com\\\/wp-content\\\/uploads\\\/2016\\\/10\\\/logopng.png\",\"contentUrl\":\"https:\\\/\\\/homeyouthhostel.com\\\/wp-content\\\/uploads\\\/2016\\\/10\\\/logopng.png\",\"width\":400,\"height\":259,\"caption\":\"H\u00f4me Youth Hostel Valencia\"},\"image\":{\"@id\":\"https:\\\/\\\/homeyouthhostel.com\\\/it\\\/#\\\/schema\\\/logo\\\/image\\\/\"},\"sameAs\":[\"https:\\\/\\\/www.facebook.com\\\/HomeYouthHostelValencia\\\/\",\"https:\\\/\\\/x.com\\\/HomeYouthHostel\",\"https:\\\/\\\/www.instagram.com\\\/homeyouthhostelvalencia\\\/\",\"https:\\\/\\\/linkedin.com\\\/company\\\/homeyouthhostelvalencia\",\"https:\\\/\\\/www.youtube.com\\\/channel\\\/UC1RgdaIHNQP2CsgZakYFBhQ\"]}]}<\/script>\n<!-- \/ Yoast SEO plugin. -->","yoast_head_json":{"title":"Video - Home Youth Hostel - ostello Valencia","description":"Home Youth Hostel e un ostello a Valencia situato a pochi metri dal mercato centrale, Ostello Valencia Home Youth Hostel","robots":{"index":"index","follow":"follow","max-snippet":"max-snippet:-1","max-image-preview":"max-image-preview:large","max-video-preview":"max-video-preview:-1"},"canonical":"https:\/\/homeyouthhostel.com\/it\/video-ostello-valencia\/","og_locale":"it_IT","og_type":"article","og_title":"Video - Home Youth Hostel - ostello Valencia","og_description":"Home Youth Hostel e un ostello a Valencia situato a pochi metri dal mercato centrale, Ostello Valencia Home Youth Hostel","og_url":"https:\/\/homeyouthhostel.com\/it\/video-ostello-valencia\/","og_site_name":"Home Youth Hostel","article_publisher":"https:\/\/www.facebook.com\/HomeYouthHostelValencia\/","article_modified_time":"2022-01-25T09:54:08+00:00","twitter_misc":{"Tempo di lettura stimato":"1 minuto"},"schema":{"@context":"https:\/\/schema.org","@graph":[{"@type":"WebPage","@id":"https:\/\/homeyouthhostel.com\/it\/video-ostello-valencia\/","url":"https:\/\/homeyouthhostel.com\/it\/video-ostello-valencia\/","name":"Video - Home Youth Hostel - ostello Valencia","isPartOf":{"@id":"https:\/\/homeyouthhostel.com\/it\/#website"},"datePublished":"2012-07-30T06:36:21+00:00","dateModified":"2022-01-25T09:54:08+00:00","description":"Home Youth Hostel e un ostello a Valencia situato a pochi metri dal mercato centrale, Ostello Valencia Home Youth Hostel","breadcrumb":{"@id":"https:\/\/homeyouthhostel.com\/it\/video-ostello-valencia\/#breadcrumb"},"inLanguage":"it-IT","potentialAction":[{"@type":"ReadAction","target":["https:\/\/homeyouthhostel.com\/it\/video-ostello-valencia\/"]}]},{"@type":"BreadcrumbList","@id":"https:\/\/homeyouthhostel.com\/it\/video-ostello-valencia\/#breadcrumb","itemListElement":[{"@type":"ListItem","position":1,"name":"Home","item":"https:\/\/homeyouthhostel.com\/it\/"},{"@type":"ListItem","position":2,"name":"Home Youth Hostel : Video &#8211; ostello Valencia"}]},{"@type":"WebSite","@id":"https:\/\/homeyouthhostel.com\/it\/#website","url":"https:\/\/homeyouthhostel.com\/it\/","name":"H\u00f4me Youth Hostel Valencia","description":"Messaggio Personale","publisher":{"@id":"https:\/\/homeyouthhostel.com\/it\/#organization"},"potentialAction":[{"@type":"SearchAction","target":{"@type":"EntryPoint","urlTemplate":"https:\/\/homeyouthhostel.com\/it\/?s={search_term_string}"},"query-input":{"@type":"PropertyValueSpecification","valueRequired":true,"valueName":"search_term_string"}}],"inLanguage":"it-IT"},{"@type":"Organization","@id":"https:\/\/homeyouthhostel.com\/it\/#organization","name":"H\u00f4me Youth Hostel Valencia","url":"https:\/\/homeyouthhostel.com\/it\/","logo":{"@type":"ImageObject","inLanguage":"it-IT","@id":"https:\/\/homeyouthhostel.com\/it\/#\/schema\/logo\/image\/","url":"https:\/\/homeyouthhostel.com\/wp-content\/uploads\/2016\/10\/logopng.png","contentUrl":"https:\/\/homeyouthhostel.com\/wp-content\/uploads\/2016\/10\/logopng.png","width":400,"height":259,"caption":"H\u00f4me Youth Hostel Valencia"},"image":{"@id":"https:\/\/homeyouthhostel.com\/it\/#\/schema\/logo\/image\/"},"sameAs":["https:\/\/www.facebook.com\/HomeYouthHostelValencia\/","https:\/\/x.com\/HomeYouthHostel","https:\/\/www.instagram.com\/homeyouthhostelvalencia\/","https:\/\/linkedin.com\/company\/homeyouthhostelvalencia","https:\/\/www.youtube.com\/channel\/UC1RgdaIHNQP2CsgZakYFBhQ"]}]}},"_links":{"self":[{"href":"https:\/\/homeyouthhostel.com\/it\/wp-json\/wp\/v2\/pages\/51","targetHints":{"allow":["GET"]}}],"collection":[{"href":"https:\/\/homeyouthhostel.com\/it\/wp-json\/wp\/v2\/pages"}],"about":[{"href":"https:\/\/homeyouthhostel.com\/it\/wp-json\/wp\/v2\/types\/page"}],"author":[{"embeddable":true,"href":"https:\/\/homeyouthhostel.com\/it\/wp-json\/wp\/v2\/users\/9"}],"replies":[{"embeddable":true,"href":"https:\/\/homeyouthhostel.com\/it\/wp-json\/wp\/v2\/comments?post=51"}],"version-history":[{"count":0,"href":"https:\/\/homeyouthhostel.com\/it\/wp-json\/wp\/v2\/pages\/51\/revisions"}],"wp:attachment":[{"href":"https:\/\/homeyouthhostel.com\/it\/wp-json\/wp\/v2\/media?parent=51"}],"curies":[{"name":"wp","href":"https:\/\/api.w.org\/{rel}","templated":true}]}}