{"id":47,"date":"2012-07-30T08:36:12","date_gmt":"2012-07-30T06:36:12","guid":{"rendered":"http:\/\/www.homeyouthhostel.com\/?page_id=47"},"modified":"2024-07-03T11:29:32","modified_gmt":"2024-07-03T09:29:32","slug":"foto-ostello-valencia","status":"publish","type":"page","link":"https:\/\/homeyouthhostel.com\/it\/foto-ostello-valencia\/","title":{"rendered":"Ostello della giovent\u00f9 Valencia Immagini"},"content":{"rendered":"\n<hr class=\"wp-block-separator has-alpha-channel-opacity is-style-dots\"\/>\n\n<h2 class=\"wp-block-heading has-text-align-center\">Immagini H\u00f4me Giovent\u00f9 Valencia<\/h2>\n\n<h1 class=\"wp-block-heading has-text-align-center\">Ostello della giovent\u00f9 Valencia<\/h1>\n\n<h2 class=\"wp-block-heading\">Immagini su Ostello nel centro di Valencia<\/h2>\n\n<p>Foto dell&#8217;ostello della giovent\u00f9 Home Ostello della giovent\u00f9 Valencia \u00b7 Foto dei migliori ostelli della giovent\u00f9 di Valencia. Ostello della giovent\u00f9 a Valencia. Moderno, colorato e allegro. Prenotazione online e conferma immediata * WIFI gratuito * Camere private * camere condivise * Prenota a casa Youth Hostel Valencia<\/p>\n","protected":false},"excerpt":{"rendered":"<p>Immagini H\u00f4me Giovent\u00f9 Valencia Ostello della giovent\u00f9 Valencia Immagini su Ostello nel centro di Valencia Foto dell&#8217;ostello della giovent\u00f9 Home Ostello della giovent\u00f9 Valencia \u00b7 Foto dei migliori ostelli della giovent\u00f9 di Valencia. Ostello della giovent\u00f9 a Valencia. Moderno, colorato e allegro. Prenotazione online e conferma immediata * WIFI gratuito * Camere private * camere [&hellip;]<\/p>\n","protected":false},"author":9,"featured_media":0,"parent":0,"menu_order":0,"comment_status":"closed","ping_status":"closed","template":"","meta":{"footnotes":""},"class_list":["post-47","page","type-page","status-publish","hentry"],"yoast_head":"<!-- This site is optimized with the Yoast SEO plugin v27.3 - https:\/\/yoast.com\/product\/yoast-seo-wordpress\/ -->\n<title>Ostello della giovent\u00f9 Valencia \ud83d\udcf7 Immagini H\u00f4me Ostello della giovent\u00f9 Valencia<\/title>\n<meta name=\"description\" content=\"Ostello della giovent\u00f9 Valencia \u2705 Accogliente \u2705 Alloggio vintage nel centro di Valencia, a pochi metri dal Mercato Centrale\" \/>\n<meta name=\"robots\" content=\"index, follow, max-snippet:-1, max-image-preview:large, max-video-preview:-1\" \/>\n<link rel=\"canonical\" href=\"https:\/\/homeyouthhostel.com\/it\/foto-ostello-valencia\/\" \/>\n<meta property=\"og:locale\" content=\"it_IT\" \/>\n<meta property=\"og:type\" content=\"article\" \/>\n<meta property=\"og:title\" content=\"Ostello della giovent\u00f9 Valencia \ud83d\udcf7 Immagini H\u00f4me Ostello della giovent\u00f9 Valencia\" \/>\n<meta property=\"og:description\" content=\"Ostello della giovent\u00f9 Valencia \u2705 Accogliente \u2705 Alloggio vintage nel centro di Valencia, a pochi metri dal Mercato Centrale\" \/>\n<meta property=\"og:url\" content=\"https:\/\/homeyouthhostel.com\/it\/foto-ostello-valencia\/\" \/>\n<meta property=\"og:site_name\" content=\"Home Youth Hostel\" \/>\n<meta property=\"article:publisher\" content=\"https:\/\/www.facebook.com\/HomeYouthHostelValencia\/\" \/>\n<meta property=\"article:modified_time\" content=\"2024-07-03T09:29:32+00:00\" \/>\n<script type=\"application\/ld+json\" class=\"yoast-schema-graph\">{\"@context\":\"https:\\\/\\\/schema.org\",\"@graph\":[{\"@type\":\"WebPage\",\"@id\":\"https:\\\/\\\/homeyouthhostel.com\\\/it\\\/foto-ostello-valencia\\\/\",\"url\":\"https:\\\/\\\/homeyouthhostel.com\\\/it\\\/foto-ostello-valencia\\\/\",\"name\":\"Ostello della giovent\u00f9 Valencia \ud83d\udcf7 Immagini H\u00f4me Ostello della giovent\u00f9 Valencia\",\"isPartOf\":{\"@id\":\"https:\\\/\\\/homeyouthhostel.com\\\/it\\\/#website\"},\"datePublished\":\"2012-07-30T06:36:12+00:00\",\"dateModified\":\"2024-07-03T09:29:32+00:00\",\"description\":\"Ostello della giovent\u00f9 Valencia \u2705 Accogliente \u2705 Alloggio vintage nel centro di Valencia, a pochi metri dal Mercato Centrale\",\"breadcrumb\":{\"@id\":\"https:\\\/\\\/homeyouthhostel.com\\\/it\\\/foto-ostello-valencia\\\/#breadcrumb\"},\"inLanguage\":\"it-IT\",\"potentialAction\":[{\"@type\":\"ReadAction\",\"target\":[\"https:\\\/\\\/homeyouthhostel.com\\\/it\\\/foto-ostello-valencia\\\/\"]}]},{\"@type\":\"BreadcrumbList\",\"@id\":\"https:\\\/\\\/homeyouthhostel.com\\\/it\\\/foto-ostello-valencia\\\/#breadcrumb\",\"itemListElement\":[{\"@type\":\"ListItem\",\"position\":1,\"name\":\"Home\",\"item\":\"https:\\\/\\\/homeyouthhostel.com\\\/it\\\/\"},{\"@type\":\"ListItem\",\"position\":2,\"name\":\"Ostello della giovent\u00f9 Valencia Immagini\"}]},{\"@type\":\"WebSite\",\"@id\":\"https:\\\/\\\/homeyouthhostel.com\\\/it\\\/#website\",\"url\":\"https:\\\/\\\/homeyouthhostel.com\\\/it\\\/\",\"name\":\"H\u00f4me Youth Hostel Valencia\",\"description\":\"Messaggio Personale\",\"publisher\":{\"@id\":\"https:\\\/\\\/homeyouthhostel.com\\\/it\\\/#organization\"},\"potentialAction\":[{\"@type\":\"SearchAction\",\"target\":{\"@type\":\"EntryPoint\",\"urlTemplate\":\"https:\\\/\\\/homeyouthhostel.com\\\/it\\\/?s={search_term_string}\"},\"query-input\":{\"@type\":\"PropertyValueSpecification\",\"valueRequired\":true,\"valueName\":\"search_term_string\"}}],\"inLanguage\":\"it-IT\"},{\"@type\":\"Organization\",\"@id\":\"https:\\\/\\\/homeyouthhostel.com\\\/it\\\/#organization\",\"name\":\"H\u00f4me Youth Hostel Valencia\",\"url\":\"https:\\\/\\\/homeyouthhostel.com\\\/it\\\/\",\"logo\":{\"@type\":\"ImageObject\",\"inLanguage\":\"it-IT\",\"@id\":\"https:\\\/\\\/homeyouthhostel.com\\\/it\\\/#\\\/schema\\\/logo\\\/image\\\/\",\"url\":\"https:\\\/\\\/homeyouthhostel.com\\\/wp-content\\\/uploads\\\/2016\\\/10\\\/logopng.png\",\"contentUrl\":\"https:\\\/\\\/homeyouthhostel.com\\\/wp-content\\\/uploads\\\/2016\\\/10\\\/logopng.png\",\"width\":400,\"height\":259,\"caption\":\"H\u00f4me Youth Hostel Valencia\"},\"image\":{\"@id\":\"https:\\\/\\\/homeyouthhostel.com\\\/it\\\/#\\\/schema\\\/logo\\\/image\\\/\"},\"sameAs\":[\"https:\\\/\\\/www.facebook.com\\\/HomeYouthHostelValencia\\\/\",\"https:\\\/\\\/x.com\\\/HomeYouthHostel\",\"https:\\\/\\\/www.instagram.com\\\/homeyouthhostelvalencia\\\/\",\"https:\\\/\\\/linkedin.com\\\/company\\\/homeyouthhostelvalencia\",\"https:\\\/\\\/www.youtube.com\\\/channel\\\/UC1RgdaIHNQP2CsgZakYFBhQ\"]}]}<\/script>\n<!-- \/ Yoast SEO plugin. -->","yoast_head_json":{"title":"Ostello della giovent\u00f9 Valencia \ud83d\udcf7 Immagini H\u00f4me Ostello della giovent\u00f9 Valencia","description":"Ostello della giovent\u00f9 Valencia \u2705 Accogliente \u2705 Alloggio vintage nel centro di Valencia, a pochi metri dal Mercato Centrale","robots":{"index":"index","follow":"follow","max-snippet":"max-snippet:-1","max-image-preview":"max-image-preview:large","max-video-preview":"max-video-preview:-1"},"canonical":"https:\/\/homeyouthhostel.com\/it\/foto-ostello-valencia\/","og_locale":"it_IT","og_type":"article","og_title":"Ostello della giovent\u00f9 Valencia \ud83d\udcf7 Immagini H\u00f4me Ostello della giovent\u00f9 Valencia","og_description":"Ostello della giovent\u00f9 Valencia \u2705 Accogliente \u2705 Alloggio vintage nel centro di Valencia, a pochi metri dal Mercato Centrale","og_url":"https:\/\/homeyouthhostel.com\/it\/foto-ostello-valencia\/","og_site_name":"Home Youth Hostel","article_publisher":"https:\/\/www.facebook.com\/HomeYouthHostelValencia\/","article_modified_time":"2024-07-03T09:29:32+00:00","schema":{"@context":"https:\/\/schema.org","@graph":[{"@type":"WebPage","@id":"https:\/\/homeyouthhostel.com\/it\/foto-ostello-valencia\/","url":"https:\/\/homeyouthhostel.com\/it\/foto-ostello-valencia\/","name":"Ostello della giovent\u00f9 Valencia \ud83d\udcf7 Immagini H\u00f4me Ostello della giovent\u00f9 Valencia","isPartOf":{"@id":"https:\/\/homeyouthhostel.com\/it\/#website"},"datePublished":"2012-07-30T06:36:12+00:00","dateModified":"2024-07-03T09:29:32+00:00","description":"Ostello della giovent\u00f9 Valencia \u2705 Accogliente \u2705 Alloggio vintage nel centro di Valencia, a pochi metri dal Mercato Centrale","breadcrumb":{"@id":"https:\/\/homeyouthhostel.com\/it\/foto-ostello-valencia\/#breadcrumb"},"inLanguage":"it-IT","potentialAction":[{"@type":"ReadAction","target":["https:\/\/homeyouthhostel.com\/it\/foto-ostello-valencia\/"]}]},{"@type":"BreadcrumbList","@id":"https:\/\/homeyouthhostel.com\/it\/foto-ostello-valencia\/#breadcrumb","itemListElement":[{"@type":"ListItem","position":1,"name":"Home","item":"https:\/\/homeyouthhostel.com\/it\/"},{"@type":"ListItem","position":2,"name":"Ostello della giovent\u00f9 Valencia Immagini"}]},{"@type":"WebSite","@id":"https:\/\/homeyouthhostel.com\/it\/#website","url":"https:\/\/homeyouthhostel.com\/it\/","name":"H\u00f4me Youth Hostel Valencia","description":"Messaggio Personale","publisher":{"@id":"https:\/\/homeyouthhostel.com\/it\/#organization"},"potentialAction":[{"@type":"SearchAction","target":{"@type":"EntryPoint","urlTemplate":"https:\/\/homeyouthhostel.com\/it\/?s={search_term_string}"},"query-input":{"@type":"PropertyValueSpecification","valueRequired":true,"valueName":"search_term_string"}}],"inLanguage":"it-IT"},{"@type":"Organization","@id":"https:\/\/homeyouthhostel.com\/it\/#organization","name":"H\u00f4me Youth Hostel Valencia","url":"https:\/\/homeyouthhostel.com\/it\/","logo":{"@type":"ImageObject","inLanguage":"it-IT","@id":"https:\/\/homeyouthhostel.com\/it\/#\/schema\/logo\/image\/","url":"https:\/\/homeyouthhostel.com\/wp-content\/uploads\/2016\/10\/logopng.png","contentUrl":"https:\/\/homeyouthhostel.com\/wp-content\/uploads\/2016\/10\/logopng.png","width":400,"height":259,"caption":"H\u00f4me Youth Hostel Valencia"},"image":{"@id":"https:\/\/homeyouthhostel.com\/it\/#\/schema\/logo\/image\/"},"sameAs":["https:\/\/www.facebook.com\/HomeYouthHostelValencia\/","https:\/\/x.com\/HomeYouthHostel","https:\/\/www.instagram.com\/homeyouthhostelvalencia\/","https:\/\/linkedin.com\/company\/homeyouthhostelvalencia","https:\/\/www.youtube.com\/channel\/UC1RgdaIHNQP2CsgZakYFBhQ"]}]}},"_links":{"self":[{"href":"https:\/\/homeyouthhostel.com\/it\/wp-json\/wp\/v2\/pages\/47","targetHints":{"allow":["GET"]}}],"collection":[{"href":"https:\/\/homeyouthhostel.com\/it\/wp-json\/wp\/v2\/pages"}],"about":[{"href":"https:\/\/homeyouthhostel.com\/it\/wp-json\/wp\/v2\/types\/page"}],"author":[{"embeddable":true,"href":"https:\/\/homeyouthhostel.com\/it\/wp-json\/wp\/v2\/users\/9"}],"replies":[{"embeddable":true,"href":"https:\/\/homeyouthhostel.com\/it\/wp-json\/wp\/v2\/comments?post=47"}],"version-history":[{"count":0,"href":"https:\/\/homeyouthhostel.com\/it\/wp-json\/wp\/v2\/pages\/47\/revisions"}],"wp:attachment":[{"href":"https:\/\/homeyouthhostel.com\/it\/wp-json\/wp\/v2\/media?parent=47"}],"curies":[{"name":"wp","href":"https:\/\/api.w.org\/{rel}","templated":true}]}}