{"id":423,"date":"2012-10-24T14:43:32","date_gmt":"2012-10-24T12:43:32","guid":{"rendered":"http:\/\/www.homeyouthhostel.com\/?page_id=423"},"modified":"2023-11-15T16:08:22","modified_gmt":"2023-11-15T15:08:22","slug":"ostello-fallas","status":"publish","type":"page","link":"https:\/\/homeyouthhostel.com\/it\/ostello-fallas\/","title":{"rendered":"Ostello della giovent\u00f9 a Valencia per Fallas"},"content":{"rendered":"\n<h1 class=\"wp-block-heading\">Vieni a Valencia con le Fallas?<\/h1>\n\n<h3 class=\"wp-block-heading\">Stai cercando un ostello della giovent\u00f9 economico per Fallas?<\/h3>\n\n<p>Ti offriamo un alloggio perfetto per le Fallas: qui all&#8217;Home Youth Hostel potrai goderti questo famoso evento. Non c&#8217;\u00e8 posto migliore dove alloggiare durante questa festa locale perch\u00e9 ci troviamo nel cuore degli eventi del festival Fallas.<\/p>\n\n<h3 class=\"wp-block-heading\">Informazioni su H\u00f4me Youth Hostel Valencia<\/h3>\n\n<p>Il nostro \u00e8 l&#8217;ostello della giovent\u00f9 pi\u00f9 centrale di Valencia, situato vicino al Mercato della Seta e al Mercato Centrale di Valencia. Inoltre ha un design moderno, molto colorato, con camere spaziose senza letti a castello. Qui sentirai sempre un&#8217;atmosfera amichevole. Qui puoi fare un tour virtuale a 360 gradi all&#8217;interno del nostro ostello della giovent\u00f9 di Valencia.<\/p>\n\n<p>Clicca qui per saperne di pi\u00f9 sulle camere.<\/p>\n\n<h3 class=\"wp-block-heading\">Quali sono le feste Fallas di Valencia?<\/h3>\n\n<p>Le Fallas sono la festa pi\u00f9 importante e pi\u00f9 bella della citt\u00e0 di Valencia. Inoltre, \u00e8 uno dei festival spagnoli pi\u00f9 famosi ed \u00e8 per questo che \u00e8 difficile trovare un alloggio buono ed economico in questo periodo. I posti negli ostelli situati nel centro di Valencia e nelle zone circostanti si esauriscono molti mesi prima delle Fallas, quindi ti consigliamo di prenotare in anticipo il tuo ostello a Valencia per le Fallas.<\/p>\n\n<h3 class=\"wp-block-heading\">Perch\u00e9 prenotare con noi?<\/h3>\n\n<p>L&#8217;H\u00f4me Youth Hostel si trova a pochi passi dalla Masclet\u00e1 nella Plaza del Ayuntamiento (Piazza principale), dall&#8217;Ofrenda nella Plaza de la Virgen e dai fuochi d&#8217;artificio nel Turia. Puoi anche visitare i monumenti delle pi\u00f9 famose falleras.<\/p>\n\n<p>Gli eventi pi\u00f9 importanti e le Fallas si svolgono nel centro storico di Valencia, proprio vicino al nostro ostello!<\/p>\n\n<h3 class=\"wp-block-heading\">Perch\u00e9 visitare le Fallas di Valencia?<\/h3>\n\n<p>Le Fallas sono un&#8217;esperienza unica, piena di suoni, colori e allegria che devi vedere e provare almeno una volta nella vita. Le Fallas fanno sembrare la citt\u00e0 in fiamme grazie ai fuochi d&#8217;artificio e ai petardi accesi da bambini e adulti. Le varie parate, le tante persone per le strade, le luci colorate in tutta la citt\u00e0, la gara di paella e i bellissimi spettacoli creano un&#8217;atmosfera incredibile e indimenticabile.<\/p>\n\n<h3 class=\"wp-block-heading\">In quale data si celebrano le fallas di Valencia?<\/h3>\n\n<p>Le Fallas iniziano il 15 marzo e si protraggono fino al 19 marzo: qui potrai assistere a fuochi ratificali, masclet\u00e1s, ofrenda, crem\u00e1, sfilate e molto altro ancora. \u00c8 una festa piena di colori e castelli di fuochi che non puoi perdere se soggiorni negli ostelli di H\u00f4me Hostels Valencia. Ogni quartiere \u00e8 organizzato in comitati chiamati &#8220;Casal Fallero&#8221; che ottengono i fondi necessari per costruire le Fallas.<\/p>\n\n<h3 class=\"wp-block-heading\">Il miglior ostello della giovent\u00f9 di Valencia per Fallas<\/h3>\n\n<p>Se stai cercando il posto migliore dove alloggiare durante le Fallas non perdere l&#8217;occasione di venire all&#8217;H\u00f4me Youth Hostel, situato nel centro storico della citt\u00e0 dove si svolgono gli eventi pi\u00f9 importanti delle Fallas.<\/p>\n\n<p>All&#8217;H\u00f4me Youth Hostel Valencia troverai camere confortevoli e pulite a prezzi ragionevoli e un&#8217;atmosfera familiare e rilassata.<\/p>\n\n<p>H\u00f4me Backpackers Hostel fa parte di H\u00f4me Hostels Valencia, scopri di pi\u00f9 sul nostro sito.<\/p>\n","protected":false},"excerpt":{"rendered":"<p>Vieni a Valencia con le Fallas? Stai cercando un ostello della giovent\u00f9 economico per Fallas? Ti offriamo un alloggio perfetto per le Fallas: qui all&#8217;Home Youth Hostel potrai goderti questo famoso evento. Non c&#8217;\u00e8 posto migliore dove alloggiare durante questa festa locale perch\u00e9 ci troviamo nel cuore degli eventi del festival Fallas. Informazioni su H\u00f4me [&hellip;]<\/p>\n","protected":false},"author":9,"featured_media":2355,"parent":0,"menu_order":0,"comment_status":"closed","ping_status":"closed","template":"","meta":{"footnotes":""},"class_list":["post-423","page","type-page","status-publish","has-post-thumbnail","hentry"],"yoast_head":"<!-- This site is optimized with the Yoast SEO plugin v27.4 - https:\/\/yoast.com\/product\/yoast-seo-wordpress\/ -->\n<title>Ostello della Giovent\u00f9 a Valencia per Fallas \ud83d\udd25 Prenota un letto per Falla<\/title>\n<meta name=\"description\" content=\"Ostello della Giovent\u00f9 a Valencia per Fallas\ud83d\udd25Prenota un letto per Fallas. Un ostello economico a Valencia? Ti offriamo a Hostel per Fallas\" \/>\n<meta name=\"robots\" content=\"index, follow, max-snippet:-1, max-image-preview:large, max-video-preview:-1\" \/>\n<link rel=\"canonical\" href=\"https:\/\/homeyouthhostel.com\/it\/ostello-fallas\/\" \/>\n<meta property=\"og:locale\" content=\"it_IT\" \/>\n<meta property=\"og:type\" content=\"article\" \/>\n<meta property=\"og:title\" content=\"Ostello della giovent\u00f9 a Valencia per Fallas \ud83d\udd25\ud83d\udd25\ud83d\udd25\ud83d\udd25 Prenota un posto letto per Fallas a Valencia al miglior prezzo nel centro della citt\u00e0.\" \/>\n<meta property=\"og:description\" content=\"Stai venendo a Fallas a Valencia? Stai cercando un ostello della giovent\u00f9 economico per Fallas? Ti offriamo un alloggio perfetto per le Fallas: qui all&#039;Home Youth Hostel potrai goderti questo famoso evento. Non c&#039;\u00e8 posto migliore dove alloggiare durante questa festa locale perch\u00e9 ci troviamo nel cuore degli eventi del festival Fallas.\" \/>\n<meta property=\"og:url\" content=\"https:\/\/homeyouthhostel.com\/it\/ostello-fallas\/\" \/>\n<meta property=\"og:site_name\" content=\"Home Youth Hostel\" \/>\n<meta property=\"article:publisher\" content=\"https:\/\/www.facebook.com\/HomeYouthHostelValencia\/\" \/>\n<meta property=\"article:modified_time\" content=\"2023-11-15T15:08:22+00:00\" \/>\n<meta property=\"og:image\" content=\"https:\/\/homeyouthhostel.com\/wp-content\/uploads\/2012\/10\/hostelforfallasinvalencia.jpg\" \/>\n<meta name=\"twitter:label1\" content=\"Tempo di lettura stimato\" \/>\n\t<meta name=\"twitter:data1\" content=\"3 minuti\" \/>\n<script type=\"application\/ld+json\" class=\"yoast-schema-graph\">{\"@context\":\"https:\\\/\\\/schema.org\",\"@graph\":[{\"@type\":\"WebPage\",\"@id\":\"https:\\\/\\\/homeyouthhostel.com\\\/it\\\/ostello-fallas\\\/\",\"url\":\"https:\\\/\\\/homeyouthhostel.com\\\/it\\\/ostello-fallas\\\/\",\"name\":\"Ostello della Giovent\u00f9 a Valencia per Fallas \ud83d\udd25 Prenota un letto per Falla\",\"isPartOf\":{\"@id\":\"https:\\\/\\\/homeyouthhostel.com\\\/it\\\/#website\"},\"primaryImageOfPage\":{\"@id\":\"https:\\\/\\\/homeyouthhostel.com\\\/it\\\/ostello-fallas\\\/#primaryimage\"},\"image\":{\"@id\":\"https:\\\/\\\/homeyouthhostel.com\\\/it\\\/ostello-fallas\\\/#primaryimage\"},\"thumbnailUrl\":\"https:\\\/\\\/homeyouthhostel.com\\\/wp-content\\\/uploads\\\/2012\\\/10\\\/hostelforfallasinvalencia.jpg\",\"datePublished\":\"2012-10-24T12:43:32+00:00\",\"dateModified\":\"2023-11-15T15:08:22+00:00\",\"description\":\"Ostello della Giovent\u00f9 a Valencia per Fallas\ud83d\udd25Prenota un letto per Fallas. Un ostello economico a Valencia? Ti offriamo a Hostel per Fallas\",\"breadcrumb\":{\"@id\":\"https:\\\/\\\/homeyouthhostel.com\\\/it\\\/ostello-fallas\\\/#breadcrumb\"},\"inLanguage\":\"it-IT\",\"potentialAction\":[{\"@type\":\"ReadAction\",\"target\":[\"https:\\\/\\\/homeyouthhostel.com\\\/it\\\/ostello-fallas\\\/\"]}]},{\"@type\":\"ImageObject\",\"inLanguage\":\"it-IT\",\"@id\":\"https:\\\/\\\/homeyouthhostel.com\\\/it\\\/ostello-fallas\\\/#primaryimage\",\"url\":\"https:\\\/\\\/homeyouthhostel.com\\\/wp-content\\\/uploads\\\/2012\\\/10\\\/hostelforfallasinvalencia.jpg\",\"contentUrl\":\"https:\\\/\\\/homeyouthhostel.com\\\/wp-content\\\/uploads\\\/2012\\\/10\\\/hostelforfallasinvalencia.jpg\",\"width\":1024,\"height\":600,\"caption\":\"Hostel for Fallas in Valencia\"},{\"@type\":\"BreadcrumbList\",\"@id\":\"https:\\\/\\\/homeyouthhostel.com\\\/it\\\/ostello-fallas\\\/#breadcrumb\",\"itemListElement\":[{\"@type\":\"ListItem\",\"position\":1,\"name\":\"Home\",\"item\":\"https:\\\/\\\/homeyouthhostel.com\\\/it\\\/\"},{\"@type\":\"ListItem\",\"position\":2,\"name\":\"Ostello della giovent\u00f9 a Valencia per Fallas\"}]},{\"@type\":\"WebSite\",\"@id\":\"https:\\\/\\\/homeyouthhostel.com\\\/it\\\/#website\",\"url\":\"https:\\\/\\\/homeyouthhostel.com\\\/it\\\/\",\"name\":\"H\u00f4me Youth Hostel Valencia\",\"description\":\"Messaggio Personale\",\"publisher\":{\"@id\":\"https:\\\/\\\/homeyouthhostel.com\\\/it\\\/#organization\"},\"potentialAction\":[{\"@type\":\"SearchAction\",\"target\":{\"@type\":\"EntryPoint\",\"urlTemplate\":\"https:\\\/\\\/homeyouthhostel.com\\\/it\\\/?s={search_term_string}\"},\"query-input\":{\"@type\":\"PropertyValueSpecification\",\"valueRequired\":true,\"valueName\":\"search_term_string\"}}],\"inLanguage\":\"it-IT\"},{\"@type\":\"Organization\",\"@id\":\"https:\\\/\\\/homeyouthhostel.com\\\/it\\\/#organization\",\"name\":\"H\u00f4me Youth Hostel Valencia\",\"url\":\"https:\\\/\\\/homeyouthhostel.com\\\/it\\\/\",\"logo\":{\"@type\":\"ImageObject\",\"inLanguage\":\"it-IT\",\"@id\":\"https:\\\/\\\/homeyouthhostel.com\\\/it\\\/#\\\/schema\\\/logo\\\/image\\\/\",\"url\":\"https:\\\/\\\/homeyouthhostel.com\\\/wp-content\\\/uploads\\\/2016\\\/10\\\/logopng.png\",\"contentUrl\":\"https:\\\/\\\/homeyouthhostel.com\\\/wp-content\\\/uploads\\\/2016\\\/10\\\/logopng.png\",\"width\":400,\"height\":259,\"caption\":\"H\u00f4me Youth Hostel Valencia\"},\"image\":{\"@id\":\"https:\\\/\\\/homeyouthhostel.com\\\/it\\\/#\\\/schema\\\/logo\\\/image\\\/\"},\"sameAs\":[\"https:\\\/\\\/www.facebook.com\\\/HomeYouthHostelValencia\\\/\",\"https:\\\/\\\/x.com\\\/HomeYouthHostel\",\"https:\\\/\\\/www.instagram.com\\\/homeyouthhostelvalencia\\\/\",\"https:\\\/\\\/linkedin.com\\\/company\\\/homeyouthhostelvalencia\",\"https:\\\/\\\/www.youtube.com\\\/channel\\\/UC1RgdaIHNQP2CsgZakYFBhQ\"]}]}<\/script>\n<!-- \/ Yoast SEO plugin. -->","yoast_head_json":{"title":"Ostello della Giovent\u00f9 a Valencia per Fallas \ud83d\udd25 Prenota un letto per Falla","description":"Ostello della Giovent\u00f9 a Valencia per Fallas\ud83d\udd25Prenota un letto per Fallas. Un ostello economico a Valencia? Ti offriamo a Hostel per Fallas","robots":{"index":"index","follow":"follow","max-snippet":"max-snippet:-1","max-image-preview":"max-image-preview:large","max-video-preview":"max-video-preview:-1"},"canonical":"https:\/\/homeyouthhostel.com\/it\/ostello-fallas\/","og_locale":"it_IT","og_type":"article","og_title":"Ostello della giovent\u00f9 a Valencia per Fallas \ud83d\udd25\ud83d\udd25\ud83d\udd25\ud83d\udd25 Prenota un posto letto per Fallas a Valencia al miglior prezzo nel centro della citt\u00e0.","og_description":"Stai venendo a Fallas a Valencia? Stai cercando un ostello della giovent\u00f9 economico per Fallas? Ti offriamo un alloggio perfetto per le Fallas: qui all'Home Youth Hostel potrai goderti questo famoso evento. Non c'\u00e8 posto migliore dove alloggiare durante questa festa locale perch\u00e9 ci troviamo nel cuore degli eventi del festival Fallas.","og_url":"https:\/\/homeyouthhostel.com\/it\/ostello-fallas\/","og_site_name":"Home Youth Hostel","article_publisher":"https:\/\/www.facebook.com\/HomeYouthHostelValencia\/","article_modified_time":"2023-11-15T15:08:22+00:00","og_image":[{"url":"https:\/\/homeyouthhostel.com\/wp-content\/uploads\/2012\/10\/hostelforfallasinvalencia.jpg","type":"","width":"","height":""}],"twitter_misc":{"Tempo di lettura stimato":"3 minuti"},"schema":{"@context":"https:\/\/schema.org","@graph":[{"@type":"WebPage","@id":"https:\/\/homeyouthhostel.com\/it\/ostello-fallas\/","url":"https:\/\/homeyouthhostel.com\/it\/ostello-fallas\/","name":"Ostello della Giovent\u00f9 a Valencia per Fallas \ud83d\udd25 Prenota un letto per Falla","isPartOf":{"@id":"https:\/\/homeyouthhostel.com\/it\/#website"},"primaryImageOfPage":{"@id":"https:\/\/homeyouthhostel.com\/it\/ostello-fallas\/#primaryimage"},"image":{"@id":"https:\/\/homeyouthhostel.com\/it\/ostello-fallas\/#primaryimage"},"thumbnailUrl":"https:\/\/homeyouthhostel.com\/wp-content\/uploads\/2012\/10\/hostelforfallasinvalencia.jpg","datePublished":"2012-10-24T12:43:32+00:00","dateModified":"2023-11-15T15:08:22+00:00","description":"Ostello della Giovent\u00f9 a Valencia per Fallas\ud83d\udd25Prenota un letto per Fallas. Un ostello economico a Valencia? Ti offriamo a Hostel per Fallas","breadcrumb":{"@id":"https:\/\/homeyouthhostel.com\/it\/ostello-fallas\/#breadcrumb"},"inLanguage":"it-IT","potentialAction":[{"@type":"ReadAction","target":["https:\/\/homeyouthhostel.com\/it\/ostello-fallas\/"]}]},{"@type":"ImageObject","inLanguage":"it-IT","@id":"https:\/\/homeyouthhostel.com\/it\/ostello-fallas\/#primaryimage","url":"https:\/\/homeyouthhostel.com\/wp-content\/uploads\/2012\/10\/hostelforfallasinvalencia.jpg","contentUrl":"https:\/\/homeyouthhostel.com\/wp-content\/uploads\/2012\/10\/hostelforfallasinvalencia.jpg","width":1024,"height":600,"caption":"Hostel for Fallas in Valencia"},{"@type":"BreadcrumbList","@id":"https:\/\/homeyouthhostel.com\/it\/ostello-fallas\/#breadcrumb","itemListElement":[{"@type":"ListItem","position":1,"name":"Home","item":"https:\/\/homeyouthhostel.com\/it\/"},{"@type":"ListItem","position":2,"name":"Ostello della giovent\u00f9 a Valencia per Fallas"}]},{"@type":"WebSite","@id":"https:\/\/homeyouthhostel.com\/it\/#website","url":"https:\/\/homeyouthhostel.com\/it\/","name":"H\u00f4me Youth Hostel Valencia","description":"Messaggio Personale","publisher":{"@id":"https:\/\/homeyouthhostel.com\/it\/#organization"},"potentialAction":[{"@type":"SearchAction","target":{"@type":"EntryPoint","urlTemplate":"https:\/\/homeyouthhostel.com\/it\/?s={search_term_string}"},"query-input":{"@type":"PropertyValueSpecification","valueRequired":true,"valueName":"search_term_string"}}],"inLanguage":"it-IT"},{"@type":"Organization","@id":"https:\/\/homeyouthhostel.com\/it\/#organization","name":"H\u00f4me Youth Hostel Valencia","url":"https:\/\/homeyouthhostel.com\/it\/","logo":{"@type":"ImageObject","inLanguage":"it-IT","@id":"https:\/\/homeyouthhostel.com\/it\/#\/schema\/logo\/image\/","url":"https:\/\/homeyouthhostel.com\/wp-content\/uploads\/2016\/10\/logopng.png","contentUrl":"https:\/\/homeyouthhostel.com\/wp-content\/uploads\/2016\/10\/logopng.png","width":400,"height":259,"caption":"H\u00f4me Youth Hostel Valencia"},"image":{"@id":"https:\/\/homeyouthhostel.com\/it\/#\/schema\/logo\/image\/"},"sameAs":["https:\/\/www.facebook.com\/HomeYouthHostelValencia\/","https:\/\/x.com\/HomeYouthHostel","https:\/\/www.instagram.com\/homeyouthhostelvalencia\/","https:\/\/linkedin.com\/company\/homeyouthhostelvalencia","https:\/\/www.youtube.com\/channel\/UC1RgdaIHNQP2CsgZakYFBhQ"]}]}},"_links":{"self":[{"href":"https:\/\/homeyouthhostel.com\/it\/wp-json\/wp\/v2\/pages\/423","targetHints":{"allow":["GET"]}}],"collection":[{"href":"https:\/\/homeyouthhostel.com\/it\/wp-json\/wp\/v2\/pages"}],"about":[{"href":"https:\/\/homeyouthhostel.com\/it\/wp-json\/wp\/v2\/types\/page"}],"author":[{"embeddable":true,"href":"https:\/\/homeyouthhostel.com\/it\/wp-json\/wp\/v2\/users\/9"}],"replies":[{"embeddable":true,"href":"https:\/\/homeyouthhostel.com\/it\/wp-json\/wp\/v2\/comments?post=423"}],"version-history":[{"count":0,"href":"https:\/\/homeyouthhostel.com\/it\/wp-json\/wp\/v2\/pages\/423\/revisions"}],"wp:featuredmedia":[{"embeddable":true,"href":"https:\/\/homeyouthhostel.com\/it\/wp-json\/wp\/v2\/media\/2355"}],"wp:attachment":[{"href":"https:\/\/homeyouthhostel.com\/it\/wp-json\/wp\/v2\/media?parent=423"}],"curies":[{"name":"wp","href":"https:\/\/api.w.org\/{rel}","templated":true}]}}