{"id":400,"date":"2012-10-24T10:57:06","date_gmt":"2012-10-24T08:57:06","guid":{"rendered":"http:\/\/www.homeyouthhostel.com\/?page_id=400"},"modified":"2021-12-30T14:29:11","modified_gmt":"2021-12-30T13:29:11","slug":"ostello-a-valencia","status":"publish","type":"page","link":"https:\/\/homeyouthhostel.com\/it\/ostello-a-valencia\/","title":{"rendered":"Ostello a Valencia"},"content":{"rendered":"\n<p>Cerchi un <strong>ostello a Valencia<\/strong>?<\/p>\n\n\n\n<p>La scelta migliore per una sistemazione economica che ti permetta di visitare la citt\u00e0 \u00e8 un <strong>ostello<\/strong> <strong>a Valencia<\/strong>. Per coloro che non cercano un<strong> ostello<\/strong> qualsiasi, per quei viaggiatori che sono alla ricerca di qualche cosa con un\u2019ottima relazione qualit\u00e0 prezzo.<\/p>\n\n\n\n<p><a title=\"ostello valencia\" href=\"https:\/\/www.homeyouthhostel.com\/it\/\">H\u00f4me Youth Hostel <\/a>\u00e8 un ostello situato nel centro storico di Valencia, di fianco al Mercato Centrale e alla Lonja, due dei punti turistici pi\u00f9 importanti della citt\u00e0 e a solo 8 minuti a piedi dalla Stazione dei treni e da quella degli autobus.<\/p>\n\n\n\n<p>Tutte le stanze sono private e condividono una grande zona comune con cucina completa, zona lounge con televisione ed ovviamente Wifi gratis in tutto l\u2019edificio<\/p>\n\n\n\n<p>Se cerchi un <strong>ostello con Wifi gratis<\/strong>, reception 24h, taff attento e sempre a tua disposizione.<\/p>\n\n\n\n<p>Ci sono molti ostelli <strong>a Valencia <\/strong>per\u00f2 nessuno \u00e8 cos\u00ec economico come Home Hostels Valencia. La fermata della metro pi\u00f9 vicina ai nostri ostelli \u00e8 X\u00e1tiva, di fianco a Plaza de Toros, a pochi metri da Piazza dell\u2019Ayuntamiento e al centro della zona storica di Valencia piena di ristoranti, negozi, teatri e galleria di arte.<\/p>\n\n\n\n<p>Ci sono veramente molte cose da fare a Valencia, \u00e8 semplice e poco costoso muoversi per il centro storico partendo dai nostri <strong>ostelli<\/strong> <strong>a Valencia<\/strong>, la citt\u00e0 offre una buona rete di mezzi pubblici come la metro e gli autobus.<\/p>\n\n\n\n<p>Se stai cercando un<strong> ostello situato nel pieno centro storico di Valencia<\/strong> Home Youth Hostel e Home Backpackers Hostal sono la risposta alle tue necessit\u00e0.<\/p>\n\n\n\n<p>Vieni a Home Hostels Valencia, la prima catena di ostelli a basso prezzo nel centro storico di Valencia.<\/p>\n\n\n\n<p>Per maggiori informazioni sulla citt\u00e0 di Valencia, eventi, luoghi da visitare vai alla nostra <a href=\"https:\/\/www.homehostelsvalencia.com\/it\/ostelli-valencia\/\">Guida di Valencia<\/a><\/p>\n\n\n\n<p><strong>Per informazioni sui nostri ostelli nel Barrio del Carmen<\/strong> guarda i siti web <a href=\"https:\/\/homehostelsvalencia.com\/it\/youth-hostel-valencia\/presentazione\/\" target=\"_blank\" rel=\"noreferrer noopener\">Home Youth Hostel Valencia<\/a> e <a href=\"https:\/\/www.homehostelsvalencia.com\/it\/backpackers-hostel-valencia\/presentazione\/\" target=\"_blank\" rel=\"noreferrer noopener\">Home Backpackers Hostel<\/a><\/p>\n\n\n\n<p>&nbsp;<\/p>\n\n\n\n<h2 class=\"wp-block-heading\">Il meglio ostello a Valencia<\/h2>\n\n\n\n<p>A Home Youth Hostel ci sentiamo orgogliosi della qualit\u00e0 del nostro servizio, della pulizia e della decorazione. Offrendo prezzi low-cost per gruppi o coppie.<\/p>\n\n\n\n<p>Se stai cercando un<strong> ostello a Valencia<\/strong>, con <strong>Home Youth Hostel Valencia <\/strong>starai di lusso, situato Vicino alla Lonja de Valencia e Mercato Centrale. La miglior situazione per visitare la citt\u00e0 a pochi minuti dal centro e dalla spiaggia con i mezzi pubblici.<\/p>\n\n\n\n<p>&nbsp;<\/p>\n\n\n\n<p>\u00a1Vieni a Valencia e dormi al miglior prezzo!<\/p>\n","protected":false},"excerpt":{"rendered":"<p>Cerchi un ostello a Valencia? La scelta migliore per una sistemazione economica che ti permetta di visitare la citt\u00e0 \u00e8 un ostello a Valencia. Per coloro che non cercano un ostello qualsiasi, per quei viaggiatori che sono alla ricerca di qualche cosa con un\u2019ottima relazione qualit\u00e0 prezzo. H\u00f4me Youth Hostel \u00e8 un ostello situato nel [&hellip;]<\/p>\n","protected":false},"author":9,"featured_media":911,"parent":0,"menu_order":0,"comment_status":"open","ping_status":"open","template":"","meta":{"footnotes":""},"class_list":["post-400","page","type-page","status-publish","has-post-thumbnail","hentry"],"yoast_head":"<!-- This site is optimized with the Yoast SEO plugin v27.4 - https:\/\/yoast.com\/product\/yoast-seo-wordpress\/ -->\n<title>Ostello della gioventu a Valencia - Home Youth Hostel<\/title>\n<meta name=\"description\" content=\"Cerchi un ostello a Valencia? La scelta migliore per una sistemazione economica che ti permetta di visitare la citt\u00e0 \u00e8 un ostello a Valencia.\" \/>\n<meta name=\"robots\" content=\"index, follow, max-snippet:-1, max-image-preview:large, max-video-preview:-1\" \/>\n<link rel=\"canonical\" href=\"https:\/\/homeyouthhostel.com\/it\/ostello-a-valencia\/\" \/>\n<meta property=\"og:locale\" content=\"it_IT\" \/>\n<meta property=\"og:type\" content=\"article\" \/>\n<meta property=\"og:title\" content=\"Ostello della gioventu a Valencia - Home Youth Hostel\" \/>\n<meta property=\"og:description\" content=\"Cerchi un ostello a Valencia? La scelta migliore per una sistemazione economica che ti permetta di visitare la citt\u00e0 \u00e8 un ostello a Valencia.\" \/>\n<meta property=\"og:url\" content=\"https:\/\/homeyouthhostel.com\/it\/ostello-a-valencia\/\" \/>\n<meta property=\"og:site_name\" content=\"Home Youth Hostel\" \/>\n<meta property=\"article:publisher\" content=\"https:\/\/www.facebook.com\/HomeYouthHostelValencia\/\" \/>\n<meta property=\"article:modified_time\" content=\"2021-12-30T13:29:11+00:00\" \/>\n<meta property=\"og:image\" content=\"https:\/\/homeyouthhostel.com\/wp-content\/uploads\/2012\/07\/home-youth-hostel-valencia-homepage.jpg\" \/>\n\t<meta property=\"og:image:width\" content=\"1024\" \/>\n\t<meta property=\"og:image:height\" content=\"600\" \/>\n\t<meta property=\"og:image:type\" content=\"image\/jpeg\" \/>\n<meta name=\"twitter:label1\" content=\"Tempo di lettura stimato\" \/>\n\t<meta name=\"twitter:data1\" content=\"3 minuti\" \/>\n<script type=\"application\/ld+json\" class=\"yoast-schema-graph\">{\"@context\":\"https:\\\/\\\/schema.org\",\"@graph\":[{\"@type\":\"WebPage\",\"@id\":\"https:\\\/\\\/homeyouthhostel.com\\\/it\\\/ostello-a-valencia\\\/\",\"url\":\"https:\\\/\\\/homeyouthhostel.com\\\/it\\\/ostello-a-valencia\\\/\",\"name\":\"Ostello della gioventu a Valencia - Home Youth Hostel\",\"isPartOf\":{\"@id\":\"https:\\\/\\\/homeyouthhostel.com\\\/it\\\/#website\"},\"primaryImageOfPage\":{\"@id\":\"https:\\\/\\\/homeyouthhostel.com\\\/it\\\/ostello-a-valencia\\\/#primaryimage\"},\"image\":{\"@id\":\"https:\\\/\\\/homeyouthhostel.com\\\/it\\\/ostello-a-valencia\\\/#primaryimage\"},\"thumbnailUrl\":\"https:\\\/\\\/homeyouthhostel.com\\\/wp-content\\\/uploads\\\/2012\\\/07\\\/home-youth-hostel-valencia-homepage.jpg\",\"datePublished\":\"2012-10-24T08:57:06+00:00\",\"dateModified\":\"2021-12-30T13:29:11+00:00\",\"description\":\"Cerchi un ostello a Valencia? La scelta migliore per una sistemazione economica che ti permetta di visitare la citt\u00e0 \u00e8 un ostello a Valencia.\",\"breadcrumb\":{\"@id\":\"https:\\\/\\\/homeyouthhostel.com\\\/it\\\/ostello-a-valencia\\\/#breadcrumb\"},\"inLanguage\":\"it-IT\",\"potentialAction\":[{\"@type\":\"ReadAction\",\"target\":[\"https:\\\/\\\/homeyouthhostel.com\\\/it\\\/ostello-a-valencia\\\/\"]}]},{\"@type\":\"ImageObject\",\"inLanguage\":\"it-IT\",\"@id\":\"https:\\\/\\\/homeyouthhostel.com\\\/it\\\/ostello-a-valencia\\\/#primaryimage\",\"url\":\"https:\\\/\\\/homeyouthhostel.com\\\/wp-content\\\/uploads\\\/2012\\\/07\\\/home-youth-hostel-valencia-homepage.jpg\",\"contentUrl\":\"https:\\\/\\\/homeyouthhostel.com\\\/wp-content\\\/uploads\\\/2012\\\/07\\\/home-youth-hostel-valencia-homepage.jpg\",\"width\":1024,\"height\":600,\"caption\":\"Cozy bedroom for discount\"},{\"@type\":\"BreadcrumbList\",\"@id\":\"https:\\\/\\\/homeyouthhostel.com\\\/it\\\/ostello-a-valencia\\\/#breadcrumb\",\"itemListElement\":[{\"@type\":\"ListItem\",\"position\":1,\"name\":\"Home\",\"item\":\"https:\\\/\\\/homeyouthhostel.com\\\/it\\\/\"},{\"@type\":\"ListItem\",\"position\":2,\"name\":\"Ostello a Valencia\"}]},{\"@type\":\"WebSite\",\"@id\":\"https:\\\/\\\/homeyouthhostel.com\\\/it\\\/#website\",\"url\":\"https:\\\/\\\/homeyouthhostel.com\\\/it\\\/\",\"name\":\"H\u00f4me Youth Hostel Valencia\",\"description\":\"Messaggio Personale\",\"publisher\":{\"@id\":\"https:\\\/\\\/homeyouthhostel.com\\\/it\\\/#organization\"},\"potentialAction\":[{\"@type\":\"SearchAction\",\"target\":{\"@type\":\"EntryPoint\",\"urlTemplate\":\"https:\\\/\\\/homeyouthhostel.com\\\/it\\\/?s={search_term_string}\"},\"query-input\":{\"@type\":\"PropertyValueSpecification\",\"valueRequired\":true,\"valueName\":\"search_term_string\"}}],\"inLanguage\":\"it-IT\"},{\"@type\":\"Organization\",\"@id\":\"https:\\\/\\\/homeyouthhostel.com\\\/it\\\/#organization\",\"name\":\"H\u00f4me Youth Hostel Valencia\",\"url\":\"https:\\\/\\\/homeyouthhostel.com\\\/it\\\/\",\"logo\":{\"@type\":\"ImageObject\",\"inLanguage\":\"it-IT\",\"@id\":\"https:\\\/\\\/homeyouthhostel.com\\\/it\\\/#\\\/schema\\\/logo\\\/image\\\/\",\"url\":\"https:\\\/\\\/homeyouthhostel.com\\\/wp-content\\\/uploads\\\/2016\\\/10\\\/logopng.png\",\"contentUrl\":\"https:\\\/\\\/homeyouthhostel.com\\\/wp-content\\\/uploads\\\/2016\\\/10\\\/logopng.png\",\"width\":400,\"height\":259,\"caption\":\"H\u00f4me Youth Hostel Valencia\"},\"image\":{\"@id\":\"https:\\\/\\\/homeyouthhostel.com\\\/it\\\/#\\\/schema\\\/logo\\\/image\\\/\"},\"sameAs\":[\"https:\\\/\\\/www.facebook.com\\\/HomeYouthHostelValencia\\\/\",\"https:\\\/\\\/x.com\\\/HomeYouthHostel\",\"https:\\\/\\\/www.instagram.com\\\/homeyouthhostelvalencia\\\/\",\"https:\\\/\\\/linkedin.com\\\/company\\\/homeyouthhostelvalencia\",\"https:\\\/\\\/www.youtube.com\\\/channel\\\/UC1RgdaIHNQP2CsgZakYFBhQ\"]}]}<\/script>\n<!-- \/ Yoast SEO plugin. -->","yoast_head_json":{"title":"Ostello della gioventu a Valencia - Home Youth Hostel","description":"Cerchi un ostello a Valencia? La scelta migliore per una sistemazione economica che ti permetta di visitare la citt\u00e0 \u00e8 un ostello a Valencia.","robots":{"index":"index","follow":"follow","max-snippet":"max-snippet:-1","max-image-preview":"max-image-preview:large","max-video-preview":"max-video-preview:-1"},"canonical":"https:\/\/homeyouthhostel.com\/it\/ostello-a-valencia\/","og_locale":"it_IT","og_type":"article","og_title":"Ostello della gioventu a Valencia - Home Youth Hostel","og_description":"Cerchi un ostello a Valencia? La scelta migliore per una sistemazione economica che ti permetta di visitare la citt\u00e0 \u00e8 un ostello a Valencia.","og_url":"https:\/\/homeyouthhostel.com\/it\/ostello-a-valencia\/","og_site_name":"Home Youth Hostel","article_publisher":"https:\/\/www.facebook.com\/HomeYouthHostelValencia\/","article_modified_time":"2021-12-30T13:29:11+00:00","og_image":[{"width":1024,"height":600,"url":"https:\/\/homeyouthhostel.com\/wp-content\/uploads\/2012\/07\/home-youth-hostel-valencia-homepage.jpg","type":"image\/jpeg"}],"twitter_misc":{"Tempo di lettura stimato":"3 minuti"},"schema":{"@context":"https:\/\/schema.org","@graph":[{"@type":"WebPage","@id":"https:\/\/homeyouthhostel.com\/it\/ostello-a-valencia\/","url":"https:\/\/homeyouthhostel.com\/it\/ostello-a-valencia\/","name":"Ostello della gioventu a Valencia - Home Youth Hostel","isPartOf":{"@id":"https:\/\/homeyouthhostel.com\/it\/#website"},"primaryImageOfPage":{"@id":"https:\/\/homeyouthhostel.com\/it\/ostello-a-valencia\/#primaryimage"},"image":{"@id":"https:\/\/homeyouthhostel.com\/it\/ostello-a-valencia\/#primaryimage"},"thumbnailUrl":"https:\/\/homeyouthhostel.com\/wp-content\/uploads\/2012\/07\/home-youth-hostel-valencia-homepage.jpg","datePublished":"2012-10-24T08:57:06+00:00","dateModified":"2021-12-30T13:29:11+00:00","description":"Cerchi un ostello a Valencia? La scelta migliore per una sistemazione economica che ti permetta di visitare la citt\u00e0 \u00e8 un ostello a Valencia.","breadcrumb":{"@id":"https:\/\/homeyouthhostel.com\/it\/ostello-a-valencia\/#breadcrumb"},"inLanguage":"it-IT","potentialAction":[{"@type":"ReadAction","target":["https:\/\/homeyouthhostel.com\/it\/ostello-a-valencia\/"]}]},{"@type":"ImageObject","inLanguage":"it-IT","@id":"https:\/\/homeyouthhostel.com\/it\/ostello-a-valencia\/#primaryimage","url":"https:\/\/homeyouthhostel.com\/wp-content\/uploads\/2012\/07\/home-youth-hostel-valencia-homepage.jpg","contentUrl":"https:\/\/homeyouthhostel.com\/wp-content\/uploads\/2012\/07\/home-youth-hostel-valencia-homepage.jpg","width":1024,"height":600,"caption":"Cozy bedroom for discount"},{"@type":"BreadcrumbList","@id":"https:\/\/homeyouthhostel.com\/it\/ostello-a-valencia\/#breadcrumb","itemListElement":[{"@type":"ListItem","position":1,"name":"Home","item":"https:\/\/homeyouthhostel.com\/it\/"},{"@type":"ListItem","position":2,"name":"Ostello a Valencia"}]},{"@type":"WebSite","@id":"https:\/\/homeyouthhostel.com\/it\/#website","url":"https:\/\/homeyouthhostel.com\/it\/","name":"H\u00f4me Youth Hostel Valencia","description":"Messaggio Personale","publisher":{"@id":"https:\/\/homeyouthhostel.com\/it\/#organization"},"potentialAction":[{"@type":"SearchAction","target":{"@type":"EntryPoint","urlTemplate":"https:\/\/homeyouthhostel.com\/it\/?s={search_term_string}"},"query-input":{"@type":"PropertyValueSpecification","valueRequired":true,"valueName":"search_term_string"}}],"inLanguage":"it-IT"},{"@type":"Organization","@id":"https:\/\/homeyouthhostel.com\/it\/#organization","name":"H\u00f4me Youth Hostel Valencia","url":"https:\/\/homeyouthhostel.com\/it\/","logo":{"@type":"ImageObject","inLanguage":"it-IT","@id":"https:\/\/homeyouthhostel.com\/it\/#\/schema\/logo\/image\/","url":"https:\/\/homeyouthhostel.com\/wp-content\/uploads\/2016\/10\/logopng.png","contentUrl":"https:\/\/homeyouthhostel.com\/wp-content\/uploads\/2016\/10\/logopng.png","width":400,"height":259,"caption":"H\u00f4me Youth Hostel Valencia"},"image":{"@id":"https:\/\/homeyouthhostel.com\/it\/#\/schema\/logo\/image\/"},"sameAs":["https:\/\/www.facebook.com\/HomeYouthHostelValencia\/","https:\/\/x.com\/HomeYouthHostel","https:\/\/www.instagram.com\/homeyouthhostelvalencia\/","https:\/\/linkedin.com\/company\/homeyouthhostelvalencia","https:\/\/www.youtube.com\/channel\/UC1RgdaIHNQP2CsgZakYFBhQ"]}]}},"_links":{"self":[{"href":"https:\/\/homeyouthhostel.com\/it\/wp-json\/wp\/v2\/pages\/400","targetHints":{"allow":["GET"]}}],"collection":[{"href":"https:\/\/homeyouthhostel.com\/it\/wp-json\/wp\/v2\/pages"}],"about":[{"href":"https:\/\/homeyouthhostel.com\/it\/wp-json\/wp\/v2\/types\/page"}],"author":[{"embeddable":true,"href":"https:\/\/homeyouthhostel.com\/it\/wp-json\/wp\/v2\/users\/9"}],"replies":[{"embeddable":true,"href":"https:\/\/homeyouthhostel.com\/it\/wp-json\/wp\/v2\/comments?post=400"}],"version-history":[{"count":0,"href":"https:\/\/homeyouthhostel.com\/it\/wp-json\/wp\/v2\/pages\/400\/revisions"}],"wp:featuredmedia":[{"embeddable":true,"href":"https:\/\/homeyouthhostel.com\/it\/wp-json\/wp\/v2\/media\/911"}],"wp:attachment":[{"href":"https:\/\/homeyouthhostel.com\/it\/wp-json\/wp\/v2\/media?parent=400"}],"curies":[{"name":"wp","href":"https:\/\/api.w.org\/{rel}","templated":true}]}}