{"id":3856,"date":"2021-11-26T18:32:58","date_gmt":"2021-11-26T17:32:58","guid":{"rendered":"https:\/\/homeyouthhostel.com\/home\/"},"modified":"2023-10-25T12:51:40","modified_gmt":"2023-10-25T10:51:40","slug":"home","status":"publish","type":"page","link":"https:\/\/homeyouthhostel.com\/it\/","title":{"rendered":"Home"},"content":{"rendered":"\n<h1 class=\"wp-block-heading has-text-align-center\">H\u00f4me Youth Hostel Valencia<\/h1>\n\n<h2 class=\"wp-block-heading has-text-align-center\">H\u00f4me ostelli della giovent\u00f9 al miglior prezzo | <a href=\"https:\/\/feetuphostels.com\/it\/home-youth-ostello-valencia\/\" target=\"_blank\" rel=\"noreferrer noopener\">Alloggio senza letti a castello a Valencia<\/a><\/h2>\n\n<figure class=\"wp-block-image aligncenter\"><a href=\"https:\/\/homeyouthhostel.com\/it\/ostello-fallas\/\"><img decoding=\"async\" src=\"https:\/\/www.homeyouthhostel.com\/wp-content\/uploads\/2012\/07\/homeyouthhostelvalencia2016.jpg\" alt=\"Ostello della giovent&#xF9; Valencia\"\/><\/a><figcaption class=\"wp-element-caption\">Ostello della giovent\u00f9 Valencia<\/figcaption><\/figure>\n\n<h2 class=\"wp-block-heading\">H\u00f4me Ostello della giovent\u00f9 a Valencia per Fallas<\/h2>\n\n<p>Vi offre una sistemazione perfetta per Fallas, qui in H\u00f4me Youth Hostel a Valencia<\/p>\n\n<h2 class=\"wp-block-heading\">Ostello per gruppi Valencia<\/h2>\n\n<p>Abbiamo un team di prenotazioni dedicato che ti aiuter\u00e0 con qualsiasi domanda di prenotazione<\/p>\n\n<h2 class=\"wp-block-heading\">Tipi di camere a home hostel Valencia<\/h2>\n\n<p>E &#8216; il miglior ostello della giovent\u00f9 in citt\u00e0, l&#8217;unico senza letti a castello dormitori<\/p>\n\n<h2 class=\"wp-block-heading\">Looking for a cheap place to stay in Valencia?<\/h2>\n\n<p>L&#8217;ostello della giovent\u00f9 H\u00f4me si trova nel centro della citt\u00e0 di Valencia, a soli 10 minuti a piedi dalle principali stazioni ferroviarie e degli autobus e a pochi passi dal Mercado Central (Mercato centrale) e La Lonja (Mercato della seta), due luoghi turistici molto importanti di Valencia.<\/p>\n\n<h2 class=\"wp-block-heading\">Cerchi un posto economico in cui soggiornare a Valencia?<\/h2>\n\n<p>Questo ostello della giovent\u00f9 \u00e8 il primo ostello a Valencia senza letti a castello! \u00c8 perfetto sia per gruppi che per viaggiatori individuali. Offre una posizione centrale e alloggi a basso costo.<\/p>\n\n<p>Le nostre camere sono colorate, allegre, e hanno disegni originali dipinte sulle pareti. Le camere hanno diverse dimensioni, tutte dotate di aria condizionata e WIFI gratuito in modo da essere sempre connessi.<\/p>\n\n<h2 class=\"wp-block-heading\">Ostello piacevole e accogliente a Valencia<\/h2>\n\n<p>L&#8217;alloggio a Valencia \u00e8 per tutti coloro che vogliono soggiornare in un luogo confortevole, pulito, colorato, dal design moderno con un&#8217;atmosfera amichevole.<\/p>\n\n<p>Goditi le aree comuni e rilassati nel soggiorno, pianificando la tua prossima destinazione o condividendo le tue esperienze con altri backpackers provenienti da tutto il mondo.<\/p>\n\n<h2 class=\"wp-block-heading\">Benvenuti a Casa Ostello Valencia!<\/h2>\n","protected":false},"excerpt":{"rendered":"<p>H\u00f4me Youth Hostel Valencia | Ostello della giovent\u00f9 H\u00f4me al miglior prezzo | Alloggio senza letti a castello a Valencia<\/p>\n","protected":false},"author":9,"featured_media":2743,"parent":0,"menu_order":0,"comment_status":"open","ping_status":"closed","template":"","meta":{"footnotes":""},"class_list":["post-3856","page","type-page","status-publish","has-post-thumbnail","hentry"],"yoast_head":"<!-- This site is optimized with the Yoast SEO plugin v27.3 - https:\/\/yoast.com\/product\/yoast-seo-wordpress\/ -->\n<title>H\u00f4me Youth Hostel Valencia Valencia \ud83e\udd47 Il tuo ostello della giovent\u00f9 a Valencia per dormire<\/title>\n<meta name=\"description\" content=\"H\u00f4me Youth Hostel Valencia * La migliore opzione per dormire nel centro storico di Valencia \ud83e\udd47The Il primo ostello con camere private SENZA LETTI A CASTELLO\" \/>\n<meta name=\"robots\" content=\"index, follow, max-snippet:-1, max-image-preview:large, max-video-preview:-1\" \/>\n<link rel=\"canonical\" href=\"https:\/\/homeyouthhostel.com\/it\/\" \/>\n<meta property=\"og:locale\" content=\"it_IT\" \/>\n<meta property=\"og:type\" content=\"article\" \/>\n<meta property=\"og:title\" content=\"H\u00f4me Youth Hostel Valencia \u00b7 Il tuo ostello della giovent\u00f9 a Valencia per dormire\" \/>\n<meta property=\"og:description\" content=\"H\u00f4me Youth Hostel Valencia \u00b7 Il tuo ostello della giovent\u00f9 a Valencia per dormire nel vecchio porto di Valencia. Ostello camere private senza letti a castello con il miglior prezzo online e senza commissioni per la prenotazione\" \/>\n<meta property=\"og:url\" content=\"https:\/\/homeyouthhostel.com\/it\/\" \/>\n<meta property=\"og:site_name\" content=\"Home Youth Hostel\" \/>\n<meta property=\"article:publisher\" content=\"https:\/\/www.facebook.com\/HomeYouthHostelValencia\/\" \/>\n<meta property=\"article:modified_time\" content=\"2023-10-25T10:51:40+00:00\" \/>\n<meta property=\"og:image\" content=\"https:\/\/homeyouthhostel.com\/wp-content\/uploads\/2012\/07\/35rooms-home-youth-hostel-valencia.jpg\" \/>\n\t<meta property=\"og:image:width\" content=\"1024\" \/>\n\t<meta property=\"og:image:height\" content=\"768\" \/>\n\t<meta property=\"og:image:type\" content=\"image\/jpeg\" \/>\n<meta name=\"twitter:label1\" content=\"Tempo di lettura stimato\" \/>\n\t<meta name=\"twitter:data1\" content=\"2 minuti\" \/>\n<script type=\"application\/ld+json\" class=\"yoast-schema-graph\">{\"@context\":\"https:\\\/\\\/schema.org\",\"@graph\":[{\"@type\":\"WebPage\",\"@id\":\"https:\\\/\\\/homeyouthhostel.com\\\/it\\\/\",\"url\":\"https:\\\/\\\/homeyouthhostel.com\\\/it\\\/\",\"name\":\"H\u00f4me Youth Hostel Valencia Valencia \ud83e\udd47 Il tuo ostello della giovent\u00f9 a Valencia per dormire\",\"isPartOf\":{\"@id\":\"https:\\\/\\\/homeyouthhostel.com\\\/it\\\/#website\"},\"primaryImageOfPage\":{\"@id\":\"https:\\\/\\\/homeyouthhostel.com\\\/it\\\/#primaryimage\"},\"image\":{\"@id\":\"https:\\\/\\\/homeyouthhostel.com\\\/it\\\/#primaryimage\"},\"thumbnailUrl\":\"https:\\\/\\\/homeyouthhostel.com\\\/wp-content\\\/uploads\\\/2012\\\/07\\\/35rooms-home-youth-hostel-valencia.jpg\",\"datePublished\":\"2021-11-26T17:32:58+00:00\",\"dateModified\":\"2023-10-25T10:51:40+00:00\",\"description\":\"H\u00f4me Youth Hostel Valencia * La migliore opzione per dormire nel centro storico di Valencia \ud83e\udd47The Il primo ostello con camere private SENZA LETTI A CASTELLO\",\"breadcrumb\":{\"@id\":\"https:\\\/\\\/homeyouthhostel.com\\\/it\\\/#breadcrumb\"},\"inLanguage\":\"it-IT\",\"potentialAction\":[{\"@type\":\"ReadAction\",\"target\":[\"https:\\\/\\\/homeyouthhostel.com\\\/it\\\/\"]}]},{\"@type\":\"ImageObject\",\"inLanguage\":\"it-IT\",\"@id\":\"https:\\\/\\\/homeyouthhostel.com\\\/it\\\/#primaryimage\",\"url\":\"https:\\\/\\\/homeyouthhostel.com\\\/wp-content\\\/uploads\\\/2012\\\/07\\\/35rooms-home-youth-hostel-valencia.jpg\",\"contentUrl\":\"https:\\\/\\\/homeyouthhostel.com\\\/wp-content\\\/uploads\\\/2012\\\/07\\\/35rooms-home-youth-hostel-valencia.jpg\",\"width\":1024,\"height\":768,\"caption\":\"Reception 24 hours\"},{\"@type\":\"BreadcrumbList\",\"@id\":\"https:\\\/\\\/homeyouthhostel.com\\\/it\\\/#breadcrumb\",\"itemListElement\":[{\"@type\":\"ListItem\",\"position\":1,\"name\":\"Home\",\"item\":\"https:\\\/\\\/homeyouthhostel.com\\\/it\\\/\"},{\"@type\":\"ListItem\",\"position\":2,\"name\":\"Home\"}]},{\"@type\":\"WebSite\",\"@id\":\"https:\\\/\\\/homeyouthhostel.com\\\/it\\\/#website\",\"url\":\"https:\\\/\\\/homeyouthhostel.com\\\/it\\\/\",\"name\":\"H\u00f4me Youth Hostel Valencia\",\"description\":\"Messaggio Personale\",\"publisher\":{\"@id\":\"https:\\\/\\\/homeyouthhostel.com\\\/it\\\/#organization\"},\"potentialAction\":[{\"@type\":\"SearchAction\",\"target\":{\"@type\":\"EntryPoint\",\"urlTemplate\":\"https:\\\/\\\/homeyouthhostel.com\\\/it\\\/?s={search_term_string}\"},\"query-input\":{\"@type\":\"PropertyValueSpecification\",\"valueRequired\":true,\"valueName\":\"search_term_string\"}}],\"inLanguage\":\"it-IT\"},{\"@type\":\"Organization\",\"@id\":\"https:\\\/\\\/homeyouthhostel.com\\\/it\\\/#organization\",\"name\":\"H\u00f4me Youth Hostel Valencia\",\"url\":\"https:\\\/\\\/homeyouthhostel.com\\\/it\\\/\",\"logo\":{\"@type\":\"ImageObject\",\"inLanguage\":\"it-IT\",\"@id\":\"https:\\\/\\\/homeyouthhostel.com\\\/it\\\/#\\\/schema\\\/logo\\\/image\\\/\",\"url\":\"https:\\\/\\\/homeyouthhostel.com\\\/wp-content\\\/uploads\\\/2016\\\/10\\\/logopng.png\",\"contentUrl\":\"https:\\\/\\\/homeyouthhostel.com\\\/wp-content\\\/uploads\\\/2016\\\/10\\\/logopng.png\",\"width\":400,\"height\":259,\"caption\":\"H\u00f4me Youth Hostel Valencia\"},\"image\":{\"@id\":\"https:\\\/\\\/homeyouthhostel.com\\\/it\\\/#\\\/schema\\\/logo\\\/image\\\/\"},\"sameAs\":[\"https:\\\/\\\/www.facebook.com\\\/HomeYouthHostelValencia\\\/\",\"https:\\\/\\\/x.com\\\/HomeYouthHostel\",\"https:\\\/\\\/www.instagram.com\\\/homeyouthhostelvalencia\\\/\",\"https:\\\/\\\/linkedin.com\\\/company\\\/homeyouthhostelvalencia\",\"https:\\\/\\\/www.youtube.com\\\/channel\\\/UC1RgdaIHNQP2CsgZakYFBhQ\"]}]}<\/script>\n<!-- \/ Yoast SEO plugin. -->","yoast_head_json":{"title":"H\u00f4me Youth Hostel Valencia Valencia \ud83e\udd47 Il tuo ostello della giovent\u00f9 a Valencia per dormire","description":"H\u00f4me Youth Hostel Valencia * La migliore opzione per dormire nel centro storico di Valencia \ud83e\udd47The Il primo ostello con camere private SENZA LETTI A CASTELLO","robots":{"index":"index","follow":"follow","max-snippet":"max-snippet:-1","max-image-preview":"max-image-preview:large","max-video-preview":"max-video-preview:-1"},"canonical":"https:\/\/homeyouthhostel.com\/it\/","og_locale":"it_IT","og_type":"article","og_title":"H\u00f4me Youth Hostel Valencia \u00b7 Il tuo ostello della giovent\u00f9 a Valencia per dormire","og_description":"H\u00f4me Youth Hostel Valencia \u00b7 Il tuo ostello della giovent\u00f9 a Valencia per dormire nel vecchio porto di Valencia. Ostello camere private senza letti a castello con il miglior prezzo online e senza commissioni per la prenotazione","og_url":"https:\/\/homeyouthhostel.com\/it\/","og_site_name":"Home Youth Hostel","article_publisher":"https:\/\/www.facebook.com\/HomeYouthHostelValencia\/","article_modified_time":"2023-10-25T10:51:40+00:00","og_image":[{"width":1024,"height":768,"url":"https:\/\/homeyouthhostel.com\/wp-content\/uploads\/2012\/07\/35rooms-home-youth-hostel-valencia.jpg","type":"image\/jpeg"}],"twitter_misc":{"Tempo di lettura stimato":"2 minuti"},"schema":{"@context":"https:\/\/schema.org","@graph":[{"@type":"WebPage","@id":"https:\/\/homeyouthhostel.com\/it\/","url":"https:\/\/homeyouthhostel.com\/it\/","name":"H\u00f4me Youth Hostel Valencia Valencia \ud83e\udd47 Il tuo ostello della giovent\u00f9 a Valencia per dormire","isPartOf":{"@id":"https:\/\/homeyouthhostel.com\/it\/#website"},"primaryImageOfPage":{"@id":"https:\/\/homeyouthhostel.com\/it\/#primaryimage"},"image":{"@id":"https:\/\/homeyouthhostel.com\/it\/#primaryimage"},"thumbnailUrl":"https:\/\/homeyouthhostel.com\/wp-content\/uploads\/2012\/07\/35rooms-home-youth-hostel-valencia.jpg","datePublished":"2021-11-26T17:32:58+00:00","dateModified":"2023-10-25T10:51:40+00:00","description":"H\u00f4me Youth Hostel Valencia * La migliore opzione per dormire nel centro storico di Valencia \ud83e\udd47The Il primo ostello con camere private SENZA LETTI A CASTELLO","breadcrumb":{"@id":"https:\/\/homeyouthhostel.com\/it\/#breadcrumb"},"inLanguage":"it-IT","potentialAction":[{"@type":"ReadAction","target":["https:\/\/homeyouthhostel.com\/it\/"]}]},{"@type":"ImageObject","inLanguage":"it-IT","@id":"https:\/\/homeyouthhostel.com\/it\/#primaryimage","url":"https:\/\/homeyouthhostel.com\/wp-content\/uploads\/2012\/07\/35rooms-home-youth-hostel-valencia.jpg","contentUrl":"https:\/\/homeyouthhostel.com\/wp-content\/uploads\/2012\/07\/35rooms-home-youth-hostel-valencia.jpg","width":1024,"height":768,"caption":"Reception 24 hours"},{"@type":"BreadcrumbList","@id":"https:\/\/homeyouthhostel.com\/it\/#breadcrumb","itemListElement":[{"@type":"ListItem","position":1,"name":"Home","item":"https:\/\/homeyouthhostel.com\/it\/"},{"@type":"ListItem","position":2,"name":"Home"}]},{"@type":"WebSite","@id":"https:\/\/homeyouthhostel.com\/it\/#website","url":"https:\/\/homeyouthhostel.com\/it\/","name":"H\u00f4me Youth Hostel Valencia","description":"Messaggio Personale","publisher":{"@id":"https:\/\/homeyouthhostel.com\/it\/#organization"},"potentialAction":[{"@type":"SearchAction","target":{"@type":"EntryPoint","urlTemplate":"https:\/\/homeyouthhostel.com\/it\/?s={search_term_string}"},"query-input":{"@type":"PropertyValueSpecification","valueRequired":true,"valueName":"search_term_string"}}],"inLanguage":"it-IT"},{"@type":"Organization","@id":"https:\/\/homeyouthhostel.com\/it\/#organization","name":"H\u00f4me Youth Hostel Valencia","url":"https:\/\/homeyouthhostel.com\/it\/","logo":{"@type":"ImageObject","inLanguage":"it-IT","@id":"https:\/\/homeyouthhostel.com\/it\/#\/schema\/logo\/image\/","url":"https:\/\/homeyouthhostel.com\/wp-content\/uploads\/2016\/10\/logopng.png","contentUrl":"https:\/\/homeyouthhostel.com\/wp-content\/uploads\/2016\/10\/logopng.png","width":400,"height":259,"caption":"H\u00f4me Youth Hostel Valencia"},"image":{"@id":"https:\/\/homeyouthhostel.com\/it\/#\/schema\/logo\/image\/"},"sameAs":["https:\/\/www.facebook.com\/HomeYouthHostelValencia\/","https:\/\/x.com\/HomeYouthHostel","https:\/\/www.instagram.com\/homeyouthhostelvalencia\/","https:\/\/linkedin.com\/company\/homeyouthhostelvalencia","https:\/\/www.youtube.com\/channel\/UC1RgdaIHNQP2CsgZakYFBhQ"]}]}},"_links":{"self":[{"href":"https:\/\/homeyouthhostel.com\/it\/wp-json\/wp\/v2\/pages\/3856","targetHints":{"allow":["GET"]}}],"collection":[{"href":"https:\/\/homeyouthhostel.com\/it\/wp-json\/wp\/v2\/pages"}],"about":[{"href":"https:\/\/homeyouthhostel.com\/it\/wp-json\/wp\/v2\/types\/page"}],"author":[{"embeddable":true,"href":"https:\/\/homeyouthhostel.com\/it\/wp-json\/wp\/v2\/users\/9"}],"replies":[{"embeddable":true,"href":"https:\/\/homeyouthhostel.com\/it\/wp-json\/wp\/v2\/comments?post=3856"}],"version-history":[{"count":0,"href":"https:\/\/homeyouthhostel.com\/it\/wp-json\/wp\/v2\/pages\/3856\/revisions"}],"wp:featuredmedia":[{"embeddable":true,"href":"https:\/\/homeyouthhostel.com\/it\/wp-json\/wp\/v2\/media\/2743"}],"wp:attachment":[{"href":"https:\/\/homeyouthhostel.com\/it\/wp-json\/wp\/v2\/media?parent=3856"}],"curies":[{"name":"wp","href":"https:\/\/api.w.org\/{rel}","templated":true}]}}