{"id":35,"date":"2012-07-30T08:35:39","date_gmt":"2012-07-30T06:35:39","guid":{"rendered":"http:\/\/www.homeyouthhostel.com\/?page_id=35"},"modified":"2023-11-15T15:22:22","modified_gmt":"2023-11-15T14:22:22","slug":"stanze-ostello-valencia","status":"publish","type":"page","link":"https:\/\/homeyouthhostel.com\/it\/stanze-ostello-valencia\/","title":{"rendered":"Camere Home Youth Hostel Valencia"},"content":{"rendered":"\n<h2 class=\"wp-block-heading\">Stai cercando un ostello della giovent\u00f9 economico a Valencia?<\/h2>\n\n<p>Benvenuti all&#8217;Ostello della Giovent\u00f9 Home!<\/p>\n\n<p>All&#8217;Home Youth Hostel ti offriamo camere doppie e camere per 3 o 4 persone.<\/p>\n\n<p>\u00c8 il miglior ostello della giovent\u00f9 in citt\u00e0, l&#8217;unico che non ha dormitori BUNK BEDS, un ostello della giovent\u00f9 nel cuore della citt\u00e0, proprio di fronte al Mercato della Seta e molto vicino al Mercato Centrale, due luoghi importanti da vedere in centro. Si trova a soli 10 minuti a piedi dalla stazione dei treni e degli autobus. L&#8217;Home Youth Hostel \u00e8 il luogo perfetto in citt\u00e0 per i viaggiatori.<\/p>\n\n<h3 class=\"wp-block-heading\"><strong>Strutture, Home Youth Hostel Valencia<\/strong><\/h3>\n\n<ul class=\"wp-block-list\">\n<li>Reception 24 ore su 24<\/li>\n\n\n\n<li>Docce gratuite<\/li>\n\n\n\n<li>Personale multilingue<\/li>\n\n\n\n<li>Cucina per gli ospiti<\/li>\n\n\n\n<li>Sala comune<\/li>\n\n\n\n<li><strong>Internet e Wifi gratuiti<\/strong><\/li>\n\n\n\n<li>Deposito bagagli<\/li>\n\n\n\n<li>Area TV<\/li>\n\n\n\n<li><strong>Armadietti in camera GRATUITI<\/strong><\/li>\n\n\n\n<li>Servizi telefonici<\/li>\n\n\n\n<li>Banco viaggi<\/li>\n<\/ul>\n\n<p><strong>Home Youth Hostel Valencia<\/strong> \u00e8 il primo ostello di Valencia senza letti a castello.<\/p>\n\n<p>Tutte le camere dell&#8217;ostello e le aree comuni dispongono di Wifi gratuito e di armadietti in camera con chiavi individuali per custodire i tuoi effetti personali. Scopri tutte le nostre camere!<\/p>\n\n<p>Inoltre, potrai usufruire delle nostre aree comuni, come uno spazioso soggiorno e una cucina ben attrezzata, dove potrai incontrare giovani viaggiatori provenienti da tutto il mondo e fare amicizia.<\/p>\n\n<p>Non suona bene? <\/p>\n","protected":false},"excerpt":{"rendered":"<p>Stai cercando un ostello della giovent\u00f9 economico a Valencia? Benvenuti all&#8217;Ostello della Giovent\u00f9 Home! All&#8217;Home Youth Hostel ti offriamo camere doppie e camere per 3 o 4 persone. \u00c8 il miglior ostello della giovent\u00f9 in citt\u00e0, l&#8217;unico che non ha dormitori BUNK BEDS, un ostello della giovent\u00f9 nel cuore della citt\u00e0, proprio di fronte al [&hellip;]<\/p>\n","protected":false},"author":9,"featured_media":847,"parent":0,"menu_order":0,"comment_status":"closed","ping_status":"closed","template":"","meta":{"footnotes":""},"class_list":["post-35","page","type-page","status-publish","has-post-thumbnail","hentry"],"yoast_head":"<!-- This site is optimized with the Yoast SEO plugin v27.3 - https:\/\/yoast.com\/product\/yoast-seo-wordpress\/ -->\n<title>Camere dell&#039;Ostello della Giovent\u00f9 di Valencia Home nel centro della citt\u00e0<\/title>\n<meta name=\"description\" content=\"All&#039;Home Youth Hostel Valencia ti offriamo camere doppie e camere per 3 o 4 persone. Il miglior ostello della giovent\u00f9 di Valencia, situato vicino al Mercato della Seta.\" \/>\n<meta name=\"robots\" content=\"index, follow, max-snippet:-1, max-image-preview:large, max-video-preview:-1\" \/>\n<link rel=\"canonical\" href=\"https:\/\/homeyouthhostel.com\/it\/stanze-ostello-valencia\/\" \/>\n<meta property=\"og:locale\" content=\"it_IT\" \/>\n<meta property=\"og:type\" content=\"article\" \/>\n<meta property=\"og:title\" content=\"Camere dell&#039;Ostello della Giovent\u00f9 di Valencia Home nel centro della citt\u00e0\" \/>\n<meta property=\"og:description\" content=\"All&#039;Home Youth Hostel Valencia ti offriamo camere doppie e camere per 3 o 4 persone. Il miglior ostello della giovent\u00f9 di Valencia, situato vicino al Mercato della Seta.\" \/>\n<meta property=\"og:url\" content=\"https:\/\/homeyouthhostel.com\/it\/stanze-ostello-valencia\/\" \/>\n<meta property=\"og:site_name\" content=\"Home Youth Hostel\" \/>\n<meta property=\"article:publisher\" content=\"https:\/\/www.facebook.com\/HomeYouthHostelValencia\/\" \/>\n<meta property=\"article:modified_time\" content=\"2023-11-15T14:22:22+00:00\" \/>\n<meta property=\"og:image\" content=\"https:\/\/homeyouthhostel.com\/wp-content\/uploads\/2012\/07\/homeyouthhostelvalencia2016.jpg\" \/>\n\t<meta property=\"og:image:width\" content=\"1024\" \/>\n\t<meta property=\"og:image:height\" content=\"600\" \/>\n\t<meta property=\"og:image:type\" content=\"image\/jpeg\" \/>\n<meta name=\"twitter:label1\" content=\"Tempo di lettura stimato\" \/>\n\t<meta name=\"twitter:data1\" content=\"1 minuto\" \/>\n<script type=\"application\/ld+json\" class=\"yoast-schema-graph\">{\"@context\":\"https:\\\/\\\/schema.org\",\"@graph\":[{\"@type\":\"WebPage\",\"@id\":\"https:\\\/\\\/homeyouthhostel.com\\\/it\\\/stanze-ostello-valencia\\\/\",\"url\":\"https:\\\/\\\/homeyouthhostel.com\\\/it\\\/stanze-ostello-valencia\\\/\",\"name\":\"Camere dell'Ostello della Giovent\u00f9 di Valencia Home nel centro della citt\u00e0\",\"isPartOf\":{\"@id\":\"https:\\\/\\\/homeyouthhostel.com\\\/it\\\/#website\"},\"primaryImageOfPage\":{\"@id\":\"https:\\\/\\\/homeyouthhostel.com\\\/it\\\/stanze-ostello-valencia\\\/#primaryimage\"},\"image\":{\"@id\":\"https:\\\/\\\/homeyouthhostel.com\\\/it\\\/stanze-ostello-valencia\\\/#primaryimage\"},\"thumbnailUrl\":\"https:\\\/\\\/homeyouthhostel.com\\\/wp-content\\\/uploads\\\/2012\\\/07\\\/homeyouthhostelvalencia2016.jpg\",\"datePublished\":\"2012-07-30T06:35:39+00:00\",\"dateModified\":\"2023-11-15T14:22:22+00:00\",\"description\":\"All'Home Youth Hostel Valencia ti offriamo camere doppie e camere per 3 o 4 persone. Il miglior ostello della giovent\u00f9 di Valencia, situato vicino al Mercato della Seta.\",\"breadcrumb\":{\"@id\":\"https:\\\/\\\/homeyouthhostel.com\\\/it\\\/stanze-ostello-valencia\\\/#breadcrumb\"},\"inLanguage\":\"it-IT\",\"potentialAction\":[{\"@type\":\"ReadAction\",\"target\":[\"https:\\\/\\\/homeyouthhostel.com\\\/it\\\/stanze-ostello-valencia\\\/\"]}]},{\"@type\":\"ImageObject\",\"inLanguage\":\"it-IT\",\"@id\":\"https:\\\/\\\/homeyouthhostel.com\\\/it\\\/stanze-ostello-valencia\\\/#primaryimage\",\"url\":\"https:\\\/\\\/homeyouthhostel.com\\\/wp-content\\\/uploads\\\/2012\\\/07\\\/homeyouthhostelvalencia2016.jpg\",\"contentUrl\":\"https:\\\/\\\/homeyouthhostel.com\\\/wp-content\\\/uploads\\\/2012\\\/07\\\/homeyouthhostelvalencia2016.jpg\",\"width\":1024,\"height\":600,\"caption\":\"Bright spacious room in our hostel\"},{\"@type\":\"BreadcrumbList\",\"@id\":\"https:\\\/\\\/homeyouthhostel.com\\\/it\\\/stanze-ostello-valencia\\\/#breadcrumb\",\"itemListElement\":[{\"@type\":\"ListItem\",\"position\":1,\"name\":\"Home\",\"item\":\"https:\\\/\\\/homeyouthhostel.com\\\/it\\\/\"},{\"@type\":\"ListItem\",\"position\":2,\"name\":\"Camere Home Youth Hostel Valencia\"}]},{\"@type\":\"WebSite\",\"@id\":\"https:\\\/\\\/homeyouthhostel.com\\\/it\\\/#website\",\"url\":\"https:\\\/\\\/homeyouthhostel.com\\\/it\\\/\",\"name\":\"H\u00f4me Youth Hostel Valencia\",\"description\":\"Messaggio Personale\",\"publisher\":{\"@id\":\"https:\\\/\\\/homeyouthhostel.com\\\/it\\\/#organization\"},\"potentialAction\":[{\"@type\":\"SearchAction\",\"target\":{\"@type\":\"EntryPoint\",\"urlTemplate\":\"https:\\\/\\\/homeyouthhostel.com\\\/it\\\/?s={search_term_string}\"},\"query-input\":{\"@type\":\"PropertyValueSpecification\",\"valueRequired\":true,\"valueName\":\"search_term_string\"}}],\"inLanguage\":\"it-IT\"},{\"@type\":\"Organization\",\"@id\":\"https:\\\/\\\/homeyouthhostel.com\\\/it\\\/#organization\",\"name\":\"H\u00f4me Youth Hostel Valencia\",\"url\":\"https:\\\/\\\/homeyouthhostel.com\\\/it\\\/\",\"logo\":{\"@type\":\"ImageObject\",\"inLanguage\":\"it-IT\",\"@id\":\"https:\\\/\\\/homeyouthhostel.com\\\/it\\\/#\\\/schema\\\/logo\\\/image\\\/\",\"url\":\"https:\\\/\\\/homeyouthhostel.com\\\/wp-content\\\/uploads\\\/2016\\\/10\\\/logopng.png\",\"contentUrl\":\"https:\\\/\\\/homeyouthhostel.com\\\/wp-content\\\/uploads\\\/2016\\\/10\\\/logopng.png\",\"width\":400,\"height\":259,\"caption\":\"H\u00f4me Youth Hostel Valencia\"},\"image\":{\"@id\":\"https:\\\/\\\/homeyouthhostel.com\\\/it\\\/#\\\/schema\\\/logo\\\/image\\\/\"},\"sameAs\":[\"https:\\\/\\\/www.facebook.com\\\/HomeYouthHostelValencia\\\/\",\"https:\\\/\\\/x.com\\\/HomeYouthHostel\",\"https:\\\/\\\/www.instagram.com\\\/homeyouthhostelvalencia\\\/\",\"https:\\\/\\\/linkedin.com\\\/company\\\/homeyouthhostelvalencia\",\"https:\\\/\\\/www.youtube.com\\\/channel\\\/UC1RgdaIHNQP2CsgZakYFBhQ\"]}]}<\/script>\n<!-- \/ Yoast SEO plugin. -->","yoast_head_json":{"title":"Camere dell'Ostello della Giovent\u00f9 di Valencia Home nel centro della citt\u00e0","description":"All'Home Youth Hostel Valencia ti offriamo camere doppie e camere per 3 o 4 persone. Il miglior ostello della giovent\u00f9 di Valencia, situato vicino al Mercato della Seta.","robots":{"index":"index","follow":"follow","max-snippet":"max-snippet:-1","max-image-preview":"max-image-preview:large","max-video-preview":"max-video-preview:-1"},"canonical":"https:\/\/homeyouthhostel.com\/it\/stanze-ostello-valencia\/","og_locale":"it_IT","og_type":"article","og_title":"Camere dell'Ostello della Giovent\u00f9 di Valencia Home nel centro della citt\u00e0","og_description":"All'Home Youth Hostel Valencia ti offriamo camere doppie e camere per 3 o 4 persone. Il miglior ostello della giovent\u00f9 di Valencia, situato vicino al Mercato della Seta.","og_url":"https:\/\/homeyouthhostel.com\/it\/stanze-ostello-valencia\/","og_site_name":"Home Youth Hostel","article_publisher":"https:\/\/www.facebook.com\/HomeYouthHostelValencia\/","article_modified_time":"2023-11-15T14:22:22+00:00","og_image":[{"width":1024,"height":600,"url":"https:\/\/homeyouthhostel.com\/wp-content\/uploads\/2012\/07\/homeyouthhostelvalencia2016.jpg","type":"image\/jpeg"}],"twitter_misc":{"Tempo di lettura stimato":"1 minuto"},"schema":{"@context":"https:\/\/schema.org","@graph":[{"@type":"WebPage","@id":"https:\/\/homeyouthhostel.com\/it\/stanze-ostello-valencia\/","url":"https:\/\/homeyouthhostel.com\/it\/stanze-ostello-valencia\/","name":"Camere dell'Ostello della Giovent\u00f9 di Valencia Home nel centro della citt\u00e0","isPartOf":{"@id":"https:\/\/homeyouthhostel.com\/it\/#website"},"primaryImageOfPage":{"@id":"https:\/\/homeyouthhostel.com\/it\/stanze-ostello-valencia\/#primaryimage"},"image":{"@id":"https:\/\/homeyouthhostel.com\/it\/stanze-ostello-valencia\/#primaryimage"},"thumbnailUrl":"https:\/\/homeyouthhostel.com\/wp-content\/uploads\/2012\/07\/homeyouthhostelvalencia2016.jpg","datePublished":"2012-07-30T06:35:39+00:00","dateModified":"2023-11-15T14:22:22+00:00","description":"All'Home Youth Hostel Valencia ti offriamo camere doppie e camere per 3 o 4 persone. Il miglior ostello della giovent\u00f9 di Valencia, situato vicino al Mercato della Seta.","breadcrumb":{"@id":"https:\/\/homeyouthhostel.com\/it\/stanze-ostello-valencia\/#breadcrumb"},"inLanguage":"it-IT","potentialAction":[{"@type":"ReadAction","target":["https:\/\/homeyouthhostel.com\/it\/stanze-ostello-valencia\/"]}]},{"@type":"ImageObject","inLanguage":"it-IT","@id":"https:\/\/homeyouthhostel.com\/it\/stanze-ostello-valencia\/#primaryimage","url":"https:\/\/homeyouthhostel.com\/wp-content\/uploads\/2012\/07\/homeyouthhostelvalencia2016.jpg","contentUrl":"https:\/\/homeyouthhostel.com\/wp-content\/uploads\/2012\/07\/homeyouthhostelvalencia2016.jpg","width":1024,"height":600,"caption":"Bright spacious room in our hostel"},{"@type":"BreadcrumbList","@id":"https:\/\/homeyouthhostel.com\/it\/stanze-ostello-valencia\/#breadcrumb","itemListElement":[{"@type":"ListItem","position":1,"name":"Home","item":"https:\/\/homeyouthhostel.com\/it\/"},{"@type":"ListItem","position":2,"name":"Camere Home Youth Hostel Valencia"}]},{"@type":"WebSite","@id":"https:\/\/homeyouthhostel.com\/it\/#website","url":"https:\/\/homeyouthhostel.com\/it\/","name":"H\u00f4me Youth Hostel Valencia","description":"Messaggio Personale","publisher":{"@id":"https:\/\/homeyouthhostel.com\/it\/#organization"},"potentialAction":[{"@type":"SearchAction","target":{"@type":"EntryPoint","urlTemplate":"https:\/\/homeyouthhostel.com\/it\/?s={search_term_string}"},"query-input":{"@type":"PropertyValueSpecification","valueRequired":true,"valueName":"search_term_string"}}],"inLanguage":"it-IT"},{"@type":"Organization","@id":"https:\/\/homeyouthhostel.com\/it\/#organization","name":"H\u00f4me Youth Hostel Valencia","url":"https:\/\/homeyouthhostel.com\/it\/","logo":{"@type":"ImageObject","inLanguage":"it-IT","@id":"https:\/\/homeyouthhostel.com\/it\/#\/schema\/logo\/image\/","url":"https:\/\/homeyouthhostel.com\/wp-content\/uploads\/2016\/10\/logopng.png","contentUrl":"https:\/\/homeyouthhostel.com\/wp-content\/uploads\/2016\/10\/logopng.png","width":400,"height":259,"caption":"H\u00f4me Youth Hostel Valencia"},"image":{"@id":"https:\/\/homeyouthhostel.com\/it\/#\/schema\/logo\/image\/"},"sameAs":["https:\/\/www.facebook.com\/HomeYouthHostelValencia\/","https:\/\/x.com\/HomeYouthHostel","https:\/\/www.instagram.com\/homeyouthhostelvalencia\/","https:\/\/linkedin.com\/company\/homeyouthhostelvalencia","https:\/\/www.youtube.com\/channel\/UC1RgdaIHNQP2CsgZakYFBhQ"]}]}},"_links":{"self":[{"href":"https:\/\/homeyouthhostel.com\/it\/wp-json\/wp\/v2\/pages\/35","targetHints":{"allow":["GET"]}}],"collection":[{"href":"https:\/\/homeyouthhostel.com\/it\/wp-json\/wp\/v2\/pages"}],"about":[{"href":"https:\/\/homeyouthhostel.com\/it\/wp-json\/wp\/v2\/types\/page"}],"author":[{"embeddable":true,"href":"https:\/\/homeyouthhostel.com\/it\/wp-json\/wp\/v2\/users\/9"}],"replies":[{"embeddable":true,"href":"https:\/\/homeyouthhostel.com\/it\/wp-json\/wp\/v2\/comments?post=35"}],"version-history":[{"count":0,"href":"https:\/\/homeyouthhostel.com\/it\/wp-json\/wp\/v2\/pages\/35\/revisions"}],"wp:featuredmedia":[{"embeddable":true,"href":"https:\/\/homeyouthhostel.com\/it\/wp-json\/wp\/v2\/media\/847"}],"wp:attachment":[{"href":"https:\/\/homeyouthhostel.com\/it\/wp-json\/wp\/v2\/media?parent=35"}],"curies":[{"name":"wp","href":"https:\/\/api.w.org\/{rel}","templated":true}]}}