{"id":238,"date":"2012-08-13T12:25:45","date_gmt":"2012-08-13T10:25:45","guid":{"rendered":"http:\/\/www.homeyouthhostel.com\/?page_id=238"},"modified":"2023-10-25T11:13:44","modified_gmt":"2023-10-25T09:13:44","slug":"contato","status":"publish","type":"page","link":"https:\/\/homeyouthhostel.com\/it\/contato\/","title":{"rendered":"Contato"},"content":{"rendered":"\n<h1 class=\"wp-block-heading has-text-align-center\">Contatto<\/h1>\n\n<p><\/p>\n","protected":false},"excerpt":{"rendered":"<p>Contatto<\/p>\n","protected":false},"author":9,"featured_media":0,"parent":0,"menu_order":0,"comment_status":"open","ping_status":"open","template":"","meta":{"footnotes":""},"class_list":["post-238","page","type-page","status-publish","hentry"],"yoast_head":"<!-- This site is optimized with the Yoast SEO plugin v27.3 - https:\/\/yoast.com\/product\/yoast-seo-wordpress\/ -->\n<title>Contatta l&#039;Ostello della Giovent\u00f9 H\u00f4me Ostello della Giovent\u00f9 a Valencia<\/title>\n<meta name=\"description\" content=\"Contatta l&#039;H\u00f4me Youth Hostel Ostello della giovent\u00f9 a Valencia, alloggi a basso costo e dall&#039;aspetto moderno a Valencia - Prenota il tuo ostello a Valencia - Il miglior ostello a Valencia con camere private - Nessun costo di prenotazione - Conferma veloce - Contatto facile e veloce con l&#039;H\u00f4me Youth Hostel Valencia\" \/>\n<meta name=\"robots\" content=\"index, follow, max-snippet:-1, max-image-preview:large, max-video-preview:-1\" \/>\n<link rel=\"canonical\" href=\"https:\/\/homeyouthhostel.com\/it\/contato\/\" \/>\n<meta property=\"og:locale\" content=\"it_IT\" \/>\n<meta property=\"og:type\" content=\"article\" \/>\n<meta property=\"og:title\" content=\"Contatta l&#039;Ostello della Giovent\u00f9 H\u00f4me Ostello della Giovent\u00f9 a Valencia\" \/>\n<meta property=\"og:description\" content=\"Contatta l&#039;H\u00f4me Youth Hostel Ostello della giovent\u00f9 a Valencia, alloggi a basso costo e dall&#039;aspetto moderno a Valencia - Prenota il tuo ostello a Valencia - Il miglior ostello a Valencia con camere private - Nessun costo di prenotazione - Conferma veloce - Contatto facile e veloce con l&#039;H\u00f4me Youth Hostel Valencia\" \/>\n<meta property=\"og:url\" content=\"https:\/\/homeyouthhostel.com\/it\/contato\/\" \/>\n<meta property=\"og:site_name\" content=\"Home Youth Hostel\" \/>\n<meta property=\"article:publisher\" content=\"https:\/\/www.facebook.com\/HomeYouthHostelValencia\/\" \/>\n<meta property=\"article:modified_time\" content=\"2023-10-25T09:13:44+00:00\" \/>\n<script type=\"application\/ld+json\" class=\"yoast-schema-graph\">{\"@context\":\"https:\\\/\\\/schema.org\",\"@graph\":[{\"@type\":\"WebPage\",\"@id\":\"https:\\\/\\\/homeyouthhostel.com\\\/it\\\/contato\\\/\",\"url\":\"https:\\\/\\\/homeyouthhostel.com\\\/it\\\/contato\\\/\",\"name\":\"Contatta l'Ostello della Giovent\u00f9 H\u00f4me Ostello della Giovent\u00f9 a Valencia\",\"isPartOf\":{\"@id\":\"https:\\\/\\\/homeyouthhostel.com\\\/it\\\/#website\"},\"datePublished\":\"2012-08-13T10:25:45+00:00\",\"dateModified\":\"2023-10-25T09:13:44+00:00\",\"description\":\"Contatta l'H\u00f4me Youth Hostel Ostello della giovent\u00f9 a Valencia, alloggi a basso costo e dall'aspetto moderno a Valencia - Prenota il tuo ostello a Valencia - Il miglior ostello a Valencia con camere private - Nessun costo di prenotazione - Conferma veloce - Contatto facile e veloce con l'H\u00f4me Youth Hostel Valencia\",\"breadcrumb\":{\"@id\":\"https:\\\/\\\/homeyouthhostel.com\\\/it\\\/contato\\\/#breadcrumb\"},\"inLanguage\":\"it-IT\",\"potentialAction\":[{\"@type\":\"ReadAction\",\"target\":[\"https:\\\/\\\/homeyouthhostel.com\\\/it\\\/contato\\\/\"]}]},{\"@type\":\"BreadcrumbList\",\"@id\":\"https:\\\/\\\/homeyouthhostel.com\\\/it\\\/contato\\\/#breadcrumb\",\"itemListElement\":[{\"@type\":\"ListItem\",\"position\":1,\"name\":\"Home\",\"item\":\"https:\\\/\\\/homeyouthhostel.com\\\/it\\\/\"},{\"@type\":\"ListItem\",\"position\":2,\"name\":\"Contato\"}]},{\"@type\":\"WebSite\",\"@id\":\"https:\\\/\\\/homeyouthhostel.com\\\/it\\\/#website\",\"url\":\"https:\\\/\\\/homeyouthhostel.com\\\/it\\\/\",\"name\":\"H\u00f4me Youth Hostel Valencia\",\"description\":\"Messaggio Personale\",\"publisher\":{\"@id\":\"https:\\\/\\\/homeyouthhostel.com\\\/it\\\/#organization\"},\"potentialAction\":[{\"@type\":\"SearchAction\",\"target\":{\"@type\":\"EntryPoint\",\"urlTemplate\":\"https:\\\/\\\/homeyouthhostel.com\\\/it\\\/?s={search_term_string}\"},\"query-input\":{\"@type\":\"PropertyValueSpecification\",\"valueRequired\":true,\"valueName\":\"search_term_string\"}}],\"inLanguage\":\"it-IT\"},{\"@type\":\"Organization\",\"@id\":\"https:\\\/\\\/homeyouthhostel.com\\\/it\\\/#organization\",\"name\":\"H\u00f4me Youth Hostel Valencia\",\"url\":\"https:\\\/\\\/homeyouthhostel.com\\\/it\\\/\",\"logo\":{\"@type\":\"ImageObject\",\"inLanguage\":\"it-IT\",\"@id\":\"https:\\\/\\\/homeyouthhostel.com\\\/it\\\/#\\\/schema\\\/logo\\\/image\\\/\",\"url\":\"https:\\\/\\\/homeyouthhostel.com\\\/wp-content\\\/uploads\\\/2016\\\/10\\\/logopng.png\",\"contentUrl\":\"https:\\\/\\\/homeyouthhostel.com\\\/wp-content\\\/uploads\\\/2016\\\/10\\\/logopng.png\",\"width\":400,\"height\":259,\"caption\":\"H\u00f4me Youth Hostel Valencia\"},\"image\":{\"@id\":\"https:\\\/\\\/homeyouthhostel.com\\\/it\\\/#\\\/schema\\\/logo\\\/image\\\/\"},\"sameAs\":[\"https:\\\/\\\/www.facebook.com\\\/HomeYouthHostelValencia\\\/\",\"https:\\\/\\\/x.com\\\/HomeYouthHostel\",\"https:\\\/\\\/www.instagram.com\\\/homeyouthhostelvalencia\\\/\",\"https:\\\/\\\/linkedin.com\\\/company\\\/homeyouthhostelvalencia\",\"https:\\\/\\\/www.youtube.com\\\/channel\\\/UC1RgdaIHNQP2CsgZakYFBhQ\"]}]}<\/script>\n<!-- \/ Yoast SEO plugin. -->","yoast_head_json":{"title":"Contatta l'Ostello della Giovent\u00f9 H\u00f4me Ostello della Giovent\u00f9 a Valencia","description":"Contatta l'H\u00f4me Youth Hostel Ostello della giovent\u00f9 a Valencia, alloggi a basso costo e dall'aspetto moderno a Valencia - Prenota il tuo ostello a Valencia - Il miglior ostello a Valencia con camere private - Nessun costo di prenotazione - Conferma veloce - Contatto facile e veloce con l'H\u00f4me Youth Hostel Valencia","robots":{"index":"index","follow":"follow","max-snippet":"max-snippet:-1","max-image-preview":"max-image-preview:large","max-video-preview":"max-video-preview:-1"},"canonical":"https:\/\/homeyouthhostel.com\/it\/contato\/","og_locale":"it_IT","og_type":"article","og_title":"Contatta l'Ostello della Giovent\u00f9 H\u00f4me Ostello della Giovent\u00f9 a Valencia","og_description":"Contatta l'H\u00f4me Youth Hostel Ostello della giovent\u00f9 a Valencia, alloggi a basso costo e dall'aspetto moderno a Valencia - Prenota il tuo ostello a Valencia - Il miglior ostello a Valencia con camere private - Nessun costo di prenotazione - Conferma veloce - Contatto facile e veloce con l'H\u00f4me Youth Hostel Valencia","og_url":"https:\/\/homeyouthhostel.com\/it\/contato\/","og_site_name":"Home Youth Hostel","article_publisher":"https:\/\/www.facebook.com\/HomeYouthHostelValencia\/","article_modified_time":"2023-10-25T09:13:44+00:00","schema":{"@context":"https:\/\/schema.org","@graph":[{"@type":"WebPage","@id":"https:\/\/homeyouthhostel.com\/it\/contato\/","url":"https:\/\/homeyouthhostel.com\/it\/contato\/","name":"Contatta l'Ostello della Giovent\u00f9 H\u00f4me Ostello della Giovent\u00f9 a Valencia","isPartOf":{"@id":"https:\/\/homeyouthhostel.com\/it\/#website"},"datePublished":"2012-08-13T10:25:45+00:00","dateModified":"2023-10-25T09:13:44+00:00","description":"Contatta l'H\u00f4me Youth Hostel Ostello della giovent\u00f9 a Valencia, alloggi a basso costo e dall'aspetto moderno a Valencia - Prenota il tuo ostello a Valencia - Il miglior ostello a Valencia con camere private - Nessun costo di prenotazione - Conferma veloce - Contatto facile e veloce con l'H\u00f4me Youth Hostel Valencia","breadcrumb":{"@id":"https:\/\/homeyouthhostel.com\/it\/contato\/#breadcrumb"},"inLanguage":"it-IT","potentialAction":[{"@type":"ReadAction","target":["https:\/\/homeyouthhostel.com\/it\/contato\/"]}]},{"@type":"BreadcrumbList","@id":"https:\/\/homeyouthhostel.com\/it\/contato\/#breadcrumb","itemListElement":[{"@type":"ListItem","position":1,"name":"Home","item":"https:\/\/homeyouthhostel.com\/it\/"},{"@type":"ListItem","position":2,"name":"Contato"}]},{"@type":"WebSite","@id":"https:\/\/homeyouthhostel.com\/it\/#website","url":"https:\/\/homeyouthhostel.com\/it\/","name":"H\u00f4me Youth Hostel Valencia","description":"Messaggio Personale","publisher":{"@id":"https:\/\/homeyouthhostel.com\/it\/#organization"},"potentialAction":[{"@type":"SearchAction","target":{"@type":"EntryPoint","urlTemplate":"https:\/\/homeyouthhostel.com\/it\/?s={search_term_string}"},"query-input":{"@type":"PropertyValueSpecification","valueRequired":true,"valueName":"search_term_string"}}],"inLanguage":"it-IT"},{"@type":"Organization","@id":"https:\/\/homeyouthhostel.com\/it\/#organization","name":"H\u00f4me Youth Hostel Valencia","url":"https:\/\/homeyouthhostel.com\/it\/","logo":{"@type":"ImageObject","inLanguage":"it-IT","@id":"https:\/\/homeyouthhostel.com\/it\/#\/schema\/logo\/image\/","url":"https:\/\/homeyouthhostel.com\/wp-content\/uploads\/2016\/10\/logopng.png","contentUrl":"https:\/\/homeyouthhostel.com\/wp-content\/uploads\/2016\/10\/logopng.png","width":400,"height":259,"caption":"H\u00f4me Youth Hostel Valencia"},"image":{"@id":"https:\/\/homeyouthhostel.com\/it\/#\/schema\/logo\/image\/"},"sameAs":["https:\/\/www.facebook.com\/HomeYouthHostelValencia\/","https:\/\/x.com\/HomeYouthHostel","https:\/\/www.instagram.com\/homeyouthhostelvalencia\/","https:\/\/linkedin.com\/company\/homeyouthhostelvalencia","https:\/\/www.youtube.com\/channel\/UC1RgdaIHNQP2CsgZakYFBhQ"]}]}},"_links":{"self":[{"href":"https:\/\/homeyouthhostel.com\/it\/wp-json\/wp\/v2\/pages\/238","targetHints":{"allow":["GET"]}}],"collection":[{"href":"https:\/\/homeyouthhostel.com\/it\/wp-json\/wp\/v2\/pages"}],"about":[{"href":"https:\/\/homeyouthhostel.com\/it\/wp-json\/wp\/v2\/types\/page"}],"author":[{"embeddable":true,"href":"https:\/\/homeyouthhostel.com\/it\/wp-json\/wp\/v2\/users\/9"}],"replies":[{"embeddable":true,"href":"https:\/\/homeyouthhostel.com\/it\/wp-json\/wp\/v2\/comments?post=238"}],"version-history":[{"count":0,"href":"https:\/\/homeyouthhostel.com\/it\/wp-json\/wp\/v2\/pages\/238\/revisions"}],"wp:attachment":[{"href":"https:\/\/homeyouthhostel.com\/it\/wp-json\/wp\/v2\/media?parent=238"}],"curies":[{"name":"wp","href":"https:\/\/api.w.org\/{rel}","templated":true}]}}