{"id":6127,"date":"2024-04-11T16:03:13","date_gmt":"2024-04-11T14:03:13","guid":{"rendered":"https:\/\/homeyouthhostel.com\/albergue-para-grupos-valencia\/"},"modified":"2024-04-11T16:04:55","modified_gmt":"2024-04-11T14:04:55","slug":"albergue-para-grupos-valencia","status":"publish","type":"page","link":"https:\/\/homeyouthhostel.com\/es\/albergue-para-grupos-valencia\/","title":{"rendered":"Albergue para grupos Valencia"},"content":{"rendered":"\n<h2 class=\"wp-block-heading\">\u00bfViaja en grupo a Valencia?<\/h2>\n\n<p><h2>Hostal para grupos Valencia Home Youth Hostel<\/h2>&#13;\n<strong>Home Youth Hostel<\/strong>\u00a0en un peque\u00f1o y acogedor hostal, con habitaciones limpias, bonitas,\u00a0<strong>sin literas<\/strong>, a dos pasos del Mercado Central. Si sois un grupo muy amplio y prefer\u00eds alojaros en un albergue mas grande y confortable\u00a0elige\u00a0<strong><a href=\"https:\/\/www.homebackpackersvalencia.com\/\" target=\"_blank\" rel=\"noopener\">H\u00f4me Backpackers Hostel Valencia<\/a><\/strong>, sin duda te podemos ofrecer el mejor precio de la ciudad. Contacta con nosotros para sus reservas de grupo.<\/p>\n\n<h2 class=\"wp-block-heading\">Albergue para grupos Valencia &#8211; Home Youth Hostel<\/h2>\n\n<p>El albergue juvenil Home es un albergue peque\u00f1o y acogedor, con bonitas y limpias habitaciones sin literas, justo al lado del Mercado Central.&#13;\nSi quiere venir con un grupo m\u00e1s grande le ofrecemos nuestro otro albergue Home Backpackers Hostel, tambi\u00e9n c\u00f3modo y agradable pero m\u00e1s espacioso.&#13;\nAlbergue para Grupos Valencia &#8211; Home Youth Hostel&#13;\nP\u00f3ngase en contacto con nosotros para reservar para grupos:<\/p>\n","protected":false},"excerpt":{"rendered":"<p>\u00bfViaja en grupo a Valencia? Hostal para grupos Valencia Home Youth Hostel &#13; Home Youth Hostel\u00a0en un peque\u00f1o y acogedor hostal, con habitaciones limpias, bonitas,\u00a0sin literas, a dos pasos del Mercado Central. Si sois un grupo muy amplio y prefer\u00eds alojaros en un albergue mas grande y confortable\u00a0elige\u00a0H\u00f4me Backpackers Hostel Valencia, sin duda te podemos [&hellip;]<\/p>\n","protected":false},"author":9,"featured_media":0,"parent":0,"menu_order":0,"comment_status":"closed","ping_status":"closed","template":"","meta":{"footnotes":""},"class_list":["post-6127","page","type-page","status-publish","hentry"],"yoast_head":"<!-- This site is optimized with the Yoast SEO plugin v27.4 - https:\/\/yoast.com\/product\/yoast-seo-wordpress\/ -->\n<title>Albergue para grupos Valencia \u2022 Home Youth Hostel<\/title>\n<meta name=\"robots\" content=\"index, follow, max-snippet:-1, max-image-preview:large, max-video-preview:-1\" \/>\n<link rel=\"canonical\" href=\"https:\/\/homeyouthhostel.com\/es\/albergue-para-grupos-valencia\/\" \/>\n<meta property=\"og:locale\" content=\"es_ES\" \/>\n<meta property=\"og:type\" content=\"article\" \/>\n<meta property=\"og:title\" content=\"Albergue para grupos Valencia \u2022 Home Youth Hostel\" \/>\n<meta property=\"og:url\" content=\"https:\/\/homeyouthhostel.com\/es\/albergue-para-grupos-valencia\/\" \/>\n<meta property=\"og:site_name\" content=\"Home Youth Hostel\" \/>\n<meta property=\"article:publisher\" content=\"https:\/\/www.facebook.com\/HomeYouthHostelValencia\/\" \/>\n<meta property=\"article:modified_time\" content=\"2024-04-11T14:04:55+00:00\" \/>\n<meta name=\"twitter:label1\" content=\"Tiempo de lectura\" \/>\n\t<meta name=\"twitter:data1\" content=\"1 minuto\" \/>\n<script type=\"application\/ld+json\" class=\"yoast-schema-graph\">{\"@context\":\"https:\\\/\\\/schema.org\",\"@graph\":[{\"@type\":\"WebPage\",\"@id\":\"https:\\\/\\\/homeyouthhostel.com\\\/es\\\/albergue-para-grupos-valencia\\\/\",\"url\":\"https:\\\/\\\/homeyouthhostel.com\\\/es\\\/albergue-para-grupos-valencia\\\/\",\"name\":\"Albergue para grupos Valencia \u2022 Home Youth Hostel\",\"isPartOf\":{\"@id\":\"https:\\\/\\\/homeyouthhostel.com\\\/es\\\/#website\"},\"datePublished\":\"2024-04-11T14:03:13+00:00\",\"dateModified\":\"2024-04-11T14:04:55+00:00\",\"breadcrumb\":{\"@id\":\"https:\\\/\\\/homeyouthhostel.com\\\/es\\\/albergue-para-grupos-valencia\\\/#breadcrumb\"},\"inLanguage\":\"es\",\"potentialAction\":[{\"@type\":\"ReadAction\",\"target\":[\"https:\\\/\\\/homeyouthhostel.com\\\/es\\\/albergue-para-grupos-valencia\\\/\"]}]},{\"@type\":\"BreadcrumbList\",\"@id\":\"https:\\\/\\\/homeyouthhostel.com\\\/es\\\/albergue-para-grupos-valencia\\\/#breadcrumb\",\"itemListElement\":[{\"@type\":\"ListItem\",\"position\":1,\"name\":\"Home\",\"item\":\"https:\\\/\\\/homeyouthhostel.com\\\/es\\\/\"},{\"@type\":\"ListItem\",\"position\":2,\"name\":\"Albergue para grupos Valencia\"}]},{\"@type\":\"WebSite\",\"@id\":\"https:\\\/\\\/homeyouthhostel.com\\\/es\\\/#website\",\"url\":\"https:\\\/\\\/homeyouthhostel.com\\\/es\\\/\",\"name\":\"H\u00f4me Youth Hostel Valencia\",\"description\":\"Lema\",\"publisher\":{\"@id\":\"https:\\\/\\\/homeyouthhostel.com\\\/es\\\/#organization\"},\"potentialAction\":[{\"@type\":\"SearchAction\",\"target\":{\"@type\":\"EntryPoint\",\"urlTemplate\":\"https:\\\/\\\/homeyouthhostel.com\\\/es\\\/?s={search_term_string}\"},\"query-input\":{\"@type\":\"PropertyValueSpecification\",\"valueRequired\":true,\"valueName\":\"search_term_string\"}}],\"inLanguage\":\"es\"},{\"@type\":\"Organization\",\"@id\":\"https:\\\/\\\/homeyouthhostel.com\\\/es\\\/#organization\",\"name\":\"H\u00f4me Youth Hostel Valencia\",\"url\":\"https:\\\/\\\/homeyouthhostel.com\\\/es\\\/\",\"logo\":{\"@type\":\"ImageObject\",\"inLanguage\":\"es\",\"@id\":\"https:\\\/\\\/homeyouthhostel.com\\\/es\\\/#\\\/schema\\\/logo\\\/image\\\/\",\"url\":\"https:\\\/\\\/homeyouthhostel.com\\\/wp-content\\\/uploads\\\/2016\\\/10\\\/logopng.png\",\"contentUrl\":\"https:\\\/\\\/homeyouthhostel.com\\\/wp-content\\\/uploads\\\/2016\\\/10\\\/logopng.png\",\"width\":400,\"height\":259,\"caption\":\"H\u00f4me Youth Hostel Valencia\"},\"image\":{\"@id\":\"https:\\\/\\\/homeyouthhostel.com\\\/es\\\/#\\\/schema\\\/logo\\\/image\\\/\"},\"sameAs\":[\"https:\\\/\\\/www.facebook.com\\\/HomeYouthHostelValencia\\\/\",\"https:\\\/\\\/x.com\\\/HomeYouthHostel\",\"https:\\\/\\\/www.instagram.com\\\/homeyouthhostelvalencia\\\/\",\"https:\\\/\\\/linkedin.com\\\/company\\\/homeyouthhostelvalencia\",\"https:\\\/\\\/www.youtube.com\\\/channel\\\/UC1RgdaIHNQP2CsgZakYFBhQ\"]}]}<\/script>\n<!-- \/ Yoast SEO plugin. -->","yoast_head_json":{"title":"Albergue para grupos Valencia \u2022 Home Youth Hostel","robots":{"index":"index","follow":"follow","max-snippet":"max-snippet:-1","max-image-preview":"max-image-preview:large","max-video-preview":"max-video-preview:-1"},"canonical":"https:\/\/homeyouthhostel.com\/es\/albergue-para-grupos-valencia\/","og_locale":"es_ES","og_type":"article","og_title":"Albergue para grupos Valencia \u2022 Home Youth Hostel","og_url":"https:\/\/homeyouthhostel.com\/es\/albergue-para-grupos-valencia\/","og_site_name":"Home Youth Hostel","article_publisher":"https:\/\/www.facebook.com\/HomeYouthHostelValencia\/","article_modified_time":"2024-04-11T14:04:55+00:00","twitter_misc":{"Tiempo de lectura":"1 minuto"},"schema":{"@context":"https:\/\/schema.org","@graph":[{"@type":"WebPage","@id":"https:\/\/homeyouthhostel.com\/es\/albergue-para-grupos-valencia\/","url":"https:\/\/homeyouthhostel.com\/es\/albergue-para-grupos-valencia\/","name":"Albergue para grupos Valencia \u2022 Home Youth Hostel","isPartOf":{"@id":"https:\/\/homeyouthhostel.com\/es\/#website"},"datePublished":"2024-04-11T14:03:13+00:00","dateModified":"2024-04-11T14:04:55+00:00","breadcrumb":{"@id":"https:\/\/homeyouthhostel.com\/es\/albergue-para-grupos-valencia\/#breadcrumb"},"inLanguage":"es","potentialAction":[{"@type":"ReadAction","target":["https:\/\/homeyouthhostel.com\/es\/albergue-para-grupos-valencia\/"]}]},{"@type":"BreadcrumbList","@id":"https:\/\/homeyouthhostel.com\/es\/albergue-para-grupos-valencia\/#breadcrumb","itemListElement":[{"@type":"ListItem","position":1,"name":"Home","item":"https:\/\/homeyouthhostel.com\/es\/"},{"@type":"ListItem","position":2,"name":"Albergue para grupos Valencia"}]},{"@type":"WebSite","@id":"https:\/\/homeyouthhostel.com\/es\/#website","url":"https:\/\/homeyouthhostel.com\/es\/","name":"H\u00f4me Youth Hostel Valencia","description":"Lema","publisher":{"@id":"https:\/\/homeyouthhostel.com\/es\/#organization"},"potentialAction":[{"@type":"SearchAction","target":{"@type":"EntryPoint","urlTemplate":"https:\/\/homeyouthhostel.com\/es\/?s={search_term_string}"},"query-input":{"@type":"PropertyValueSpecification","valueRequired":true,"valueName":"search_term_string"}}],"inLanguage":"es"},{"@type":"Organization","@id":"https:\/\/homeyouthhostel.com\/es\/#organization","name":"H\u00f4me Youth Hostel Valencia","url":"https:\/\/homeyouthhostel.com\/es\/","logo":{"@type":"ImageObject","inLanguage":"es","@id":"https:\/\/homeyouthhostel.com\/es\/#\/schema\/logo\/image\/","url":"https:\/\/homeyouthhostel.com\/wp-content\/uploads\/2016\/10\/logopng.png","contentUrl":"https:\/\/homeyouthhostel.com\/wp-content\/uploads\/2016\/10\/logopng.png","width":400,"height":259,"caption":"H\u00f4me Youth Hostel Valencia"},"image":{"@id":"https:\/\/homeyouthhostel.com\/es\/#\/schema\/logo\/image\/"},"sameAs":["https:\/\/www.facebook.com\/HomeYouthHostelValencia\/","https:\/\/x.com\/HomeYouthHostel","https:\/\/www.instagram.com\/homeyouthhostelvalencia\/","https:\/\/linkedin.com\/company\/homeyouthhostelvalencia","https:\/\/www.youtube.com\/channel\/UC1RgdaIHNQP2CsgZakYFBhQ"]}]}},"_links":{"self":[{"href":"https:\/\/homeyouthhostel.com\/es\/wp-json\/wp\/v2\/pages\/6127","targetHints":{"allow":["GET"]}}],"collection":[{"href":"https:\/\/homeyouthhostel.com\/es\/wp-json\/wp\/v2\/pages"}],"about":[{"href":"https:\/\/homeyouthhostel.com\/es\/wp-json\/wp\/v2\/types\/page"}],"author":[{"embeddable":true,"href":"https:\/\/homeyouthhostel.com\/es\/wp-json\/wp\/v2\/users\/9"}],"replies":[{"embeddable":true,"href":"https:\/\/homeyouthhostel.com\/es\/wp-json\/wp\/v2\/comments?post=6127"}],"version-history":[{"count":0,"href":"https:\/\/homeyouthhostel.com\/es\/wp-json\/wp\/v2\/pages\/6127\/revisions"}],"wp:attachment":[{"href":"https:\/\/homeyouthhostel.com\/es\/wp-json\/wp\/v2\/media?parent=6127"}],"curies":[{"name":"wp","href":"https:\/\/api.w.org\/{rel}","templated":true}]}}