{"id":50,"date":"2012-07-30T08:36:21","date_gmt":"2012-07-30T06:36:21","guid":{"rendered":"http:\/\/www.homeyouthhostel.com\/?page_id=50"},"modified":"2022-01-25T10:54:26","modified_gmt":"2022-01-25T09:54:26","slug":"video-albergue-valencia","status":"publish","type":"page","link":"https:\/\/homeyouthhostel.com\/es\/video-albergue-valencia\/","title":{"rendered":"V\u00eddeos del Albergue H\u00f4me Youth Hostel Valencia"},"content":{"rendered":"\n<p>Quieres saber m\u00e1s de nuestros hostales en Valencia?<\/p>\n\n\n\n<p>El albergue Valencia <strong>Home Youth Hostel<\/strong>.<\/p>\n\n\n\n<p>Descubre ahora nuestro canal de Youtube&nbsp; <strong><a href=\"https:\/\/www.youtube.com\/user\/HomeHostels\">HomeHostelsTV<\/a>.<\/strong><\/p>\n\n\n\n<p>Disfruta de los mejores momentos, fiestas, tours, recetas internacionales de la mano de nuestros v\u00eddeos en Internet. Albergue Valencia Home Youth Hostel.<\/p>\n\n\n\n<figure class=\"wp-block-embed is-type-video is-provider-youtube wp-block-embed-youtube wp-embed-aspect-16-9 wp-has-aspect-ratio\"><div class=\"wp-block-embed__wrapper\">\n<iframe title=\"Your experience at Home youth Hostel\" width=\"800\" height=\"450\" src=\"https:\/\/www.youtube.com\/embed\/imuPXmtexYM?feature=oembed\" frameborder=\"0\" allow=\"accelerometer; autoplay; clipboard-write; encrypted-media; gyroscope; picture-in-picture\" allowfullscreen><\/iframe>\n<\/div><\/figure>\n\n\n\n<h2 class=\"wp-block-heading\"><a href=\"https:\/\/www.youtube.com\/c\/HomeYouthHostel\" target=\"_blank\" rel=\"noopener\">Subscribete a nuestro Canal de Youtbe<\/a><\/h2>\n\n\n\n<h2 class=\"wp-block-heading\">Albergue Valencia Home Youth Hostel<\/h2>\n\n\n\n<p>Home Youth Hostel, un <strong>albergue Valencia<\/strong> &nbsp;lleno de actividades que te sorprender\u00e1n disfruta de sus inigualables instalaciones, de dise\u00f1o moderno y vintage, rehabilita un antiguo edificio junto al c\u00e9lebre edificio de la Lonja (el mercado de la Seda de Valencia).<\/p>\n\n\n\n<p>El <strong>albergue en Valencia<\/strong> Home Youth Hostel te ofrece varias actividades y alternativas de ocio en sus intalaciones y en las instalaciones del hostal Home Backpackers a tan solo 5 minutos andando, tales&nbsp; como fiesta de Halloween, Fin de A\u00f1o, lecciones de Paella tradicional, Tours gratuitos, Bar tours, en los meses estivales guerra de pistolas de agua, o interminables sesiones de ba\u00f1os de Sol en la terraza de su hostal hermano Home Backpackers Hostel.<\/p>\n\n\n\n<p>Ideal para viajeros internacionales que quieren compartir su estancia con otras personas de todas las nacionalidades &nbsp;y lugares del mundo.<\/p>\n\n\n\n<p>\u00a1Comparte tu viaje y conoce a gente joven e&nbsp;interesante&nbsp;como t\u00fa!<\/p>\n\n\n\n<p>\u00bfTe animas?<\/p>\n","protected":false},"excerpt":{"rendered":"<p>Quieres saber m\u00e1s de nuestros hostales en Valencia? El albergue Valencia Home Youth Hostel. Descubre ahora nuestro canal de Youtube&nbsp; HomeHostelsTV. Disfruta de los mejores momentos, fiestas, tours, recetas internacionales de la mano de nuestros v\u00eddeos en Internet. Albergue Valencia Home Youth Hostel. Subscribete a nuestro Canal de Youtbe Albergue Valencia Home Youth Hostel Home [&hellip;]<\/p>\n","protected":false},"author":9,"featured_media":0,"parent":0,"menu_order":0,"comment_status":"open","ping_status":"open","template":"","meta":{"footnotes":""},"class_list":["post-50","page","type-page","status-publish","hentry"],"yoast_head":"<!-- This site is optimized with the Yoast SEO plugin v27.4 - https:\/\/yoast.com\/product\/yoast-seo-wordpress\/ -->\n<title>V\u00eddeos Albergue Home Youth Hostel Valencia \u00b7 Galer\u00eda de v\u00eddeos<\/title>\n<meta name=\"description\" content=\"V\u00eddeos Albergue Home Youth Hostel Valencia \u00b7 Quieres saber m\u00e1s de nuestros hostales en Valencia? Descubre ahora nuestro canal de Youtube Home Hostels TV Disfruta de los mejores momentos, albergue valencia Comentarios recientes \u00b7 Lee opiniones reales \u00b7 Precios bajos \u00b7 Cancelaci\u00f3n gratuita en algunas habitaciones\" \/>\n<meta name=\"robots\" content=\"index, follow, max-snippet:-1, max-image-preview:large, max-video-preview:-1\" \/>\n<link rel=\"canonical\" href=\"https:\/\/homeyouthhostel.com\/es\/video-albergue-valencia\/\" \/>\n<meta property=\"og:locale\" content=\"es_ES\" \/>\n<meta property=\"og:type\" content=\"article\" \/>\n<meta property=\"og:title\" content=\"V\u00eddeos Albergue Home Youth Hostel Valencia \u00b7 Galer\u00eda de v\u00eddeos\" \/>\n<meta property=\"og:description\" content=\"V\u00eddeos Albergue Home Youth Hostel Valencia \u00b7 Quieres saber m\u00e1s de nuestros hostales en Valencia? Descubre ahora nuestro canal de Youtube Home Hostels TV Disfruta de los mejores momentos, albergue valencia Comentarios recientes \u00b7 Lee opiniones reales \u00b7 Precios bajos \u00b7 Cancelaci\u00f3n gratuita en algunas habitaciones\" \/>\n<meta property=\"og:url\" content=\"https:\/\/homeyouthhostel.com\/es\/video-albergue-valencia\/\" \/>\n<meta property=\"og:site_name\" content=\"Home Youth Hostel\" \/>\n<meta property=\"article:publisher\" content=\"https:\/\/www.facebook.com\/HomeYouthHostelValencia\/\" \/>\n<meta property=\"article:modified_time\" content=\"2022-01-25T09:54:26+00:00\" \/>\n<meta name=\"twitter:label1\" content=\"Tiempo de lectura\" \/>\n\t<meta name=\"twitter:data1\" content=\"1 minuto\" \/>\n<script type=\"application\/ld+json\" class=\"yoast-schema-graph\">{\"@context\":\"https:\\\/\\\/schema.org\",\"@graph\":[{\"@type\":\"WebPage\",\"@id\":\"https:\\\/\\\/homeyouthhostel.com\\\/es\\\/video-albergue-valencia\\\/\",\"url\":\"https:\\\/\\\/homeyouthhostel.com\\\/es\\\/video-albergue-valencia\\\/\",\"name\":\"V\u00eddeos Albergue Home Youth Hostel Valencia \u00b7 Galer\u00eda de v\u00eddeos\",\"isPartOf\":{\"@id\":\"https:\\\/\\\/homeyouthhostel.com\\\/es\\\/#website\"},\"datePublished\":\"2012-07-30T06:36:21+00:00\",\"dateModified\":\"2022-01-25T09:54:26+00:00\",\"description\":\"V\u00eddeos Albergue Home Youth Hostel Valencia \u00b7 Quieres saber m\u00e1s de nuestros hostales en Valencia? Descubre ahora nuestro canal de Youtube Home Hostels TV Disfruta de los mejores momentos, albergue valencia Comentarios recientes \u00b7 Lee opiniones reales \u00b7 Precios bajos \u00b7 Cancelaci\u00f3n gratuita en algunas habitaciones\",\"breadcrumb\":{\"@id\":\"https:\\\/\\\/homeyouthhostel.com\\\/es\\\/video-albergue-valencia\\\/#breadcrumb\"},\"inLanguage\":\"es\",\"potentialAction\":[{\"@type\":\"ReadAction\",\"target\":[\"https:\\\/\\\/homeyouthhostel.com\\\/es\\\/video-albergue-valencia\\\/\"]}]},{\"@type\":\"BreadcrumbList\",\"@id\":\"https:\\\/\\\/homeyouthhostel.com\\\/es\\\/video-albergue-valencia\\\/#breadcrumb\",\"itemListElement\":[{\"@type\":\"ListItem\",\"position\":1,\"name\":\"Home\",\"item\":\"https:\\\/\\\/homeyouthhostel.com\\\/es\\\/\"},{\"@type\":\"ListItem\",\"position\":2,\"name\":\"V\u00eddeos del Albergue H\u00f4me Youth Hostel Valencia\"}]},{\"@type\":\"WebSite\",\"@id\":\"https:\\\/\\\/homeyouthhostel.com\\\/es\\\/#website\",\"url\":\"https:\\\/\\\/homeyouthhostel.com\\\/es\\\/\",\"name\":\"H\u00f4me Youth Hostel Valencia\",\"description\":\"Lema\",\"publisher\":{\"@id\":\"https:\\\/\\\/homeyouthhostel.com\\\/es\\\/#organization\"},\"potentialAction\":[{\"@type\":\"SearchAction\",\"target\":{\"@type\":\"EntryPoint\",\"urlTemplate\":\"https:\\\/\\\/homeyouthhostel.com\\\/es\\\/?s={search_term_string}\"},\"query-input\":{\"@type\":\"PropertyValueSpecification\",\"valueRequired\":true,\"valueName\":\"search_term_string\"}}],\"inLanguage\":\"es\"},{\"@type\":\"Organization\",\"@id\":\"https:\\\/\\\/homeyouthhostel.com\\\/es\\\/#organization\",\"name\":\"H\u00f4me Youth Hostel Valencia\",\"url\":\"https:\\\/\\\/homeyouthhostel.com\\\/es\\\/\",\"logo\":{\"@type\":\"ImageObject\",\"inLanguage\":\"es\",\"@id\":\"https:\\\/\\\/homeyouthhostel.com\\\/es\\\/#\\\/schema\\\/logo\\\/image\\\/\",\"url\":\"https:\\\/\\\/homeyouthhostel.com\\\/wp-content\\\/uploads\\\/2016\\\/10\\\/logopng.png\",\"contentUrl\":\"https:\\\/\\\/homeyouthhostel.com\\\/wp-content\\\/uploads\\\/2016\\\/10\\\/logopng.png\",\"width\":400,\"height\":259,\"caption\":\"H\u00f4me Youth Hostel Valencia\"},\"image\":{\"@id\":\"https:\\\/\\\/homeyouthhostel.com\\\/es\\\/#\\\/schema\\\/logo\\\/image\\\/\"},\"sameAs\":[\"https:\\\/\\\/www.facebook.com\\\/HomeYouthHostelValencia\\\/\",\"https:\\\/\\\/x.com\\\/HomeYouthHostel\",\"https:\\\/\\\/www.instagram.com\\\/homeyouthhostelvalencia\\\/\",\"https:\\\/\\\/linkedin.com\\\/company\\\/homeyouthhostelvalencia\",\"https:\\\/\\\/www.youtube.com\\\/channel\\\/UC1RgdaIHNQP2CsgZakYFBhQ\"]}]}<\/script>\n<!-- \/ Yoast SEO plugin. -->","yoast_head_json":{"title":"V\u00eddeos Albergue Home Youth Hostel Valencia \u00b7 Galer\u00eda de v\u00eddeos","description":"V\u00eddeos Albergue Home Youth Hostel Valencia \u00b7 Quieres saber m\u00e1s de nuestros hostales en Valencia? Descubre ahora nuestro canal de Youtube Home Hostels TV Disfruta de los mejores momentos, albergue valencia Comentarios recientes \u00b7 Lee opiniones reales \u00b7 Precios bajos \u00b7 Cancelaci\u00f3n gratuita en algunas habitaciones","robots":{"index":"index","follow":"follow","max-snippet":"max-snippet:-1","max-image-preview":"max-image-preview:large","max-video-preview":"max-video-preview:-1"},"canonical":"https:\/\/homeyouthhostel.com\/es\/video-albergue-valencia\/","og_locale":"es_ES","og_type":"article","og_title":"V\u00eddeos Albergue Home Youth Hostel Valencia \u00b7 Galer\u00eda de v\u00eddeos","og_description":"V\u00eddeos Albergue Home Youth Hostel Valencia \u00b7 Quieres saber m\u00e1s de nuestros hostales en Valencia? Descubre ahora nuestro canal de Youtube Home Hostels TV Disfruta de los mejores momentos, albergue valencia Comentarios recientes \u00b7 Lee opiniones reales \u00b7 Precios bajos \u00b7 Cancelaci\u00f3n gratuita en algunas habitaciones","og_url":"https:\/\/homeyouthhostel.com\/es\/video-albergue-valencia\/","og_site_name":"Home Youth Hostel","article_publisher":"https:\/\/www.facebook.com\/HomeYouthHostelValencia\/","article_modified_time":"2022-01-25T09:54:26+00:00","twitter_misc":{"Tiempo de lectura":"1 minuto"},"schema":{"@context":"https:\/\/schema.org","@graph":[{"@type":"WebPage","@id":"https:\/\/homeyouthhostel.com\/es\/video-albergue-valencia\/","url":"https:\/\/homeyouthhostel.com\/es\/video-albergue-valencia\/","name":"V\u00eddeos Albergue Home Youth Hostel Valencia \u00b7 Galer\u00eda de v\u00eddeos","isPartOf":{"@id":"https:\/\/homeyouthhostel.com\/es\/#website"},"datePublished":"2012-07-30T06:36:21+00:00","dateModified":"2022-01-25T09:54:26+00:00","description":"V\u00eddeos Albergue Home Youth Hostel Valencia \u00b7 Quieres saber m\u00e1s de nuestros hostales en Valencia? Descubre ahora nuestro canal de Youtube Home Hostels TV Disfruta de los mejores momentos, albergue valencia Comentarios recientes \u00b7 Lee opiniones reales \u00b7 Precios bajos \u00b7 Cancelaci\u00f3n gratuita en algunas habitaciones","breadcrumb":{"@id":"https:\/\/homeyouthhostel.com\/es\/video-albergue-valencia\/#breadcrumb"},"inLanguage":"es","potentialAction":[{"@type":"ReadAction","target":["https:\/\/homeyouthhostel.com\/es\/video-albergue-valencia\/"]}]},{"@type":"BreadcrumbList","@id":"https:\/\/homeyouthhostel.com\/es\/video-albergue-valencia\/#breadcrumb","itemListElement":[{"@type":"ListItem","position":1,"name":"Home","item":"https:\/\/homeyouthhostel.com\/es\/"},{"@type":"ListItem","position":2,"name":"V\u00eddeos del Albergue H\u00f4me Youth Hostel Valencia"}]},{"@type":"WebSite","@id":"https:\/\/homeyouthhostel.com\/es\/#website","url":"https:\/\/homeyouthhostel.com\/es\/","name":"H\u00f4me Youth Hostel Valencia","description":"Lema","publisher":{"@id":"https:\/\/homeyouthhostel.com\/es\/#organization"},"potentialAction":[{"@type":"SearchAction","target":{"@type":"EntryPoint","urlTemplate":"https:\/\/homeyouthhostel.com\/es\/?s={search_term_string}"},"query-input":{"@type":"PropertyValueSpecification","valueRequired":true,"valueName":"search_term_string"}}],"inLanguage":"es"},{"@type":"Organization","@id":"https:\/\/homeyouthhostel.com\/es\/#organization","name":"H\u00f4me Youth Hostel Valencia","url":"https:\/\/homeyouthhostel.com\/es\/","logo":{"@type":"ImageObject","inLanguage":"es","@id":"https:\/\/homeyouthhostel.com\/es\/#\/schema\/logo\/image\/","url":"https:\/\/homeyouthhostel.com\/wp-content\/uploads\/2016\/10\/logopng.png","contentUrl":"https:\/\/homeyouthhostel.com\/wp-content\/uploads\/2016\/10\/logopng.png","width":400,"height":259,"caption":"H\u00f4me Youth Hostel Valencia"},"image":{"@id":"https:\/\/homeyouthhostel.com\/es\/#\/schema\/logo\/image\/"},"sameAs":["https:\/\/www.facebook.com\/HomeYouthHostelValencia\/","https:\/\/x.com\/HomeYouthHostel","https:\/\/www.instagram.com\/homeyouthhostelvalencia\/","https:\/\/linkedin.com\/company\/homeyouthhostelvalencia","https:\/\/www.youtube.com\/channel\/UC1RgdaIHNQP2CsgZakYFBhQ"]}]}},"_links":{"self":[{"href":"https:\/\/homeyouthhostel.com\/es\/wp-json\/wp\/v2\/pages\/50","targetHints":{"allow":["GET"]}}],"collection":[{"href":"https:\/\/homeyouthhostel.com\/es\/wp-json\/wp\/v2\/pages"}],"about":[{"href":"https:\/\/homeyouthhostel.com\/es\/wp-json\/wp\/v2\/types\/page"}],"author":[{"embeddable":true,"href":"https:\/\/homeyouthhostel.com\/es\/wp-json\/wp\/v2\/users\/9"}],"replies":[{"embeddable":true,"href":"https:\/\/homeyouthhostel.com\/es\/wp-json\/wp\/v2\/comments?post=50"}],"version-history":[{"count":0,"href":"https:\/\/homeyouthhostel.com\/es\/wp-json\/wp\/v2\/pages\/50\/revisions"}],"wp:attachment":[{"href":"https:\/\/homeyouthhostel.com\/es\/wp-json\/wp\/v2\/media?parent=50"}],"curies":[{"name":"wp","href":"https:\/\/api.w.org\/{rel}","templated":true}]}}