{"id":428,"date":"2012-10-24T14:43:32","date_gmt":"2012-10-24T12:43:32","guid":{"rendered":"http:\/\/www.homeyouthhostel.com\/?page_id=428"},"modified":"2023-11-15T16:04:56","modified_gmt":"2023-11-15T15:04:56","slug":"hostal-juvenil-para-fallas","status":"publish","type":"page","link":"https:\/\/homeyouthhostel.com\/es\/hostal-juvenil-para-fallas\/","title":{"rendered":"Hostal juvenil para Fallas en Valencia"},"content":{"rendered":"\n<h1 class=\"wp-block-heading\">\u00bfVienes en Fallas a Valencia?<\/h1>\n\n<h3 class=\"wp-block-heading\">\u00bfEst\u00e1s buscando un albergue juvenil econ\u00f3mico para Fallas?<\/h3>\n\n<p>\u00a1Entonces al\u00f3jate con nosotros! Somos la cadena de hostales juveniles m\u00e1s econ\u00f3mica de Valencia ya la vez ofrecemos los mismos servicio que los mejores hostales de la ciudad.&#13;\n&#13;\nTe ofrecemos un alojamiento perfecto para las Fallas, aqu\u00ed en el Albergue Juvenil Home podr\u00e1s disfrutar de este famoso evento. No hay mejor lugar para alojarse durante estas fiestas locales porque estamos situados en el coraz\u00f3n de los actos de las fiestas falleras.<\/p>\n\n<h3 class=\"wp-block-heading\">Sobre el Albergue Juvenil H\u00f4me Valencia<\/h3>\n\n<p>Nuestro albergue es el albergue juvenil m\u00e1s c\u00e9ntrico de Valencia, situado junto a la Lonja de la Seda y el Mercado Central de Valencia. Adem\u00e1s es de dise\u00f1o moderno, muy colorido, con habitaciones espaciosas sin literas. Aqu\u00ed siempre sentir\u00e1s un ambiente acogedor. Donde puedes hacer una visita virtual de 360% por el interior de nuestro Albergue Juvenil en Valencia.<\/p>\n\n<p>Haz clic aqu\u00ed para saber m\u00e1s sobre las habitaciones.<\/p>\n\n<h3 class=\"wp-block-heading\">\u00bfCu\u00e1les son las fiestas falleras de Valencia?<\/h3>\n\n<p>Las Fallas son la Fiesta m\u00e1s importante y la mejor de la Ciudad de Valencia. Adem\u00e1s es una de las Fiestas m\u00e1s famosas de Espa\u00f1a por lo que es dif\u00edcil encontrar un alojamiento bueno y barato durante estas fechas. Las plazas en los albergues situados en el centro de Valencia y sus alrededores se agotan muchos meses antes de las Fallas, por lo que te sugerimos que reserves aqu\u00ed tu Albergue de Valencia para las Fallas con antelaci\u00f3n.<\/p>\n\n<h3 class=\"wp-block-heading\">\u00bfPor qu\u00e9 reservar con nosotros?<\/h3>\n\n<p>El Albergue Juvenil H\u00f4me est\u00e1 a un paso de la Masclet\u00e1 de la Plaza del Ayuntamiento, de la Ofrenda de la Plaza de la Virgen y de los fuegos artificiales del Turia. Tambi\u00e9n puedes visitar los monumentos de las falleras m\u00e1s famosas.<\/p>\n\n<p>Los actos y Fallas m\u00e1s importantes tienen lugar en el casco antiguo de Valencia, justo al lado de nuestro albergue.<\/p>\n\n<h3 class=\"wp-block-heading\">\u00bfPor qu\u00e9 visitar las Fallas de Valencia?<\/h3>\n\n<p>Las Fallas son una experiencia \u00fanica llena de sonido, color y alegr\u00eda que tienes que ver y experimentar al menos una vez en la vida. Las Fallas hacen que la ciudad parezca arder por los fuegos artificiales y petardos encendidos por ni\u00f1os y adultos. Varios desfiles, mucha gente en las calles, luces de colores por toda la ciudad, concurso de paellas y hermosos espect\u00e1culos crean un ambiente asombroso e inolvidable.<\/p>\n\n<h3 class=\"wp-block-heading\">\u00bfEn qu\u00e9 fecha se celebran las fallas de Valencia?<\/h3>\n\n<p>Las Fallas comienzan el 15 de marzo hasta el 19 de marzo donde podr\u00e1s disfrutar de fuegos ratif\u00edcales, masclet\u00e1s, ofrenda, crem\u00e1, pasacalles y mucho m\u00e1s. Es una fiesta llena de colores y castillos de fuegos que no te puedes perder si te alojas en los albergues de H\u00f4me Hostels Valencia. Cada barrio o barriada se organiza en comisiones llamadas \u00abCasal Fallero\u00bb que consiguen los fondos necesarios para construir las Fallas.<\/p>\n\n<h3 class=\"wp-block-heading\">El mejor Albergue Juvenil de Valencia para Fallas<\/h3>\n\n<p>Si buscas el mejor lugar para alojarte durante las Fallas, no pierdas la oportunidad de venir al Albergue Juvenil H\u00f4me, situado en el centro hist\u00f3rico de la ciudad, donde se celebran los actos m\u00e1s importantes de las Fallas.<\/p>\n\n<p>En H\u00f4me Youth Hostel Valencia encontrar\u00e1s habitaciones c\u00f3modas y limpias a un precio razonable, con un ambiente desenfadado y familiar.<\/p>\n\n<p>H\u00f4me Backpackers Hostel pertenece a H\u00f4me Hostels Valencia, inf\u00f3rmate en nuestra web.<\/p>\n","protected":false},"excerpt":{"rendered":"<p>\u00bfVienes en Fallas a Valencia? \u00bfEst\u00e1s buscando un albergue juvenil econ\u00f3mico para Fallas? \u00a1Entonces al\u00f3jate con nosotros! Somos la cadena de hostales juveniles m\u00e1s econ\u00f3mica de Valencia ya la vez ofrecemos los mismos servicio que los mejores hostales de la ciudad.&#13; &#13; Te ofrecemos un alojamiento perfecto para las Fallas, aqu\u00ed en el Albergue Juvenil [&hellip;]<\/p>\n","protected":false},"author":9,"featured_media":2357,"parent":0,"menu_order":0,"comment_status":"closed","ping_status":"closed","template":"","meta":{"footnotes":""},"class_list":["post-428","page","type-page","status-publish","has-post-thumbnail","hentry"],"yoast_head":"<!-- This site is optimized with the Yoast SEO plugin v27.4 - https:\/\/yoast.com\/product\/yoast-seo-wordpress\/ -->\n<title>Hostal Juvenil para Fallas en Valencia \u2764\ufe0f\u200d\ud83d\udd25 Reserva tu cama en Valencia<\/title>\n<meta name=\"description\" content=\"Hostal Juvenil para Fallas en Valencia. Reserva tu cama para estas Fallas valencianas al mejor precio de la Ciudad \u00bfBuscas un hostal juvenil?\" \/>\n<meta name=\"robots\" content=\"index, follow, max-snippet:-1, max-image-preview:large, max-video-preview:-1\" \/>\n<link rel=\"canonical\" href=\"https:\/\/homeyouthhostel.com\/es\/hostal-juvenil-para-fallas\/\" \/>\n<meta property=\"og:locale\" content=\"es_ES\" \/>\n<meta property=\"og:type\" content=\"article\" \/>\n<meta property=\"og:title\" content=\"Albergue Juvenil en Valencia para Fallas \ud83d\udd25\ud83d\udd25\ud83d\udd25Reserva una cama para Fallas en Valencia al mejor precio en el centro de la ciudad\" \/>\n<meta property=\"og:description\" content=\"\u00bfVienes a Valencia en Fallas? \u00bfEst\u00e1s buscando un albergue juvenil barato para Fallas? Te ofrecemos un alojamiento perfecto para Fallas, aqu\u00ed en Home Youth Hostel podr\u00e1s disfrutar de este famoso evento. No hay mejor lugar para alojarse durante estas fiestas locales porque estamos situados en el coraz\u00f3n de los actos de las fiestas falleras.\" \/>\n<meta property=\"og:url\" content=\"https:\/\/homeyouthhostel.com\/es\/hostal-juvenil-para-fallas\/\" \/>\n<meta property=\"og:site_name\" content=\"Home Youth Hostel\" \/>\n<meta property=\"article:publisher\" content=\"https:\/\/www.facebook.com\/HomeYouthHostelValencia\/\" \/>\n<meta property=\"article:modified_time\" content=\"2023-11-15T15:04:56+00:00\" \/>\n<meta property=\"og:image\" content=\"https:\/\/homeyouthhostel.com\/wp-content\/uploads\/2012\/10\/hostelforfallasinvalencia.jpg\" \/>\n<meta name=\"twitter:label1\" content=\"Tiempo de lectura\" \/>\n\t<meta name=\"twitter:data1\" content=\"3 minutos\" \/>\n<script type=\"application\/ld+json\" class=\"yoast-schema-graph\">{\"@context\":\"https:\\\/\\\/schema.org\",\"@graph\":[{\"@type\":\"WebPage\",\"@id\":\"https:\\\/\\\/homeyouthhostel.com\\\/es\\\/hostal-juvenil-para-fallas\\\/\",\"url\":\"https:\\\/\\\/homeyouthhostel.com\\\/es\\\/hostal-juvenil-para-fallas\\\/\",\"name\":\"Hostal Juvenil para Fallas en Valencia \u2764\ufe0f\u200d\ud83d\udd25 Reserva tu cama en Valencia\",\"isPartOf\":{\"@id\":\"https:\\\/\\\/homeyouthhostel.com\\\/es\\\/#website\"},\"primaryImageOfPage\":{\"@id\":\"https:\\\/\\\/homeyouthhostel.com\\\/es\\\/hostal-juvenil-para-fallas\\\/#primaryimage\"},\"image\":{\"@id\":\"https:\\\/\\\/homeyouthhostel.com\\\/es\\\/hostal-juvenil-para-fallas\\\/#primaryimage\"},\"thumbnailUrl\":\"https:\\\/\\\/homeyouthhostel.com\\\/wp-content\\\/uploads\\\/2012\\\/10\\\/hostelforfallasinvalencia.jpg\",\"datePublished\":\"2012-10-24T12:43:32+00:00\",\"dateModified\":\"2023-11-15T15:04:56+00:00\",\"description\":\"Hostal Juvenil para Fallas en Valencia. Reserva tu cama para estas Fallas valencianas al mejor precio de la Ciudad \u00bfBuscas un hostal juvenil?\",\"breadcrumb\":{\"@id\":\"https:\\\/\\\/homeyouthhostel.com\\\/es\\\/hostal-juvenil-para-fallas\\\/#breadcrumb\"},\"inLanguage\":\"es\",\"potentialAction\":[{\"@type\":\"ReadAction\",\"target\":[\"https:\\\/\\\/homeyouthhostel.com\\\/es\\\/hostal-juvenil-para-fallas\\\/\"]}]},{\"@type\":\"ImageObject\",\"inLanguage\":\"es\",\"@id\":\"https:\\\/\\\/homeyouthhostel.com\\\/es\\\/hostal-juvenil-para-fallas\\\/#primaryimage\",\"url\":\"https:\\\/\\\/homeyouthhostel.com\\\/wp-content\\\/uploads\\\/2012\\\/10\\\/hostelforfallasinvalencia.jpg\",\"contentUrl\":\"https:\\\/\\\/homeyouthhostel.com\\\/wp-content\\\/uploads\\\/2012\\\/10\\\/hostelforfallasinvalencia.jpg\",\"width\":1024,\"height\":600,\"caption\":\"Hostel for Fallas in Valencia\"},{\"@type\":\"BreadcrumbList\",\"@id\":\"https:\\\/\\\/homeyouthhostel.com\\\/es\\\/hostal-juvenil-para-fallas\\\/#breadcrumb\",\"itemListElement\":[{\"@type\":\"ListItem\",\"position\":1,\"name\":\"Home\",\"item\":\"https:\\\/\\\/homeyouthhostel.com\\\/es\\\/\"},{\"@type\":\"ListItem\",\"position\":2,\"name\":\"Hostal juvenil para Fallas en Valencia\"}]},{\"@type\":\"WebSite\",\"@id\":\"https:\\\/\\\/homeyouthhostel.com\\\/es\\\/#website\",\"url\":\"https:\\\/\\\/homeyouthhostel.com\\\/es\\\/\",\"name\":\"H\u00f4me Youth Hostel Valencia\",\"description\":\"Lema\",\"publisher\":{\"@id\":\"https:\\\/\\\/homeyouthhostel.com\\\/es\\\/#organization\"},\"potentialAction\":[{\"@type\":\"SearchAction\",\"target\":{\"@type\":\"EntryPoint\",\"urlTemplate\":\"https:\\\/\\\/homeyouthhostel.com\\\/es\\\/?s={search_term_string}\"},\"query-input\":{\"@type\":\"PropertyValueSpecification\",\"valueRequired\":true,\"valueName\":\"search_term_string\"}}],\"inLanguage\":\"es\"},{\"@type\":\"Organization\",\"@id\":\"https:\\\/\\\/homeyouthhostel.com\\\/es\\\/#organization\",\"name\":\"H\u00f4me Youth Hostel Valencia\",\"url\":\"https:\\\/\\\/homeyouthhostel.com\\\/es\\\/\",\"logo\":{\"@type\":\"ImageObject\",\"inLanguage\":\"es\",\"@id\":\"https:\\\/\\\/homeyouthhostel.com\\\/es\\\/#\\\/schema\\\/logo\\\/image\\\/\",\"url\":\"https:\\\/\\\/homeyouthhostel.com\\\/wp-content\\\/uploads\\\/2016\\\/10\\\/logopng.png\",\"contentUrl\":\"https:\\\/\\\/homeyouthhostel.com\\\/wp-content\\\/uploads\\\/2016\\\/10\\\/logopng.png\",\"width\":400,\"height\":259,\"caption\":\"H\u00f4me Youth Hostel Valencia\"},\"image\":{\"@id\":\"https:\\\/\\\/homeyouthhostel.com\\\/es\\\/#\\\/schema\\\/logo\\\/image\\\/\"},\"sameAs\":[\"https:\\\/\\\/www.facebook.com\\\/HomeYouthHostelValencia\\\/\",\"https:\\\/\\\/x.com\\\/HomeYouthHostel\",\"https:\\\/\\\/www.instagram.com\\\/homeyouthhostelvalencia\\\/\",\"https:\\\/\\\/linkedin.com\\\/company\\\/homeyouthhostelvalencia\",\"https:\\\/\\\/www.youtube.com\\\/channel\\\/UC1RgdaIHNQP2CsgZakYFBhQ\"]}]}<\/script>\n<!-- \/ Yoast SEO plugin. -->","yoast_head_json":{"title":"Hostal Juvenil para Fallas en Valencia \u2764\ufe0f\u200d\ud83d\udd25 Reserva tu cama en Valencia","description":"Hostal Juvenil para Fallas en Valencia. Reserva tu cama para estas Fallas valencianas al mejor precio de la Ciudad \u00bfBuscas un hostal juvenil?","robots":{"index":"index","follow":"follow","max-snippet":"max-snippet:-1","max-image-preview":"max-image-preview:large","max-video-preview":"max-video-preview:-1"},"canonical":"https:\/\/homeyouthhostel.com\/es\/hostal-juvenil-para-fallas\/","og_locale":"es_ES","og_type":"article","og_title":"Albergue Juvenil en Valencia para Fallas \ud83d\udd25\ud83d\udd25\ud83d\udd25Reserva una cama para Fallas en Valencia al mejor precio en el centro de la ciudad","og_description":"\u00bfVienes a Valencia en Fallas? \u00bfEst\u00e1s buscando un albergue juvenil barato para Fallas? Te ofrecemos un alojamiento perfecto para Fallas, aqu\u00ed en Home Youth Hostel podr\u00e1s disfrutar de este famoso evento. No hay mejor lugar para alojarse durante estas fiestas locales porque estamos situados en el coraz\u00f3n de los actos de las fiestas falleras.","og_url":"https:\/\/homeyouthhostel.com\/es\/hostal-juvenil-para-fallas\/","og_site_name":"Home Youth Hostel","article_publisher":"https:\/\/www.facebook.com\/HomeYouthHostelValencia\/","article_modified_time":"2023-11-15T15:04:56+00:00","og_image":[{"url":"https:\/\/homeyouthhostel.com\/wp-content\/uploads\/2012\/10\/hostelforfallasinvalencia.jpg","type":"","width":"","height":""}],"twitter_misc":{"Tiempo de lectura":"3 minutos"},"schema":{"@context":"https:\/\/schema.org","@graph":[{"@type":"WebPage","@id":"https:\/\/homeyouthhostel.com\/es\/hostal-juvenil-para-fallas\/","url":"https:\/\/homeyouthhostel.com\/es\/hostal-juvenil-para-fallas\/","name":"Hostal Juvenil para Fallas en Valencia \u2764\ufe0f\u200d\ud83d\udd25 Reserva tu cama en Valencia","isPartOf":{"@id":"https:\/\/homeyouthhostel.com\/es\/#website"},"primaryImageOfPage":{"@id":"https:\/\/homeyouthhostel.com\/es\/hostal-juvenil-para-fallas\/#primaryimage"},"image":{"@id":"https:\/\/homeyouthhostel.com\/es\/hostal-juvenil-para-fallas\/#primaryimage"},"thumbnailUrl":"https:\/\/homeyouthhostel.com\/wp-content\/uploads\/2012\/10\/hostelforfallasinvalencia.jpg","datePublished":"2012-10-24T12:43:32+00:00","dateModified":"2023-11-15T15:04:56+00:00","description":"Hostal Juvenil para Fallas en Valencia. Reserva tu cama para estas Fallas valencianas al mejor precio de la Ciudad \u00bfBuscas un hostal juvenil?","breadcrumb":{"@id":"https:\/\/homeyouthhostel.com\/es\/hostal-juvenil-para-fallas\/#breadcrumb"},"inLanguage":"es","potentialAction":[{"@type":"ReadAction","target":["https:\/\/homeyouthhostel.com\/es\/hostal-juvenil-para-fallas\/"]}]},{"@type":"ImageObject","inLanguage":"es","@id":"https:\/\/homeyouthhostel.com\/es\/hostal-juvenil-para-fallas\/#primaryimage","url":"https:\/\/homeyouthhostel.com\/wp-content\/uploads\/2012\/10\/hostelforfallasinvalencia.jpg","contentUrl":"https:\/\/homeyouthhostel.com\/wp-content\/uploads\/2012\/10\/hostelforfallasinvalencia.jpg","width":1024,"height":600,"caption":"Hostel for Fallas in Valencia"},{"@type":"BreadcrumbList","@id":"https:\/\/homeyouthhostel.com\/es\/hostal-juvenil-para-fallas\/#breadcrumb","itemListElement":[{"@type":"ListItem","position":1,"name":"Home","item":"https:\/\/homeyouthhostel.com\/es\/"},{"@type":"ListItem","position":2,"name":"Hostal juvenil para Fallas en Valencia"}]},{"@type":"WebSite","@id":"https:\/\/homeyouthhostel.com\/es\/#website","url":"https:\/\/homeyouthhostel.com\/es\/","name":"H\u00f4me Youth Hostel Valencia","description":"Lema","publisher":{"@id":"https:\/\/homeyouthhostel.com\/es\/#organization"},"potentialAction":[{"@type":"SearchAction","target":{"@type":"EntryPoint","urlTemplate":"https:\/\/homeyouthhostel.com\/es\/?s={search_term_string}"},"query-input":{"@type":"PropertyValueSpecification","valueRequired":true,"valueName":"search_term_string"}}],"inLanguage":"es"},{"@type":"Organization","@id":"https:\/\/homeyouthhostel.com\/es\/#organization","name":"H\u00f4me Youth Hostel Valencia","url":"https:\/\/homeyouthhostel.com\/es\/","logo":{"@type":"ImageObject","inLanguage":"es","@id":"https:\/\/homeyouthhostel.com\/es\/#\/schema\/logo\/image\/","url":"https:\/\/homeyouthhostel.com\/wp-content\/uploads\/2016\/10\/logopng.png","contentUrl":"https:\/\/homeyouthhostel.com\/wp-content\/uploads\/2016\/10\/logopng.png","width":400,"height":259,"caption":"H\u00f4me Youth Hostel Valencia"},"image":{"@id":"https:\/\/homeyouthhostel.com\/es\/#\/schema\/logo\/image\/"},"sameAs":["https:\/\/www.facebook.com\/HomeYouthHostelValencia\/","https:\/\/x.com\/HomeYouthHostel","https:\/\/www.instagram.com\/homeyouthhostelvalencia\/","https:\/\/linkedin.com\/company\/homeyouthhostelvalencia","https:\/\/www.youtube.com\/channel\/UC1RgdaIHNQP2CsgZakYFBhQ"]}]}},"_links":{"self":[{"href":"https:\/\/homeyouthhostel.com\/es\/wp-json\/wp\/v2\/pages\/428","targetHints":{"allow":["GET"]}}],"collection":[{"href":"https:\/\/homeyouthhostel.com\/es\/wp-json\/wp\/v2\/pages"}],"about":[{"href":"https:\/\/homeyouthhostel.com\/es\/wp-json\/wp\/v2\/types\/page"}],"author":[{"embeddable":true,"href":"https:\/\/homeyouthhostel.com\/es\/wp-json\/wp\/v2\/users\/9"}],"replies":[{"embeddable":true,"href":"https:\/\/homeyouthhostel.com\/es\/wp-json\/wp\/v2\/comments?post=428"}],"version-history":[{"count":0,"href":"https:\/\/homeyouthhostel.com\/es\/wp-json\/wp\/v2\/pages\/428\/revisions"}],"wp:featuredmedia":[{"embeddable":true,"href":"https:\/\/homeyouthhostel.com\/es\/wp-json\/wp\/v2\/media\/2357"}],"wp:attachment":[{"href":"https:\/\/homeyouthhostel.com\/es\/wp-json\/wp\/v2\/media?parent=428"}],"curies":[{"name":"wp","href":"https:\/\/api.w.org\/{rel}","templated":true}]}}