{"id":411,"date":"2012-10-24T10:57:06","date_gmt":"2012-10-24T08:57:06","guid":{"rendered":"http:\/\/www.homeyouthhostel.com\/?page_id=411"},"modified":"2021-12-30T14:26:10","modified_gmt":"2021-12-30T13:26:10","slug":"hostal-en-valencia","status":"publish","type":"page","link":"https:\/\/homeyouthhostel.com\/es\/hostal-en-valencia\/","title":{"rendered":"Hostal en Valencia"},"content":{"rendered":"\n<h2 class=\"wp-block-heading\">Hostal juvenil en Valencia<\/h2>\n\n\n\n<h3 class=\"wp-block-heading\">\u00bfEst\u00e1s buscando un hostal en Valencia?<\/h3>\n\n\n\n<p>Actualmente los&nbsp;j\u00f3venes&nbsp;viajeros demandan un alojamiento econ\u00f3mico a la par que moderno y de calidad. Con ese concepto nace <strong>Home Youth Hostel. Un hostal juvenil&nbsp;<\/strong>en Valencia <strong>sin literas<\/strong>, con habitaciones para grupos grandes y peque\u00f1os.<\/p>\n\n\n\n<p>Situado junto al Mercado Central y la Lonja, en pleno centro hist\u00f3rico de la ciudad de Valencia, nuestro hostal est\u00e1 a tan solo unos pasos de las principales atracciones de la ciudad, as\u00ed como zona de fiesta, restaurantes y bares.<\/p>\n\n\n\n<p>Todas las habitaciones\u00a0tienen una decoraci\u00f3n y un dise\u00f1o donde\u00a0modernidad mezclada con el amor por vintage. Eso hace de este hostal en Valencia un lugar muy especial y familiar para los viajeros de todas partes del mundo.<\/p>\n\n\n\n<p>Si necesitas un hostal con todas las comodidades, Wifi gratis, recepci\u00f3n 24h y un personal atento y cosmopolita entonces Home Youth Hostel es tu hostal ideal.<\/p>\n\n\n\n<p>Disfruta tambi\u00e9n de nuestra <a href=\"https:\/\/www.homehostelsvalencia.com\/\" target=\"_blank\" rel=\"noreferrer noopener\">gu\u00eda gratuita online<\/a> de la ciudad de Valencia en la web de <a href=\"https:\/\/www.homehostelsvalencia.com\/es\/\" target=\"_blank\" rel=\"noreferrer noopener\">H\u00f4me Hostels Valencia.<\/a><\/p>\n\n\n\n<h3 class=\"wp-block-heading\">El mejor Hostal juvenil de Valencia<\/h3>\n\n\n\n<p>En\u00a0<strong>Home Youth Hostel<\/strong>\u00a0estamos orgullosos de nuestra relaci\u00f3n de calidad-precio. Junto con nuestro otro mas grande hostal\u00a0<a href=\"https:\/\/www.homebackpackersvalencia.com\/\">H<\/a><a href=\"https:\/\/www.homebackpackersvalencia.com\/\" target=\"_blank\" rel=\"noreferrer noopener\">o<\/a><a href=\"https:\/\/homebackpackersvalencia.com\/es\/\" target=\"_blank\" rel=\"noreferrer noopener\">me Backpackers Hostel<\/a>\u00a0te ofrecemos a parte del mejor precio,\u00a0los mejores servicios a tu disposici\u00f3n. Todo para que te sientas siempre como en casa.<\/p>\n\n\n\n<p>Al\u00f3jate en <strong>Home Youth Hostel Valencia!<\/strong><\/p>\n","protected":false},"excerpt":{"rendered":"<p>Hostal juvenil en Valencia \u00bfEst\u00e1s buscando un hostal en Valencia? Actualmente los&nbsp;j\u00f3venes&nbsp;viajeros demandan un alojamiento econ\u00f3mico a la par que moderno y de calidad. Con ese concepto nace Home Youth Hostel. Un hostal juvenil&nbsp;en Valencia sin literas, con habitaciones para grupos grandes y peque\u00f1os. Situado junto al Mercado Central y la Lonja, en pleno centro [&hellip;]<\/p>\n","protected":false},"author":9,"featured_media":911,"parent":0,"menu_order":0,"comment_status":"open","ping_status":"open","template":"","meta":{"footnotes":""},"class_list":["post-411","page","type-page","status-publish","has-post-thumbnail","hentry"],"yoast_head":"<!-- This site is optimized with the Yoast SEO plugin v27.3 - https:\/\/yoast.com\/product\/yoast-seo-wordpress\/ -->\n<title>Hostal en Valencia \u00b7 H\u00f4me Youth Hostel Valencia \u00b7 Reserva con nosotros<\/title>\n<meta name=\"description\" content=\"Hostal en Valencia \u00b7 Home Youth Hostel Valencia \u00b7 Reserva con nosotros en el Albergue juvenil en Valencia en pleno centro ciudad \u00bfEst\u00e1s buscando un hostal en Valencia? \u00b7 WIFI Gratis \u00b7 Algunas cancelaciones son gratuitas \u00b7 Hostle en el Centro de Valencia\" \/>\n<meta name=\"robots\" content=\"index, follow, max-snippet:-1, max-image-preview:large, max-video-preview:-1\" \/>\n<link rel=\"canonical\" href=\"https:\/\/homeyouthhostel.com\/es\/hostal-en-valencia\/\" \/>\n<meta property=\"og:locale\" content=\"es_ES\" \/>\n<meta property=\"og:type\" content=\"article\" \/>\n<meta property=\"og:title\" content=\"Hostal en Valencia \u00b7 H\u00f4me Youth Hostel Valencia \u00b7 Reserva con nosotros\" \/>\n<meta property=\"og:description\" content=\"Hostal en Valencia \u00b7 Home Youth Hostel Valencia \u00b7 Reserva con nosotros en el Albergue juvenil en Valencia en pleno centro ciudad \u00bfEst\u00e1s buscando un hostal en Valencia? \u00b7 WIFI Gratis \u00b7 Algunas cancelaciones son gratuitas \u00b7 Hostle en el Centro de Valencia\" \/>\n<meta property=\"og:url\" content=\"https:\/\/homeyouthhostel.com\/es\/hostal-en-valencia\/\" \/>\n<meta property=\"og:site_name\" content=\"Home Youth Hostel\" \/>\n<meta property=\"article:publisher\" content=\"https:\/\/www.facebook.com\/HomeYouthHostelValencia\/\" \/>\n<meta property=\"article:modified_time\" content=\"2021-12-30T13:26:10+00:00\" \/>\n<meta property=\"og:image\" content=\"https:\/\/homeyouthhostel.com\/wp-content\/uploads\/2012\/07\/home-youth-hostel-valencia-homepage.jpg\" \/>\n\t<meta property=\"og:image:width\" content=\"1024\" \/>\n\t<meta property=\"og:image:height\" content=\"600\" \/>\n\t<meta property=\"og:image:type\" content=\"image\/jpeg\" \/>\n<meta name=\"twitter:label1\" content=\"Tiempo de lectura\" \/>\n\t<meta name=\"twitter:data1\" content=\"2 minutos\" \/>\n<script type=\"application\/ld+json\" class=\"yoast-schema-graph\">{\"@context\":\"https:\\\/\\\/schema.org\",\"@graph\":[{\"@type\":\"WebPage\",\"@id\":\"https:\\\/\\\/homeyouthhostel.com\\\/es\\\/hostal-en-valencia\\\/\",\"url\":\"https:\\\/\\\/homeyouthhostel.com\\\/es\\\/hostal-en-valencia\\\/\",\"name\":\"Hostal en Valencia \u00b7 H\u00f4me Youth Hostel Valencia \u00b7 Reserva con nosotros\",\"isPartOf\":{\"@id\":\"https:\\\/\\\/homeyouthhostel.com\\\/es\\\/#website\"},\"primaryImageOfPage\":{\"@id\":\"https:\\\/\\\/homeyouthhostel.com\\\/es\\\/hostal-en-valencia\\\/#primaryimage\"},\"image\":{\"@id\":\"https:\\\/\\\/homeyouthhostel.com\\\/es\\\/hostal-en-valencia\\\/#primaryimage\"},\"thumbnailUrl\":\"https:\\\/\\\/homeyouthhostel.com\\\/wp-content\\\/uploads\\\/2012\\\/07\\\/home-youth-hostel-valencia-homepage.jpg\",\"datePublished\":\"2012-10-24T08:57:06+00:00\",\"dateModified\":\"2021-12-30T13:26:10+00:00\",\"description\":\"Hostal en Valencia \u00b7 Home Youth Hostel Valencia \u00b7 Reserva con nosotros en el Albergue juvenil en Valencia en pleno centro ciudad \u00bfEst\u00e1s buscando un hostal en Valencia? \u00b7 WIFI Gratis \u00b7 Algunas cancelaciones son gratuitas \u00b7 Hostle en el Centro de Valencia\",\"breadcrumb\":{\"@id\":\"https:\\\/\\\/homeyouthhostel.com\\\/es\\\/hostal-en-valencia\\\/#breadcrumb\"},\"inLanguage\":\"es\",\"potentialAction\":[{\"@type\":\"ReadAction\",\"target\":[\"https:\\\/\\\/homeyouthhostel.com\\\/es\\\/hostal-en-valencia\\\/\"]}]},{\"@type\":\"ImageObject\",\"inLanguage\":\"es\",\"@id\":\"https:\\\/\\\/homeyouthhostel.com\\\/es\\\/hostal-en-valencia\\\/#primaryimage\",\"url\":\"https:\\\/\\\/homeyouthhostel.com\\\/wp-content\\\/uploads\\\/2012\\\/07\\\/home-youth-hostel-valencia-homepage.jpg\",\"contentUrl\":\"https:\\\/\\\/homeyouthhostel.com\\\/wp-content\\\/uploads\\\/2012\\\/07\\\/home-youth-hostel-valencia-homepage.jpg\",\"width\":1024,\"height\":600,\"caption\":\"Cozy bedroom for discount\"},{\"@type\":\"BreadcrumbList\",\"@id\":\"https:\\\/\\\/homeyouthhostel.com\\\/es\\\/hostal-en-valencia\\\/#breadcrumb\",\"itemListElement\":[{\"@type\":\"ListItem\",\"position\":1,\"name\":\"Home\",\"item\":\"https:\\\/\\\/homeyouthhostel.com\\\/es\\\/\"},{\"@type\":\"ListItem\",\"position\":2,\"name\":\"Hostal en Valencia\"}]},{\"@type\":\"WebSite\",\"@id\":\"https:\\\/\\\/homeyouthhostel.com\\\/es\\\/#website\",\"url\":\"https:\\\/\\\/homeyouthhostel.com\\\/es\\\/\",\"name\":\"H\u00f4me Youth Hostel Valencia\",\"description\":\"Lema\",\"publisher\":{\"@id\":\"https:\\\/\\\/homeyouthhostel.com\\\/es\\\/#organization\"},\"potentialAction\":[{\"@type\":\"SearchAction\",\"target\":{\"@type\":\"EntryPoint\",\"urlTemplate\":\"https:\\\/\\\/homeyouthhostel.com\\\/es\\\/?s={search_term_string}\"},\"query-input\":{\"@type\":\"PropertyValueSpecification\",\"valueRequired\":true,\"valueName\":\"search_term_string\"}}],\"inLanguage\":\"es\"},{\"@type\":\"Organization\",\"@id\":\"https:\\\/\\\/homeyouthhostel.com\\\/es\\\/#organization\",\"name\":\"H\u00f4me Youth Hostel Valencia\",\"url\":\"https:\\\/\\\/homeyouthhostel.com\\\/es\\\/\",\"logo\":{\"@type\":\"ImageObject\",\"inLanguage\":\"es\",\"@id\":\"https:\\\/\\\/homeyouthhostel.com\\\/es\\\/#\\\/schema\\\/logo\\\/image\\\/\",\"url\":\"https:\\\/\\\/homeyouthhostel.com\\\/wp-content\\\/uploads\\\/2016\\\/10\\\/logopng.png\",\"contentUrl\":\"https:\\\/\\\/homeyouthhostel.com\\\/wp-content\\\/uploads\\\/2016\\\/10\\\/logopng.png\",\"width\":400,\"height\":259,\"caption\":\"H\u00f4me Youth Hostel Valencia\"},\"image\":{\"@id\":\"https:\\\/\\\/homeyouthhostel.com\\\/es\\\/#\\\/schema\\\/logo\\\/image\\\/\"},\"sameAs\":[\"https:\\\/\\\/www.facebook.com\\\/HomeYouthHostelValencia\\\/\",\"https:\\\/\\\/x.com\\\/HomeYouthHostel\",\"https:\\\/\\\/www.instagram.com\\\/homeyouthhostelvalencia\\\/\",\"https:\\\/\\\/linkedin.com\\\/company\\\/homeyouthhostelvalencia\",\"https:\\\/\\\/www.youtube.com\\\/channel\\\/UC1RgdaIHNQP2CsgZakYFBhQ\"]}]}<\/script>\n<!-- \/ Yoast SEO plugin. -->","yoast_head_json":{"title":"Hostal en Valencia \u00b7 H\u00f4me Youth Hostel Valencia \u00b7 Reserva con nosotros","description":"Hostal en Valencia \u00b7 Home Youth Hostel Valencia \u00b7 Reserva con nosotros en el Albergue juvenil en Valencia en pleno centro ciudad \u00bfEst\u00e1s buscando un hostal en Valencia? \u00b7 WIFI Gratis \u00b7 Algunas cancelaciones son gratuitas \u00b7 Hostle en el Centro de Valencia","robots":{"index":"index","follow":"follow","max-snippet":"max-snippet:-1","max-image-preview":"max-image-preview:large","max-video-preview":"max-video-preview:-1"},"canonical":"https:\/\/homeyouthhostel.com\/es\/hostal-en-valencia\/","og_locale":"es_ES","og_type":"article","og_title":"Hostal en Valencia \u00b7 H\u00f4me Youth Hostel Valencia \u00b7 Reserva con nosotros","og_description":"Hostal en Valencia \u00b7 Home Youth Hostel Valencia \u00b7 Reserva con nosotros en el Albergue juvenil en Valencia en pleno centro ciudad \u00bfEst\u00e1s buscando un hostal en Valencia? \u00b7 WIFI Gratis \u00b7 Algunas cancelaciones son gratuitas \u00b7 Hostle en el Centro de Valencia","og_url":"https:\/\/homeyouthhostel.com\/es\/hostal-en-valencia\/","og_site_name":"Home Youth Hostel","article_publisher":"https:\/\/www.facebook.com\/HomeYouthHostelValencia\/","article_modified_time":"2021-12-30T13:26:10+00:00","og_image":[{"width":1024,"height":600,"url":"https:\/\/homeyouthhostel.com\/wp-content\/uploads\/2012\/07\/home-youth-hostel-valencia-homepage.jpg","type":"image\/jpeg"}],"twitter_misc":{"Tiempo de lectura":"2 minutos"},"schema":{"@context":"https:\/\/schema.org","@graph":[{"@type":"WebPage","@id":"https:\/\/homeyouthhostel.com\/es\/hostal-en-valencia\/","url":"https:\/\/homeyouthhostel.com\/es\/hostal-en-valencia\/","name":"Hostal en Valencia \u00b7 H\u00f4me Youth Hostel Valencia \u00b7 Reserva con nosotros","isPartOf":{"@id":"https:\/\/homeyouthhostel.com\/es\/#website"},"primaryImageOfPage":{"@id":"https:\/\/homeyouthhostel.com\/es\/hostal-en-valencia\/#primaryimage"},"image":{"@id":"https:\/\/homeyouthhostel.com\/es\/hostal-en-valencia\/#primaryimage"},"thumbnailUrl":"https:\/\/homeyouthhostel.com\/wp-content\/uploads\/2012\/07\/home-youth-hostel-valencia-homepage.jpg","datePublished":"2012-10-24T08:57:06+00:00","dateModified":"2021-12-30T13:26:10+00:00","description":"Hostal en Valencia \u00b7 Home Youth Hostel Valencia \u00b7 Reserva con nosotros en el Albergue juvenil en Valencia en pleno centro ciudad \u00bfEst\u00e1s buscando un hostal en Valencia? \u00b7 WIFI Gratis \u00b7 Algunas cancelaciones son gratuitas \u00b7 Hostle en el Centro de Valencia","breadcrumb":{"@id":"https:\/\/homeyouthhostel.com\/es\/hostal-en-valencia\/#breadcrumb"},"inLanguage":"es","potentialAction":[{"@type":"ReadAction","target":["https:\/\/homeyouthhostel.com\/es\/hostal-en-valencia\/"]}]},{"@type":"ImageObject","inLanguage":"es","@id":"https:\/\/homeyouthhostel.com\/es\/hostal-en-valencia\/#primaryimage","url":"https:\/\/homeyouthhostel.com\/wp-content\/uploads\/2012\/07\/home-youth-hostel-valencia-homepage.jpg","contentUrl":"https:\/\/homeyouthhostel.com\/wp-content\/uploads\/2012\/07\/home-youth-hostel-valencia-homepage.jpg","width":1024,"height":600,"caption":"Cozy bedroom for discount"},{"@type":"BreadcrumbList","@id":"https:\/\/homeyouthhostel.com\/es\/hostal-en-valencia\/#breadcrumb","itemListElement":[{"@type":"ListItem","position":1,"name":"Home","item":"https:\/\/homeyouthhostel.com\/es\/"},{"@type":"ListItem","position":2,"name":"Hostal en Valencia"}]},{"@type":"WebSite","@id":"https:\/\/homeyouthhostel.com\/es\/#website","url":"https:\/\/homeyouthhostel.com\/es\/","name":"H\u00f4me Youth Hostel Valencia","description":"Lema","publisher":{"@id":"https:\/\/homeyouthhostel.com\/es\/#organization"},"potentialAction":[{"@type":"SearchAction","target":{"@type":"EntryPoint","urlTemplate":"https:\/\/homeyouthhostel.com\/es\/?s={search_term_string}"},"query-input":{"@type":"PropertyValueSpecification","valueRequired":true,"valueName":"search_term_string"}}],"inLanguage":"es"},{"@type":"Organization","@id":"https:\/\/homeyouthhostel.com\/es\/#organization","name":"H\u00f4me Youth Hostel Valencia","url":"https:\/\/homeyouthhostel.com\/es\/","logo":{"@type":"ImageObject","inLanguage":"es","@id":"https:\/\/homeyouthhostel.com\/es\/#\/schema\/logo\/image\/","url":"https:\/\/homeyouthhostel.com\/wp-content\/uploads\/2016\/10\/logopng.png","contentUrl":"https:\/\/homeyouthhostel.com\/wp-content\/uploads\/2016\/10\/logopng.png","width":400,"height":259,"caption":"H\u00f4me Youth Hostel Valencia"},"image":{"@id":"https:\/\/homeyouthhostel.com\/es\/#\/schema\/logo\/image\/"},"sameAs":["https:\/\/www.facebook.com\/HomeYouthHostelValencia\/","https:\/\/x.com\/HomeYouthHostel","https:\/\/www.instagram.com\/homeyouthhostelvalencia\/","https:\/\/linkedin.com\/company\/homeyouthhostelvalencia","https:\/\/www.youtube.com\/channel\/UC1RgdaIHNQP2CsgZakYFBhQ"]}]}},"_links":{"self":[{"href":"https:\/\/homeyouthhostel.com\/es\/wp-json\/wp\/v2\/pages\/411","targetHints":{"allow":["GET"]}}],"collection":[{"href":"https:\/\/homeyouthhostel.com\/es\/wp-json\/wp\/v2\/pages"}],"about":[{"href":"https:\/\/homeyouthhostel.com\/es\/wp-json\/wp\/v2\/types\/page"}],"author":[{"embeddable":true,"href":"https:\/\/homeyouthhostel.com\/es\/wp-json\/wp\/v2\/users\/9"}],"replies":[{"embeddable":true,"href":"https:\/\/homeyouthhostel.com\/es\/wp-json\/wp\/v2\/comments?post=411"}],"version-history":[{"count":0,"href":"https:\/\/homeyouthhostel.com\/es\/wp-json\/wp\/v2\/pages\/411\/revisions"}],"wp:featuredmedia":[{"embeddable":true,"href":"https:\/\/homeyouthhostel.com\/es\/wp-json\/wp\/v2\/media\/911"}],"wp:attachment":[{"href":"https:\/\/homeyouthhostel.com\/es\/wp-json\/wp\/v2\/media?parent=411"}],"curies":[{"name":"wp","href":"https:\/\/api.w.org\/{rel}","templated":true}]}}