{"id":38,"date":"2012-07-30T08:35:52","date_gmt":"2012-07-30T06:35:52","guid":{"rendered":"http:\/\/www.homeyouthhostel.com\/?page_id=38"},"modified":"2021-11-30T16:20:27","modified_gmt":"2021-11-30T15:20:27","slug":"hostal-centro-valencia","status":"publish","type":"page","link":"https:\/\/homeyouthhostel.com\/es\/hostal-centro-valencia\/","title":{"rendered":"Ubicaci\u00f3n Home Youth Hostel"},"content":{"rendered":"<p style=\"text-align: justify;\"><strong>Home Youth Hostel<\/strong> es un <strong>hostal en el centro de Valencia<\/strong> junto al Mercado Central y de La Lonja, dos puntos tur\u00edsticos imprescindibles de Valencia y a tan s\u00f3lo 10 minutos desde la estaci\u00f3n de tren y de autob\u00fas.<\/p>\n<p style=\"text-align: justify;\"><iframe style=\"border: 0;\" src=\"https:\/\/www.google.com\/maps\/embed?pb=!1m18!1m12!1m3!1d3079.7708102282204!2d-0.3802786844710481!3d39.474506120324065!2m3!1f0!2f0!3f0!3m2!1i1024!2i768!4f13.1!3m3!1m2!1s0xd604f4d969667a3%3A0x1664dfe919d42dc5!2s%F0%9F%8F%A8+Home+Youth+Hostel+Valencia+by+Feetup!5e0!3m2!1ses!2ses!4v1472162926239\" width=\"100%\" height=\"300\" frameborder=\"0\" allowfullscreen=\"allowfullscreen\"><\/iframe><\/p>\n<p style=\"text-align: justify;\">Direcci\u00f3n: Calle la Lonja # 4, 46001<br \/>\nValencia &#8211; ESPA\u00d1A<br \/>\nTel\u00e9fono: [+34] 96 391 62 29<\/p>\n<p style=\"text-align: justify;\"><strong>Hostal centro Valencia<\/strong>\u00a0: Home Youth Hostel<\/p>\n<h2 style=\"text-align: justify;\">Desde el Aeropuerto<\/h2>\n<p style=\"text-align: justify;\">Si llegas al Aeropuerto entre las 5:30 a.m. y las 23:00 p.m. la mejor manera de llegar a Youth Hostel es coger el metro que te dejar\u00e1 justo en frente de la Estaci\u00f3n de Trenes (Estaci\u00f3n del Norte). Coge la l\u00ednea 5 (verde), y b\u00e1jate en la parada llamada X\u00e0tiva (despu\u00e9s de la parada A. Guimer\u00e1). Desde all\u00ed sigue las instrucciones de c\u00f3mo llegar desde la Estaci\u00f3n de Trenes. Si llegas fuera de esas horas, lo mejor ser\u00e1 que cojas un taxi. Te costar\u00e1 entre 15 y 20 euros y ser\u00e1n unos 15 minutos (dependiendo del tr\u00e1fico).Dile al taxista que te lleve a C\/Lonja 4<\/p>\n<h2 style=\"text-align: justify;\">Desde la estaci\u00f3n de trenes Valencia Nord<\/h2>\n<p style=\"text-align: justify;\">15 minutos andando. Desde la salida Principal camina recto hacia la Plaza del Ayuntamiento. Una vez dejes la fuente a tu derecha continua hasta <span id=\"result_box\" class=\"short_text\" lang=\"es\"><span class=\"\">al<\/span> <span class=\"\">final de la plaza<\/span><\/span>. Camina por la avenida Maria Cristina situada a tu izquierda hasta llegar al Mercado Central y justo antes de llegar a la Puerta Principal de la Lonja ver\u00e1s a la derecha unos escalones. Sube los pelda\u00f1os y sigue recto y justo antes de llegar a la Plaza del Collado ver\u00e1s a tu izquierda <strong>Home Youth Hostel<\/strong>.<\/p>\n<h2 style=\"text-align: justify;\">Desde la estaci\u00f3n de tren Joaquin Sorolla<\/h2>\n<p style=\"text-align: justify;\">30 minutos andando. 3 posibles opciones.<\/p>\n<p style=\"text-align: justify;\">1) Desde la salida principal hay un autob\u00fas amarillo y negro que es gratis con tu billete de tren y te lleva hasta la estaci\u00f3n de tren Nord.<\/p>\n<p style=\"text-align: justify;\">2) O bien puedes seguir las v\u00edas que ves a mano derecha hasta la estaci\u00f3n de tren Nord. Desde la salida principal de la estaci\u00f3n de tren Nord camina recto hacia la Plaza del Ayuntamiento. Una vez dejes la fuente a tu derecha continua hasta <span id=\"result_box\" class=\"short_text\" lang=\"es\"><span class=\"\">al<\/span> <span class=\"\">final de la plaza<\/span><\/span>. Camina por la avenida Maria Cristina situada a tu izquierda hasta llegar al Mercado Central y justo antes de llegar a la Puerta Principal de la Lonja ver\u00e1s a la derecha unos escalones. Sube los pelda\u00f1os y sigue recto y justo antes de llegar a la Plaza del Collado ver\u00e1s a tu izquierda <strong>Home Youth hostel<\/strong>.<\/p>\n<p style=\"text-align: justify;\">3) Cuando sales de la estaci\u00f3n de tren Joaqu\u00edn Sorolla te vas a la Calle San Vicente Martir que est\u00e1 a tu izquierda. Coge el autob\u00fas n\u00famero 27 que te va a dejar en la parada Mercat-San Ferer. Cuando sales ves el Mercado Central y enfrente la Lonja. Antes de llegar a la Puerta Principal de la Lonja ver\u00e1s a la derecha unos escalones. Sube los pelda\u00f1os y sigue recto y justo antes de llegar a la Plaza del Collado ver\u00e1s a tu izquierda <strong>Home Youth hostel<\/strong>.<\/p>\n<h2 style=\"text-align: justify;\">Desde la estaci\u00f3n de autobuses<\/h2>\n<p style=\"text-align: justify;\">Sal de la estaci\u00f3n y coge el bus n\u00ba 28. Baja en Plaza de la Reina y a tu derecha ver\u00e1s haciendo esquina un Mc Donald\u00b4s. Camina por la calle Correger\u00eda hasta el final y gira a la izquierda por calle Pur\u00edsima para seguir por la calle Estame\u00f1eria vieja hasta que llegues a la Plaza del Collado. Una vez en la Plaza ver\u00e1s Caf\u00e9 Lisboa y Bar el Kiosko. Si miras hacia arriba podr\u00e1s ver el logo de Home enfrente. La entrada est\u00e1 a la parte izquierda del edificio. Llama a la puerta y ser\u00e1s Bienvenido!<\/p>\n<h2 style=\"text-align: justify;\">Desde el Puerto<\/h2>\n<p style=\"text-align: justify;\">Una vez salgas del Puerto camina hacia la Avenida de Francia (5 minutos andando) y coge el bus n\u00famero 19. Baja en la Plaza del Ayuntamiento y camina hacia la Avenida Mar\u00eda Cristina. Una vez llegues al Mercado Central ver\u00e1s enfrente un monumento hist\u00f3rico: La Lonja de la Seda. Estamos justo detr\u00e1s (c\/ Lonja 4) Llama al timbre y ser\u00e1s Bienvenido!!! Un taxi desde el puerto te costar\u00e1 10\/12 euros y tardar\u00e1s 10\/15 minutos.<\/p>\n<p style=\"text-align: justify;\"><strong>Hostal centro Valencia<\/strong> : Home Youth Hostel<\/p>\n","protected":false},"excerpt":{"rendered":"<p>Home Youth Hostel es un hostal en el centro de Valencia junto al Mercado Central y de La Lonja, dos puntos tur\u00edsticos imprescindibles de Valencia y a tan s\u00f3lo 10 minutos desde la estaci\u00f3n de tren y de autob\u00fas. Direcci\u00f3n: Calle la Lonja # 4, 46001 Valencia &#8211; ESPA\u00d1A Tel\u00e9fono: [+34] 96 391 62 29 [&hellip;]<\/p>\n","protected":false},"author":9,"featured_media":852,"parent":0,"menu_order":0,"comment_status":"closed","ping_status":"closed","template":"","meta":{"footnotes":""},"class_list":["post-38","page","type-page","status-publish","has-post-thumbnail","hentry"],"yoast_head":"<!-- This site is optimized with the Yoast SEO plugin v27.4 - https:\/\/yoast.com\/product\/yoast-seo-wordpress\/ -->\n<title>Hostal centro Valencia \u00b7 Ubicaci\u00f3n Home Youth en el Centro de Valencia<\/title>\n<meta name=\"description\" content=\"Hostal centro Valencia \u00b7 Ubicaci\u00f3n del Home Youth Hostel en el Centro de Valencia. Home Youth Hostel es un hostal juvenil, albergue juvenil en el centro junto al Mercado Central y de La Lonja. Hostal centro Valencia comunicado con paradas de autobuses, paradas de metros muy cerca y la Plaza del Ayuntamiento muy cerca\" \/>\n<meta name=\"robots\" content=\"index, follow, max-snippet:-1, max-image-preview:large, max-video-preview:-1\" \/>\n<link rel=\"canonical\" href=\"https:\/\/homeyouthhostel.com\/es\/hostal-centro-valencia\/\" \/>\n<meta property=\"og:locale\" content=\"es_ES\" \/>\n<meta property=\"og:type\" content=\"article\" \/>\n<meta property=\"og:title\" content=\"Hostal centro Valencia \u00b7 Ubicaci\u00f3n Home Youth en el Centro de Valencia\" \/>\n<meta property=\"og:description\" content=\"Hostal centro Valencia \u00b7 Ubicaci\u00f3n del Home Youth Hostel en el Centro de Valencia. Home Youth Hostel es un hostal juvenil, albergue juvenil en el centro junto al Mercado Central y de La Lonja. Hostal centro Valencia comunicado con paradas de autobuses, paradas de metros muy cerca y la Plaza del Ayuntamiento muy cerca\" \/>\n<meta property=\"og:url\" content=\"https:\/\/homeyouthhostel.com\/es\/hostal-centro-valencia\/\" \/>\n<meta property=\"og:site_name\" content=\"Home Youth Hostel\" \/>\n<meta property=\"article:publisher\" content=\"https:\/\/www.facebook.com\/HomeYouthHostelValencia\/\" \/>\n<meta property=\"article:modified_time\" content=\"2021-11-30T15:20:27+00:00\" \/>\n<meta property=\"og:image\" content=\"https:\/\/homeyouthhostel.com\/wp-content\/uploads\/2012\/07\/locationhomeyouthhostelvalencia.jpg\" \/>\n\t<meta property=\"og:image:width\" content=\"1024\" \/>\n\t<meta property=\"og:image:height\" content=\"600\" \/>\n\t<meta property=\"og:image:type\" content=\"image\/jpeg\" \/>\n<meta name=\"twitter:label1\" content=\"Tiempo de lectura\" \/>\n\t<meta name=\"twitter:data1\" content=\"4 minutos\" \/>\n<script type=\"application\/ld+json\" class=\"yoast-schema-graph\">{\"@context\":\"https:\\\/\\\/schema.org\",\"@graph\":[{\"@type\":\"WebPage\",\"@id\":\"https:\\\/\\\/homeyouthhostel.com\\\/es\\\/hostal-centro-valencia\\\/\",\"url\":\"https:\\\/\\\/homeyouthhostel.com\\\/es\\\/hostal-centro-valencia\\\/\",\"name\":\"Hostal centro Valencia \u00b7 Ubicaci\u00f3n Home Youth en el Centro de Valencia\",\"isPartOf\":{\"@id\":\"https:\\\/\\\/homeyouthhostel.com\\\/es\\\/#website\"},\"primaryImageOfPage\":{\"@id\":\"https:\\\/\\\/homeyouthhostel.com\\\/es\\\/hostal-centro-valencia\\\/#primaryimage\"},\"image\":{\"@id\":\"https:\\\/\\\/homeyouthhostel.com\\\/es\\\/hostal-centro-valencia\\\/#primaryimage\"},\"thumbnailUrl\":\"https:\\\/\\\/homeyouthhostel.com\\\/wp-content\\\/uploads\\\/2012\\\/07\\\/locationhomeyouthhostelvalencia.jpg\",\"datePublished\":\"2012-07-30T06:35:52+00:00\",\"dateModified\":\"2021-11-30T15:20:27+00:00\",\"description\":\"Hostal centro Valencia \u00b7 Ubicaci\u00f3n del Home Youth Hostel en el Centro de Valencia. Home Youth Hostel es un hostal juvenil, albergue juvenil en el centro junto al Mercado Central y de La Lonja. Hostal centro Valencia comunicado con paradas de autobuses, paradas de metros muy cerca y la Plaza del Ayuntamiento muy cerca\",\"breadcrumb\":{\"@id\":\"https:\\\/\\\/homeyouthhostel.com\\\/es\\\/hostal-centro-valencia\\\/#breadcrumb\"},\"inLanguage\":\"es\",\"potentialAction\":[{\"@type\":\"ReadAction\",\"target\":[\"https:\\\/\\\/homeyouthhostel.com\\\/es\\\/hostal-centro-valencia\\\/\"]}]},{\"@type\":\"ImageObject\",\"inLanguage\":\"es\",\"@id\":\"https:\\\/\\\/homeyouthhostel.com\\\/es\\\/hostal-centro-valencia\\\/#primaryimage\",\"url\":\"https:\\\/\\\/homeyouthhostel.com\\\/wp-content\\\/uploads\\\/2012\\\/07\\\/locationhomeyouthhostelvalencia.jpg\",\"contentUrl\":\"https:\\\/\\\/homeyouthhostel.com\\\/wp-content\\\/uploads\\\/2012\\\/07\\\/locationhomeyouthhostelvalencia.jpg\",\"width\":1024,\"height\":600,\"caption\":\"Street outside of our hostel\"},{\"@type\":\"BreadcrumbList\",\"@id\":\"https:\\\/\\\/homeyouthhostel.com\\\/es\\\/hostal-centro-valencia\\\/#breadcrumb\",\"itemListElement\":[{\"@type\":\"ListItem\",\"position\":1,\"name\":\"Home\",\"item\":\"https:\\\/\\\/homeyouthhostel.com\\\/es\\\/\"},{\"@type\":\"ListItem\",\"position\":2,\"name\":\"Ubicaci\u00f3n Home Youth Hostel\"}]},{\"@type\":\"WebSite\",\"@id\":\"https:\\\/\\\/homeyouthhostel.com\\\/es\\\/#website\",\"url\":\"https:\\\/\\\/homeyouthhostel.com\\\/es\\\/\",\"name\":\"H\u00f4me Youth Hostel Valencia\",\"description\":\"Lema\",\"publisher\":{\"@id\":\"https:\\\/\\\/homeyouthhostel.com\\\/es\\\/#organization\"},\"potentialAction\":[{\"@type\":\"SearchAction\",\"target\":{\"@type\":\"EntryPoint\",\"urlTemplate\":\"https:\\\/\\\/homeyouthhostel.com\\\/es\\\/?s={search_term_string}\"},\"query-input\":{\"@type\":\"PropertyValueSpecification\",\"valueRequired\":true,\"valueName\":\"search_term_string\"}}],\"inLanguage\":\"es\"},{\"@type\":\"Organization\",\"@id\":\"https:\\\/\\\/homeyouthhostel.com\\\/es\\\/#organization\",\"name\":\"H\u00f4me Youth Hostel Valencia\",\"url\":\"https:\\\/\\\/homeyouthhostel.com\\\/es\\\/\",\"logo\":{\"@type\":\"ImageObject\",\"inLanguage\":\"es\",\"@id\":\"https:\\\/\\\/homeyouthhostel.com\\\/es\\\/#\\\/schema\\\/logo\\\/image\\\/\",\"url\":\"https:\\\/\\\/homeyouthhostel.com\\\/wp-content\\\/uploads\\\/2016\\\/10\\\/logopng.png\",\"contentUrl\":\"https:\\\/\\\/homeyouthhostel.com\\\/wp-content\\\/uploads\\\/2016\\\/10\\\/logopng.png\",\"width\":400,\"height\":259,\"caption\":\"H\u00f4me Youth Hostel Valencia\"},\"image\":{\"@id\":\"https:\\\/\\\/homeyouthhostel.com\\\/es\\\/#\\\/schema\\\/logo\\\/image\\\/\"},\"sameAs\":[\"https:\\\/\\\/www.facebook.com\\\/HomeYouthHostelValencia\\\/\",\"https:\\\/\\\/x.com\\\/HomeYouthHostel\",\"https:\\\/\\\/www.instagram.com\\\/homeyouthhostelvalencia\\\/\",\"https:\\\/\\\/linkedin.com\\\/company\\\/homeyouthhostelvalencia\",\"https:\\\/\\\/www.youtube.com\\\/channel\\\/UC1RgdaIHNQP2CsgZakYFBhQ\"]}]}<\/script>\n<!-- \/ Yoast SEO plugin. -->","yoast_head_json":{"title":"Hostal centro Valencia \u00b7 Ubicaci\u00f3n Home Youth en el Centro de Valencia","description":"Hostal centro Valencia \u00b7 Ubicaci\u00f3n del Home Youth Hostel en el Centro de Valencia. Home Youth Hostel es un hostal juvenil, albergue juvenil en el centro junto al Mercado Central y de La Lonja. Hostal centro Valencia comunicado con paradas de autobuses, paradas de metros muy cerca y la Plaza del Ayuntamiento muy cerca","robots":{"index":"index","follow":"follow","max-snippet":"max-snippet:-1","max-image-preview":"max-image-preview:large","max-video-preview":"max-video-preview:-1"},"canonical":"https:\/\/homeyouthhostel.com\/es\/hostal-centro-valencia\/","og_locale":"es_ES","og_type":"article","og_title":"Hostal centro Valencia \u00b7 Ubicaci\u00f3n Home Youth en el Centro de Valencia","og_description":"Hostal centro Valencia \u00b7 Ubicaci\u00f3n del Home Youth Hostel en el Centro de Valencia. Home Youth Hostel es un hostal juvenil, albergue juvenil en el centro junto al Mercado Central y de La Lonja. Hostal centro Valencia comunicado con paradas de autobuses, paradas de metros muy cerca y la Plaza del Ayuntamiento muy cerca","og_url":"https:\/\/homeyouthhostel.com\/es\/hostal-centro-valencia\/","og_site_name":"Home Youth Hostel","article_publisher":"https:\/\/www.facebook.com\/HomeYouthHostelValencia\/","article_modified_time":"2021-11-30T15:20:27+00:00","og_image":[{"width":1024,"height":600,"url":"https:\/\/homeyouthhostel.com\/wp-content\/uploads\/2012\/07\/locationhomeyouthhostelvalencia.jpg","type":"image\/jpeg"}],"twitter_misc":{"Tiempo de lectura":"4 minutos"},"schema":{"@context":"https:\/\/schema.org","@graph":[{"@type":"WebPage","@id":"https:\/\/homeyouthhostel.com\/es\/hostal-centro-valencia\/","url":"https:\/\/homeyouthhostel.com\/es\/hostal-centro-valencia\/","name":"Hostal centro Valencia \u00b7 Ubicaci\u00f3n Home Youth en el Centro de Valencia","isPartOf":{"@id":"https:\/\/homeyouthhostel.com\/es\/#website"},"primaryImageOfPage":{"@id":"https:\/\/homeyouthhostel.com\/es\/hostal-centro-valencia\/#primaryimage"},"image":{"@id":"https:\/\/homeyouthhostel.com\/es\/hostal-centro-valencia\/#primaryimage"},"thumbnailUrl":"https:\/\/homeyouthhostel.com\/wp-content\/uploads\/2012\/07\/locationhomeyouthhostelvalencia.jpg","datePublished":"2012-07-30T06:35:52+00:00","dateModified":"2021-11-30T15:20:27+00:00","description":"Hostal centro Valencia \u00b7 Ubicaci\u00f3n del Home Youth Hostel en el Centro de Valencia. Home Youth Hostel es un hostal juvenil, albergue juvenil en el centro junto al Mercado Central y de La Lonja. Hostal centro Valencia comunicado con paradas de autobuses, paradas de metros muy cerca y la Plaza del Ayuntamiento muy cerca","breadcrumb":{"@id":"https:\/\/homeyouthhostel.com\/es\/hostal-centro-valencia\/#breadcrumb"},"inLanguage":"es","potentialAction":[{"@type":"ReadAction","target":["https:\/\/homeyouthhostel.com\/es\/hostal-centro-valencia\/"]}]},{"@type":"ImageObject","inLanguage":"es","@id":"https:\/\/homeyouthhostel.com\/es\/hostal-centro-valencia\/#primaryimage","url":"https:\/\/homeyouthhostel.com\/wp-content\/uploads\/2012\/07\/locationhomeyouthhostelvalencia.jpg","contentUrl":"https:\/\/homeyouthhostel.com\/wp-content\/uploads\/2012\/07\/locationhomeyouthhostelvalencia.jpg","width":1024,"height":600,"caption":"Street outside of our hostel"},{"@type":"BreadcrumbList","@id":"https:\/\/homeyouthhostel.com\/es\/hostal-centro-valencia\/#breadcrumb","itemListElement":[{"@type":"ListItem","position":1,"name":"Home","item":"https:\/\/homeyouthhostel.com\/es\/"},{"@type":"ListItem","position":2,"name":"Ubicaci\u00f3n Home Youth Hostel"}]},{"@type":"WebSite","@id":"https:\/\/homeyouthhostel.com\/es\/#website","url":"https:\/\/homeyouthhostel.com\/es\/","name":"H\u00f4me Youth Hostel Valencia","description":"Lema","publisher":{"@id":"https:\/\/homeyouthhostel.com\/es\/#organization"},"potentialAction":[{"@type":"SearchAction","target":{"@type":"EntryPoint","urlTemplate":"https:\/\/homeyouthhostel.com\/es\/?s={search_term_string}"},"query-input":{"@type":"PropertyValueSpecification","valueRequired":true,"valueName":"search_term_string"}}],"inLanguage":"es"},{"@type":"Organization","@id":"https:\/\/homeyouthhostel.com\/es\/#organization","name":"H\u00f4me Youth Hostel Valencia","url":"https:\/\/homeyouthhostel.com\/es\/","logo":{"@type":"ImageObject","inLanguage":"es","@id":"https:\/\/homeyouthhostel.com\/es\/#\/schema\/logo\/image\/","url":"https:\/\/homeyouthhostel.com\/wp-content\/uploads\/2016\/10\/logopng.png","contentUrl":"https:\/\/homeyouthhostel.com\/wp-content\/uploads\/2016\/10\/logopng.png","width":400,"height":259,"caption":"H\u00f4me Youth Hostel Valencia"},"image":{"@id":"https:\/\/homeyouthhostel.com\/es\/#\/schema\/logo\/image\/"},"sameAs":["https:\/\/www.facebook.com\/HomeYouthHostelValencia\/","https:\/\/x.com\/HomeYouthHostel","https:\/\/www.instagram.com\/homeyouthhostelvalencia\/","https:\/\/linkedin.com\/company\/homeyouthhostelvalencia","https:\/\/www.youtube.com\/channel\/UC1RgdaIHNQP2CsgZakYFBhQ"]}]}},"_links":{"self":[{"href":"https:\/\/homeyouthhostel.com\/es\/wp-json\/wp\/v2\/pages\/38","targetHints":{"allow":["GET"]}}],"collection":[{"href":"https:\/\/homeyouthhostel.com\/es\/wp-json\/wp\/v2\/pages"}],"about":[{"href":"https:\/\/homeyouthhostel.com\/es\/wp-json\/wp\/v2\/types\/page"}],"author":[{"embeddable":true,"href":"https:\/\/homeyouthhostel.com\/es\/wp-json\/wp\/v2\/users\/9"}],"replies":[{"embeddable":true,"href":"https:\/\/homeyouthhostel.com\/es\/wp-json\/wp\/v2\/comments?post=38"}],"version-history":[{"count":0,"href":"https:\/\/homeyouthhostel.com\/es\/wp-json\/wp\/v2\/pages\/38\/revisions"}],"wp:featuredmedia":[{"embeddable":true,"href":"https:\/\/homeyouthhostel.com\/es\/wp-json\/wp\/v2\/media\/852"}],"wp:attachment":[{"href":"https:\/\/homeyouthhostel.com\/es\/wp-json\/wp\/v2\/media?parent=38"}],"curies":[{"name":"wp","href":"https:\/\/api.w.org\/{rel}","templated":true}]}}