{"id":3580,"date":"2021-11-26T18:32:58","date_gmt":"2021-11-26T17:32:58","guid":{"rendered":"https:\/\/homeyouthhostel.com\/home\/"},"modified":"2023-10-25T12:35:32","modified_gmt":"2023-10-25T10:35:32","slug":"home","status":"publish","type":"page","link":"https:\/\/homeyouthhostel.com\/es\/","title":{"rendered":"Home"},"content":{"rendered":"\n<h1 class=\"wp-block-heading has-text-align-center\">H\u00f4me Youth Hostel Valencia<\/h1>\n\n<h2 class=\"wp-block-heading has-text-align-center\">H\u00f4me youth hostel al mejor precio | <a href=\"https:\/\/feetuphostels.com\/es\/home-youth-hostel-valencia\/\" target=\"_blank\" rel=\"noreferrer noopener\">Alojamiento sin literas en Valencia<\/a><\/h2>\n\n<figure class=\"wp-block-image aligncenter\"><a href=\"https:\/\/homeyouthhostel.com\/es\/hostal-juvenil-para-fallas\/\"><img decoding=\"async\" src=\"https:\/\/www.homeyouthhostel.com\/wp-content\/uploads\/2012\/07\/homeyouthhostelvalencia2016.jpg\" alt=\"Albergue Juvenil Valencia\"\/><\/a><figcaption class=\"wp-element-caption\">Albergue Juvenil Valencia<\/figcaption><\/figure>\n\n<h2 class=\"wp-block-heading\">H\u00f4me Youth hostel en Valencia para Fallas<\/h2>\n\n<p>Te ofrecemos un alojamiento perfecto para Fallas, aqu\u00ed en H\u00f4me Youth Hostel en Valencia<\/p>\n\n<h2 class=\"wp-block-heading\">Hostel para grupos en Valencia<\/h2>\n\n<p>Contamos con un equipo de reservas dedicado que lo ayudar\u00e1 con cualquier consulta de reserva<\/p>\n\n<h2 class=\"wp-block-heading\">Tipos de habitaciones de h\u00f4me hostel Valencia<\/h2>\n\n<p>Es el mejor albergue juvenil de la ciudad, el \u00fanico con dormitorios SIN LITERAS<\/p>\n\n<h2 class=\"wp-block-heading\">\u00bfBuscas un lugar econ\u00f3mico para alojarte en Valencia?<\/h2>\n\n<p>El Albergue Juvenil H\u00f4me est\u00e1 situado en el centro de la ciudad de Valencia, a solo 10 minutos a pie de las principales estaciones de tren y autob\u00fas y a pocos pasos del Mercado Central y La Lonja, dos lugares tur\u00edsticos muy importantes de Valencia.<\/p>\n\n<h2 class=\"wp-block-heading\">\u00bfBuscas un alojamiento barato en Valencia?<\/h2>\n\n<p>Este Albergue Juvenil es el primer albergue en Valencia sin literas! Es perfecto para grupos como para viajeros individuales. Ofrece alojamiento c\u00e9ntrico y de bajo coste.<\/p>\n\n<p>Nuestras habitaciones son coloridas, alegres y tienen dise\u00f1os originales pintados en las paredes. Las habitaciones tienen diferentes tama\u00f1os, todas incluyen aire acondicionado y WIFI gratuito para que siempre est\u00e9s conectado.<\/p>\n\n<h2 class=\"wp-block-heading\">Hostal agradable y acogedor en Valencia<\/h2>\n\n<p>El alojamiento en Valencia es para todos los que desean alojarse en un lugar c\u00f3modo, limpio, colorido, de dise\u00f1o moderno y con un ambiente agradable.<\/p>\n\n<p>Disfruta de las \u00e1reas comunes y rel\u00e1jate en la sala de estar, planificando tu pr\u00f3ximo destino o compartiendo tus experiencias con otros mochileros de todo el mundo.<\/p>\n\n<h2 class=\"wp-block-heading\">Bienvenidx a H\u00f4me Hostels Valencia!<\/h2>\n","protected":false},"excerpt":{"rendered":"<p>Albergue juvenil H\u00f4me Valencia | Albergue juvenil H\u00f4me al mejor precio | Alojamiento sin literas en Valencia<\/p>\n","protected":false},"author":9,"featured_media":2745,"parent":0,"menu_order":0,"comment_status":"open","ping_status":"closed","template":"","meta":{"footnotes":""},"class_list":["post-3580","page","type-page","status-publish","has-post-thumbnail","hentry"],"yoast_head":"<!-- This site is optimized with the Yoast SEO plugin v27.4 - https:\/\/yoast.com\/product\/yoast-seo-wordpress\/ -->\n<title>H\u00f4me Youth Hostel Valencia \ud83e\udd47 La mejor opci\u00f3n para dormir en Valencia<\/title>\n<meta name=\"description\" content=\"H\u00f4me Youth Hostel Valencia \u00b7 La mejor opci\u00f3n para dormir en el centro de Valencia \ud83e\udd47 El primer hostel con habitaciones privadas SIN LITERAS\" \/>\n<meta name=\"robots\" content=\"index, follow, max-snippet:-1, max-image-preview:large, max-video-preview:-1\" \/>\n<link rel=\"canonical\" href=\"https:\/\/homeyouthhostel.com\/es\/\" \/>\n<meta property=\"og:locale\" content=\"es_ES\" \/>\n<meta property=\"og:type\" content=\"article\" \/>\n<meta property=\"og:title\" content=\"H\u00f4me Youth Hostel Valencia \u00b7 Tu mejor opci\u00f3n para dormir en Valencia\" \/>\n<meta property=\"og:description\" content=\"H\u00f4me Youth Hostel Valencia \u00b7 Tu albergue juvenil en Valencia para dormir en el casco antiguo de Valencia. Hostal habitaciones privadas sin literas con el mejor precio online y sin Comisi\u00f3n por tu reserva\" \/>\n<meta property=\"og:url\" content=\"https:\/\/homeyouthhostel.com\/es\/\" \/>\n<meta property=\"og:site_name\" content=\"Home Youth Hostel\" \/>\n<meta property=\"article:publisher\" content=\"https:\/\/www.facebook.com\/HomeYouthHostelValencia\/\" \/>\n<meta property=\"article:modified_time\" content=\"2023-10-25T10:35:32+00:00\" \/>\n<meta property=\"og:image\" content=\"https:\/\/homeyouthhostel.com\/wp-content\/uploads\/2012\/07\/35rooms-home-youth-hostel-valencia.jpg\" \/>\n\t<meta property=\"og:image:width\" content=\"1024\" \/>\n\t<meta property=\"og:image:height\" content=\"768\" \/>\n\t<meta property=\"og:image:type\" content=\"image\/jpeg\" \/>\n<meta name=\"twitter:label1\" content=\"Tiempo de lectura\" \/>\n\t<meta name=\"twitter:data1\" content=\"2 minutos\" \/>\n<script type=\"application\/ld+json\" class=\"yoast-schema-graph\">{\"@context\":\"https:\\\/\\\/schema.org\",\"@graph\":[{\"@type\":\"WebPage\",\"@id\":\"https:\\\/\\\/homeyouthhostel.com\\\/es\\\/\",\"url\":\"https:\\\/\\\/homeyouthhostel.com\\\/es\\\/\",\"name\":\"H\u00f4me Youth Hostel Valencia \ud83e\udd47 La mejor opci\u00f3n para dormir en Valencia\",\"isPartOf\":{\"@id\":\"https:\\\/\\\/homeyouthhostel.com\\\/es\\\/#website\"},\"primaryImageOfPage\":{\"@id\":\"https:\\\/\\\/homeyouthhostel.com\\\/es\\\/#primaryimage\"},\"image\":{\"@id\":\"https:\\\/\\\/homeyouthhostel.com\\\/es\\\/#primaryimage\"},\"thumbnailUrl\":\"https:\\\/\\\/homeyouthhostel.com\\\/wp-content\\\/uploads\\\/2012\\\/07\\\/35rooms-home-youth-hostel-valencia.jpg\",\"datePublished\":\"2021-11-26T17:32:58+00:00\",\"dateModified\":\"2023-10-25T10:35:32+00:00\",\"description\":\"H\u00f4me Youth Hostel Valencia \u00b7 La mejor opci\u00f3n para dormir en el centro de Valencia \ud83e\udd47 El primer hostel con habitaciones privadas SIN LITERAS\",\"breadcrumb\":{\"@id\":\"https:\\\/\\\/homeyouthhostel.com\\\/es\\\/#breadcrumb\"},\"inLanguage\":\"es\",\"potentialAction\":[{\"@type\":\"ReadAction\",\"target\":[\"https:\\\/\\\/homeyouthhostel.com\\\/es\\\/\"]}]},{\"@type\":\"ImageObject\",\"inLanguage\":\"es\",\"@id\":\"https:\\\/\\\/homeyouthhostel.com\\\/es\\\/#primaryimage\",\"url\":\"https:\\\/\\\/homeyouthhostel.com\\\/wp-content\\\/uploads\\\/2012\\\/07\\\/35rooms-home-youth-hostel-valencia.jpg\",\"contentUrl\":\"https:\\\/\\\/homeyouthhostel.com\\\/wp-content\\\/uploads\\\/2012\\\/07\\\/35rooms-home-youth-hostel-valencia.jpg\",\"width\":1024,\"height\":768,\"caption\":\"Reception 24 hours\"},{\"@type\":\"BreadcrumbList\",\"@id\":\"https:\\\/\\\/homeyouthhostel.com\\\/es\\\/#breadcrumb\",\"itemListElement\":[{\"@type\":\"ListItem\",\"position\":1,\"name\":\"Home\",\"item\":\"https:\\\/\\\/homeyouthhostel.com\\\/es\\\/\"},{\"@type\":\"ListItem\",\"position\":2,\"name\":\"Home\"}]},{\"@type\":\"WebSite\",\"@id\":\"https:\\\/\\\/homeyouthhostel.com\\\/es\\\/#website\",\"url\":\"https:\\\/\\\/homeyouthhostel.com\\\/es\\\/\",\"name\":\"H\u00f4me Youth Hostel Valencia\",\"description\":\"Lema\",\"publisher\":{\"@id\":\"https:\\\/\\\/homeyouthhostel.com\\\/es\\\/#organization\"},\"potentialAction\":[{\"@type\":\"SearchAction\",\"target\":{\"@type\":\"EntryPoint\",\"urlTemplate\":\"https:\\\/\\\/homeyouthhostel.com\\\/es\\\/?s={search_term_string}\"},\"query-input\":{\"@type\":\"PropertyValueSpecification\",\"valueRequired\":true,\"valueName\":\"search_term_string\"}}],\"inLanguage\":\"es\"},{\"@type\":\"Organization\",\"@id\":\"https:\\\/\\\/homeyouthhostel.com\\\/es\\\/#organization\",\"name\":\"H\u00f4me Youth Hostel Valencia\",\"url\":\"https:\\\/\\\/homeyouthhostel.com\\\/es\\\/\",\"logo\":{\"@type\":\"ImageObject\",\"inLanguage\":\"es\",\"@id\":\"https:\\\/\\\/homeyouthhostel.com\\\/es\\\/#\\\/schema\\\/logo\\\/image\\\/\",\"url\":\"https:\\\/\\\/homeyouthhostel.com\\\/wp-content\\\/uploads\\\/2016\\\/10\\\/logopng.png\",\"contentUrl\":\"https:\\\/\\\/homeyouthhostel.com\\\/wp-content\\\/uploads\\\/2016\\\/10\\\/logopng.png\",\"width\":400,\"height\":259,\"caption\":\"H\u00f4me Youth Hostel Valencia\"},\"image\":{\"@id\":\"https:\\\/\\\/homeyouthhostel.com\\\/es\\\/#\\\/schema\\\/logo\\\/image\\\/\"},\"sameAs\":[\"https:\\\/\\\/www.facebook.com\\\/HomeYouthHostelValencia\\\/\",\"https:\\\/\\\/x.com\\\/HomeYouthHostel\",\"https:\\\/\\\/www.instagram.com\\\/homeyouthhostelvalencia\\\/\",\"https:\\\/\\\/linkedin.com\\\/company\\\/homeyouthhostelvalencia\",\"https:\\\/\\\/www.youtube.com\\\/channel\\\/UC1RgdaIHNQP2CsgZakYFBhQ\"]}]}<\/script>\n<!-- \/ Yoast SEO plugin. -->","yoast_head_json":{"title":"H\u00f4me Youth Hostel Valencia \ud83e\udd47 La mejor opci\u00f3n para dormir en Valencia","description":"H\u00f4me Youth Hostel Valencia \u00b7 La mejor opci\u00f3n para dormir en el centro de Valencia \ud83e\udd47 El primer hostel con habitaciones privadas SIN LITERAS","robots":{"index":"index","follow":"follow","max-snippet":"max-snippet:-1","max-image-preview":"max-image-preview:large","max-video-preview":"max-video-preview:-1"},"canonical":"https:\/\/homeyouthhostel.com\/es\/","og_locale":"es_ES","og_type":"article","og_title":"H\u00f4me Youth Hostel Valencia \u00b7 Tu mejor opci\u00f3n para dormir en Valencia","og_description":"H\u00f4me Youth Hostel Valencia \u00b7 Tu albergue juvenil en Valencia para dormir en el casco antiguo de Valencia. Hostal habitaciones privadas sin literas con el mejor precio online y sin Comisi\u00f3n por tu reserva","og_url":"https:\/\/homeyouthhostel.com\/es\/","og_site_name":"Home Youth Hostel","article_publisher":"https:\/\/www.facebook.com\/HomeYouthHostelValencia\/","article_modified_time":"2023-10-25T10:35:32+00:00","og_image":[{"width":1024,"height":768,"url":"https:\/\/homeyouthhostel.com\/wp-content\/uploads\/2012\/07\/35rooms-home-youth-hostel-valencia.jpg","type":"image\/jpeg"}],"twitter_misc":{"Tiempo de lectura":"2 minutos"},"schema":{"@context":"https:\/\/schema.org","@graph":[{"@type":"WebPage","@id":"https:\/\/homeyouthhostel.com\/es\/","url":"https:\/\/homeyouthhostel.com\/es\/","name":"H\u00f4me Youth Hostel Valencia \ud83e\udd47 La mejor opci\u00f3n para dormir en Valencia","isPartOf":{"@id":"https:\/\/homeyouthhostel.com\/es\/#website"},"primaryImageOfPage":{"@id":"https:\/\/homeyouthhostel.com\/es\/#primaryimage"},"image":{"@id":"https:\/\/homeyouthhostel.com\/es\/#primaryimage"},"thumbnailUrl":"https:\/\/homeyouthhostel.com\/wp-content\/uploads\/2012\/07\/35rooms-home-youth-hostel-valencia.jpg","datePublished":"2021-11-26T17:32:58+00:00","dateModified":"2023-10-25T10:35:32+00:00","description":"H\u00f4me Youth Hostel Valencia \u00b7 La mejor opci\u00f3n para dormir en el centro de Valencia \ud83e\udd47 El primer hostel con habitaciones privadas SIN LITERAS","breadcrumb":{"@id":"https:\/\/homeyouthhostel.com\/es\/#breadcrumb"},"inLanguage":"es","potentialAction":[{"@type":"ReadAction","target":["https:\/\/homeyouthhostel.com\/es\/"]}]},{"@type":"ImageObject","inLanguage":"es","@id":"https:\/\/homeyouthhostel.com\/es\/#primaryimage","url":"https:\/\/homeyouthhostel.com\/wp-content\/uploads\/2012\/07\/35rooms-home-youth-hostel-valencia.jpg","contentUrl":"https:\/\/homeyouthhostel.com\/wp-content\/uploads\/2012\/07\/35rooms-home-youth-hostel-valencia.jpg","width":1024,"height":768,"caption":"Reception 24 hours"},{"@type":"BreadcrumbList","@id":"https:\/\/homeyouthhostel.com\/es\/#breadcrumb","itemListElement":[{"@type":"ListItem","position":1,"name":"Home","item":"https:\/\/homeyouthhostel.com\/es\/"},{"@type":"ListItem","position":2,"name":"Home"}]},{"@type":"WebSite","@id":"https:\/\/homeyouthhostel.com\/es\/#website","url":"https:\/\/homeyouthhostel.com\/es\/","name":"H\u00f4me Youth Hostel Valencia","description":"Lema","publisher":{"@id":"https:\/\/homeyouthhostel.com\/es\/#organization"},"potentialAction":[{"@type":"SearchAction","target":{"@type":"EntryPoint","urlTemplate":"https:\/\/homeyouthhostel.com\/es\/?s={search_term_string}"},"query-input":{"@type":"PropertyValueSpecification","valueRequired":true,"valueName":"search_term_string"}}],"inLanguage":"es"},{"@type":"Organization","@id":"https:\/\/homeyouthhostel.com\/es\/#organization","name":"H\u00f4me Youth Hostel Valencia","url":"https:\/\/homeyouthhostel.com\/es\/","logo":{"@type":"ImageObject","inLanguage":"es","@id":"https:\/\/homeyouthhostel.com\/es\/#\/schema\/logo\/image\/","url":"https:\/\/homeyouthhostel.com\/wp-content\/uploads\/2016\/10\/logopng.png","contentUrl":"https:\/\/homeyouthhostel.com\/wp-content\/uploads\/2016\/10\/logopng.png","width":400,"height":259,"caption":"H\u00f4me Youth Hostel Valencia"},"image":{"@id":"https:\/\/homeyouthhostel.com\/es\/#\/schema\/logo\/image\/"},"sameAs":["https:\/\/www.facebook.com\/HomeYouthHostelValencia\/","https:\/\/x.com\/HomeYouthHostel","https:\/\/www.instagram.com\/homeyouthhostelvalencia\/","https:\/\/linkedin.com\/company\/homeyouthhostelvalencia","https:\/\/www.youtube.com\/channel\/UC1RgdaIHNQP2CsgZakYFBhQ"]}]}},"_links":{"self":[{"href":"https:\/\/homeyouthhostel.com\/es\/wp-json\/wp\/v2\/pages\/3580","targetHints":{"allow":["GET"]}}],"collection":[{"href":"https:\/\/homeyouthhostel.com\/es\/wp-json\/wp\/v2\/pages"}],"about":[{"href":"https:\/\/homeyouthhostel.com\/es\/wp-json\/wp\/v2\/types\/page"}],"author":[{"embeddable":true,"href":"https:\/\/homeyouthhostel.com\/es\/wp-json\/wp\/v2\/users\/9"}],"replies":[{"embeddable":true,"href":"https:\/\/homeyouthhostel.com\/es\/wp-json\/wp\/v2\/comments?post=3580"}],"version-history":[{"count":0,"href":"https:\/\/homeyouthhostel.com\/es\/wp-json\/wp\/v2\/pages\/3580\/revisions"}],"wp:featuredmedia":[{"embeddable":true,"href":"https:\/\/homeyouthhostel.com\/es\/wp-json\/wp\/v2\/media\/2745"}],"wp:attachment":[{"href":"https:\/\/homeyouthhostel.com\/es\/wp-json\/wp\/v2\/media?parent=3580"}],"curies":[{"name":"wp","href":"https:\/\/api.w.org\/{rel}","templated":true}]}}