{"id":34,"date":"2012-07-30T08:35:39","date_gmt":"2012-07-30T06:35:39","guid":{"rendered":"http:\/\/www.homeyouthhostel.com\/?page_id=34"},"modified":"2023-11-15T15:17:20","modified_gmt":"2023-11-15T14:17:20","slug":"hostal-juvenil-habitaciones","status":"publish","type":"page","link":"https:\/\/homeyouthhostel.com\/es\/hostal-juvenil-habitaciones\/","title":{"rendered":"Hostal Juvenil en Valencia. Habitaciones"},"content":{"rendered":"\n<h2 class=\"wp-block-heading\">\u00bfBuscas un albergue econ\u00f3mico y de calidad en Valencia?<\/h2>\n\n<p>Bienvenido a <strong>H\u00f4me Youth Hostel<\/strong>!<\/p>\n\n<p>En <strong>Home Youth Hostel<\/strong> te ofrecemos habitaciones dobles y habitaciones para 3 \u00f3 4 personas<\/p>\n\n<p>Es el mejor albergue juvenil de la ciudad, el \u00fanico que <strong>NO TIENE DORMITORIOS CON LITERAS<\/strong>, un albergue juvenil en el coraz\u00f3n de la ciudad, justo enfrente del Mercado de la Seda y muy cerca del Mercado Central, dos lugares importantes que ver en el centro. Situado a s\u00f3lo 10 minutos a pie de las estaciones de tren y autob\u00fas. El Albergue Juvenil Home es el lugar perfecto en la ciudad para los viajeros.<\/p>\n\n<h3 class=\"wp-block-heading\"><strong>Instalaciones, Home Youth Hostel Valencia<\/strong><\/h3>\n\n<ul class=\"wp-block-list\">\n<li>Recepci\u00f3n 24 horas<\/li>\n\n\n\n<li>Duchas gratuitas<\/li>\n\n\n\n<li>Personal multiling\u00fce<\/li>\n\n\n\n<li>Cocina para hu\u00e9spedes<\/li>\n\n\n\n<li>Sala com\u00fan<\/li>\n\n\n\n<li><strong>Internet y Wifi GRATIS<\/strong><\/li>\n\n\n\n<li>Guarda equipajes<\/li>\n\n\n\n<li>Sala de televisi\u00f3n<\/li>\n\n\n\n<li><strong>Taquillas GRATIS en las habitaciones<\/strong><\/li>\n\n\n\n<li>Instalaciones telef\u00f3nicas<\/li>\n\n\n\n<li>Mostrador de viajes<\/li>\n<\/ul>\n\n<p><strong>Home Youth Hostel Valencia<\/strong> es el primer albergue de Valencia sin literas.<\/p>\n\n<p>Todas las habitaciones del albergue y las zonas comunes tienen Wifi gratuito, y taquillas gratuitas en las habitaciones con llaves individuales para guardar tus pertenencias. \u00a1Echa un vistazo a todas nuestras habitaciones!<\/p>\n\n<p>Tambi\u00e9n podr\u00e1s disfrutar de nuestras zonas comunes, como una espaciosa Sala de Estar y una cocina bien equipada, donde podr\u00e1s conocer a j\u00f3venes viajeros de todo el mundo y hacer amigos.<\/p>\n\n<p>\u00bfA que suena bien?<\/p>\n","protected":false},"excerpt":{"rendered":"<p>\u00bfBuscas un albergue econ\u00f3mico y de calidad en Valencia? Bienvenido a H\u00f4me Youth Hostel! En Home Youth Hostel te ofrecemos habitaciones dobles y habitaciones para 3 \u00f3 4 personas Es el mejor albergue juvenil de la ciudad, el \u00fanico que NO TIENE DORMITORIOS CON LITERAS, un albergue juvenil en el coraz\u00f3n de la ciudad, justo [&hellip;]<\/p>\n","protected":false},"author":9,"featured_media":847,"parent":0,"menu_order":0,"comment_status":"closed","ping_status":"closed","template":"","meta":{"footnotes":""},"class_list":["post-34","page","type-page","status-publish","has-post-thumbnail","hentry"],"yoast_head":"<!-- This site is optimized with the Yoast SEO plugin v27.4 - https:\/\/yoast.com\/product\/yoast-seo-wordpress\/ -->\n<title>Hostal Juvenil en Valencia. Habitaciones del Home Youth Hostel Valencia<\/title>\n<meta name=\"description\" content=\"Hostal Juvenil en Valencia. Habitaciones del Home Youth Hostel Valencia \u00b7 En el Home Youth Valencia ponemos a tu disposici\u00f3n habitaciones dobles y habitaciones para 3 \u00f3 4 personas. El \u00fanico hostal juvenil con camas SIN LITERAS \u00b7 Internet Gratis \u00b7 WIFI Gratis \u00b7 Cancelaciones Gratuitas\" \/>\n<meta name=\"robots\" content=\"index, follow, max-snippet:-1, max-image-preview:large, max-video-preview:-1\" \/>\n<link rel=\"canonical\" href=\"https:\/\/homeyouthhostel.com\/es\/hostal-juvenil-habitaciones\/\" \/>\n<meta property=\"og:locale\" content=\"es_ES\" \/>\n<meta property=\"og:type\" content=\"article\" \/>\n<meta property=\"og:title\" content=\"Hostal Juvenil en Valencia. Habitaciones del Home Youth Hostel Valencia\" \/>\n<meta property=\"og:description\" content=\"Hostal Juvenil en Valencia. Habitaciones del Home Youth Hostel Valencia \u00b7 En el Home Youth Valencia ponemos a tu disposici\u00f3n habitaciones dobles y habitaciones para 3 \u00f3 4 personas. El \u00fanico hostal juvenil con camas SIN LITERAS \u00b7 Internet Gratis \u00b7 WIFI Gratis \u00b7 Cancelaciones Gratuitas\" \/>\n<meta property=\"og:url\" content=\"https:\/\/homeyouthhostel.com\/es\/hostal-juvenil-habitaciones\/\" \/>\n<meta property=\"og:site_name\" content=\"Home Youth Hostel\" \/>\n<meta property=\"article:publisher\" content=\"https:\/\/www.facebook.com\/HomeYouthHostelValencia\/\" \/>\n<meta property=\"article:modified_time\" content=\"2023-11-15T14:17:20+00:00\" \/>\n<meta property=\"og:image\" content=\"https:\/\/homeyouthhostel.com\/wp-content\/uploads\/2012\/07\/homeyouthhostelvalencia2016.jpg\" \/>\n\t<meta property=\"og:image:width\" content=\"1024\" \/>\n\t<meta property=\"og:image:height\" content=\"600\" \/>\n\t<meta property=\"og:image:type\" content=\"image\/jpeg\" \/>\n<meta name=\"twitter:label1\" content=\"Tiempo de lectura\" \/>\n\t<meta name=\"twitter:data1\" content=\"1 minuto\" \/>\n<script type=\"application\/ld+json\" class=\"yoast-schema-graph\">{\"@context\":\"https:\\\/\\\/schema.org\",\"@graph\":[{\"@type\":\"WebPage\",\"@id\":\"https:\\\/\\\/homeyouthhostel.com\\\/es\\\/hostal-juvenil-habitaciones\\\/\",\"url\":\"https:\\\/\\\/homeyouthhostel.com\\\/es\\\/hostal-juvenil-habitaciones\\\/\",\"name\":\"Hostal Juvenil en Valencia. Habitaciones del Home Youth Hostel Valencia\",\"isPartOf\":{\"@id\":\"https:\\\/\\\/homeyouthhostel.com\\\/es\\\/#website\"},\"primaryImageOfPage\":{\"@id\":\"https:\\\/\\\/homeyouthhostel.com\\\/es\\\/hostal-juvenil-habitaciones\\\/#primaryimage\"},\"image\":{\"@id\":\"https:\\\/\\\/homeyouthhostel.com\\\/es\\\/hostal-juvenil-habitaciones\\\/#primaryimage\"},\"thumbnailUrl\":\"https:\\\/\\\/homeyouthhostel.com\\\/wp-content\\\/uploads\\\/2012\\\/07\\\/homeyouthhostelvalencia2016.jpg\",\"datePublished\":\"2012-07-30T06:35:39+00:00\",\"dateModified\":\"2023-11-15T14:17:20+00:00\",\"description\":\"Hostal Juvenil en Valencia. Habitaciones del Home Youth Hostel Valencia \u00b7 En el Home Youth Valencia ponemos a tu disposici\u00f3n habitaciones dobles y habitaciones para 3 \u00f3 4 personas. El \u00fanico hostal juvenil con camas SIN LITERAS \u00b7 Internet Gratis \u00b7 WIFI Gratis \u00b7 Cancelaciones Gratuitas\",\"breadcrumb\":{\"@id\":\"https:\\\/\\\/homeyouthhostel.com\\\/es\\\/hostal-juvenil-habitaciones\\\/#breadcrumb\"},\"inLanguage\":\"es\",\"potentialAction\":[{\"@type\":\"ReadAction\",\"target\":[\"https:\\\/\\\/homeyouthhostel.com\\\/es\\\/hostal-juvenil-habitaciones\\\/\"]}]},{\"@type\":\"ImageObject\",\"inLanguage\":\"es\",\"@id\":\"https:\\\/\\\/homeyouthhostel.com\\\/es\\\/hostal-juvenil-habitaciones\\\/#primaryimage\",\"url\":\"https:\\\/\\\/homeyouthhostel.com\\\/wp-content\\\/uploads\\\/2012\\\/07\\\/homeyouthhostelvalencia2016.jpg\",\"contentUrl\":\"https:\\\/\\\/homeyouthhostel.com\\\/wp-content\\\/uploads\\\/2012\\\/07\\\/homeyouthhostelvalencia2016.jpg\",\"width\":1024,\"height\":600,\"caption\":\"Bright spacious room in our hostel\"},{\"@type\":\"BreadcrumbList\",\"@id\":\"https:\\\/\\\/homeyouthhostel.com\\\/es\\\/hostal-juvenil-habitaciones\\\/#breadcrumb\",\"itemListElement\":[{\"@type\":\"ListItem\",\"position\":1,\"name\":\"Home\",\"item\":\"https:\\\/\\\/homeyouthhostel.com\\\/es\\\/\"},{\"@type\":\"ListItem\",\"position\":2,\"name\":\"Hostal Juvenil en Valencia. Habitaciones\"}]},{\"@type\":\"WebSite\",\"@id\":\"https:\\\/\\\/homeyouthhostel.com\\\/es\\\/#website\",\"url\":\"https:\\\/\\\/homeyouthhostel.com\\\/es\\\/\",\"name\":\"H\u00f4me Youth Hostel Valencia\",\"description\":\"Lema\",\"publisher\":{\"@id\":\"https:\\\/\\\/homeyouthhostel.com\\\/es\\\/#organization\"},\"potentialAction\":[{\"@type\":\"SearchAction\",\"target\":{\"@type\":\"EntryPoint\",\"urlTemplate\":\"https:\\\/\\\/homeyouthhostel.com\\\/es\\\/?s={search_term_string}\"},\"query-input\":{\"@type\":\"PropertyValueSpecification\",\"valueRequired\":true,\"valueName\":\"search_term_string\"}}],\"inLanguage\":\"es\"},{\"@type\":\"Organization\",\"@id\":\"https:\\\/\\\/homeyouthhostel.com\\\/es\\\/#organization\",\"name\":\"H\u00f4me Youth Hostel Valencia\",\"url\":\"https:\\\/\\\/homeyouthhostel.com\\\/es\\\/\",\"logo\":{\"@type\":\"ImageObject\",\"inLanguage\":\"es\",\"@id\":\"https:\\\/\\\/homeyouthhostel.com\\\/es\\\/#\\\/schema\\\/logo\\\/image\\\/\",\"url\":\"https:\\\/\\\/homeyouthhostel.com\\\/wp-content\\\/uploads\\\/2016\\\/10\\\/logopng.png\",\"contentUrl\":\"https:\\\/\\\/homeyouthhostel.com\\\/wp-content\\\/uploads\\\/2016\\\/10\\\/logopng.png\",\"width\":400,\"height\":259,\"caption\":\"H\u00f4me Youth Hostel Valencia\"},\"image\":{\"@id\":\"https:\\\/\\\/homeyouthhostel.com\\\/es\\\/#\\\/schema\\\/logo\\\/image\\\/\"},\"sameAs\":[\"https:\\\/\\\/www.facebook.com\\\/HomeYouthHostelValencia\\\/\",\"https:\\\/\\\/x.com\\\/HomeYouthHostel\",\"https:\\\/\\\/www.instagram.com\\\/homeyouthhostelvalencia\\\/\",\"https:\\\/\\\/linkedin.com\\\/company\\\/homeyouthhostelvalencia\",\"https:\\\/\\\/www.youtube.com\\\/channel\\\/UC1RgdaIHNQP2CsgZakYFBhQ\"]}]}<\/script>\n<!-- \/ Yoast SEO plugin. -->","yoast_head_json":{"title":"Hostal Juvenil en Valencia. Habitaciones del Home Youth Hostel Valencia","description":"Hostal Juvenil en Valencia. Habitaciones del Home Youth Hostel Valencia \u00b7 En el Home Youth Valencia ponemos a tu disposici\u00f3n habitaciones dobles y habitaciones para 3 \u00f3 4 personas. El \u00fanico hostal juvenil con camas SIN LITERAS \u00b7 Internet Gratis \u00b7 WIFI Gratis \u00b7 Cancelaciones Gratuitas","robots":{"index":"index","follow":"follow","max-snippet":"max-snippet:-1","max-image-preview":"max-image-preview:large","max-video-preview":"max-video-preview:-1"},"canonical":"https:\/\/homeyouthhostel.com\/es\/hostal-juvenil-habitaciones\/","og_locale":"es_ES","og_type":"article","og_title":"Hostal Juvenil en Valencia. Habitaciones del Home Youth Hostel Valencia","og_description":"Hostal Juvenil en Valencia. Habitaciones del Home Youth Hostel Valencia \u00b7 En el Home Youth Valencia ponemos a tu disposici\u00f3n habitaciones dobles y habitaciones para 3 \u00f3 4 personas. El \u00fanico hostal juvenil con camas SIN LITERAS \u00b7 Internet Gratis \u00b7 WIFI Gratis \u00b7 Cancelaciones Gratuitas","og_url":"https:\/\/homeyouthhostel.com\/es\/hostal-juvenil-habitaciones\/","og_site_name":"Home Youth Hostel","article_publisher":"https:\/\/www.facebook.com\/HomeYouthHostelValencia\/","article_modified_time":"2023-11-15T14:17:20+00:00","og_image":[{"width":1024,"height":600,"url":"https:\/\/homeyouthhostel.com\/wp-content\/uploads\/2012\/07\/homeyouthhostelvalencia2016.jpg","type":"image\/jpeg"}],"twitter_misc":{"Tiempo de lectura":"1 minuto"},"schema":{"@context":"https:\/\/schema.org","@graph":[{"@type":"WebPage","@id":"https:\/\/homeyouthhostel.com\/es\/hostal-juvenil-habitaciones\/","url":"https:\/\/homeyouthhostel.com\/es\/hostal-juvenil-habitaciones\/","name":"Hostal Juvenil en Valencia. Habitaciones del Home Youth Hostel Valencia","isPartOf":{"@id":"https:\/\/homeyouthhostel.com\/es\/#website"},"primaryImageOfPage":{"@id":"https:\/\/homeyouthhostel.com\/es\/hostal-juvenil-habitaciones\/#primaryimage"},"image":{"@id":"https:\/\/homeyouthhostel.com\/es\/hostal-juvenil-habitaciones\/#primaryimage"},"thumbnailUrl":"https:\/\/homeyouthhostel.com\/wp-content\/uploads\/2012\/07\/homeyouthhostelvalencia2016.jpg","datePublished":"2012-07-30T06:35:39+00:00","dateModified":"2023-11-15T14:17:20+00:00","description":"Hostal Juvenil en Valencia. Habitaciones del Home Youth Hostel Valencia \u00b7 En el Home Youth Valencia ponemos a tu disposici\u00f3n habitaciones dobles y habitaciones para 3 \u00f3 4 personas. El \u00fanico hostal juvenil con camas SIN LITERAS \u00b7 Internet Gratis \u00b7 WIFI Gratis \u00b7 Cancelaciones Gratuitas","breadcrumb":{"@id":"https:\/\/homeyouthhostel.com\/es\/hostal-juvenil-habitaciones\/#breadcrumb"},"inLanguage":"es","potentialAction":[{"@type":"ReadAction","target":["https:\/\/homeyouthhostel.com\/es\/hostal-juvenil-habitaciones\/"]}]},{"@type":"ImageObject","inLanguage":"es","@id":"https:\/\/homeyouthhostel.com\/es\/hostal-juvenil-habitaciones\/#primaryimage","url":"https:\/\/homeyouthhostel.com\/wp-content\/uploads\/2012\/07\/homeyouthhostelvalencia2016.jpg","contentUrl":"https:\/\/homeyouthhostel.com\/wp-content\/uploads\/2012\/07\/homeyouthhostelvalencia2016.jpg","width":1024,"height":600,"caption":"Bright spacious room in our hostel"},{"@type":"BreadcrumbList","@id":"https:\/\/homeyouthhostel.com\/es\/hostal-juvenil-habitaciones\/#breadcrumb","itemListElement":[{"@type":"ListItem","position":1,"name":"Home","item":"https:\/\/homeyouthhostel.com\/es\/"},{"@type":"ListItem","position":2,"name":"Hostal Juvenil en Valencia. Habitaciones"}]},{"@type":"WebSite","@id":"https:\/\/homeyouthhostel.com\/es\/#website","url":"https:\/\/homeyouthhostel.com\/es\/","name":"H\u00f4me Youth Hostel Valencia","description":"Lema","publisher":{"@id":"https:\/\/homeyouthhostel.com\/es\/#organization"},"potentialAction":[{"@type":"SearchAction","target":{"@type":"EntryPoint","urlTemplate":"https:\/\/homeyouthhostel.com\/es\/?s={search_term_string}"},"query-input":{"@type":"PropertyValueSpecification","valueRequired":true,"valueName":"search_term_string"}}],"inLanguage":"es"},{"@type":"Organization","@id":"https:\/\/homeyouthhostel.com\/es\/#organization","name":"H\u00f4me Youth Hostel Valencia","url":"https:\/\/homeyouthhostel.com\/es\/","logo":{"@type":"ImageObject","inLanguage":"es","@id":"https:\/\/homeyouthhostel.com\/es\/#\/schema\/logo\/image\/","url":"https:\/\/homeyouthhostel.com\/wp-content\/uploads\/2016\/10\/logopng.png","contentUrl":"https:\/\/homeyouthhostel.com\/wp-content\/uploads\/2016\/10\/logopng.png","width":400,"height":259,"caption":"H\u00f4me Youth Hostel Valencia"},"image":{"@id":"https:\/\/homeyouthhostel.com\/es\/#\/schema\/logo\/image\/"},"sameAs":["https:\/\/www.facebook.com\/HomeYouthHostelValencia\/","https:\/\/x.com\/HomeYouthHostel","https:\/\/www.instagram.com\/homeyouthhostelvalencia\/","https:\/\/linkedin.com\/company\/homeyouthhostelvalencia","https:\/\/www.youtube.com\/channel\/UC1RgdaIHNQP2CsgZakYFBhQ"]}]}},"_links":{"self":[{"href":"https:\/\/homeyouthhostel.com\/es\/wp-json\/wp\/v2\/pages\/34","targetHints":{"allow":["GET"]}}],"collection":[{"href":"https:\/\/homeyouthhostel.com\/es\/wp-json\/wp\/v2\/pages"}],"about":[{"href":"https:\/\/homeyouthhostel.com\/es\/wp-json\/wp\/v2\/types\/page"}],"author":[{"embeddable":true,"href":"https:\/\/homeyouthhostel.com\/es\/wp-json\/wp\/v2\/users\/9"}],"replies":[{"embeddable":true,"href":"https:\/\/homeyouthhostel.com\/es\/wp-json\/wp\/v2\/comments?post=34"}],"version-history":[{"count":0,"href":"https:\/\/homeyouthhostel.com\/es\/wp-json\/wp\/v2\/pages\/34\/revisions"}],"wp:featuredmedia":[{"embeddable":true,"href":"https:\/\/homeyouthhostel.com\/es\/wp-json\/wp\/v2\/media\/847"}],"wp:attachment":[{"href":"https:\/\/homeyouthhostel.com\/es\/wp-json\/wp\/v2\/media?parent=34"}],"curies":[{"name":"wp","href":"https:\/\/api.w.org\/{rel}","templated":true}]}}