{"id":2988,"date":"2020-02-03T12:10:18","date_gmt":"2020-02-03T11:10:18","guid":{"rendered":"https:\/\/www.homeyouthhostel.com\/press\/"},"modified":"2021-11-30T16:20:26","modified_gmt":"2021-11-30T15:20:26","slug":"prensa","status":"publish","type":"page","link":"https:\/\/homeyouthhostel.com\/es\/prensa\/","title":{"rendered":"Prensa"},"content":{"rendered":"<h4>REVISTA TRAVELER: Experiencias &#8211; Estos son los mejores hostels de Espa\u00f1a<\/h4>\n<p><a href=\"https:\/\/www.traveler.es\/experiencias\/galerias\/cuales-son-los-mejores-hostels-espana-alojarse-2020\/2517\/image\/136133#superior\" target=\"_blank\" rel=\"noopener noreferrer\"><img fetchpriority=\"high\" decoding=\"async\" class=\"alignnone size-full wp-image-2998\" src=\"https:\/\/www.homeyouthhostel.com\/wp-content\/uploads\/2020\/02\/logo-conde-nast-traveler-1.png\" alt=\"Conde Nast Traveler\" width=\"447\" height=\"223\" srcset=\"https:\/\/homeyouthhostel.com\/wp-content\/uploads\/2020\/02\/logo-conde-nast-traveler-1.png 447w, https:\/\/homeyouthhostel.com\/wp-content\/uploads\/2020\/02\/logo-conde-nast-traveler-1-300x150.png 300w\" sizes=\"(max-width: 447px) 100vw, 447px\" \/><\/a><\/p>\n<p><a href=\"https:\/\/www.traveler.es\/experiencias\/galerias\/cuales-son-los-mejores-hostels-espana-alojarse-2020\/2517\/image\/136133#superior\" target=\"_blank\" rel=\"noopener noreferrer\">Los HOSCARs 2020 de Hostelworld han hablado<\/a><\/p>\n<p>y estos son los alojamientos que deber\u00edas tener en el radar este a\u00f1o 2020<\/p>\n<hr \/>\n<p>&nbsp;<\/p>\n","protected":false},"excerpt":{"rendered":"<p>REVISTA TRAVELER: Experiencias &#8211; Estos son los mejores hostels de Espa\u00f1a Los HOSCARs 2020 de Hostelworld han hablado y estos son los alojamientos que deber\u00edas tener en el radar este a\u00f1o 2020 &nbsp;<\/p>\n","protected":false},"author":9,"featured_media":0,"parent":0,"menu_order":0,"comment_status":"closed","ping_status":"closed","template":"","meta":{"footnotes":""},"class_list":["post-2988","page","type-page","status-publish","hentry"],"yoast_head":"<!-- This site is optimized with the Yoast SEO plugin v27.3 - https:\/\/yoast.com\/product\/yoast-seo-wordpress\/ -->\n<title>Prensa H\u00f4me Youth Hostel. Sala de Prensa. Noticias y mensiones<\/title>\n<meta name=\"description\" content=\"Prensa H\u00f4me Youth Hostel Valencia. Sala de Prensa. Noticias y mensiones en diferentes canales de comunicaci\u00f3n sobre nuestra Cadena de Youth Hostels\" \/>\n<meta name=\"robots\" content=\"index, follow, max-snippet:-1, max-image-preview:large, max-video-preview:-1\" \/>\n<link rel=\"canonical\" href=\"https:\/\/homeyouthhostel.com\/es\/prensa\/\" \/>\n<meta property=\"og:locale\" content=\"es_ES\" \/>\n<meta property=\"og:type\" content=\"article\" \/>\n<meta property=\"og:title\" content=\"Prensa H\u00f4me Youth Hostel. Sala de Prensa. Noticias y mensiones\" \/>\n<meta property=\"og:description\" content=\"Prensa H\u00f4me Youth Hostel Valencia. Sala de Prensa. Noticias y mensiones en diferentes canales de comunicaci\u00f3n sobre nuestra Cadena de Youth Hostels\" \/>\n<meta property=\"og:url\" content=\"https:\/\/homeyouthhostel.com\/es\/prensa\/\" \/>\n<meta property=\"og:site_name\" content=\"Home Youth Hostel\" \/>\n<meta property=\"article:publisher\" content=\"https:\/\/www.facebook.com\/HomeYouthHostelValencia\/\" \/>\n<meta property=\"article:modified_time\" content=\"2021-11-30T15:20:26+00:00\" \/>\n<meta property=\"og:image\" content=\"https:\/\/www.homeyouthhostel.com\/wp-content\/uploads\/2020\/02\/logo-conde-nast-traveler-1.png\" \/>\n<script type=\"application\/ld+json\" class=\"yoast-schema-graph\">{\"@context\":\"https:\\\/\\\/schema.org\",\"@graph\":[{\"@type\":\"WebPage\",\"@id\":\"https:\\\/\\\/homeyouthhostel.com\\\/es\\\/prensa\\\/\",\"url\":\"https:\\\/\\\/homeyouthhostel.com\\\/es\\\/prensa\\\/\",\"name\":\"Prensa H\u00f4me Youth Hostel. Sala de Prensa. Noticias y mensiones\",\"isPartOf\":{\"@id\":\"https:\\\/\\\/homeyouthhostel.com\\\/es\\\/#website\"},\"primaryImageOfPage\":{\"@id\":\"https:\\\/\\\/homeyouthhostel.com\\\/es\\\/prensa\\\/#primaryimage\"},\"image\":{\"@id\":\"https:\\\/\\\/homeyouthhostel.com\\\/es\\\/prensa\\\/#primaryimage\"},\"thumbnailUrl\":\"https:\\\/\\\/www.homeyouthhostel.com\\\/wp-content\\\/uploads\\\/2020\\\/02\\\/logo-conde-nast-traveler-1.png\",\"datePublished\":\"2020-02-03T11:10:18+00:00\",\"dateModified\":\"2021-11-30T15:20:26+00:00\",\"description\":\"Prensa H\u00f4me Youth Hostel Valencia. Sala de Prensa. Noticias y mensiones en diferentes canales de comunicaci\u00f3n sobre nuestra Cadena de Youth Hostels\",\"breadcrumb\":{\"@id\":\"https:\\\/\\\/homeyouthhostel.com\\\/es\\\/prensa\\\/#breadcrumb\"},\"inLanguage\":\"es\",\"potentialAction\":[{\"@type\":\"ReadAction\",\"target\":[\"https:\\\/\\\/homeyouthhostel.com\\\/es\\\/prensa\\\/\"]}]},{\"@type\":\"ImageObject\",\"inLanguage\":\"es\",\"@id\":\"https:\\\/\\\/homeyouthhostel.com\\\/es\\\/prensa\\\/#primaryimage\",\"url\":\"https:\\\/\\\/www.homeyouthhostel.com\\\/wp-content\\\/uploads\\\/2020\\\/02\\\/logo-conde-nast-traveler-1.png\",\"contentUrl\":\"https:\\\/\\\/www.homeyouthhostel.com\\\/wp-content\\\/uploads\\\/2020\\\/02\\\/logo-conde-nast-traveler-1.png\"},{\"@type\":\"BreadcrumbList\",\"@id\":\"https:\\\/\\\/homeyouthhostel.com\\\/es\\\/prensa\\\/#breadcrumb\",\"itemListElement\":[{\"@type\":\"ListItem\",\"position\":1,\"name\":\"Home\",\"item\":\"https:\\\/\\\/homeyouthhostel.com\\\/es\\\/\"},{\"@type\":\"ListItem\",\"position\":2,\"name\":\"Prensa\"}]},{\"@type\":\"WebSite\",\"@id\":\"https:\\\/\\\/homeyouthhostel.com\\\/es\\\/#website\",\"url\":\"https:\\\/\\\/homeyouthhostel.com\\\/es\\\/\",\"name\":\"H\u00f4me Youth Hostel Valencia\",\"description\":\"Lema\",\"publisher\":{\"@id\":\"https:\\\/\\\/homeyouthhostel.com\\\/es\\\/#organization\"},\"potentialAction\":[{\"@type\":\"SearchAction\",\"target\":{\"@type\":\"EntryPoint\",\"urlTemplate\":\"https:\\\/\\\/homeyouthhostel.com\\\/es\\\/?s={search_term_string}\"},\"query-input\":{\"@type\":\"PropertyValueSpecification\",\"valueRequired\":true,\"valueName\":\"search_term_string\"}}],\"inLanguage\":\"es\"},{\"@type\":\"Organization\",\"@id\":\"https:\\\/\\\/homeyouthhostel.com\\\/es\\\/#organization\",\"name\":\"H\u00f4me Youth Hostel Valencia\",\"url\":\"https:\\\/\\\/homeyouthhostel.com\\\/es\\\/\",\"logo\":{\"@type\":\"ImageObject\",\"inLanguage\":\"es\",\"@id\":\"https:\\\/\\\/homeyouthhostel.com\\\/es\\\/#\\\/schema\\\/logo\\\/image\\\/\",\"url\":\"https:\\\/\\\/homeyouthhostel.com\\\/wp-content\\\/uploads\\\/2016\\\/10\\\/logopng.png\",\"contentUrl\":\"https:\\\/\\\/homeyouthhostel.com\\\/wp-content\\\/uploads\\\/2016\\\/10\\\/logopng.png\",\"width\":400,\"height\":259,\"caption\":\"H\u00f4me Youth Hostel Valencia\"},\"image\":{\"@id\":\"https:\\\/\\\/homeyouthhostel.com\\\/es\\\/#\\\/schema\\\/logo\\\/image\\\/\"},\"sameAs\":[\"https:\\\/\\\/www.facebook.com\\\/HomeYouthHostelValencia\\\/\",\"https:\\\/\\\/x.com\\\/HomeYouthHostel\",\"https:\\\/\\\/www.instagram.com\\\/homeyouthhostelvalencia\\\/\",\"https:\\\/\\\/linkedin.com\\\/company\\\/homeyouthhostelvalencia\",\"https:\\\/\\\/www.youtube.com\\\/channel\\\/UC1RgdaIHNQP2CsgZakYFBhQ\"]}]}<\/script>\n<!-- \/ Yoast SEO plugin. -->","yoast_head_json":{"title":"Prensa H\u00f4me Youth Hostel. Sala de Prensa. Noticias y mensiones","description":"Prensa H\u00f4me Youth Hostel Valencia. Sala de Prensa. Noticias y mensiones en diferentes canales de comunicaci\u00f3n sobre nuestra Cadena de Youth Hostels","robots":{"index":"index","follow":"follow","max-snippet":"max-snippet:-1","max-image-preview":"max-image-preview:large","max-video-preview":"max-video-preview:-1"},"canonical":"https:\/\/homeyouthhostel.com\/es\/prensa\/","og_locale":"es_ES","og_type":"article","og_title":"Prensa H\u00f4me Youth Hostel. Sala de Prensa. Noticias y mensiones","og_description":"Prensa H\u00f4me Youth Hostel Valencia. Sala de Prensa. Noticias y mensiones en diferentes canales de comunicaci\u00f3n sobre nuestra Cadena de Youth Hostels","og_url":"https:\/\/homeyouthhostel.com\/es\/prensa\/","og_site_name":"Home Youth Hostel","article_publisher":"https:\/\/www.facebook.com\/HomeYouthHostelValencia\/","article_modified_time":"2021-11-30T15:20:26+00:00","og_image":[{"url":"https:\/\/www.homeyouthhostel.com\/wp-content\/uploads\/2020\/02\/logo-conde-nast-traveler-1.png","type":"","width":"","height":""}],"schema":{"@context":"https:\/\/schema.org","@graph":[{"@type":"WebPage","@id":"https:\/\/homeyouthhostel.com\/es\/prensa\/","url":"https:\/\/homeyouthhostel.com\/es\/prensa\/","name":"Prensa H\u00f4me Youth Hostel. Sala de Prensa. Noticias y mensiones","isPartOf":{"@id":"https:\/\/homeyouthhostel.com\/es\/#website"},"primaryImageOfPage":{"@id":"https:\/\/homeyouthhostel.com\/es\/prensa\/#primaryimage"},"image":{"@id":"https:\/\/homeyouthhostel.com\/es\/prensa\/#primaryimage"},"thumbnailUrl":"https:\/\/www.homeyouthhostel.com\/wp-content\/uploads\/2020\/02\/logo-conde-nast-traveler-1.png","datePublished":"2020-02-03T11:10:18+00:00","dateModified":"2021-11-30T15:20:26+00:00","description":"Prensa H\u00f4me Youth Hostel Valencia. Sala de Prensa. Noticias y mensiones en diferentes canales de comunicaci\u00f3n sobre nuestra Cadena de Youth Hostels","breadcrumb":{"@id":"https:\/\/homeyouthhostel.com\/es\/prensa\/#breadcrumb"},"inLanguage":"es","potentialAction":[{"@type":"ReadAction","target":["https:\/\/homeyouthhostel.com\/es\/prensa\/"]}]},{"@type":"ImageObject","inLanguage":"es","@id":"https:\/\/homeyouthhostel.com\/es\/prensa\/#primaryimage","url":"https:\/\/www.homeyouthhostel.com\/wp-content\/uploads\/2020\/02\/logo-conde-nast-traveler-1.png","contentUrl":"https:\/\/www.homeyouthhostel.com\/wp-content\/uploads\/2020\/02\/logo-conde-nast-traveler-1.png"},{"@type":"BreadcrumbList","@id":"https:\/\/homeyouthhostel.com\/es\/prensa\/#breadcrumb","itemListElement":[{"@type":"ListItem","position":1,"name":"Home","item":"https:\/\/homeyouthhostel.com\/es\/"},{"@type":"ListItem","position":2,"name":"Prensa"}]},{"@type":"WebSite","@id":"https:\/\/homeyouthhostel.com\/es\/#website","url":"https:\/\/homeyouthhostel.com\/es\/","name":"H\u00f4me Youth Hostel Valencia","description":"Lema","publisher":{"@id":"https:\/\/homeyouthhostel.com\/es\/#organization"},"potentialAction":[{"@type":"SearchAction","target":{"@type":"EntryPoint","urlTemplate":"https:\/\/homeyouthhostel.com\/es\/?s={search_term_string}"},"query-input":{"@type":"PropertyValueSpecification","valueRequired":true,"valueName":"search_term_string"}}],"inLanguage":"es"},{"@type":"Organization","@id":"https:\/\/homeyouthhostel.com\/es\/#organization","name":"H\u00f4me Youth Hostel Valencia","url":"https:\/\/homeyouthhostel.com\/es\/","logo":{"@type":"ImageObject","inLanguage":"es","@id":"https:\/\/homeyouthhostel.com\/es\/#\/schema\/logo\/image\/","url":"https:\/\/homeyouthhostel.com\/wp-content\/uploads\/2016\/10\/logopng.png","contentUrl":"https:\/\/homeyouthhostel.com\/wp-content\/uploads\/2016\/10\/logopng.png","width":400,"height":259,"caption":"H\u00f4me Youth Hostel Valencia"},"image":{"@id":"https:\/\/homeyouthhostel.com\/es\/#\/schema\/logo\/image\/"},"sameAs":["https:\/\/www.facebook.com\/HomeYouthHostelValencia\/","https:\/\/x.com\/HomeYouthHostel","https:\/\/www.instagram.com\/homeyouthhostelvalencia\/","https:\/\/linkedin.com\/company\/homeyouthhostelvalencia","https:\/\/www.youtube.com\/channel\/UC1RgdaIHNQP2CsgZakYFBhQ"]}]}},"_links":{"self":[{"href":"https:\/\/homeyouthhostel.com\/es\/wp-json\/wp\/v2\/pages\/2988","targetHints":{"allow":["GET"]}}],"collection":[{"href":"https:\/\/homeyouthhostel.com\/es\/wp-json\/wp\/v2\/pages"}],"about":[{"href":"https:\/\/homeyouthhostel.com\/es\/wp-json\/wp\/v2\/types\/page"}],"author":[{"embeddable":true,"href":"https:\/\/homeyouthhostel.com\/es\/wp-json\/wp\/v2\/users\/9"}],"replies":[{"embeddable":true,"href":"https:\/\/homeyouthhostel.com\/es\/wp-json\/wp\/v2\/comments?post=2988"}],"version-history":[{"count":0,"href":"https:\/\/homeyouthhostel.com\/es\/wp-json\/wp\/v2\/pages\/2988\/revisions"}],"wp:attachment":[{"href":"https:\/\/homeyouthhostel.com\/es\/wp-json\/wp\/v2\/media?parent=2988"}],"curies":[{"name":"wp","href":"https:\/\/api.w.org\/{rel}","templated":true}]}}