{"id":28,"date":"2012-07-18T10:55:41","date_gmt":"2012-07-18T08:55:41","guid":{"rendered":"http:\/\/www.homeyouthhostel.com\/?page_id=28"},"modified":"2021-11-30T16:20:22","modified_gmt":"2021-11-30T15:20:22","slug":"home-youth-hostel-presentacion","status":"publish","type":"page","link":"https:\/\/homeyouthhostel.com\/es\/home-youth-hostel-presentacion\/","title":{"rendered":"Home Youth Hostel : Presentaci\u00f3n"},"content":{"rendered":"<h2 style=\"text-align: justify;\"><strong>\u00bfBuscas un hostal barato o un albergue juvenil en Valencia? <\/strong>\u00a1Ven a Home Youth Hostel!<\/h2>\n<p style=\"text-align: justify;\">Es un<strong> hostal<\/strong>\u00a0lleno de vida,\u00a0situado en el <strong>centro\u00a0de Valencia<\/strong>. Adem\u00e1s es el \u00fanico albergue juvenil en Valencia <strong>sin literas<\/strong> y con habitaciones privadas. Ideal para viajar en grupos grandes, peque\u00f1os o individualmente.<\/p>\n<p style=\"text-align: justify;\"><strong>Home Youth Hostel<\/strong> es un albergue que est\u00e1 <strong>en el centro de la ciudad<\/strong>, a solo 10\u00a0minutos desde la estaci\u00f3n de tren y de autob\u00fas. Este<strong> hostal<\/strong> est\u00e1 a pocos pasos del Mercado Central y de la Lonja, dos puntos tur\u00edsticos muy\u00a0importantes en\u00a0Valencia.<\/p>\n<figure id=\"attachment_910\" aria-describedby=\"caption-attachment-910\" style=\"width: 1024px\" class=\"wp-caption aligncenter\"><a href=\"\/wp-content\/uploads\/2012\/07\/home-youth-hostel-valencia-2016.jpg\"><img fetchpriority=\"high\" decoding=\"async\" class=\"wp-image-910 size-full\" title=\"Home Youth Hostel Valencia\" src=\"\/wp-content\/uploads\/2012\/07\/home-youth-hostel-valencia-2016.jpg\" alt=\"Home Youth Hostel Valencia\" width=\"1024\" height=\"600\" srcset=\"https:\/\/homeyouthhostel.com\/wp-content\/uploads\/2012\/07\/home-youth-hostel-valencia-2016.jpg 1024w, https:\/\/homeyouthhostel.com\/wp-content\/uploads\/2012\/07\/home-youth-hostel-valencia-2016-300x176.jpg 300w, https:\/\/homeyouthhostel.com\/wp-content\/uploads\/2012\/07\/home-youth-hostel-valencia-2016-768x450.jpg 768w\" sizes=\"(max-width: 1024px) 100vw, 1024px\" \/><\/a><figcaption id=\"caption-attachment-910\" class=\"wp-caption-text\">Home Youth Hostel Valencia<\/figcaption><\/figure>\n<p style=\"text-align: justify;\">En nuestras instalaciones disfrutar\u00e1s de <strong>Wifi gratuito<\/strong>, recepci\u00f3n 24h y maravilloso staff pol\u00edglota que estar\u00e1 encantado de ayudarte en lo que necesites.<\/p>\n<p style=\"text-align: justify;\">El <strong>albergue juvenil en Valencia<\/strong> Home Youth Hostel es el hostal con m\u00e1s vida de la ciudad, en el econtrar\u00e1s un ambiente envidiable lleno de jovenes y viajeros de todas las nacionalidades. Es el lugar perfecto para viajeros que quieren un lugar <strong>confortable, limpio y lleno de color<\/strong>. Puedes relajarte en el sal\u00f3n planeando tu pr\u00f3ximo destino o compartiendo tus experiencias con otros mochileros de todo el mundo.<\/p>\n<figure id=\"attachment_911\" aria-describedby=\"caption-attachment-911\" style=\"width: 1024px\" class=\"wp-caption aligncenter\"><a href=\"\/wp-content\/uploads\/2012\/07\/home-youth-hostel-valencia-homepage.jpg\"><img decoding=\"async\" class=\"wp-image-911 size-full\" title=\"Habitaciones Coloridas\" src=\"\/wp-content\/uploads\/2012\/07\/home-youth-hostel-valencia-homepage.jpg\" alt=\"Habitaciones Coloridas\" width=\"1024\" height=\"600\" srcset=\"https:\/\/homeyouthhostel.com\/wp-content\/uploads\/2012\/07\/home-youth-hostel-valencia-homepage.jpg 1024w, https:\/\/homeyouthhostel.com\/wp-content\/uploads\/2012\/07\/home-youth-hostel-valencia-homepage-300x176.jpg 300w, https:\/\/homeyouthhostel.com\/wp-content\/uploads\/2012\/07\/home-youth-hostel-valencia-homepage-768x450.jpg 768w\" sizes=\"(max-width: 1024px) 100vw, 1024px\" \/><\/a><figcaption id=\"caption-attachment-911\" class=\"wp-caption-text\">Habitaciones Coloridas<\/figcaption><\/figure>\n<p style=\"text-align: justify;\">En <strong>Home Youth Hostel<\/strong> podr\u00e1s relajarte tranquilamente leyendo un libro, viendo una pel\u00edcula en la zona com\u00fan,\u00a0 escuchando la musica\u00a0mientras observas la ciudad desde la ventana o disfrutando de la mejor compa\u00f1\u00eda internacional.<\/p>\n","protected":false},"excerpt":{"rendered":"<p>\u00bfBuscas un hostal barato o un albergue juvenil en Valencia? \u00a1Ven a Home Youth Hostel! Es un hostal\u00a0lleno de vida,\u00a0situado en el centro\u00a0de Valencia. Adem\u00e1s es el \u00fanico albergue juvenil en Valencia sin literas y con habitaciones privadas. Ideal para viajar en grupos grandes, peque\u00f1os o individualmente. Home Youth Hostel es un albergue que est\u00e1 [&hellip;]<\/p>\n","protected":false},"author":9,"featured_media":0,"parent":0,"menu_order":0,"comment_status":"open","ping_status":"open","template":"","meta":{"footnotes":""},"class_list":["post-28","page","type-page","status-publish","hentry"],"yoast_head":"<!-- This site is optimized with the Yoast SEO plugin v27.4 - https:\/\/yoast.com\/product\/yoast-seo-wordpress\/ -->\n<title>Home Youth Hostel Valencia \u00b7 Tu Albergue juvenil en Valencia para dormir<\/title>\n<meta name=\"description\" content=\"Home Youth Hostel Valencia \u00b7 Tu Albergue juvenil en Valencia para dormir en el Casco antiguo de Valencia. \u00bfBuscas un hostal barato en Valencia o un albergue juvenil en Valencia? \u00a1Ven a Home Youth Hostel Valencia! Albergue con habitaciones privadas sin literas, con el mejor precio online y SIN COMISI\u00d3N por tu reserva\" \/>\n<meta name=\"robots\" content=\"index, follow, max-snippet:-1, max-image-preview:large, max-video-preview:-1\" \/>\n<link rel=\"canonical\" href=\"https:\/\/homeyouthhostel.com\/es\/home-youth-hostel-presentacion\/\" \/>\n<meta property=\"og:locale\" content=\"es_ES\" \/>\n<meta property=\"og:type\" content=\"article\" \/>\n<meta property=\"og:title\" content=\"Home Youth Hostel Valencia \u00b7 Tu Albergue juvenil en Valencia para dormir\" \/>\n<meta property=\"og:description\" content=\"Home Youth Hostel Valencia \u00b7 Tu Albergue juvenil en Valencia para dormir en el Casco antiguo de Valencia. \u00bfBuscas un hostal barato en Valencia o un albergue juvenil en Valencia? \u00a1Ven a Home Youth Hostel Valencia! Albergue con habitaciones privadas sin literas, con el mejor precio online y SIN COMISI\u00d3N por tu reserva\" \/>\n<meta property=\"og:url\" content=\"https:\/\/homeyouthhostel.com\/es\/home-youth-hostel-presentacion\/\" \/>\n<meta property=\"og:site_name\" content=\"Home Youth Hostel\" \/>\n<meta property=\"article:publisher\" content=\"https:\/\/www.facebook.com\/HomeYouthHostelValencia\/\" \/>\n<meta property=\"article:modified_time\" content=\"2021-11-30T15:20:22+00:00\" \/>\n<meta property=\"og:image\" content=\"https:\/\/homeyouthhostel.com\/wp-content\/uploads\/2012\/07\/home-youth-hostel-valencia-2016.jpg\" \/>\n<meta name=\"twitter:label1\" content=\"Tiempo de lectura\" \/>\n\t<meta name=\"twitter:data1\" content=\"1 minuto\" \/>\n<script type=\"application\/ld+json\" class=\"yoast-schema-graph\">{\"@context\":\"https:\\\/\\\/schema.org\",\"@graph\":[{\"@type\":\"WebPage\",\"@id\":\"https:\\\/\\\/homeyouthhostel.com\\\/es\\\/home-youth-hostel-presentacion\\\/\",\"url\":\"https:\\\/\\\/homeyouthhostel.com\\\/es\\\/home-youth-hostel-presentacion\\\/\",\"name\":\"Home Youth Hostel Valencia \u00b7 Tu Albergue juvenil en Valencia para dormir\",\"isPartOf\":{\"@id\":\"https:\\\/\\\/homeyouthhostel.com\\\/es\\\/#website\"},\"datePublished\":\"2012-07-18T08:55:41+00:00\",\"dateModified\":\"2021-11-30T15:20:22+00:00\",\"description\":\"Home Youth Hostel Valencia \u00b7 Tu Albergue juvenil en Valencia para dormir en el Casco antiguo de Valencia. \u00bfBuscas un hostal barato en Valencia o un albergue juvenil en Valencia? \u00a1Ven a Home Youth Hostel Valencia! Albergue con habitaciones privadas sin literas, con el mejor precio online y SIN COMISI\u00d3N por tu reserva\",\"breadcrumb\":{\"@id\":\"https:\\\/\\\/homeyouthhostel.com\\\/es\\\/home-youth-hostel-presentacion\\\/#breadcrumb\"},\"inLanguage\":\"es\",\"potentialAction\":[{\"@type\":\"ReadAction\",\"target\":[\"https:\\\/\\\/homeyouthhostel.com\\\/es\\\/home-youth-hostel-presentacion\\\/\"]}]},{\"@type\":\"BreadcrumbList\",\"@id\":\"https:\\\/\\\/homeyouthhostel.com\\\/es\\\/home-youth-hostel-presentacion\\\/#breadcrumb\",\"itemListElement\":[{\"@type\":\"ListItem\",\"position\":1,\"name\":\"Home\",\"item\":\"https:\\\/\\\/homeyouthhostel.com\\\/es\\\/\"},{\"@type\":\"ListItem\",\"position\":2,\"name\":\"Home Youth Hostel : Presentaci\u00f3n\"}]},{\"@type\":\"WebSite\",\"@id\":\"https:\\\/\\\/homeyouthhostel.com\\\/es\\\/#website\",\"url\":\"https:\\\/\\\/homeyouthhostel.com\\\/es\\\/\",\"name\":\"H\u00f4me Youth Hostel Valencia\",\"description\":\"Lema\",\"publisher\":{\"@id\":\"https:\\\/\\\/homeyouthhostel.com\\\/es\\\/#organization\"},\"potentialAction\":[{\"@type\":\"SearchAction\",\"target\":{\"@type\":\"EntryPoint\",\"urlTemplate\":\"https:\\\/\\\/homeyouthhostel.com\\\/es\\\/?s={search_term_string}\"},\"query-input\":{\"@type\":\"PropertyValueSpecification\",\"valueRequired\":true,\"valueName\":\"search_term_string\"}}],\"inLanguage\":\"es\"},{\"@type\":\"Organization\",\"@id\":\"https:\\\/\\\/homeyouthhostel.com\\\/es\\\/#organization\",\"name\":\"H\u00f4me Youth Hostel Valencia\",\"url\":\"https:\\\/\\\/homeyouthhostel.com\\\/es\\\/\",\"logo\":{\"@type\":\"ImageObject\",\"inLanguage\":\"es\",\"@id\":\"https:\\\/\\\/homeyouthhostel.com\\\/es\\\/#\\\/schema\\\/logo\\\/image\\\/\",\"url\":\"https:\\\/\\\/homeyouthhostel.com\\\/wp-content\\\/uploads\\\/2016\\\/10\\\/logopng.png\",\"contentUrl\":\"https:\\\/\\\/homeyouthhostel.com\\\/wp-content\\\/uploads\\\/2016\\\/10\\\/logopng.png\",\"width\":400,\"height\":259,\"caption\":\"H\u00f4me Youth Hostel Valencia\"},\"image\":{\"@id\":\"https:\\\/\\\/homeyouthhostel.com\\\/es\\\/#\\\/schema\\\/logo\\\/image\\\/\"},\"sameAs\":[\"https:\\\/\\\/www.facebook.com\\\/HomeYouthHostelValencia\\\/\",\"https:\\\/\\\/x.com\\\/HomeYouthHostel\",\"https:\\\/\\\/www.instagram.com\\\/homeyouthhostelvalencia\\\/\",\"https:\\\/\\\/linkedin.com\\\/company\\\/homeyouthhostelvalencia\",\"https:\\\/\\\/www.youtube.com\\\/channel\\\/UC1RgdaIHNQP2CsgZakYFBhQ\"]}]}<\/script>\n<!-- \/ Yoast SEO plugin. -->","yoast_head_json":{"title":"Home Youth Hostel Valencia \u00b7 Tu Albergue juvenil en Valencia para dormir","description":"Home Youth Hostel Valencia \u00b7 Tu Albergue juvenil en Valencia para dormir en el Casco antiguo de Valencia. \u00bfBuscas un hostal barato en Valencia o un albergue juvenil en Valencia? \u00a1Ven a Home Youth Hostel Valencia! Albergue con habitaciones privadas sin literas, con el mejor precio online y SIN COMISI\u00d3N por tu reserva","robots":{"index":"index","follow":"follow","max-snippet":"max-snippet:-1","max-image-preview":"max-image-preview:large","max-video-preview":"max-video-preview:-1"},"canonical":"https:\/\/homeyouthhostel.com\/es\/home-youth-hostel-presentacion\/","og_locale":"es_ES","og_type":"article","og_title":"Home Youth Hostel Valencia \u00b7 Tu Albergue juvenil en Valencia para dormir","og_description":"Home Youth Hostel Valencia \u00b7 Tu Albergue juvenil en Valencia para dormir en el Casco antiguo de Valencia. \u00bfBuscas un hostal barato en Valencia o un albergue juvenil en Valencia? \u00a1Ven a Home Youth Hostel Valencia! Albergue con habitaciones privadas sin literas, con el mejor precio online y SIN COMISI\u00d3N por tu reserva","og_url":"https:\/\/homeyouthhostel.com\/es\/home-youth-hostel-presentacion\/","og_site_name":"Home Youth Hostel","article_publisher":"https:\/\/www.facebook.com\/HomeYouthHostelValencia\/","article_modified_time":"2021-11-30T15:20:22+00:00","og_image":[{"url":"https:\/\/homeyouthhostel.com\/wp-content\/uploads\/2012\/07\/home-youth-hostel-valencia-2016.jpg","type":"","width":"","height":""}],"twitter_misc":{"Tiempo de lectura":"1 minuto"},"schema":{"@context":"https:\/\/schema.org","@graph":[{"@type":"WebPage","@id":"https:\/\/homeyouthhostel.com\/es\/home-youth-hostel-presentacion\/","url":"https:\/\/homeyouthhostel.com\/es\/home-youth-hostel-presentacion\/","name":"Home Youth Hostel Valencia \u00b7 Tu Albergue juvenil en Valencia para dormir","isPartOf":{"@id":"https:\/\/homeyouthhostel.com\/es\/#website"},"datePublished":"2012-07-18T08:55:41+00:00","dateModified":"2021-11-30T15:20:22+00:00","description":"Home Youth Hostel Valencia \u00b7 Tu Albergue juvenil en Valencia para dormir en el Casco antiguo de Valencia. \u00bfBuscas un hostal barato en Valencia o un albergue juvenil en Valencia? \u00a1Ven a Home Youth Hostel Valencia! Albergue con habitaciones privadas sin literas, con el mejor precio online y SIN COMISI\u00d3N por tu reserva","breadcrumb":{"@id":"https:\/\/homeyouthhostel.com\/es\/home-youth-hostel-presentacion\/#breadcrumb"},"inLanguage":"es","potentialAction":[{"@type":"ReadAction","target":["https:\/\/homeyouthhostel.com\/es\/home-youth-hostel-presentacion\/"]}]},{"@type":"BreadcrumbList","@id":"https:\/\/homeyouthhostel.com\/es\/home-youth-hostel-presentacion\/#breadcrumb","itemListElement":[{"@type":"ListItem","position":1,"name":"Home","item":"https:\/\/homeyouthhostel.com\/es\/"},{"@type":"ListItem","position":2,"name":"Home Youth Hostel : Presentaci\u00f3n"}]},{"@type":"WebSite","@id":"https:\/\/homeyouthhostel.com\/es\/#website","url":"https:\/\/homeyouthhostel.com\/es\/","name":"H\u00f4me Youth Hostel Valencia","description":"Lema","publisher":{"@id":"https:\/\/homeyouthhostel.com\/es\/#organization"},"potentialAction":[{"@type":"SearchAction","target":{"@type":"EntryPoint","urlTemplate":"https:\/\/homeyouthhostel.com\/es\/?s={search_term_string}"},"query-input":{"@type":"PropertyValueSpecification","valueRequired":true,"valueName":"search_term_string"}}],"inLanguage":"es"},{"@type":"Organization","@id":"https:\/\/homeyouthhostel.com\/es\/#organization","name":"H\u00f4me Youth Hostel Valencia","url":"https:\/\/homeyouthhostel.com\/es\/","logo":{"@type":"ImageObject","inLanguage":"es","@id":"https:\/\/homeyouthhostel.com\/es\/#\/schema\/logo\/image\/","url":"https:\/\/homeyouthhostel.com\/wp-content\/uploads\/2016\/10\/logopng.png","contentUrl":"https:\/\/homeyouthhostel.com\/wp-content\/uploads\/2016\/10\/logopng.png","width":400,"height":259,"caption":"H\u00f4me Youth Hostel Valencia"},"image":{"@id":"https:\/\/homeyouthhostel.com\/es\/#\/schema\/logo\/image\/"},"sameAs":["https:\/\/www.facebook.com\/HomeYouthHostelValencia\/","https:\/\/x.com\/HomeYouthHostel","https:\/\/www.instagram.com\/homeyouthhostelvalencia\/","https:\/\/linkedin.com\/company\/homeyouthhostelvalencia","https:\/\/www.youtube.com\/channel\/UC1RgdaIHNQP2CsgZakYFBhQ"]}]}},"_links":{"self":[{"href":"https:\/\/homeyouthhostel.com\/es\/wp-json\/wp\/v2\/pages\/28","targetHints":{"allow":["GET"]}}],"collection":[{"href":"https:\/\/homeyouthhostel.com\/es\/wp-json\/wp\/v2\/pages"}],"about":[{"href":"https:\/\/homeyouthhostel.com\/es\/wp-json\/wp\/v2\/types\/page"}],"author":[{"embeddable":true,"href":"https:\/\/homeyouthhostel.com\/es\/wp-json\/wp\/v2\/users\/9"}],"replies":[{"embeddable":true,"href":"https:\/\/homeyouthhostel.com\/es\/wp-json\/wp\/v2\/comments?post=28"}],"version-history":[{"count":0,"href":"https:\/\/homeyouthhostel.com\/es\/wp-json\/wp\/v2\/pages\/28\/revisions"}],"wp:attachment":[{"href":"https:\/\/homeyouthhostel.com\/es\/wp-json\/wp\/v2\/media?parent=28"}],"curies":[{"name":"wp","href":"https:\/\/api.w.org\/{rel}","templated":true}]}}