{"id":217,"date":"2012-08-13T12:02:15","date_gmt":"2012-08-13T10:02:15","guid":{"rendered":"http:\/\/www.homeyouthhostel.com\/?page_id=217"},"modified":"2022-01-03T14:52:46","modified_gmt":"2022-01-03T13:52:46","slug":"sobre-nosotros","status":"publish","type":"page","link":"https:\/\/homeyouthhostel.com\/es\/sobre-nosotros\/","title":{"rendered":"Sobre Nosotros \u00b7 Sobre H\u00f4me Youth Hostel Valencia"},"content":{"rendered":"\n<h2 class=\"wp-block-heading\">H\u00f4me Yout Hostel pertenece a&nbsp;<a href=\"https:\/\/www.homehostelsvalencia.com\/es\/\" target=\"_blank\" rel=\"noopener\">H\u00f4me Hostels Valencia<\/a>&nbsp;y al&nbsp;<a href=\"https:\/\/feetuphostels.com\/es\/\" target=\"_blank\" rel=\"noopener\">Grupo Feet Up<\/a>, las mejores y m\u00e1s conocidas cadenas de alojamientos y hostales en Valencia y Barcelona<\/h2>\n\n\n\n<p><strong>Home Hostels Valencia<\/strong>&nbsp;es una cadena de hostales para viajeros que quieren un alojamiento confortable, limpio, amigable y lleno de color.<\/p>\n\n\n\n<p>Si quieres mantenerte conectado con nosotros puedes entrar en nuestra&nbsp;<a href=\"https:\/\/www.facebook.com\/HomeYouthHostelValencia\/\" target=\"_blank\" rel=\"noopener\">p\u00e1gina de Facebook.<\/a><\/p>\n\n\n\n<p>Ponemos a tu disposici\u00f3n habitaciones privadas de 2 a 4 personas y habitaciones de literas con capacidades de 6 a 12 personas, repartidas en 2 edificios situados en el centro de Valencia.<\/p>\n\n\n\n<p><a href=\"https:\/\/feetuphostels.com\/es\/home-youth-hostel-valencia\/\" target=\"_blank\" rel=\"noopener\"><strong>Home Youth Hostel Valencia<\/strong><\/a>. Tiene habitaciones bonitas y sin literas, a dos pasos del Mercado Central y la Lonja.<\/p>\n\n\n\n<p><strong><a href=\"https:\/\/feetuphostels.com\/home-backpackers-hostel-valencia\/\" target=\"_blank\" rel=\"noopener\">Home Backpackers Hostel Valencia<\/a>.<\/strong>&nbsp;Con habitaciones con literas, en pleno Barrio del Carmen.<\/p>\n\n\n\n<p>Adem\u00e1s te ofrecemos todos los servicios que puedas necesitar durante tu estancia, como recepci\u00f3n 24 horas, cocina, tel\u00e9fono, Internet, taquillas, dep\u00f3sito de maletas, s\u00e1banas incluidas, TV, etc. Cada hostal tiene un sal\u00f3n donde puedes relajarte, beber algo y hablar con tus amigos o incluso hacer amistad con otras personas.<\/p>\n\n\n\n<p>En&nbsp;<strong>Home Youth Hostel<\/strong>&nbsp;te invitamos a compartir tu experiencia con viajeros de todo el mundo. Tambi\u00e9n, por qu\u00e9 no, a alquilar una bici y visitar la soleada playa de Valencia o la Ciudad de las Artes y las Ciencias. Y si tienes cualquier duda sobre a d\u00f3nde ir, tranquilo, nuestro personal estar\u00e1 encantado de ayudarte.<\/p>\n\n\n\n<p>Los hostales de&nbsp;<strong>Home Hostels Valencia<\/strong>&nbsp;son ideales para gente joven porque son hostales baratos, con un aspecto muy colorido y un ambiente divertido que seguro te encantar\u00e1.<\/p>\n\n\n\n<p><strong>\u00a1Ven a Home Youth Hostel!<\/strong><\/p>\n","protected":false},"excerpt":{"rendered":"<p>H\u00f4me Yout Hostel pertenece a&nbsp;H\u00f4me Hostels Valencia&nbsp;y al&nbsp;Grupo Feet Up, las mejores y m\u00e1s conocidas cadenas de alojamientos y hostales en Valencia y Barcelona Home Hostels Valencia&nbsp;es una cadena de hostales para viajeros que quieren un alojamiento confortable, limpio, amigable y lleno de color. Si quieres mantenerte conectado con nosotros puedes entrar en nuestra&nbsp;p\u00e1gina de [&hellip;]<\/p>\n","protected":false},"author":9,"featured_media":903,"parent":0,"menu_order":0,"comment_status":"closed","ping_status":"closed","template":"","meta":{"footnotes":""},"class_list":["post-217","page","type-page","status-publish","has-post-thumbnail","hentry"],"yoast_head":"<!-- This site is optimized with the Yoast SEO plugin v27.4 - https:\/\/yoast.com\/product\/yoast-seo-wordpress\/ -->\n<title>Sobre nosotros. Sobre H\u00f4me Youth Hostel Valencia<\/title>\n<meta name=\"description\" content=\"Sobre nosotros. Sobre H\u00f4me Youth Hostel Valencia. Forma del Grupo Feet Up Hostels Espa\u00f1a, la mejor cadena de hostales lowcost en Valencia\" \/>\n<meta name=\"robots\" content=\"index, follow, max-snippet:-1, max-image-preview:large, max-video-preview:-1\" \/>\n<link rel=\"canonical\" href=\"https:\/\/homeyouthhostel.com\/es\/sobre-nosotros\/\" \/>\n<meta property=\"og:locale\" content=\"es_ES\" \/>\n<meta property=\"og:type\" content=\"article\" \/>\n<meta property=\"og:title\" content=\"Sobre nosotros. Sobre H\u00f4me Youth Hostel Valencia\" \/>\n<meta property=\"og:description\" content=\"Sobre nosotros. Sobre H\u00f4me Youth Hostel Valencia. Forma del Grupo Feet Up Hostels Espa\u00f1a, la mejor cadena de hostales lowcost en Valencia\" \/>\n<meta property=\"og:url\" content=\"https:\/\/homeyouthhostel.com\/es\/sobre-nosotros\/\" \/>\n<meta property=\"og:site_name\" content=\"Home Youth Hostel\" \/>\n<meta property=\"article:publisher\" content=\"https:\/\/www.facebook.com\/HomeYouthHostelValencia\/\" \/>\n<meta property=\"article:modified_time\" content=\"2022-01-03T13:52:46+00:00\" \/>\n<meta property=\"og:image\" content=\"https:\/\/homeyouthhostel.com\/wp-content\/uploads\/2012\/08\/staff-home-youth-hostel-valencia.jpg\" \/>\n\t<meta property=\"og:image:width\" content=\"1024\" \/>\n\t<meta property=\"og:image:height\" content=\"600\" \/>\n\t<meta property=\"og:image:type\" content=\"image\/jpeg\" \/>\n<meta name=\"twitter:label1\" content=\"Tiempo de lectura\" \/>\n\t<meta name=\"twitter:data1\" content=\"2 minutos\" \/>\n<script type=\"application\/ld+json\" class=\"yoast-schema-graph\">{\"@context\":\"https:\\\/\\\/schema.org\",\"@graph\":[{\"@type\":\"WebPage\",\"@id\":\"https:\\\/\\\/homeyouthhostel.com\\\/es\\\/sobre-nosotros\\\/\",\"url\":\"https:\\\/\\\/homeyouthhostel.com\\\/es\\\/sobre-nosotros\\\/\",\"name\":\"Sobre nosotros. Sobre H\u00f4me Youth Hostel Valencia\",\"isPartOf\":{\"@id\":\"https:\\\/\\\/homeyouthhostel.com\\\/es\\\/#website\"},\"primaryImageOfPage\":{\"@id\":\"https:\\\/\\\/homeyouthhostel.com\\\/es\\\/sobre-nosotros\\\/#primaryimage\"},\"image\":{\"@id\":\"https:\\\/\\\/homeyouthhostel.com\\\/es\\\/sobre-nosotros\\\/#primaryimage\"},\"thumbnailUrl\":\"https:\\\/\\\/homeyouthhostel.com\\\/wp-content\\\/uploads\\\/2012\\\/08\\\/staff-home-youth-hostel-valencia.jpg\",\"datePublished\":\"2012-08-13T10:02:15+00:00\",\"dateModified\":\"2022-01-03T13:52:46+00:00\",\"description\":\"Sobre nosotros. Sobre H\u00f4me Youth Hostel Valencia. Forma del Grupo Feet Up Hostels Espa\u00f1a, la mejor cadena de hostales lowcost en Valencia\",\"breadcrumb\":{\"@id\":\"https:\\\/\\\/homeyouthhostel.com\\\/es\\\/sobre-nosotros\\\/#breadcrumb\"},\"inLanguage\":\"es\",\"potentialAction\":[{\"@type\":\"ReadAction\",\"target\":[\"https:\\\/\\\/homeyouthhostel.com\\\/es\\\/sobre-nosotros\\\/\"]}]},{\"@type\":\"ImageObject\",\"inLanguage\":\"es\",\"@id\":\"https:\\\/\\\/homeyouthhostel.com\\\/es\\\/sobre-nosotros\\\/#primaryimage\",\"url\":\"https:\\\/\\\/homeyouthhostel.com\\\/wp-content\\\/uploads\\\/2012\\\/08\\\/staff-home-youth-hostel-valencia.jpg\",\"contentUrl\":\"https:\\\/\\\/homeyouthhostel.com\\\/wp-content\\\/uploads\\\/2012\\\/08\\\/staff-home-youth-hostel-valencia.jpg\",\"width\":1024,\"height\":600,\"caption\":\"Staff\"},{\"@type\":\"BreadcrumbList\",\"@id\":\"https:\\\/\\\/homeyouthhostel.com\\\/es\\\/sobre-nosotros\\\/#breadcrumb\",\"itemListElement\":[{\"@type\":\"ListItem\",\"position\":1,\"name\":\"Home\",\"item\":\"https:\\\/\\\/homeyouthhostel.com\\\/es\\\/\"},{\"@type\":\"ListItem\",\"position\":2,\"name\":\"Sobre Nosotros \u00b7 Sobre H\u00f4me Youth Hostel Valencia\"}]},{\"@type\":\"WebSite\",\"@id\":\"https:\\\/\\\/homeyouthhostel.com\\\/es\\\/#website\",\"url\":\"https:\\\/\\\/homeyouthhostel.com\\\/es\\\/\",\"name\":\"H\u00f4me Youth Hostel Valencia\",\"description\":\"Lema\",\"publisher\":{\"@id\":\"https:\\\/\\\/homeyouthhostel.com\\\/es\\\/#organization\"},\"potentialAction\":[{\"@type\":\"SearchAction\",\"target\":{\"@type\":\"EntryPoint\",\"urlTemplate\":\"https:\\\/\\\/homeyouthhostel.com\\\/es\\\/?s={search_term_string}\"},\"query-input\":{\"@type\":\"PropertyValueSpecification\",\"valueRequired\":true,\"valueName\":\"search_term_string\"}}],\"inLanguage\":\"es\"},{\"@type\":\"Organization\",\"@id\":\"https:\\\/\\\/homeyouthhostel.com\\\/es\\\/#organization\",\"name\":\"H\u00f4me Youth Hostel Valencia\",\"url\":\"https:\\\/\\\/homeyouthhostel.com\\\/es\\\/\",\"logo\":{\"@type\":\"ImageObject\",\"inLanguage\":\"es\",\"@id\":\"https:\\\/\\\/homeyouthhostel.com\\\/es\\\/#\\\/schema\\\/logo\\\/image\\\/\",\"url\":\"https:\\\/\\\/homeyouthhostel.com\\\/wp-content\\\/uploads\\\/2016\\\/10\\\/logopng.png\",\"contentUrl\":\"https:\\\/\\\/homeyouthhostel.com\\\/wp-content\\\/uploads\\\/2016\\\/10\\\/logopng.png\",\"width\":400,\"height\":259,\"caption\":\"H\u00f4me Youth Hostel Valencia\"},\"image\":{\"@id\":\"https:\\\/\\\/homeyouthhostel.com\\\/es\\\/#\\\/schema\\\/logo\\\/image\\\/\"},\"sameAs\":[\"https:\\\/\\\/www.facebook.com\\\/HomeYouthHostelValencia\\\/\",\"https:\\\/\\\/x.com\\\/HomeYouthHostel\",\"https:\\\/\\\/www.instagram.com\\\/homeyouthhostelvalencia\\\/\",\"https:\\\/\\\/linkedin.com\\\/company\\\/homeyouthhostelvalencia\",\"https:\\\/\\\/www.youtube.com\\\/channel\\\/UC1RgdaIHNQP2CsgZakYFBhQ\"]}]}<\/script>\n<!-- \/ Yoast SEO plugin. -->","yoast_head_json":{"title":"Sobre nosotros. Sobre H\u00f4me Youth Hostel Valencia","description":"Sobre nosotros. Sobre H\u00f4me Youth Hostel Valencia. Forma del Grupo Feet Up Hostels Espa\u00f1a, la mejor cadena de hostales lowcost en Valencia","robots":{"index":"index","follow":"follow","max-snippet":"max-snippet:-1","max-image-preview":"max-image-preview:large","max-video-preview":"max-video-preview:-1"},"canonical":"https:\/\/homeyouthhostel.com\/es\/sobre-nosotros\/","og_locale":"es_ES","og_type":"article","og_title":"Sobre nosotros. Sobre H\u00f4me Youth Hostel Valencia","og_description":"Sobre nosotros. Sobre H\u00f4me Youth Hostel Valencia. Forma del Grupo Feet Up Hostels Espa\u00f1a, la mejor cadena de hostales lowcost en Valencia","og_url":"https:\/\/homeyouthhostel.com\/es\/sobre-nosotros\/","og_site_name":"Home Youth Hostel","article_publisher":"https:\/\/www.facebook.com\/HomeYouthHostelValencia\/","article_modified_time":"2022-01-03T13:52:46+00:00","og_image":[{"width":1024,"height":600,"url":"https:\/\/homeyouthhostel.com\/wp-content\/uploads\/2012\/08\/staff-home-youth-hostel-valencia.jpg","type":"image\/jpeg"}],"twitter_misc":{"Tiempo de lectura":"2 minutos"},"schema":{"@context":"https:\/\/schema.org","@graph":[{"@type":"WebPage","@id":"https:\/\/homeyouthhostel.com\/es\/sobre-nosotros\/","url":"https:\/\/homeyouthhostel.com\/es\/sobre-nosotros\/","name":"Sobre nosotros. Sobre H\u00f4me Youth Hostel Valencia","isPartOf":{"@id":"https:\/\/homeyouthhostel.com\/es\/#website"},"primaryImageOfPage":{"@id":"https:\/\/homeyouthhostel.com\/es\/sobre-nosotros\/#primaryimage"},"image":{"@id":"https:\/\/homeyouthhostel.com\/es\/sobre-nosotros\/#primaryimage"},"thumbnailUrl":"https:\/\/homeyouthhostel.com\/wp-content\/uploads\/2012\/08\/staff-home-youth-hostel-valencia.jpg","datePublished":"2012-08-13T10:02:15+00:00","dateModified":"2022-01-03T13:52:46+00:00","description":"Sobre nosotros. Sobre H\u00f4me Youth Hostel Valencia. Forma del Grupo Feet Up Hostels Espa\u00f1a, la mejor cadena de hostales lowcost en Valencia","breadcrumb":{"@id":"https:\/\/homeyouthhostel.com\/es\/sobre-nosotros\/#breadcrumb"},"inLanguage":"es","potentialAction":[{"@type":"ReadAction","target":["https:\/\/homeyouthhostel.com\/es\/sobre-nosotros\/"]}]},{"@type":"ImageObject","inLanguage":"es","@id":"https:\/\/homeyouthhostel.com\/es\/sobre-nosotros\/#primaryimage","url":"https:\/\/homeyouthhostel.com\/wp-content\/uploads\/2012\/08\/staff-home-youth-hostel-valencia.jpg","contentUrl":"https:\/\/homeyouthhostel.com\/wp-content\/uploads\/2012\/08\/staff-home-youth-hostel-valencia.jpg","width":1024,"height":600,"caption":"Staff"},{"@type":"BreadcrumbList","@id":"https:\/\/homeyouthhostel.com\/es\/sobre-nosotros\/#breadcrumb","itemListElement":[{"@type":"ListItem","position":1,"name":"Home","item":"https:\/\/homeyouthhostel.com\/es\/"},{"@type":"ListItem","position":2,"name":"Sobre Nosotros \u00b7 Sobre H\u00f4me Youth Hostel Valencia"}]},{"@type":"WebSite","@id":"https:\/\/homeyouthhostel.com\/es\/#website","url":"https:\/\/homeyouthhostel.com\/es\/","name":"H\u00f4me Youth Hostel Valencia","description":"Lema","publisher":{"@id":"https:\/\/homeyouthhostel.com\/es\/#organization"},"potentialAction":[{"@type":"SearchAction","target":{"@type":"EntryPoint","urlTemplate":"https:\/\/homeyouthhostel.com\/es\/?s={search_term_string}"},"query-input":{"@type":"PropertyValueSpecification","valueRequired":true,"valueName":"search_term_string"}}],"inLanguage":"es"},{"@type":"Organization","@id":"https:\/\/homeyouthhostel.com\/es\/#organization","name":"H\u00f4me Youth Hostel Valencia","url":"https:\/\/homeyouthhostel.com\/es\/","logo":{"@type":"ImageObject","inLanguage":"es","@id":"https:\/\/homeyouthhostel.com\/es\/#\/schema\/logo\/image\/","url":"https:\/\/homeyouthhostel.com\/wp-content\/uploads\/2016\/10\/logopng.png","contentUrl":"https:\/\/homeyouthhostel.com\/wp-content\/uploads\/2016\/10\/logopng.png","width":400,"height":259,"caption":"H\u00f4me Youth Hostel Valencia"},"image":{"@id":"https:\/\/homeyouthhostel.com\/es\/#\/schema\/logo\/image\/"},"sameAs":["https:\/\/www.facebook.com\/HomeYouthHostelValencia\/","https:\/\/x.com\/HomeYouthHostel","https:\/\/www.instagram.com\/homeyouthhostelvalencia\/","https:\/\/linkedin.com\/company\/homeyouthhostelvalencia","https:\/\/www.youtube.com\/channel\/UC1RgdaIHNQP2CsgZakYFBhQ"]}]}},"_links":{"self":[{"href":"https:\/\/homeyouthhostel.com\/es\/wp-json\/wp\/v2\/pages\/217","targetHints":{"allow":["GET"]}}],"collection":[{"href":"https:\/\/homeyouthhostel.com\/es\/wp-json\/wp\/v2\/pages"}],"about":[{"href":"https:\/\/homeyouthhostel.com\/es\/wp-json\/wp\/v2\/types\/page"}],"author":[{"embeddable":true,"href":"https:\/\/homeyouthhostel.com\/es\/wp-json\/wp\/v2\/users\/9"}],"replies":[{"embeddable":true,"href":"https:\/\/homeyouthhostel.com\/es\/wp-json\/wp\/v2\/comments?post=217"}],"version-history":[{"count":0,"href":"https:\/\/homeyouthhostel.com\/es\/wp-json\/wp\/v2\/pages\/217\/revisions"}],"wp:featuredmedia":[{"embeddable":true,"href":"https:\/\/homeyouthhostel.com\/es\/wp-json\/wp\/v2\/media\/903"}],"wp:attachment":[{"href":"https:\/\/homeyouthhostel.com\/es\/wp-json\/wp\/v2\/media?parent=217"}],"curies":[{"name":"wp","href":"https:\/\/api.w.org\/{rel}","templated":true}]}}